{"id":10109,"date":"2024-06-19T17:38:47","date_gmt":"2024-06-19T15:38:47","guid":{"rendered":"https:\/\/parapharmolivier.com\/?post_type=product&#038;p=10109"},"modified":"2024-06-20T00:27:39","modified_gmt":"2024-06-19T22:27:39","slug":"nutraxin-vitals-racine-de-costus-spray","status":"publish","type":"product","link":"https:\/\/parapharmolivier.com\/index.php\/product\/nutraxin-vitals-racine-de-costus-spray\/","title":{"rendered":"Nutraxin vitals Racine de Costus spray"},"content":{"rendered":"<p>AUTRES INGR\u00c9DIENTS<br \/>\nEau d\u00e9min\u00e9ralis\u00e9e, glyc\u00e9rine, propolis, poudre de Costus (Saussurea lappa), ar\u00f4me de menthe, benzoate de sodium, sorbate de potassium<\/p>\n<p>Information : Il ne contient pas d\u2019allerg\u00e8nes potentiels tels que le sucre, le sel, l\u2019amidon, la levure, le gluten, le soja et le ma\u00efs. Les colorants synth\u00e9tiques ne sont pas utilis\u00e9s. Convient aux v\u00e9g\u00e9tariens.<\/p>\n","protected":false},"excerpt":{"rendered":"<p>La plante sp\u00e9cieuse Costus, en particulier ses racines, est utilis\u00e9e en m\u00e9decine traditionnelle en Extr\u00eame-Orient depuis tr\u00e8s longtemps. De la propolis et du zinc sont ajout\u00e9s au spray costus ; aromatis\u00e9 \u00e0 la menthe.<\/p>\n<p>\u00ab\u00a0Le zinc contribue au fonctionnement normal du syst\u00e8me immunitaire.\u00a0\u00bb<\/p>\n<p>&nbsp;<\/p>\n","protected":false},"featured_media":10110,"comment_status":"open","ping_status":"closed","template":"","meta":[],"product_cat":[319,382,376],"product_tag":[],"yoast_head":"<!-- This site is optimized with the Yoast SEO plugin v22.4 - https:\/\/yoast.com\/wordpress\/plugins\/seo\/ -->\n<title>Nutraxin vitals Racine de Costus spray - parapharmolivier<\/title>\n<meta name=\"description\" content=\"La plante sp\u00e9cieuse Costus, en particulier ses racines, est utilis\u00e9e en m\u00e9decine traditionnelle en Extr\u00eame-Orient depuis tr\u00e8s longtemps. De la propolis et du zinc sont ajout\u00e9s au spray costus ; aromatis\u00e9 \u00e0 la menthe.\u00ab\u00a0Le zinc contribue au fonctionnement normal du syst\u00e8me immunitaire.\u00a0\u00bb\" \/>\n<meta name=\"robots\" content=\"index, follow, max-snippet:-1, max-image-preview:large, max-video-preview:-1\" \/>\n<link rel=\"canonical\" href=\"https:\/\/parapharmolivier.com\/index.php\/product\/nutraxin-vitals-racine-de-costus-spray\/\" \/>\n<meta property=\"og:locale\" content=\"fr_FR\" \/>\n<meta property=\"og:type\" content=\"article\" \/>\n<meta property=\"og:title\" content=\"Nutraxin vitals Racine de Costus spray - parapharmolivier\" \/>\n<meta property=\"og:description\" content=\"La plante sp\u00e9cieuse Costus, en particulier ses racines, est utilis\u00e9e en m\u00e9decine traditionnelle en Extr\u00eame-Orient depuis tr\u00e8s longtemps. De la propolis et du zinc sont ajout\u00e9s au spray costus ; aromatis\u00e9 \u00e0 la menthe.\u00ab\u00a0Le zinc contribue au fonctionnement normal du syst\u00e8me immunitaire.\u00a0\u00bb\" \/>\n<meta property=\"og:url\" content=\"https:\/\/parapharmolivier.com\/index.php\/product\/nutraxin-vitals-racine-de-costus-spray\/\" \/>\n<meta property=\"og:site_name\" content=\"parapharmolivier\" \/>\n<meta property=\"article:publisher\" content=\"https:\/\/www.facebook.com\/profile.php?id=100042409962367&amp;locale=fr_FR\" \/>\n<meta property=\"article:modified_time\" content=\"2024-06-19T22:27:39+00:00\" \/>\n<meta property=\"og:image\" content=\"https:\/\/parapharmolivier.com\/wp-content\/uploads\/2024\/06\/nutraxin-costus-root_09f99bcefb31483581929b5b2a5468bc.webp\" \/>\n\t<meta property=\"og:image:width\" content=\"367\" \/>\n\t<meta property=\"og:image:height\" content=\"341\" \/>\n\t<meta property=\"og:image:type\" content=\"image\/webp\" \/>\n<meta name=\"twitter:card\" content=\"summary_large_image\" \/>\n<meta name=\"twitter:label1\" content=\"Dur\u00e9e de lecture estim\u00e9e\" \/>\n\t<meta name=\"twitter:data1\" content=\"1 minute\" \/>\n<script type=\"application\/ld+json\" class=\"yoast-schema-graph\">{\"@context\":\"https:\/\/schema.org\",\"@graph\":[{\"@type\":\"WebPage\",\"@id\":\"https:\/\/parapharmolivier.com\/index.php\/product\/nutraxin-vitals-racine-de-costus-spray\/\",\"url\":\"https:\/\/parapharmolivier.com\/index.php\/product\/nutraxin-vitals-racine-de-costus-spray\/\",\"name\":\"Nutraxin vitals Racine de Costus spray - parapharmolivier\",\"isPartOf\":{\"@id\":\"https:\/\/parapharmolivier.com\/#website\"},\"primaryImageOfPage\":{\"@id\":\"https:\/\/parapharmolivier.com\/index.php\/product\/nutraxin-vitals-racine-de-costus-spray\/#primaryimage\"},\"image\":{\"@id\":\"https:\/\/parapharmolivier.com\/index.php\/product\/nutraxin-vitals-racine-de-costus-spray\/#primaryimage\"},\"thumbnailUrl\":\"https:\/\/parapharmolivier.com\/wp-content\/uploads\/2024\/06\/nutraxin-costus-root_09f99bcefb31483581929b5b2a5468bc.webp\",\"datePublished\":\"2024-06-19T15:38:47+00:00\",\"dateModified\":\"2024-06-19T22:27:39+00:00\",\"description\":\"La plante sp\u00e9cieuse Costus, en particulier ses racines, est utilis\u00e9e en m\u00e9decine traditionnelle en Extr\u00eame-Orient depuis tr\u00e8s longtemps. De la propolis et du zinc sont ajout\u00e9s au spray costus ; aromatis\u00e9 \u00e0 la menthe.\u00ab\u00a0Le zinc contribue au fonctionnement normal du syst\u00e8me immunitaire.\u00a0\u00bb\",\"breadcrumb\":{\"@id\":\"https:\/\/parapharmolivier.com\/index.php\/product\/nutraxin-vitals-racine-de-costus-spray\/#breadcrumb\"},\"inLanguage\":\"fr-FR\",\"potentialAction\":[{\"@type\":\"ReadAction\",\"target\":[\"https:\/\/parapharmolivier.com\/index.php\/product\/nutraxin-vitals-racine-de-costus-spray\/\"]}]},{\"@type\":\"ImageObject\",\"inLanguage\":\"fr-FR\",\"@id\":\"https:\/\/parapharmolivier.com\/index.php\/product\/nutraxin-vitals-racine-de-costus-spray\/#primaryimage\",\"url\":\"https:\/\/parapharmolivier.com\/wp-content\/uploads\/2024\/06\/nutraxin-costus-root_09f99bcefb31483581929b5b2a5468bc.webp\",\"contentUrl\":\"https:\/\/parapharmolivier.com\/wp-content\/uploads\/2024\/06\/nutraxin-costus-root_09f99bcefb31483581929b5b2a5468bc.webp\",\"width\":367,\"height\":341},{\"@type\":\"BreadcrumbList\",\"@id\":\"https:\/\/parapharmolivier.com\/index.php\/product\/nutraxin-vitals-racine-de-costus-spray\/#breadcrumb\",\"itemListElement\":[{\"@type\":\"ListItem\",\"position\":1,\"name\":\"Accueil\",\"item\":\"https:\/\/parapharmolivier.com\/\"},{\"@type\":\"ListItem\",\"position\":2,\"name\":\"Shop\",\"item\":\"https:\/\/parapharmolivier.com\/index.php\/shop\/\"},{\"@type\":\"ListItem\",\"position\":3,\"name\":\"Nutraxin vitals Racine de Costus spray\"}]},{\"@type\":\"WebSite\",\"@id\":\"https:\/\/parapharmolivier.com\/#website\",\"url\":\"https:\/\/parapharmolivier.com\/\",\"name\":\"parapharmolivier.com\",\"description\":\"L&#039;olivier toujours dans votre service\",\"publisher\":{\"@id\":\"https:\/\/parapharmolivier.com\/#organization\"},\"alternateName\":\"Parapharmacie L''Olivier\",\"potentialAction\":[{\"@type\":\"SearchAction\",\"target\":{\"@type\":\"EntryPoint\",\"urlTemplate\":\"https:\/\/parapharmolivier.com\/?s={search_term_string}\"},\"query-input\":\"required name=search_term_string\"}],\"inLanguage\":\"fr-FR\"},{\"@type\":\"Organization\",\"@id\":\"https:\/\/parapharmolivier.com\/#organization\",\"name\":\"Parapharmacie l'Olivier\",\"url\":\"https:\/\/parapharmolivier.com\/\",\"logo\":{\"@type\":\"ImageObject\",\"inLanguage\":\"fr-FR\",\"@id\":\"https:\/\/parapharmolivier.com\/#\/schema\/logo\/image\/\",\"url\":\"https:\/\/parapharmolivier.com\/wp-content\/uploads\/2024\/03\/Pharmacie-l-Olivier-Logo.png\",\"contentUrl\":\"https:\/\/parapharmolivier.com\/wp-content\/uploads\/2024\/03\/Pharmacie-l-Olivier-Logo.png\",\"width\":6300,\"height\":2752,\"caption\":\"Parapharmacie l'Olivier\"},\"image\":{\"@id\":\"https:\/\/parapharmolivier.com\/#\/schema\/logo\/image\/\"},\"sameAs\":[\"https:\/\/www.facebook.com\/profile.php?id=100042409962367&locale=fr_FR\",\"https:\/\/www.instagram.com\/pharmacie_l.olivier_said_hamdi\/\"]}]}<\/script>\n<!-- \/ Yoast SEO plugin. -->","yoast_head_json":{"title":"Nutraxin vitals Racine de Costus spray - parapharmolivier","description":"La plante sp\u00e9cieuse Costus, en particulier ses racines, est utilis\u00e9e en m\u00e9decine traditionnelle en Extr\u00eame-Orient depuis tr\u00e8s longtemps. De la propolis et du zinc sont ajout\u00e9s au spray costus ; aromatis\u00e9 \u00e0 la menthe.\u00ab\u00a0Le zinc contribue au fonctionnement normal du syst\u00e8me immunitaire.\u00a0\u00bb","robots":{"index":"index","follow":"follow","max-snippet":"max-snippet:-1","max-image-preview":"max-image-preview:large","max-video-preview":"max-video-preview:-1"},"canonical":"https:\/\/parapharmolivier.com\/index.php\/product\/nutraxin-vitals-racine-de-costus-spray\/","og_locale":"fr_FR","og_type":"article","og_title":"Nutraxin vitals Racine de Costus spray - parapharmolivier","og_description":"La plante sp\u00e9cieuse Costus, en particulier ses racines, est utilis\u00e9e en m\u00e9decine traditionnelle en Extr\u00eame-Orient depuis tr\u00e8s longtemps. De la propolis et du zinc sont ajout\u00e9s au spray costus ; aromatis\u00e9 \u00e0 la menthe.\u00ab\u00a0Le zinc contribue au fonctionnement normal du syst\u00e8me immunitaire.\u00a0\u00bb","og_url":"https:\/\/parapharmolivier.com\/index.php\/product\/nutraxin-vitals-racine-de-costus-spray\/","og_site_name":"parapharmolivier","article_publisher":"https:\/\/www.facebook.com\/profile.php?id=100042409962367&locale=fr_FR","article_modified_time":"2024-06-19T22:27:39+00:00","og_image":[{"width":367,"height":341,"url":"https:\/\/parapharmolivier.com\/wp-content\/uploads\/2024\/06\/nutraxin-costus-root_09f99bcefb31483581929b5b2a5468bc.webp","type":"image\/webp"}],"twitter_card":"summary_large_image","twitter_misc":{"Dur\u00e9e de lecture estim\u00e9e":"1 minute"},"schema":{"@context":"https:\/\/schema.org","@graph":[{"@type":"WebPage","@id":"https:\/\/parapharmolivier.com\/index.php\/product\/nutraxin-vitals-racine-de-costus-spray\/","url":"https:\/\/parapharmolivier.com\/index.php\/product\/nutraxin-vitals-racine-de-costus-spray\/","name":"Nutraxin vitals Racine de Costus spray - parapharmolivier","isPartOf":{"@id":"https:\/\/parapharmolivier.com\/#website"},"primaryImageOfPage":{"@id":"https:\/\/parapharmolivier.com\/index.php\/product\/nutraxin-vitals-racine-de-costus-spray\/#primaryimage"},"image":{"@id":"https:\/\/parapharmolivier.com\/index.php\/product\/nutraxin-vitals-racine-de-costus-spray\/#primaryimage"},"thumbnailUrl":"https:\/\/parapharmolivier.com\/wp-content\/uploads\/2024\/06\/nutraxin-costus-root_09f99bcefb31483581929b5b2a5468bc.webp","datePublished":"2024-06-19T15:38:47+00:00","dateModified":"2024-06-19T22:27:39+00:00","description":"La plante sp\u00e9cieuse Costus, en particulier ses racines, est utilis\u00e9e en m\u00e9decine traditionnelle en Extr\u00eame-Orient depuis tr\u00e8s longtemps. De la propolis et du zinc sont ajout\u00e9s au spray costus ; aromatis\u00e9 \u00e0 la menthe.\u00ab\u00a0Le zinc contribue au fonctionnement normal du syst\u00e8me immunitaire.\u00a0\u00bb","breadcrumb":{"@id":"https:\/\/parapharmolivier.com\/index.php\/product\/nutraxin-vitals-racine-de-costus-spray\/#breadcrumb"},"inLanguage":"fr-FR","potentialAction":[{"@type":"ReadAction","target":["https:\/\/parapharmolivier.com\/index.php\/product\/nutraxin-vitals-racine-de-costus-spray\/"]}]},{"@type":"ImageObject","inLanguage":"fr-FR","@id":"https:\/\/parapharmolivier.com\/index.php\/product\/nutraxin-vitals-racine-de-costus-spray\/#primaryimage","url":"https:\/\/parapharmolivier.com\/wp-content\/uploads\/2024\/06\/nutraxin-costus-root_09f99bcefb31483581929b5b2a5468bc.webp","contentUrl":"https:\/\/parapharmolivier.com\/wp-content\/uploads\/2024\/06\/nutraxin-costus-root_09f99bcefb31483581929b5b2a5468bc.webp","width":367,"height":341},{"@type":"BreadcrumbList","@id":"https:\/\/parapharmolivier.com\/index.php\/product\/nutraxin-vitals-racine-de-costus-spray\/#breadcrumb","itemListElement":[{"@type":"ListItem","position":1,"name":"Accueil","item":"https:\/\/parapharmolivier.com\/"},{"@type":"ListItem","position":2,"name":"Shop","item":"https:\/\/parapharmolivier.com\/index.php\/shop\/"},{"@type":"ListItem","position":3,"name":"Nutraxin vitals Racine de Costus spray"}]},{"@type":"WebSite","@id":"https:\/\/parapharmolivier.com\/#website","url":"https:\/\/parapharmolivier.com\/","name":"parapharmolivier.com","description":"L&#039;olivier toujours dans votre service","publisher":{"@id":"https:\/\/parapharmolivier.com\/#organization"},"alternateName":"Parapharmacie L''Olivier","potentialAction":[{"@type":"SearchAction","target":{"@type":"EntryPoint","urlTemplate":"https:\/\/parapharmolivier.com\/?s={search_term_string}"},"query-input":"required name=search_term_string"}],"inLanguage":"fr-FR"},{"@type":"Organization","@id":"https:\/\/parapharmolivier.com\/#organization","name":"Parapharmacie l'Olivier","url":"https:\/\/parapharmolivier.com\/","logo":{"@type":"ImageObject","inLanguage":"fr-FR","@id":"https:\/\/parapharmolivier.com\/#\/schema\/logo\/image\/","url":"https:\/\/parapharmolivier.com\/wp-content\/uploads\/2024\/03\/Pharmacie-l-Olivier-Logo.png","contentUrl":"https:\/\/parapharmolivier.com\/wp-content\/uploads\/2024\/03\/Pharmacie-l-Olivier-Logo.png","width":6300,"height":2752,"caption":"Parapharmacie l'Olivier"},"image":{"@id":"https:\/\/parapharmolivier.com\/#\/schema\/logo\/image\/"},"sameAs":["https:\/\/www.facebook.com\/profile.php?id=100042409962367&locale=fr_FR","https:\/\/www.instagram.com\/pharmacie_l.olivier_said_hamdi\/"]}]}},"jetpack_sharing_enabled":true,"_links":{"self":[{"href":"https:\/\/parapharmolivier.com\/index.php\/wp-json\/wp\/v2\/product\/10109"}],"collection":[{"href":"https:\/\/parapharmolivier.com\/index.php\/wp-json\/wp\/v2\/product"}],"about":[{"href":"https:\/\/parapharmolivier.com\/index.php\/wp-json\/wp\/v2\/types\/product"}],"replies":[{"embeddable":true,"href":"https:\/\/parapharmolivier.com\/index.php\/wp-json\/wp\/v2\/comments?post=10109"}],"wp:featuredmedia":[{"embeddable":true,"href":"https:\/\/parapharmolivier.com\/index.php\/wp-json\/wp\/v2\/media\/10110"}],"wp:attachment":[{"href":"https:\/\/parapharmolivier.com\/index.php\/wp-json\/wp\/v2\/media?parent=10109"}],"wp:term":[{"taxonomy":"product_cat","embeddable":true,"href":"https:\/\/parapharmolivier.com\/index.php\/wp-json\/wp\/v2\/product_cat?post=10109"},{"taxonomy":"product_tag","embeddable":true,"href":"https:\/\/parapharmolivier.com\/index.php\/wp-json\/wp\/v2\/product_tag?post=10109"}],"curies":[{"name":"wp","href":"https:\/\/api.w.org\/{rel}","templated":true}]}}