{"id":10117,"date":"2024-06-19T18:12:44","date_gmt":"2024-06-19T16:12:44","guid":{"rendered":"https:\/\/parapharmolivier.com\/?post_type=product&#038;p=10117"},"modified":"2024-06-20T00:24:34","modified_gmt":"2024-06-19T22:24:34","slug":"nutraxin-vitals-omega-3-for-kids","status":"publish","type":"product","link":"https:\/\/parapharmolivier.com\/index.php\/product\/nutraxin-vitals-omega-3-for-kids\/","title":{"rendered":"Nutraxin vitals om\u00e9ga 3 for kids"},"content":{"rendered":"<p>Le DHA contribue au maintien d\u2019une fonction c\u00e9r\u00e9brale normale.<\/p>\n<p>Le DHA contribue au maintien d\u2019une vue normale.<br \/>\nL\u2019EPA et le DHA contribuent au fonctionnement normal du c\u0153ur.<br \/>\nL\u2019effet b\u00e9n\u00e9fique peut \u00eatre obtenu lorsque 250 mg d\u2019EPA et de DHA sont pris quotidiennement.<\/p>\n","protected":false},"excerpt":{"rendered":"<p>Nutraxin Omega -3 for KIDS contient 550 mg de DHA, 408 mg d\u2019EPA, 276 mg d\u2019autres acides gras om\u00e9ga-3 et des vitamines E, A, D. Il est obtenu \u00e0 partir de l\u2019huile de foie de morue, qui vit dans des eaux propres et froides, exemptes de m\u00e9taux lourds.<\/p>\n","protected":false},"featured_media":10114,"comment_status":"open","ping_status":"closed","template":"","meta":[],"product_cat":[319,376],"product_tag":[],"yoast_head":"<!-- This site is optimized with the Yoast SEO plugin v22.4 - https:\/\/yoast.com\/wordpress\/plugins\/seo\/ -->\n<title>Nutraxin vitals om\u00e9ga 3 for kids - parapharmolivier<\/title>\n<meta name=\"description\" content=\"Nutraxin Omega -3 for KIDS contient 550 mg de DHA, 408 mg d\u2019EPA, 276 mg d\u2019autres acides gras om\u00e9ga-3 et des vitamines E, A, D. Il est obtenu \u00e0 partir de l\u2019huile de foie de morue, qui vit dans des eaux propres et froides, exemptes de m\u00e9taux lourds.\" \/>\n<meta name=\"robots\" content=\"index, follow, max-snippet:-1, max-image-preview:large, max-video-preview:-1\" \/>\n<link rel=\"canonical\" href=\"https:\/\/parapharmolivier.com\/index.php\/product\/nutraxin-vitals-omega-3-for-kids\/\" \/>\n<meta property=\"og:locale\" content=\"fr_FR\" \/>\n<meta property=\"og:type\" content=\"article\" \/>\n<meta property=\"og:title\" content=\"Nutraxin vitals om\u00e9ga 3 for kids - parapharmolivier\" \/>\n<meta property=\"og:description\" content=\"Nutraxin Omega -3 for KIDS contient 550 mg de DHA, 408 mg d\u2019EPA, 276 mg d\u2019autres acides gras om\u00e9ga-3 et des vitamines E, A, D. Il est obtenu \u00e0 partir de l\u2019huile de foie de morue, qui vit dans des eaux propres et froides, exemptes de m\u00e9taux lourds.\" \/>\n<meta property=\"og:url\" content=\"https:\/\/parapharmolivier.com\/index.php\/product\/nutraxin-vitals-omega-3-for-kids\/\" \/>\n<meta property=\"og:site_name\" content=\"parapharmolivier\" \/>\n<meta property=\"article:publisher\" content=\"https:\/\/www.facebook.com\/profile.php?id=100042409962367&amp;locale=fr_FR\" \/>\n<meta property=\"article:modified_time\" content=\"2024-06-19T22:24:34+00:00\" \/>\n<meta property=\"og:image\" content=\"https:\/\/parapharmolivier.com\/wp-content\/uploads\/2024\/06\/omega-3-kids_38e776532a38429793291573df4f7715.webp\" \/>\n\t<meta property=\"og:image:width\" content=\"300\" \/>\n\t<meta property=\"og:image:height\" content=\"420\" \/>\n\t<meta property=\"og:image:type\" content=\"image\/webp\" \/>\n<meta name=\"twitter:card\" content=\"summary_large_image\" \/>\n<meta name=\"twitter:label1\" content=\"Dur\u00e9e de lecture estim\u00e9e\" \/>\n\t<meta name=\"twitter:data1\" content=\"1 minute\" \/>\n<script type=\"application\/ld+json\" class=\"yoast-schema-graph\">{\"@context\":\"https:\/\/schema.org\",\"@graph\":[{\"@type\":\"WebPage\",\"@id\":\"https:\/\/parapharmolivier.com\/index.php\/product\/nutraxin-vitals-omega-3-for-kids\/\",\"url\":\"https:\/\/parapharmolivier.com\/index.php\/product\/nutraxin-vitals-omega-3-for-kids\/\",\"name\":\"Nutraxin vitals om\u00e9ga 3 for kids - parapharmolivier\",\"isPartOf\":{\"@id\":\"https:\/\/parapharmolivier.com\/#website\"},\"primaryImageOfPage\":{\"@id\":\"https:\/\/parapharmolivier.com\/index.php\/product\/nutraxin-vitals-omega-3-for-kids\/#primaryimage\"},\"image\":{\"@id\":\"https:\/\/parapharmolivier.com\/index.php\/product\/nutraxin-vitals-omega-3-for-kids\/#primaryimage\"},\"thumbnailUrl\":\"https:\/\/parapharmolivier.com\/wp-content\/uploads\/2024\/06\/omega-3-kids_38e776532a38429793291573df4f7715.webp\",\"datePublished\":\"2024-06-19T16:12:44+00:00\",\"dateModified\":\"2024-06-19T22:24:34+00:00\",\"description\":\"Nutraxin Omega -3 for KIDS contient 550 mg de DHA, 408 mg d\u2019EPA, 276 mg d\u2019autres acides gras om\u00e9ga-3 et des vitamines E, A, D. Il est obtenu \u00e0 partir de l\u2019huile de foie de morue, qui vit dans des eaux propres et froides, exemptes de m\u00e9taux lourds.\",\"breadcrumb\":{\"@id\":\"https:\/\/parapharmolivier.com\/index.php\/product\/nutraxin-vitals-omega-3-for-kids\/#breadcrumb\"},\"inLanguage\":\"fr-FR\",\"potentialAction\":[{\"@type\":\"ReadAction\",\"target\":[\"https:\/\/parapharmolivier.com\/index.php\/product\/nutraxin-vitals-omega-3-for-kids\/\"]}]},{\"@type\":\"ImageObject\",\"inLanguage\":\"fr-FR\",\"@id\":\"https:\/\/parapharmolivier.com\/index.php\/product\/nutraxin-vitals-omega-3-for-kids\/#primaryimage\",\"url\":\"https:\/\/parapharmolivier.com\/wp-content\/uploads\/2024\/06\/omega-3-kids_38e776532a38429793291573df4f7715.webp\",\"contentUrl\":\"https:\/\/parapharmolivier.com\/wp-content\/uploads\/2024\/06\/omega-3-kids_38e776532a38429793291573df4f7715.webp\",\"width\":300,\"height\":420},{\"@type\":\"BreadcrumbList\",\"@id\":\"https:\/\/parapharmolivier.com\/index.php\/product\/nutraxin-vitals-omega-3-for-kids\/#breadcrumb\",\"itemListElement\":[{\"@type\":\"ListItem\",\"position\":1,\"name\":\"Accueil\",\"item\":\"https:\/\/parapharmolivier.com\/\"},{\"@type\":\"ListItem\",\"position\":2,\"name\":\"Shop\",\"item\":\"https:\/\/parapharmolivier.com\/index.php\/shop\/\"},{\"@type\":\"ListItem\",\"position\":3,\"name\":\"Nutraxin vitals om\u00e9ga 3 for kids\"}]},{\"@type\":\"WebSite\",\"@id\":\"https:\/\/parapharmolivier.com\/#website\",\"url\":\"https:\/\/parapharmolivier.com\/\",\"name\":\"parapharmolivier.com\",\"description\":\"L&#039;olivier toujours dans votre service\",\"publisher\":{\"@id\":\"https:\/\/parapharmolivier.com\/#organization\"},\"alternateName\":\"Parapharmacie L''Olivier\",\"potentialAction\":[{\"@type\":\"SearchAction\",\"target\":{\"@type\":\"EntryPoint\",\"urlTemplate\":\"https:\/\/parapharmolivier.com\/?s={search_term_string}\"},\"query-input\":\"required name=search_term_string\"}],\"inLanguage\":\"fr-FR\"},{\"@type\":\"Organization\",\"@id\":\"https:\/\/parapharmolivier.com\/#organization\",\"name\":\"Parapharmacie l'Olivier\",\"url\":\"https:\/\/parapharmolivier.com\/\",\"logo\":{\"@type\":\"ImageObject\",\"inLanguage\":\"fr-FR\",\"@id\":\"https:\/\/parapharmolivier.com\/#\/schema\/logo\/image\/\",\"url\":\"https:\/\/parapharmolivier.com\/wp-content\/uploads\/2024\/03\/Pharmacie-l-Olivier-Logo.png\",\"contentUrl\":\"https:\/\/parapharmolivier.com\/wp-content\/uploads\/2024\/03\/Pharmacie-l-Olivier-Logo.png\",\"width\":6300,\"height\":2752,\"caption\":\"Parapharmacie l'Olivier\"},\"image\":{\"@id\":\"https:\/\/parapharmolivier.com\/#\/schema\/logo\/image\/\"},\"sameAs\":[\"https:\/\/www.facebook.com\/profile.php?id=100042409962367&locale=fr_FR\",\"https:\/\/www.instagram.com\/pharmacie_l.olivier_said_hamdi\/\"]}]}<\/script>\n<!-- \/ Yoast SEO plugin. -->","yoast_head_json":{"title":"Nutraxin vitals om\u00e9ga 3 for kids - parapharmolivier","description":"Nutraxin Omega -3 for KIDS contient 550 mg de DHA, 408 mg d\u2019EPA, 276 mg d\u2019autres acides gras om\u00e9ga-3 et des vitamines E, A, D. Il est obtenu \u00e0 partir de l\u2019huile de foie de morue, qui vit dans des eaux propres et froides, exemptes de m\u00e9taux lourds.","robots":{"index":"index","follow":"follow","max-snippet":"max-snippet:-1","max-image-preview":"max-image-preview:large","max-video-preview":"max-video-preview:-1"},"canonical":"https:\/\/parapharmolivier.com\/index.php\/product\/nutraxin-vitals-omega-3-for-kids\/","og_locale":"fr_FR","og_type":"article","og_title":"Nutraxin vitals om\u00e9ga 3 for kids - parapharmolivier","og_description":"Nutraxin Omega -3 for KIDS contient 550 mg de DHA, 408 mg d\u2019EPA, 276 mg d\u2019autres acides gras om\u00e9ga-3 et des vitamines E, A, D. Il est obtenu \u00e0 partir de l\u2019huile de foie de morue, qui vit dans des eaux propres et froides, exemptes de m\u00e9taux lourds.","og_url":"https:\/\/parapharmolivier.com\/index.php\/product\/nutraxin-vitals-omega-3-for-kids\/","og_site_name":"parapharmolivier","article_publisher":"https:\/\/www.facebook.com\/profile.php?id=100042409962367&locale=fr_FR","article_modified_time":"2024-06-19T22:24:34+00:00","og_image":[{"width":300,"height":420,"url":"https:\/\/parapharmolivier.com\/wp-content\/uploads\/2024\/06\/omega-3-kids_38e776532a38429793291573df4f7715.webp","type":"image\/webp"}],"twitter_card":"summary_large_image","twitter_misc":{"Dur\u00e9e de lecture estim\u00e9e":"1 minute"},"schema":{"@context":"https:\/\/schema.org","@graph":[{"@type":"WebPage","@id":"https:\/\/parapharmolivier.com\/index.php\/product\/nutraxin-vitals-omega-3-for-kids\/","url":"https:\/\/parapharmolivier.com\/index.php\/product\/nutraxin-vitals-omega-3-for-kids\/","name":"Nutraxin vitals om\u00e9ga 3 for kids - parapharmolivier","isPartOf":{"@id":"https:\/\/parapharmolivier.com\/#website"},"primaryImageOfPage":{"@id":"https:\/\/parapharmolivier.com\/index.php\/product\/nutraxin-vitals-omega-3-for-kids\/#primaryimage"},"image":{"@id":"https:\/\/parapharmolivier.com\/index.php\/product\/nutraxin-vitals-omega-3-for-kids\/#primaryimage"},"thumbnailUrl":"https:\/\/parapharmolivier.com\/wp-content\/uploads\/2024\/06\/omega-3-kids_38e776532a38429793291573df4f7715.webp","datePublished":"2024-06-19T16:12:44+00:00","dateModified":"2024-06-19T22:24:34+00:00","description":"Nutraxin Omega -3 for KIDS contient 550 mg de DHA, 408 mg d\u2019EPA, 276 mg d\u2019autres acides gras om\u00e9ga-3 et des vitamines E, A, D. Il est obtenu \u00e0 partir de l\u2019huile de foie de morue, qui vit dans des eaux propres et froides, exemptes de m\u00e9taux lourds.","breadcrumb":{"@id":"https:\/\/parapharmolivier.com\/index.php\/product\/nutraxin-vitals-omega-3-for-kids\/#breadcrumb"},"inLanguage":"fr-FR","potentialAction":[{"@type":"ReadAction","target":["https:\/\/parapharmolivier.com\/index.php\/product\/nutraxin-vitals-omega-3-for-kids\/"]}]},{"@type":"ImageObject","inLanguage":"fr-FR","@id":"https:\/\/parapharmolivier.com\/index.php\/product\/nutraxin-vitals-omega-3-for-kids\/#primaryimage","url":"https:\/\/parapharmolivier.com\/wp-content\/uploads\/2024\/06\/omega-3-kids_38e776532a38429793291573df4f7715.webp","contentUrl":"https:\/\/parapharmolivier.com\/wp-content\/uploads\/2024\/06\/omega-3-kids_38e776532a38429793291573df4f7715.webp","width":300,"height":420},{"@type":"BreadcrumbList","@id":"https:\/\/parapharmolivier.com\/index.php\/product\/nutraxin-vitals-omega-3-for-kids\/#breadcrumb","itemListElement":[{"@type":"ListItem","position":1,"name":"Accueil","item":"https:\/\/parapharmolivier.com\/"},{"@type":"ListItem","position":2,"name":"Shop","item":"https:\/\/parapharmolivier.com\/index.php\/shop\/"},{"@type":"ListItem","position":3,"name":"Nutraxin vitals om\u00e9ga 3 for kids"}]},{"@type":"WebSite","@id":"https:\/\/parapharmolivier.com\/#website","url":"https:\/\/parapharmolivier.com\/","name":"parapharmolivier.com","description":"L&#039;olivier toujours dans votre service","publisher":{"@id":"https:\/\/parapharmolivier.com\/#organization"},"alternateName":"Parapharmacie L''Olivier","potentialAction":[{"@type":"SearchAction","target":{"@type":"EntryPoint","urlTemplate":"https:\/\/parapharmolivier.com\/?s={search_term_string}"},"query-input":"required name=search_term_string"}],"inLanguage":"fr-FR"},{"@type":"Organization","@id":"https:\/\/parapharmolivier.com\/#organization","name":"Parapharmacie l'Olivier","url":"https:\/\/parapharmolivier.com\/","logo":{"@type":"ImageObject","inLanguage":"fr-FR","@id":"https:\/\/parapharmolivier.com\/#\/schema\/logo\/image\/","url":"https:\/\/parapharmolivier.com\/wp-content\/uploads\/2024\/03\/Pharmacie-l-Olivier-Logo.png","contentUrl":"https:\/\/parapharmolivier.com\/wp-content\/uploads\/2024\/03\/Pharmacie-l-Olivier-Logo.png","width":6300,"height":2752,"caption":"Parapharmacie l'Olivier"},"image":{"@id":"https:\/\/parapharmolivier.com\/#\/schema\/logo\/image\/"},"sameAs":["https:\/\/www.facebook.com\/profile.php?id=100042409962367&locale=fr_FR","https:\/\/www.instagram.com\/pharmacie_l.olivier_said_hamdi\/"]}]}},"jetpack_sharing_enabled":true,"_links":{"self":[{"href":"https:\/\/parapharmolivier.com\/index.php\/wp-json\/wp\/v2\/product\/10117"}],"collection":[{"href":"https:\/\/parapharmolivier.com\/index.php\/wp-json\/wp\/v2\/product"}],"about":[{"href":"https:\/\/parapharmolivier.com\/index.php\/wp-json\/wp\/v2\/types\/product"}],"replies":[{"embeddable":true,"href":"https:\/\/parapharmolivier.com\/index.php\/wp-json\/wp\/v2\/comments?post=10117"}],"wp:featuredmedia":[{"embeddable":true,"href":"https:\/\/parapharmolivier.com\/index.php\/wp-json\/wp\/v2\/media\/10114"}],"wp:attachment":[{"href":"https:\/\/parapharmolivier.com\/index.php\/wp-json\/wp\/v2\/media?parent=10117"}],"wp:term":[{"taxonomy":"product_cat","embeddable":true,"href":"https:\/\/parapharmolivier.com\/index.php\/wp-json\/wp\/v2\/product_cat?post=10117"},{"taxonomy":"product_tag","embeddable":true,"href":"https:\/\/parapharmolivier.com\/index.php\/wp-json\/wp\/v2\/product_tag?post=10117"}],"curies":[{"name":"wp","href":"https:\/\/api.w.org\/{rel}","templated":true}]}}