{"id":10124,"date":"2024-06-19T18:29:28","date_gmt":"2024-06-19T16:29:28","guid":{"rendered":"https:\/\/parapharmolivier.com\/?post_type=product&#038;p=10124"},"modified":"2024-06-20T00:23:00","modified_gmt":"2024-06-19T22:23:00","slug":"nutraxin-vitals-ginkgo-biloba","status":"publish","type":"product","link":"https:\/\/parapharmolivier.com\/index.php\/product\/nutraxin-vitals-ginkgo-biloba\/","title":{"rendered":"Nutraxin vitals Ginkgo Biloba"},"content":{"rendered":"<p>AUTRES INGR\u00c9DIENTS<br \/>\nHydroxypropylm\u00e9thylcellulose (capsule \u00e0 base de plantes), cellulose microcristallis\u00e9e, dioxyde de silicone, sels de magn\u00e9sium d\u2019acides gras<\/p>\n<p>Information : Il ne contient pas d\u2019allerg\u00e8nes potentiels tels que le sucre, l\u2019amidon, le sel, la levure, le gluten, le soja, le ma\u00efs et les produits laitiers. Les colorants, \u00e9dulcorants et conservateurs synth\u00e9tiques ne sont pas utilis\u00e9s.<\/p>\n","protected":false},"excerpt":{"rendered":"<p>Nutraxin Gingko Biloba\u00a0; extraits d\u2019arbres \u00e0 feuilles connus sous le nom d\u2019arbustes ou de framboises japonaises. Les ingr\u00e9dients de l\u2019extrait de feuille de Gingko Biloba sont les flavoglycosides de ginkgo et les lactones terp\u00e9niques. Le Ginkgo Biloba est une esp\u00e8ce d\u2019arbre sp\u00e9ciale qui peut vivre de nombreuses ann\u00e9es et qui a un vieil arbre en Extr\u00eame-Orient.<\/p>\n","protected":false},"featured_media":10125,"comment_status":"open","ping_status":"closed","template":"","meta":[],"product_cat":[15],"product_tag":[],"yoast_head":"<!-- This site is optimized with the Yoast SEO plugin v22.4 - https:\/\/yoast.com\/wordpress\/plugins\/seo\/ -->\n<title>Nutraxin vitals Ginkgo Biloba - parapharmolivier<\/title>\n<meta name=\"description\" content=\"Nutraxin Gingko Biloba\u00a0; extraits d\u2019arbres \u00e0 feuilles connus sous le nom d\u2019arbustes ou de framboises japonaises. Les ingr\u00e9dients de l\u2019extrait de feuille de Gingko Biloba sont les flavoglycosides de ginkgo et les lactones terp\u00e9niques.\" \/>\n<meta name=\"robots\" content=\"index, follow, max-snippet:-1, max-image-preview:large, max-video-preview:-1\" \/>\n<link rel=\"canonical\" href=\"https:\/\/parapharmolivier.com\/index.php\/product\/nutraxin-vitals-ginkgo-biloba\/\" \/>\n<meta property=\"og:locale\" content=\"fr_FR\" \/>\n<meta property=\"og:type\" content=\"article\" \/>\n<meta property=\"og:title\" content=\"Nutraxin vitals Ginkgo Biloba - parapharmolivier\" \/>\n<meta property=\"og:description\" content=\"Nutraxin Gingko Biloba\u00a0; extraits d\u2019arbres \u00e0 feuilles connus sous le nom d\u2019arbustes ou de framboises japonaises. Les ingr\u00e9dients de l\u2019extrait de feuille de Gingko Biloba sont les flavoglycosides de ginkgo et les lactones terp\u00e9niques.\" \/>\n<meta property=\"og:url\" content=\"https:\/\/parapharmolivier.com\/index.php\/product\/nutraxin-vitals-ginkgo-biloba\/\" \/>\n<meta property=\"og:site_name\" content=\"parapharmolivier\" \/>\n<meta property=\"article:publisher\" content=\"https:\/\/www.facebook.com\/profile.php?id=100042409962367&amp;locale=fr_FR\" \/>\n<meta property=\"article:modified_time\" content=\"2024-06-19T22:23:00+00:00\" \/>\n<meta property=\"og:image\" content=\"https:\/\/parapharmolivier.com\/wp-content\/uploads\/2024\/06\/7910e4442b114e46a74fb1d6e6b5e2bd.webp\" \/>\n\t<meta property=\"og:image:width\" content=\"367\" \/>\n\t<meta property=\"og:image:height\" content=\"341\" \/>\n\t<meta property=\"og:image:type\" content=\"image\/webp\" \/>\n<meta name=\"twitter:card\" content=\"summary_large_image\" \/>\n<meta name=\"twitter:label1\" content=\"Dur\u00e9e de lecture estim\u00e9e\" \/>\n\t<meta name=\"twitter:data1\" content=\"1 minute\" \/>\n<script type=\"application\/ld+json\" class=\"yoast-schema-graph\">{\"@context\":\"https:\/\/schema.org\",\"@graph\":[{\"@type\":\"WebPage\",\"@id\":\"https:\/\/parapharmolivier.com\/index.php\/product\/nutraxin-vitals-ginkgo-biloba\/\",\"url\":\"https:\/\/parapharmolivier.com\/index.php\/product\/nutraxin-vitals-ginkgo-biloba\/\",\"name\":\"Nutraxin vitals Ginkgo Biloba - parapharmolivier\",\"isPartOf\":{\"@id\":\"https:\/\/parapharmolivier.com\/#website\"},\"primaryImageOfPage\":{\"@id\":\"https:\/\/parapharmolivier.com\/index.php\/product\/nutraxin-vitals-ginkgo-biloba\/#primaryimage\"},\"image\":{\"@id\":\"https:\/\/parapharmolivier.com\/index.php\/product\/nutraxin-vitals-ginkgo-biloba\/#primaryimage\"},\"thumbnailUrl\":\"https:\/\/parapharmolivier.com\/wp-content\/uploads\/2024\/06\/7910e4442b114e46a74fb1d6e6b5e2bd.webp\",\"datePublished\":\"2024-06-19T16:29:28+00:00\",\"dateModified\":\"2024-06-19T22:23:00+00:00\",\"description\":\"Nutraxin Gingko Biloba\u00a0; extraits d\u2019arbres \u00e0 feuilles connus sous le nom d\u2019arbustes ou de framboises japonaises. Les ingr\u00e9dients de l\u2019extrait de feuille de Gingko Biloba sont les flavoglycosides de ginkgo et les lactones terp\u00e9niques.\",\"breadcrumb\":{\"@id\":\"https:\/\/parapharmolivier.com\/index.php\/product\/nutraxin-vitals-ginkgo-biloba\/#breadcrumb\"},\"inLanguage\":\"fr-FR\",\"potentialAction\":[{\"@type\":\"ReadAction\",\"target\":[\"https:\/\/parapharmolivier.com\/index.php\/product\/nutraxin-vitals-ginkgo-biloba\/\"]}]},{\"@type\":\"ImageObject\",\"inLanguage\":\"fr-FR\",\"@id\":\"https:\/\/parapharmolivier.com\/index.php\/product\/nutraxin-vitals-ginkgo-biloba\/#primaryimage\",\"url\":\"https:\/\/parapharmolivier.com\/wp-content\/uploads\/2024\/06\/7910e4442b114e46a74fb1d6e6b5e2bd.webp\",\"contentUrl\":\"https:\/\/parapharmolivier.com\/wp-content\/uploads\/2024\/06\/7910e4442b114e46a74fb1d6e6b5e2bd.webp\",\"width\":367,\"height\":341},{\"@type\":\"BreadcrumbList\",\"@id\":\"https:\/\/parapharmolivier.com\/index.php\/product\/nutraxin-vitals-ginkgo-biloba\/#breadcrumb\",\"itemListElement\":[{\"@type\":\"ListItem\",\"position\":1,\"name\":\"Accueil\",\"item\":\"https:\/\/parapharmolivier.com\/\"},{\"@type\":\"ListItem\",\"position\":2,\"name\":\"Shop\",\"item\":\"https:\/\/parapharmolivier.com\/index.php\/shop\/\"},{\"@type\":\"ListItem\",\"position\":3,\"name\":\"Nutraxin vitals Ginkgo Biloba\"}]},{\"@type\":\"WebSite\",\"@id\":\"https:\/\/parapharmolivier.com\/#website\",\"url\":\"https:\/\/parapharmolivier.com\/\",\"name\":\"parapharmolivier.com\",\"description\":\"L&#039;olivier toujours dans votre service\",\"publisher\":{\"@id\":\"https:\/\/parapharmolivier.com\/#organization\"},\"alternateName\":\"Parapharmacie L''Olivier\",\"potentialAction\":[{\"@type\":\"SearchAction\",\"target\":{\"@type\":\"EntryPoint\",\"urlTemplate\":\"https:\/\/parapharmolivier.com\/?s={search_term_string}\"},\"query-input\":\"required name=search_term_string\"}],\"inLanguage\":\"fr-FR\"},{\"@type\":\"Organization\",\"@id\":\"https:\/\/parapharmolivier.com\/#organization\",\"name\":\"Parapharmacie l'Olivier\",\"url\":\"https:\/\/parapharmolivier.com\/\",\"logo\":{\"@type\":\"ImageObject\",\"inLanguage\":\"fr-FR\",\"@id\":\"https:\/\/parapharmolivier.com\/#\/schema\/logo\/image\/\",\"url\":\"https:\/\/parapharmolivier.com\/wp-content\/uploads\/2024\/03\/Pharmacie-l-Olivier-Logo.png\",\"contentUrl\":\"https:\/\/parapharmolivier.com\/wp-content\/uploads\/2024\/03\/Pharmacie-l-Olivier-Logo.png\",\"width\":6300,\"height\":2752,\"caption\":\"Parapharmacie l'Olivier\"},\"image\":{\"@id\":\"https:\/\/parapharmolivier.com\/#\/schema\/logo\/image\/\"},\"sameAs\":[\"https:\/\/www.facebook.com\/profile.php?id=100042409962367&locale=fr_FR\",\"https:\/\/www.instagram.com\/pharmacie_l.olivier_said_hamdi\/\"]}]}<\/script>\n<!-- \/ Yoast SEO plugin. -->","yoast_head_json":{"title":"Nutraxin vitals Ginkgo Biloba - parapharmolivier","description":"Nutraxin Gingko Biloba\u00a0; extraits d\u2019arbres \u00e0 feuilles connus sous le nom d\u2019arbustes ou de framboises japonaises. Les ingr\u00e9dients de l\u2019extrait de feuille de Gingko Biloba sont les flavoglycosides de ginkgo et les lactones terp\u00e9niques.","robots":{"index":"index","follow":"follow","max-snippet":"max-snippet:-1","max-image-preview":"max-image-preview:large","max-video-preview":"max-video-preview:-1"},"canonical":"https:\/\/parapharmolivier.com\/index.php\/product\/nutraxin-vitals-ginkgo-biloba\/","og_locale":"fr_FR","og_type":"article","og_title":"Nutraxin vitals Ginkgo Biloba - parapharmolivier","og_description":"Nutraxin Gingko Biloba\u00a0; extraits d\u2019arbres \u00e0 feuilles connus sous le nom d\u2019arbustes ou de framboises japonaises. Les ingr\u00e9dients de l\u2019extrait de feuille de Gingko Biloba sont les flavoglycosides de ginkgo et les lactones terp\u00e9niques.","og_url":"https:\/\/parapharmolivier.com\/index.php\/product\/nutraxin-vitals-ginkgo-biloba\/","og_site_name":"parapharmolivier","article_publisher":"https:\/\/www.facebook.com\/profile.php?id=100042409962367&locale=fr_FR","article_modified_time":"2024-06-19T22:23:00+00:00","og_image":[{"width":367,"height":341,"url":"https:\/\/parapharmolivier.com\/wp-content\/uploads\/2024\/06\/7910e4442b114e46a74fb1d6e6b5e2bd.webp","type":"image\/webp"}],"twitter_card":"summary_large_image","twitter_misc":{"Dur\u00e9e de lecture estim\u00e9e":"1 minute"},"schema":{"@context":"https:\/\/schema.org","@graph":[{"@type":"WebPage","@id":"https:\/\/parapharmolivier.com\/index.php\/product\/nutraxin-vitals-ginkgo-biloba\/","url":"https:\/\/parapharmolivier.com\/index.php\/product\/nutraxin-vitals-ginkgo-biloba\/","name":"Nutraxin vitals Ginkgo Biloba - parapharmolivier","isPartOf":{"@id":"https:\/\/parapharmolivier.com\/#website"},"primaryImageOfPage":{"@id":"https:\/\/parapharmolivier.com\/index.php\/product\/nutraxin-vitals-ginkgo-biloba\/#primaryimage"},"image":{"@id":"https:\/\/parapharmolivier.com\/index.php\/product\/nutraxin-vitals-ginkgo-biloba\/#primaryimage"},"thumbnailUrl":"https:\/\/parapharmolivier.com\/wp-content\/uploads\/2024\/06\/7910e4442b114e46a74fb1d6e6b5e2bd.webp","datePublished":"2024-06-19T16:29:28+00:00","dateModified":"2024-06-19T22:23:00+00:00","description":"Nutraxin Gingko Biloba\u00a0; extraits d\u2019arbres \u00e0 feuilles connus sous le nom d\u2019arbustes ou de framboises japonaises. Les ingr\u00e9dients de l\u2019extrait de feuille de Gingko Biloba sont les flavoglycosides de ginkgo et les lactones terp\u00e9niques.","breadcrumb":{"@id":"https:\/\/parapharmolivier.com\/index.php\/product\/nutraxin-vitals-ginkgo-biloba\/#breadcrumb"},"inLanguage":"fr-FR","potentialAction":[{"@type":"ReadAction","target":["https:\/\/parapharmolivier.com\/index.php\/product\/nutraxin-vitals-ginkgo-biloba\/"]}]},{"@type":"ImageObject","inLanguage":"fr-FR","@id":"https:\/\/parapharmolivier.com\/index.php\/product\/nutraxin-vitals-ginkgo-biloba\/#primaryimage","url":"https:\/\/parapharmolivier.com\/wp-content\/uploads\/2024\/06\/7910e4442b114e46a74fb1d6e6b5e2bd.webp","contentUrl":"https:\/\/parapharmolivier.com\/wp-content\/uploads\/2024\/06\/7910e4442b114e46a74fb1d6e6b5e2bd.webp","width":367,"height":341},{"@type":"BreadcrumbList","@id":"https:\/\/parapharmolivier.com\/index.php\/product\/nutraxin-vitals-ginkgo-biloba\/#breadcrumb","itemListElement":[{"@type":"ListItem","position":1,"name":"Accueil","item":"https:\/\/parapharmolivier.com\/"},{"@type":"ListItem","position":2,"name":"Shop","item":"https:\/\/parapharmolivier.com\/index.php\/shop\/"},{"@type":"ListItem","position":3,"name":"Nutraxin vitals Ginkgo Biloba"}]},{"@type":"WebSite","@id":"https:\/\/parapharmolivier.com\/#website","url":"https:\/\/parapharmolivier.com\/","name":"parapharmolivier.com","description":"L&#039;olivier toujours dans votre service","publisher":{"@id":"https:\/\/parapharmolivier.com\/#organization"},"alternateName":"Parapharmacie L''Olivier","potentialAction":[{"@type":"SearchAction","target":{"@type":"EntryPoint","urlTemplate":"https:\/\/parapharmolivier.com\/?s={search_term_string}"},"query-input":"required name=search_term_string"}],"inLanguage":"fr-FR"},{"@type":"Organization","@id":"https:\/\/parapharmolivier.com\/#organization","name":"Parapharmacie l'Olivier","url":"https:\/\/parapharmolivier.com\/","logo":{"@type":"ImageObject","inLanguage":"fr-FR","@id":"https:\/\/parapharmolivier.com\/#\/schema\/logo\/image\/","url":"https:\/\/parapharmolivier.com\/wp-content\/uploads\/2024\/03\/Pharmacie-l-Olivier-Logo.png","contentUrl":"https:\/\/parapharmolivier.com\/wp-content\/uploads\/2024\/03\/Pharmacie-l-Olivier-Logo.png","width":6300,"height":2752,"caption":"Parapharmacie l'Olivier"},"image":{"@id":"https:\/\/parapharmolivier.com\/#\/schema\/logo\/image\/"},"sameAs":["https:\/\/www.facebook.com\/profile.php?id=100042409962367&locale=fr_FR","https:\/\/www.instagram.com\/pharmacie_l.olivier_said_hamdi\/"]}]}},"jetpack_sharing_enabled":true,"_links":{"self":[{"href":"https:\/\/parapharmolivier.com\/index.php\/wp-json\/wp\/v2\/product\/10124"}],"collection":[{"href":"https:\/\/parapharmolivier.com\/index.php\/wp-json\/wp\/v2\/product"}],"about":[{"href":"https:\/\/parapharmolivier.com\/index.php\/wp-json\/wp\/v2\/types\/product"}],"replies":[{"embeddable":true,"href":"https:\/\/parapharmolivier.com\/index.php\/wp-json\/wp\/v2\/comments?post=10124"}],"wp:featuredmedia":[{"embeddable":true,"href":"https:\/\/parapharmolivier.com\/index.php\/wp-json\/wp\/v2\/media\/10125"}],"wp:attachment":[{"href":"https:\/\/parapharmolivier.com\/index.php\/wp-json\/wp\/v2\/media?parent=10124"}],"wp:term":[{"taxonomy":"product_cat","embeddable":true,"href":"https:\/\/parapharmolivier.com\/index.php\/wp-json\/wp\/v2\/product_cat?post=10124"},{"taxonomy":"product_tag","embeddable":true,"href":"https:\/\/parapharmolivier.com\/index.php\/wp-json\/wp\/v2\/product_tag?post=10124"}],"curies":[{"name":"wp","href":"https:\/\/api.w.org\/{rel}","templated":true}]}}