{"id":10133,"date":"2024-06-20T00:43:39","date_gmt":"2024-06-19T22:43:39","guid":{"rendered":"https:\/\/parapharmolivier.com\/?post_type=product&#038;p=10133"},"modified":"2025-03-04T13:58:23","modified_gmt":"2025-03-04T12:58:23","slug":"nutraxin-vitals-complexe-keratine-bioxcin","status":"publish","type":"product","link":"https:\/\/parapharmolivier.com\/index.php\/product\/nutraxin-vitals-complexe-keratine-bioxcin\/","title":{"rendered":"NUTRAXIN VITALS COMPLEXE KERATINE BIOXCIN"},"content":{"rendered":"<p>Que fait la k\u00e9ratine Bioxcin ?<\/p>\n<p>Il est b\u00e9n\u00e9fique pour tous les types de cheveux et s\u2019applique aux cheveux secs, aux cheveux teints . Cheveux ab\u00eem\u00e9s par les dommages du soleil gr\u00e2ce \u00e0 sa formule sans formald\u00e9hyde et \u00e0 sa nouvelle forme liquide . Le complexe de k\u00e9ratine aide \u00e0 r\u00e9parer les points craquel\u00e9s et faibles des cheveux car il est riche en prot\u00e9ines et en vitamines et prot\u00e8ge les cheveux. Il soutient les pigments capillaires et est tr\u00e8s efficace pour pr\u00e9venir le blanchiment des cheveux.<\/p>\n","protected":false},"excerpt":{"rendered":"<p>Bioxcin Forte Keratin Complex Tablet est un suppl\u00e9ment contenant des complexes d\u2019acides amin\u00e9s, de la biotine et du zinc . La biotine contribue \u00e0 la protection des cheveux normaux, arr\u00eate la chute des cheveux.<\/p>\n","protected":false},"featured_media":10134,"comment_status":"open","ping_status":"closed","template":"","meta":[],"product_cat":[41,319,376],"product_tag":[],"yoast_head":"<!-- This site is optimized with the Yoast SEO plugin v22.4 - https:\/\/yoast.com\/wordpress\/plugins\/seo\/ -->\n<title>NUTRAXIN VITALS COMPLEXE KERATINE BIOXCIN - parapharmolivier<\/title>\n<meta name=\"description\" content=\"Bioxcin Forte Keratin Complex Tablet est un suppl\u00e9ment contenant des complexes d\u2019acides amin\u00e9s, de la biotine et du zinc . La biotine contribue \u00e0 la protection des cheveux normaux, arr\u00eate la chute des cheveux.\" \/>\n<meta name=\"robots\" content=\"index, follow, max-snippet:-1, max-image-preview:large, max-video-preview:-1\" \/>\n<link rel=\"canonical\" href=\"https:\/\/parapharmolivier.com\/index.php\/product\/nutraxin-vitals-complexe-keratine-bioxcin\/\" \/>\n<meta property=\"og:locale\" content=\"fr_FR\" \/>\n<meta property=\"og:type\" content=\"article\" \/>\n<meta property=\"og:title\" content=\"NUTRAXIN VITALS COMPLEXE KERATINE BIOXCIN - parapharmolivier\" \/>\n<meta property=\"og:description\" content=\"Bioxcin Forte Keratin Complex Tablet est un suppl\u00e9ment contenant des complexes d\u2019acides amin\u00e9s, de la biotine et du zinc . La biotine contribue \u00e0 la protection des cheveux normaux, arr\u00eate la chute des cheveux.\" \/>\n<meta property=\"og:url\" content=\"https:\/\/parapharmolivier.com\/index.php\/product\/nutraxin-vitals-complexe-keratine-bioxcin\/\" \/>\n<meta property=\"og:site_name\" content=\"parapharmolivier\" \/>\n<meta property=\"article:publisher\" content=\"https:\/\/www.facebook.com\/profile.php?id=100042409962367&amp;locale=fr_FR\" \/>\n<meta property=\"article:modified_time\" content=\"2025-03-04T12:58:23+00:00\" \/>\n<meta property=\"og:image\" content=\"https:\/\/parapharmolivier.com\/wp-content\/uploads\/2024\/06\/HC012-Bioxcin-Keratin-Complex-Vitamin-60-Tablets-700x700-1.jpg\" \/>\n\t<meta property=\"og:image:width\" content=\"700\" \/>\n\t<meta property=\"og:image:height\" content=\"700\" \/>\n\t<meta property=\"og:image:type\" content=\"image\/jpeg\" \/>\n<meta name=\"twitter:card\" content=\"summary_large_image\" \/>\n<meta name=\"twitter:label1\" content=\"Dur\u00e9e de lecture estim\u00e9e\" \/>\n\t<meta name=\"twitter:data1\" content=\"1 minute\" \/>\n<script type=\"application\/ld+json\" class=\"yoast-schema-graph\">{\"@context\":\"https:\/\/schema.org\",\"@graph\":[{\"@type\":\"WebPage\",\"@id\":\"https:\/\/parapharmolivier.com\/index.php\/product\/nutraxin-vitals-complexe-keratine-bioxcin\/\",\"url\":\"https:\/\/parapharmolivier.com\/index.php\/product\/nutraxin-vitals-complexe-keratine-bioxcin\/\",\"name\":\"NUTRAXIN VITALS COMPLEXE KERATINE BIOXCIN - parapharmolivier\",\"isPartOf\":{\"@id\":\"https:\/\/parapharmolivier.com\/#website\"},\"primaryImageOfPage\":{\"@id\":\"https:\/\/parapharmolivier.com\/index.php\/product\/nutraxin-vitals-complexe-keratine-bioxcin\/#primaryimage\"},\"image\":{\"@id\":\"https:\/\/parapharmolivier.com\/index.php\/product\/nutraxin-vitals-complexe-keratine-bioxcin\/#primaryimage\"},\"thumbnailUrl\":\"https:\/\/parapharmolivier.com\/wp-content\/uploads\/2024\/06\/HC012-Bioxcin-Keratin-Complex-Vitamin-60-Tablets-700x700-1.jpg\",\"datePublished\":\"2024-06-19T22:43:39+00:00\",\"dateModified\":\"2025-03-04T12:58:23+00:00\",\"description\":\"Bioxcin Forte Keratin Complex Tablet est un suppl\u00e9ment contenant des complexes d\u2019acides amin\u00e9s, de la biotine et du zinc . La biotine contribue \u00e0 la protection des cheveux normaux, arr\u00eate la chute des cheveux.\",\"breadcrumb\":{\"@id\":\"https:\/\/parapharmolivier.com\/index.php\/product\/nutraxin-vitals-complexe-keratine-bioxcin\/#breadcrumb\"},\"inLanguage\":\"fr-FR\",\"potentialAction\":[{\"@type\":\"ReadAction\",\"target\":[\"https:\/\/parapharmolivier.com\/index.php\/product\/nutraxin-vitals-complexe-keratine-bioxcin\/\"]}]},{\"@type\":\"ImageObject\",\"inLanguage\":\"fr-FR\",\"@id\":\"https:\/\/parapharmolivier.com\/index.php\/product\/nutraxin-vitals-complexe-keratine-bioxcin\/#primaryimage\",\"url\":\"https:\/\/parapharmolivier.com\/wp-content\/uploads\/2024\/06\/HC012-Bioxcin-Keratin-Complex-Vitamin-60-Tablets-700x700-1.jpg\",\"contentUrl\":\"https:\/\/parapharmolivier.com\/wp-content\/uploads\/2024\/06\/HC012-Bioxcin-Keratin-Complex-Vitamin-60-Tablets-700x700-1.jpg\",\"width\":700,\"height\":700},{\"@type\":\"BreadcrumbList\",\"@id\":\"https:\/\/parapharmolivier.com\/index.php\/product\/nutraxin-vitals-complexe-keratine-bioxcin\/#breadcrumb\",\"itemListElement\":[{\"@type\":\"ListItem\",\"position\":1,\"name\":\"Accueil\",\"item\":\"https:\/\/parapharmolivier.com\/\"},{\"@type\":\"ListItem\",\"position\":2,\"name\":\"Shop\",\"item\":\"https:\/\/parapharmolivier.com\/index.php\/shop\/\"},{\"@type\":\"ListItem\",\"position\":3,\"name\":\"NUTRAXIN VITALS COMPLEXE KERATINE BIOXCIN\"}]},{\"@type\":\"WebSite\",\"@id\":\"https:\/\/parapharmolivier.com\/#website\",\"url\":\"https:\/\/parapharmolivier.com\/\",\"name\":\"parapharmolivier.com\",\"description\":\"L&#039;olivier toujours dans votre service\",\"publisher\":{\"@id\":\"https:\/\/parapharmolivier.com\/#organization\"},\"alternateName\":\"Parapharmacie L''Olivier\",\"potentialAction\":[{\"@type\":\"SearchAction\",\"target\":{\"@type\":\"EntryPoint\",\"urlTemplate\":\"https:\/\/parapharmolivier.com\/?s={search_term_string}\"},\"query-input\":\"required name=search_term_string\"}],\"inLanguage\":\"fr-FR\"},{\"@type\":\"Organization\",\"@id\":\"https:\/\/parapharmolivier.com\/#organization\",\"name\":\"Parapharmacie l'Olivier\",\"url\":\"https:\/\/parapharmolivier.com\/\",\"logo\":{\"@type\":\"ImageObject\",\"inLanguage\":\"fr-FR\",\"@id\":\"https:\/\/parapharmolivier.com\/#\/schema\/logo\/image\/\",\"url\":\"https:\/\/parapharmolivier.com\/wp-content\/uploads\/2024\/03\/Pharmacie-l-Olivier-Logo.png\",\"contentUrl\":\"https:\/\/parapharmolivier.com\/wp-content\/uploads\/2024\/03\/Pharmacie-l-Olivier-Logo.png\",\"width\":6300,\"height\":2752,\"caption\":\"Parapharmacie l'Olivier\"},\"image\":{\"@id\":\"https:\/\/parapharmolivier.com\/#\/schema\/logo\/image\/\"},\"sameAs\":[\"https:\/\/www.facebook.com\/profile.php?id=100042409962367&locale=fr_FR\",\"https:\/\/www.instagram.com\/pharmacie_l.olivier_said_hamdi\/\"]}]}<\/script>\n<!-- \/ Yoast SEO plugin. -->","yoast_head_json":{"title":"NUTRAXIN VITALS COMPLEXE KERATINE BIOXCIN - parapharmolivier","description":"Bioxcin Forte Keratin Complex Tablet est un suppl\u00e9ment contenant des complexes d\u2019acides amin\u00e9s, de la biotine et du zinc . La biotine contribue \u00e0 la protection des cheveux normaux, arr\u00eate la chute des cheveux.","robots":{"index":"index","follow":"follow","max-snippet":"max-snippet:-1","max-image-preview":"max-image-preview:large","max-video-preview":"max-video-preview:-1"},"canonical":"https:\/\/parapharmolivier.com\/index.php\/product\/nutraxin-vitals-complexe-keratine-bioxcin\/","og_locale":"fr_FR","og_type":"article","og_title":"NUTRAXIN VITALS COMPLEXE KERATINE BIOXCIN - parapharmolivier","og_description":"Bioxcin Forte Keratin Complex Tablet est un suppl\u00e9ment contenant des complexes d\u2019acides amin\u00e9s, de la biotine et du zinc . La biotine contribue \u00e0 la protection des cheveux normaux, arr\u00eate la chute des cheveux.","og_url":"https:\/\/parapharmolivier.com\/index.php\/product\/nutraxin-vitals-complexe-keratine-bioxcin\/","og_site_name":"parapharmolivier","article_publisher":"https:\/\/www.facebook.com\/profile.php?id=100042409962367&locale=fr_FR","article_modified_time":"2025-03-04T12:58:23+00:00","og_image":[{"width":700,"height":700,"url":"https:\/\/parapharmolivier.com\/wp-content\/uploads\/2024\/06\/HC012-Bioxcin-Keratin-Complex-Vitamin-60-Tablets-700x700-1.jpg","type":"image\/jpeg"}],"twitter_card":"summary_large_image","twitter_misc":{"Dur\u00e9e de lecture estim\u00e9e":"1 minute"},"schema":{"@context":"https:\/\/schema.org","@graph":[{"@type":"WebPage","@id":"https:\/\/parapharmolivier.com\/index.php\/product\/nutraxin-vitals-complexe-keratine-bioxcin\/","url":"https:\/\/parapharmolivier.com\/index.php\/product\/nutraxin-vitals-complexe-keratine-bioxcin\/","name":"NUTRAXIN VITALS COMPLEXE KERATINE BIOXCIN - parapharmolivier","isPartOf":{"@id":"https:\/\/parapharmolivier.com\/#website"},"primaryImageOfPage":{"@id":"https:\/\/parapharmolivier.com\/index.php\/product\/nutraxin-vitals-complexe-keratine-bioxcin\/#primaryimage"},"image":{"@id":"https:\/\/parapharmolivier.com\/index.php\/product\/nutraxin-vitals-complexe-keratine-bioxcin\/#primaryimage"},"thumbnailUrl":"https:\/\/parapharmolivier.com\/wp-content\/uploads\/2024\/06\/HC012-Bioxcin-Keratin-Complex-Vitamin-60-Tablets-700x700-1.jpg","datePublished":"2024-06-19T22:43:39+00:00","dateModified":"2025-03-04T12:58:23+00:00","description":"Bioxcin Forte Keratin Complex Tablet est un suppl\u00e9ment contenant des complexes d\u2019acides amin\u00e9s, de la biotine et du zinc . La biotine contribue \u00e0 la protection des cheveux normaux, arr\u00eate la chute des cheveux.","breadcrumb":{"@id":"https:\/\/parapharmolivier.com\/index.php\/product\/nutraxin-vitals-complexe-keratine-bioxcin\/#breadcrumb"},"inLanguage":"fr-FR","potentialAction":[{"@type":"ReadAction","target":["https:\/\/parapharmolivier.com\/index.php\/product\/nutraxin-vitals-complexe-keratine-bioxcin\/"]}]},{"@type":"ImageObject","inLanguage":"fr-FR","@id":"https:\/\/parapharmolivier.com\/index.php\/product\/nutraxin-vitals-complexe-keratine-bioxcin\/#primaryimage","url":"https:\/\/parapharmolivier.com\/wp-content\/uploads\/2024\/06\/HC012-Bioxcin-Keratin-Complex-Vitamin-60-Tablets-700x700-1.jpg","contentUrl":"https:\/\/parapharmolivier.com\/wp-content\/uploads\/2024\/06\/HC012-Bioxcin-Keratin-Complex-Vitamin-60-Tablets-700x700-1.jpg","width":700,"height":700},{"@type":"BreadcrumbList","@id":"https:\/\/parapharmolivier.com\/index.php\/product\/nutraxin-vitals-complexe-keratine-bioxcin\/#breadcrumb","itemListElement":[{"@type":"ListItem","position":1,"name":"Accueil","item":"https:\/\/parapharmolivier.com\/"},{"@type":"ListItem","position":2,"name":"Shop","item":"https:\/\/parapharmolivier.com\/index.php\/shop\/"},{"@type":"ListItem","position":3,"name":"NUTRAXIN VITALS COMPLEXE KERATINE BIOXCIN"}]},{"@type":"WebSite","@id":"https:\/\/parapharmolivier.com\/#website","url":"https:\/\/parapharmolivier.com\/","name":"parapharmolivier.com","description":"L&#039;olivier toujours dans votre service","publisher":{"@id":"https:\/\/parapharmolivier.com\/#organization"},"alternateName":"Parapharmacie L''Olivier","potentialAction":[{"@type":"SearchAction","target":{"@type":"EntryPoint","urlTemplate":"https:\/\/parapharmolivier.com\/?s={search_term_string}"},"query-input":"required name=search_term_string"}],"inLanguage":"fr-FR"},{"@type":"Organization","@id":"https:\/\/parapharmolivier.com\/#organization","name":"Parapharmacie l'Olivier","url":"https:\/\/parapharmolivier.com\/","logo":{"@type":"ImageObject","inLanguage":"fr-FR","@id":"https:\/\/parapharmolivier.com\/#\/schema\/logo\/image\/","url":"https:\/\/parapharmolivier.com\/wp-content\/uploads\/2024\/03\/Pharmacie-l-Olivier-Logo.png","contentUrl":"https:\/\/parapharmolivier.com\/wp-content\/uploads\/2024\/03\/Pharmacie-l-Olivier-Logo.png","width":6300,"height":2752,"caption":"Parapharmacie l'Olivier"},"image":{"@id":"https:\/\/parapharmolivier.com\/#\/schema\/logo\/image\/"},"sameAs":["https:\/\/www.facebook.com\/profile.php?id=100042409962367&locale=fr_FR","https:\/\/www.instagram.com\/pharmacie_l.olivier_said_hamdi\/"]}]}},"jetpack_sharing_enabled":true,"_links":{"self":[{"href":"https:\/\/parapharmolivier.com\/index.php\/wp-json\/wp\/v2\/product\/10133"}],"collection":[{"href":"https:\/\/parapharmolivier.com\/index.php\/wp-json\/wp\/v2\/product"}],"about":[{"href":"https:\/\/parapharmolivier.com\/index.php\/wp-json\/wp\/v2\/types\/product"}],"replies":[{"embeddable":true,"href":"https:\/\/parapharmolivier.com\/index.php\/wp-json\/wp\/v2\/comments?post=10133"}],"wp:featuredmedia":[{"embeddable":true,"href":"https:\/\/parapharmolivier.com\/index.php\/wp-json\/wp\/v2\/media\/10134"}],"wp:attachment":[{"href":"https:\/\/parapharmolivier.com\/index.php\/wp-json\/wp\/v2\/media?parent=10133"}],"wp:term":[{"taxonomy":"product_cat","embeddable":true,"href":"https:\/\/parapharmolivier.com\/index.php\/wp-json\/wp\/v2\/product_cat?post=10133"},{"taxonomy":"product_tag","embeddable":true,"href":"https:\/\/parapharmolivier.com\/index.php\/wp-json\/wp\/v2\/product_tag?post=10133"}],"curies":[{"name":"wp","href":"https:\/\/api.w.org\/{rel}","templated":true}]}}