{"id":10203,"date":"2024-06-22T01:26:23","date_gmt":"2024-06-21T23:26:23","guid":{"rendered":"https:\/\/parapharmolivier.com\/?post_type=product&#038;p=10203"},"modified":"2025-10-23T20:03:36","modified_gmt":"2025-10-23T18:03:36","slug":"biomax-bio-sitol","status":"publish","type":"product","link":"https:\/\/parapharmolivier.com\/index.php\/product\/biomax-bio-sitol\/","title":{"rendered":"BIOMAX BIO-SITOL"},"content":{"rendered":"<p>Des \u00e9tudes ont montr\u00e9 que la combinaison de ces deux formes d&#8217;inositol peut aider \u00e0 r\u00e9guler les niveaux d&#8217;insuline, \u00e0 am\u00e9liorer la qualit\u00e9 de l&#8217;ovulation et \u00e0 r\u00e9duire les sympt\u00f4mes du SOPK.<\/p>\n<div>La vitamine D3 est une forme de vitamine D qui est produite naturellement par notre corps lorsqu&#8217;il est expos\u00e9 \u00e0 la lumi\u00e8re du soleil. Elle est \u00e9galement pr\u00e9sente dans certains aliments et peut \u00eatre prise sous forme de suppl\u00e9ment. La vitamine D3 est importante pour la sant\u00e9 osseuse, car elle aide \u00e0 absorber le calcium et le phosphore dans le corps. Elle joue \u00e9galement un r\u00f4le dans la r\u00e9gulation du syst\u00e8me immunitaire, la pr\u00e9vention de certaines maladies chroniques et la r\u00e9duction de l&#8217;inflammation.<\/div>\n<div>L-Methylfolate (5-MTHF) est une forme de folate, \u00e9galement connue sous le nom d&#8217;acide folique. Le folate est important pour la production de globules rouges et la synth\u00e8se de l&#8217;ADN. L-Methylfolate est une forme de folate qui est\u00a0<b>plus facilement absorb\u00e9e et utilis\u00e9e par le corps que l&#8217;acide folique<\/b>. Elle est souvent utilis\u00e9e pour traiter les carences en folate et peut \u00e9galement aider \u00e0 r\u00e9duire les sympt\u00f4mes de la d\u00e9pression.<\/div>\n<div>Le chromium picolinate est une forme de chrome, un min\u00e9ral essentiel que l&#8217;on trouve dans de nombreux aliments. Le chrome est important pour la r\u00e9gulation du m\u00e9tabolisme des glucides et des lipides, et peut aider \u00e0 am\u00e9liorer la sensibilit\u00e9 \u00e0 l&#8217;insuline. Le chromium picolinate est souvent utilis\u00e9 comme suppl\u00e9ment pour aider \u00e0 r\u00e9guler les niveaux de sucre dans le sang et \u00e0 favoriser la perte de poids<\/div>\n","protected":false},"excerpt":{"rendered":"<p>Myo Inositol et D-Chiro Inositol sont des formes diff\u00e9rentes d&#8217;inositol, une substance semblable \u00e0 une vitamine que l&#8217;on trouve dans de nombreux aliments. Ces deux formes d&#8217;inositol sont souvent utilis\u00e9es ensemble pour traiter les troubles hormonaux, tels que le syndrome des ovaires polykystiques (SOPK) chez les femmes.<\/p>\n","protected":false},"featured_media":10204,"comment_status":"open","ping_status":"closed","template":"","meta":[],"product_cat":[390,319],"product_tag":[],"yoast_head":"<!-- This site is optimized with the Yoast SEO plugin v22.4 - https:\/\/yoast.com\/wordpress\/plugins\/seo\/ -->\n<title>BIOMAX BIO-SITOL - parapharmolivier<\/title>\n<meta name=\"robots\" content=\"index, follow, max-snippet:-1, max-image-preview:large, max-video-preview:-1\" \/>\n<link rel=\"canonical\" href=\"https:\/\/parapharmolivier.com\/index.php\/product\/biomax-bio-sitol\/\" \/>\n<meta property=\"og:locale\" content=\"fr_FR\" \/>\n<meta property=\"og:type\" content=\"article\" \/>\n<meta property=\"og:title\" content=\"BIOMAX BIO-SITOL - parapharmolivier\" \/>\n<meta property=\"og:description\" content=\"Myo Inositol et D-Chiro Inositol sont des formes diff\u00e9rentes d&#039;inositol, une substance semblable \u00e0 une vitamine que l&#039;on trouve dans de nombreux aliments. Ces deux formes d&#039;inositol sont souvent utilis\u00e9es ensemble pour traiter les troubles hormonaux, tels que le syndrome des ovaires polykystiques (SOPK) chez les femmes.\" \/>\n<meta property=\"og:url\" content=\"https:\/\/parapharmolivier.com\/index.php\/product\/biomax-bio-sitol\/\" \/>\n<meta property=\"og:site_name\" content=\"parapharmolivier\" \/>\n<meta property=\"article:publisher\" content=\"https:\/\/www.facebook.com\/profile.php?id=100042409962367&amp;locale=fr_FR\" \/>\n<meta property=\"article:modified_time\" content=\"2025-10-23T18:03:36+00:00\" \/>\n<meta property=\"og:image\" content=\"https:\/\/parapharmolivier.com\/wp-content\/uploads\/2024\/06\/BIOSITOL.png\" \/>\n\t<meta property=\"og:image:width\" content=\"1000\" \/>\n\t<meta property=\"og:image:height\" content=\"1000\" \/>\n\t<meta property=\"og:image:type\" content=\"image\/png\" \/>\n<meta name=\"twitter:card\" content=\"summary_large_image\" \/>\n<meta name=\"twitter:label1\" content=\"Dur\u00e9e de lecture estim\u00e9e\" \/>\n\t<meta name=\"twitter:data1\" content=\"2 minutes\" \/>\n<script type=\"application\/ld+json\" class=\"yoast-schema-graph\">{\"@context\":\"https:\/\/schema.org\",\"@graph\":[{\"@type\":\"WebPage\",\"@id\":\"https:\/\/parapharmolivier.com\/index.php\/product\/biomax-bio-sitol\/\",\"url\":\"https:\/\/parapharmolivier.com\/index.php\/product\/biomax-bio-sitol\/\",\"name\":\"BIOMAX BIO-SITOL - parapharmolivier\",\"isPartOf\":{\"@id\":\"https:\/\/parapharmolivier.com\/#website\"},\"primaryImageOfPage\":{\"@id\":\"https:\/\/parapharmolivier.com\/index.php\/product\/biomax-bio-sitol\/#primaryimage\"},\"image\":{\"@id\":\"https:\/\/parapharmolivier.com\/index.php\/product\/biomax-bio-sitol\/#primaryimage\"},\"thumbnailUrl\":\"https:\/\/parapharmolivier.com\/wp-content\/uploads\/2024\/06\/BIOSITOL.png\",\"datePublished\":\"2024-06-21T23:26:23+00:00\",\"dateModified\":\"2025-10-23T18:03:36+00:00\",\"breadcrumb\":{\"@id\":\"https:\/\/parapharmolivier.com\/index.php\/product\/biomax-bio-sitol\/#breadcrumb\"},\"inLanguage\":\"fr-FR\",\"potentialAction\":[{\"@type\":\"ReadAction\",\"target\":[\"https:\/\/parapharmolivier.com\/index.php\/product\/biomax-bio-sitol\/\"]}]},{\"@type\":\"ImageObject\",\"inLanguage\":\"fr-FR\",\"@id\":\"https:\/\/parapharmolivier.com\/index.php\/product\/biomax-bio-sitol\/#primaryimage\",\"url\":\"https:\/\/parapharmolivier.com\/wp-content\/uploads\/2024\/06\/BIOSITOL.png\",\"contentUrl\":\"https:\/\/parapharmolivier.com\/wp-content\/uploads\/2024\/06\/BIOSITOL.png\",\"width\":1000,\"height\":1000},{\"@type\":\"BreadcrumbList\",\"@id\":\"https:\/\/parapharmolivier.com\/index.php\/product\/biomax-bio-sitol\/#breadcrumb\",\"itemListElement\":[{\"@type\":\"ListItem\",\"position\":1,\"name\":\"Accueil\",\"item\":\"https:\/\/parapharmolivier.com\/\"},{\"@type\":\"ListItem\",\"position\":2,\"name\":\"Shop\",\"item\":\"https:\/\/parapharmolivier.com\/index.php\/shop\/\"},{\"@type\":\"ListItem\",\"position\":3,\"name\":\"BIOMAX BIO-SITOL\"}]},{\"@type\":\"WebSite\",\"@id\":\"https:\/\/parapharmolivier.com\/#website\",\"url\":\"https:\/\/parapharmolivier.com\/\",\"name\":\"parapharmolivier.com\",\"description\":\"L&#039;olivier toujours dans votre service\",\"publisher\":{\"@id\":\"https:\/\/parapharmolivier.com\/#organization\"},\"alternateName\":\"Parapharmacie L''Olivier\",\"potentialAction\":[{\"@type\":\"SearchAction\",\"target\":{\"@type\":\"EntryPoint\",\"urlTemplate\":\"https:\/\/parapharmolivier.com\/?s={search_term_string}\"},\"query-input\":\"required name=search_term_string\"}],\"inLanguage\":\"fr-FR\"},{\"@type\":\"Organization\",\"@id\":\"https:\/\/parapharmolivier.com\/#organization\",\"name\":\"Parapharmacie l'Olivier\",\"url\":\"https:\/\/parapharmolivier.com\/\",\"logo\":{\"@type\":\"ImageObject\",\"inLanguage\":\"fr-FR\",\"@id\":\"https:\/\/parapharmolivier.com\/#\/schema\/logo\/image\/\",\"url\":\"https:\/\/parapharmolivier.com\/wp-content\/uploads\/2024\/03\/Pharmacie-l-Olivier-Logo.png\",\"contentUrl\":\"https:\/\/parapharmolivier.com\/wp-content\/uploads\/2024\/03\/Pharmacie-l-Olivier-Logo.png\",\"width\":6300,\"height\":2752,\"caption\":\"Parapharmacie l'Olivier\"},\"image\":{\"@id\":\"https:\/\/parapharmolivier.com\/#\/schema\/logo\/image\/\"},\"sameAs\":[\"https:\/\/www.facebook.com\/profile.php?id=100042409962367&locale=fr_FR\",\"https:\/\/www.instagram.com\/pharmacie_l.olivier_said_hamdi\/\"]}]}<\/script>\n<!-- \/ Yoast SEO plugin. -->","yoast_head_json":{"title":"BIOMAX BIO-SITOL - parapharmolivier","robots":{"index":"index","follow":"follow","max-snippet":"max-snippet:-1","max-image-preview":"max-image-preview:large","max-video-preview":"max-video-preview:-1"},"canonical":"https:\/\/parapharmolivier.com\/index.php\/product\/biomax-bio-sitol\/","og_locale":"fr_FR","og_type":"article","og_title":"BIOMAX BIO-SITOL - parapharmolivier","og_description":"Myo Inositol et D-Chiro Inositol sont des formes diff\u00e9rentes d'inositol, une substance semblable \u00e0 une vitamine que l'on trouve dans de nombreux aliments. Ces deux formes d'inositol sont souvent utilis\u00e9es ensemble pour traiter les troubles hormonaux, tels que le syndrome des ovaires polykystiques (SOPK) chez les femmes.","og_url":"https:\/\/parapharmolivier.com\/index.php\/product\/biomax-bio-sitol\/","og_site_name":"parapharmolivier","article_publisher":"https:\/\/www.facebook.com\/profile.php?id=100042409962367&locale=fr_FR","article_modified_time":"2025-10-23T18:03:36+00:00","og_image":[{"width":1000,"height":1000,"url":"https:\/\/parapharmolivier.com\/wp-content\/uploads\/2024\/06\/BIOSITOL.png","type":"image\/png"}],"twitter_card":"summary_large_image","twitter_misc":{"Dur\u00e9e de lecture estim\u00e9e":"2 minutes"},"schema":{"@context":"https:\/\/schema.org","@graph":[{"@type":"WebPage","@id":"https:\/\/parapharmolivier.com\/index.php\/product\/biomax-bio-sitol\/","url":"https:\/\/parapharmolivier.com\/index.php\/product\/biomax-bio-sitol\/","name":"BIOMAX BIO-SITOL - parapharmolivier","isPartOf":{"@id":"https:\/\/parapharmolivier.com\/#website"},"primaryImageOfPage":{"@id":"https:\/\/parapharmolivier.com\/index.php\/product\/biomax-bio-sitol\/#primaryimage"},"image":{"@id":"https:\/\/parapharmolivier.com\/index.php\/product\/biomax-bio-sitol\/#primaryimage"},"thumbnailUrl":"https:\/\/parapharmolivier.com\/wp-content\/uploads\/2024\/06\/BIOSITOL.png","datePublished":"2024-06-21T23:26:23+00:00","dateModified":"2025-10-23T18:03:36+00:00","breadcrumb":{"@id":"https:\/\/parapharmolivier.com\/index.php\/product\/biomax-bio-sitol\/#breadcrumb"},"inLanguage":"fr-FR","potentialAction":[{"@type":"ReadAction","target":["https:\/\/parapharmolivier.com\/index.php\/product\/biomax-bio-sitol\/"]}]},{"@type":"ImageObject","inLanguage":"fr-FR","@id":"https:\/\/parapharmolivier.com\/index.php\/product\/biomax-bio-sitol\/#primaryimage","url":"https:\/\/parapharmolivier.com\/wp-content\/uploads\/2024\/06\/BIOSITOL.png","contentUrl":"https:\/\/parapharmolivier.com\/wp-content\/uploads\/2024\/06\/BIOSITOL.png","width":1000,"height":1000},{"@type":"BreadcrumbList","@id":"https:\/\/parapharmolivier.com\/index.php\/product\/biomax-bio-sitol\/#breadcrumb","itemListElement":[{"@type":"ListItem","position":1,"name":"Accueil","item":"https:\/\/parapharmolivier.com\/"},{"@type":"ListItem","position":2,"name":"Shop","item":"https:\/\/parapharmolivier.com\/index.php\/shop\/"},{"@type":"ListItem","position":3,"name":"BIOMAX BIO-SITOL"}]},{"@type":"WebSite","@id":"https:\/\/parapharmolivier.com\/#website","url":"https:\/\/parapharmolivier.com\/","name":"parapharmolivier.com","description":"L&#039;olivier toujours dans votre service","publisher":{"@id":"https:\/\/parapharmolivier.com\/#organization"},"alternateName":"Parapharmacie L''Olivier","potentialAction":[{"@type":"SearchAction","target":{"@type":"EntryPoint","urlTemplate":"https:\/\/parapharmolivier.com\/?s={search_term_string}"},"query-input":"required name=search_term_string"}],"inLanguage":"fr-FR"},{"@type":"Organization","@id":"https:\/\/parapharmolivier.com\/#organization","name":"Parapharmacie l'Olivier","url":"https:\/\/parapharmolivier.com\/","logo":{"@type":"ImageObject","inLanguage":"fr-FR","@id":"https:\/\/parapharmolivier.com\/#\/schema\/logo\/image\/","url":"https:\/\/parapharmolivier.com\/wp-content\/uploads\/2024\/03\/Pharmacie-l-Olivier-Logo.png","contentUrl":"https:\/\/parapharmolivier.com\/wp-content\/uploads\/2024\/03\/Pharmacie-l-Olivier-Logo.png","width":6300,"height":2752,"caption":"Parapharmacie l'Olivier"},"image":{"@id":"https:\/\/parapharmolivier.com\/#\/schema\/logo\/image\/"},"sameAs":["https:\/\/www.facebook.com\/profile.php?id=100042409962367&locale=fr_FR","https:\/\/www.instagram.com\/pharmacie_l.olivier_said_hamdi\/"]}]}},"jetpack_sharing_enabled":true,"_links":{"self":[{"href":"https:\/\/parapharmolivier.com\/index.php\/wp-json\/wp\/v2\/product\/10203"}],"collection":[{"href":"https:\/\/parapharmolivier.com\/index.php\/wp-json\/wp\/v2\/product"}],"about":[{"href":"https:\/\/parapharmolivier.com\/index.php\/wp-json\/wp\/v2\/types\/product"}],"replies":[{"embeddable":true,"href":"https:\/\/parapharmolivier.com\/index.php\/wp-json\/wp\/v2\/comments?post=10203"}],"wp:featuredmedia":[{"embeddable":true,"href":"https:\/\/parapharmolivier.com\/index.php\/wp-json\/wp\/v2\/media\/10204"}],"wp:attachment":[{"href":"https:\/\/parapharmolivier.com\/index.php\/wp-json\/wp\/v2\/media?parent=10203"}],"wp:term":[{"taxonomy":"product_cat","embeddable":true,"href":"https:\/\/parapharmolivier.com\/index.php\/wp-json\/wp\/v2\/product_cat?post=10203"},{"taxonomy":"product_tag","embeddable":true,"href":"https:\/\/parapharmolivier.com\/index.php\/wp-json\/wp\/v2\/product_tag?post=10203"}],"curies":[{"name":"wp","href":"https:\/\/api.w.org\/{rel}","templated":true}]}}