{"id":10206,"date":"2024-06-22T01:33:07","date_gmt":"2024-06-21T23:33:07","guid":{"rendered":"https:\/\/parapharmolivier.com\/?post_type=product&#038;p=10206"},"modified":"2024-06-22T01:33:07","modified_gmt":"2024-06-21T23:33:07","slug":"biomax-vitamine-e","status":"publish","type":"product","link":"https:\/\/parapharmolivier.com\/index.php\/product\/biomax-vitamine-e\/","title":{"rendered":"BIOMAX Vitamine E"},"content":{"rendered":"<p>La vitamine E est l&#8217;une des vitamines les plus importantes dont le corps a besoin et travaille pour renforcer le syst\u00e8me immunitaire, car elle contient un groupe de vitamines liposolubles et d&#8217;antioxydants, qui prot\u00e8ge contre les maladies auxquelles le corps est expos\u00e9 et aide les cellules \u00e0 se r\u00e9g\u00e9n\u00e9rer, ce qui en fait un r\u00f4le majeur dans les soins de la peau et des cheveux.<\/p>\n","protected":false},"excerpt":{"rendered":"<p>La vitamine E est l&#8217;une des vitamines les plus importantes dont le corps a besoin et travaille pour renforcer le syst\u00e8me immunitaire, car elle contient un groupe de vitamines liposolubles et d&#8217;antioxydants, qui prot\u00e8ge contre les maladies auxquelles le corps est expos\u00e9 et aide les cellules \u00e0 se r\u00e9g\u00e9n\u00e9rer, ce qui en fait un r\u00f4le majeur dans les soins de la peau et des cheveux.<\/p>\n","protected":false},"featured_media":10207,"comment_status":"open","ping_status":"closed","template":"","meta":[],"product_cat":[41,392,70],"product_tag":[],"yoast_head":"<!-- This site is optimized with the Yoast SEO plugin v22.4 - https:\/\/yoast.com\/wordpress\/plugins\/seo\/ -->\n<title>BIOMAX Vitamine E - parapharmolivier<\/title>\n<meta name=\"description\" content=\"La vitamine E est l&#039;une des vitamines les plus importantes dont le corps a besoin et travaille pour renforcer le syst\u00e8me immunitaire, car elle contient un groupe de vitamines liposolubles et d&#039;antioxydants, qui prot\u00e8ge contre les maladies auxquelles le corps est expos\u00e9 et aide les cellules \u00e0 se r\u00e9g\u00e9n\u00e9rer, ce qui en fait un r\u00f4le majeur dans les soins de la peau et des cheveux.\" \/>\n<meta name=\"robots\" content=\"index, follow, max-snippet:-1, max-image-preview:large, max-video-preview:-1\" \/>\n<link rel=\"canonical\" href=\"https:\/\/parapharmolivier.com\/index.php\/product\/biomax-vitamine-e\/\" \/>\n<meta property=\"og:locale\" content=\"fr_FR\" \/>\n<meta property=\"og:type\" content=\"article\" \/>\n<meta property=\"og:title\" content=\"BIOMAX Vitamine E - parapharmolivier\" \/>\n<meta property=\"og:description\" content=\"La vitamine E est l&#039;une des vitamines les plus importantes dont le corps a besoin et travaille pour renforcer le syst\u00e8me immunitaire, car elle contient un groupe de vitamines liposolubles et d&#039;antioxydants, qui prot\u00e8ge contre les maladies auxquelles le corps est expos\u00e9 et aide les cellules \u00e0 se r\u00e9g\u00e9n\u00e9rer, ce qui en fait un r\u00f4le majeur dans les soins de la peau et des cheveux.\" \/>\n<meta property=\"og:url\" content=\"https:\/\/parapharmolivier.com\/index.php\/product\/biomax-vitamine-e\/\" \/>\n<meta property=\"og:site_name\" content=\"parapharmolivier\" \/>\n<meta property=\"article:publisher\" content=\"https:\/\/www.facebook.com\/profile.php?id=100042409962367&amp;locale=fr_FR\" \/>\n<meta property=\"og:image\" content=\"https:\/\/parapharmolivier.com\/wp-content\/uploads\/2024\/06\/vitamine_E.jpg\" \/>\n\t<meta property=\"og:image:width\" content=\"1000\" \/>\n\t<meta property=\"og:image:height\" content=\"1000\" \/>\n\t<meta property=\"og:image:type\" content=\"image\/jpeg\" \/>\n<meta name=\"twitter:card\" content=\"summary_large_image\" \/>\n<meta name=\"twitter:label1\" content=\"Dur\u00e9e de lecture estim\u00e9e\" \/>\n\t<meta name=\"twitter:data1\" content=\"1 minute\" \/>\n<script type=\"application\/ld+json\" class=\"yoast-schema-graph\">{\"@context\":\"https:\/\/schema.org\",\"@graph\":[{\"@type\":\"WebPage\",\"@id\":\"https:\/\/parapharmolivier.com\/index.php\/product\/biomax-vitamine-e\/\",\"url\":\"https:\/\/parapharmolivier.com\/index.php\/product\/biomax-vitamine-e\/\",\"name\":\"BIOMAX Vitamine E - parapharmolivier\",\"isPartOf\":{\"@id\":\"https:\/\/parapharmolivier.com\/#website\"},\"primaryImageOfPage\":{\"@id\":\"https:\/\/parapharmolivier.com\/index.php\/product\/biomax-vitamine-e\/#primaryimage\"},\"image\":{\"@id\":\"https:\/\/parapharmolivier.com\/index.php\/product\/biomax-vitamine-e\/#primaryimage\"},\"thumbnailUrl\":\"https:\/\/parapharmolivier.com\/wp-content\/uploads\/2024\/06\/vitamine_E.jpg\",\"datePublished\":\"2024-06-21T23:33:07+00:00\",\"dateModified\":\"2024-06-21T23:33:07+00:00\",\"description\":\"La vitamine E est l'une des vitamines les plus importantes dont le corps a besoin et travaille pour renforcer le syst\u00e8me immunitaire, car elle contient un groupe de vitamines liposolubles et d'antioxydants, qui prot\u00e8ge contre les maladies auxquelles le corps est expos\u00e9 et aide les cellules \u00e0 se r\u00e9g\u00e9n\u00e9rer, ce qui en fait un r\u00f4le majeur dans les soins de la peau et des cheveux.\",\"breadcrumb\":{\"@id\":\"https:\/\/parapharmolivier.com\/index.php\/product\/biomax-vitamine-e\/#breadcrumb\"},\"inLanguage\":\"fr-FR\",\"potentialAction\":[{\"@type\":\"ReadAction\",\"target\":[\"https:\/\/parapharmolivier.com\/index.php\/product\/biomax-vitamine-e\/\"]}]},{\"@type\":\"ImageObject\",\"inLanguage\":\"fr-FR\",\"@id\":\"https:\/\/parapharmolivier.com\/index.php\/product\/biomax-vitamine-e\/#primaryimage\",\"url\":\"https:\/\/parapharmolivier.com\/wp-content\/uploads\/2024\/06\/vitamine_E.jpg\",\"contentUrl\":\"https:\/\/parapharmolivier.com\/wp-content\/uploads\/2024\/06\/vitamine_E.jpg\",\"width\":1000,\"height\":1000},{\"@type\":\"BreadcrumbList\",\"@id\":\"https:\/\/parapharmolivier.com\/index.php\/product\/biomax-vitamine-e\/#breadcrumb\",\"itemListElement\":[{\"@type\":\"ListItem\",\"position\":1,\"name\":\"Accueil\",\"item\":\"https:\/\/parapharmolivier.com\/\"},{\"@type\":\"ListItem\",\"position\":2,\"name\":\"Shop\",\"item\":\"https:\/\/parapharmolivier.com\/index.php\/shop\/\"},{\"@type\":\"ListItem\",\"position\":3,\"name\":\"BIOMAX Vitamine E\"}]},{\"@type\":\"WebSite\",\"@id\":\"https:\/\/parapharmolivier.com\/#website\",\"url\":\"https:\/\/parapharmolivier.com\/\",\"name\":\"parapharmolivier.com\",\"description\":\"L&#039;olivier toujours dans votre service\",\"publisher\":{\"@id\":\"https:\/\/parapharmolivier.com\/#organization\"},\"alternateName\":\"Parapharmacie L''Olivier\",\"potentialAction\":[{\"@type\":\"SearchAction\",\"target\":{\"@type\":\"EntryPoint\",\"urlTemplate\":\"https:\/\/parapharmolivier.com\/?s={search_term_string}\"},\"query-input\":\"required name=search_term_string\"}],\"inLanguage\":\"fr-FR\"},{\"@type\":\"Organization\",\"@id\":\"https:\/\/parapharmolivier.com\/#organization\",\"name\":\"Parapharmacie l'Olivier\",\"url\":\"https:\/\/parapharmolivier.com\/\",\"logo\":{\"@type\":\"ImageObject\",\"inLanguage\":\"fr-FR\",\"@id\":\"https:\/\/parapharmolivier.com\/#\/schema\/logo\/image\/\",\"url\":\"https:\/\/parapharmolivier.com\/wp-content\/uploads\/2024\/03\/Pharmacie-l-Olivier-Logo.png\",\"contentUrl\":\"https:\/\/parapharmolivier.com\/wp-content\/uploads\/2024\/03\/Pharmacie-l-Olivier-Logo.png\",\"width\":6300,\"height\":2752,\"caption\":\"Parapharmacie l'Olivier\"},\"image\":{\"@id\":\"https:\/\/parapharmolivier.com\/#\/schema\/logo\/image\/\"},\"sameAs\":[\"https:\/\/www.facebook.com\/profile.php?id=100042409962367&locale=fr_FR\",\"https:\/\/www.instagram.com\/pharmacie_l.olivier_said_hamdi\/\"]}]}<\/script>\n<!-- \/ Yoast SEO plugin. -->","yoast_head_json":{"title":"BIOMAX Vitamine E - parapharmolivier","description":"La vitamine E est l'une des vitamines les plus importantes dont le corps a besoin et travaille pour renforcer le syst\u00e8me immunitaire, car elle contient un groupe de vitamines liposolubles et d'antioxydants, qui prot\u00e8ge contre les maladies auxquelles le corps est expos\u00e9 et aide les cellules \u00e0 se r\u00e9g\u00e9n\u00e9rer, ce qui en fait un r\u00f4le majeur dans les soins de la peau et des cheveux.","robots":{"index":"index","follow":"follow","max-snippet":"max-snippet:-1","max-image-preview":"max-image-preview:large","max-video-preview":"max-video-preview:-1"},"canonical":"https:\/\/parapharmolivier.com\/index.php\/product\/biomax-vitamine-e\/","og_locale":"fr_FR","og_type":"article","og_title":"BIOMAX Vitamine E - parapharmolivier","og_description":"La vitamine E est l'une des vitamines les plus importantes dont le corps a besoin et travaille pour renforcer le syst\u00e8me immunitaire, car elle contient un groupe de vitamines liposolubles et d'antioxydants, qui prot\u00e8ge contre les maladies auxquelles le corps est expos\u00e9 et aide les cellules \u00e0 se r\u00e9g\u00e9n\u00e9rer, ce qui en fait un r\u00f4le majeur dans les soins de la peau et des cheveux.","og_url":"https:\/\/parapharmolivier.com\/index.php\/product\/biomax-vitamine-e\/","og_site_name":"parapharmolivier","article_publisher":"https:\/\/www.facebook.com\/profile.php?id=100042409962367&locale=fr_FR","og_image":[{"width":1000,"height":1000,"url":"https:\/\/parapharmolivier.com\/wp-content\/uploads\/2024\/06\/vitamine_E.jpg","type":"image\/jpeg"}],"twitter_card":"summary_large_image","twitter_misc":{"Dur\u00e9e de lecture estim\u00e9e":"1 minute"},"schema":{"@context":"https:\/\/schema.org","@graph":[{"@type":"WebPage","@id":"https:\/\/parapharmolivier.com\/index.php\/product\/biomax-vitamine-e\/","url":"https:\/\/parapharmolivier.com\/index.php\/product\/biomax-vitamine-e\/","name":"BIOMAX Vitamine E - parapharmolivier","isPartOf":{"@id":"https:\/\/parapharmolivier.com\/#website"},"primaryImageOfPage":{"@id":"https:\/\/parapharmolivier.com\/index.php\/product\/biomax-vitamine-e\/#primaryimage"},"image":{"@id":"https:\/\/parapharmolivier.com\/index.php\/product\/biomax-vitamine-e\/#primaryimage"},"thumbnailUrl":"https:\/\/parapharmolivier.com\/wp-content\/uploads\/2024\/06\/vitamine_E.jpg","datePublished":"2024-06-21T23:33:07+00:00","dateModified":"2024-06-21T23:33:07+00:00","description":"La vitamine E est l'une des vitamines les plus importantes dont le corps a besoin et travaille pour renforcer le syst\u00e8me immunitaire, car elle contient un groupe de vitamines liposolubles et d'antioxydants, qui prot\u00e8ge contre les maladies auxquelles le corps est expos\u00e9 et aide les cellules \u00e0 se r\u00e9g\u00e9n\u00e9rer, ce qui en fait un r\u00f4le majeur dans les soins de la peau et des cheveux.","breadcrumb":{"@id":"https:\/\/parapharmolivier.com\/index.php\/product\/biomax-vitamine-e\/#breadcrumb"},"inLanguage":"fr-FR","potentialAction":[{"@type":"ReadAction","target":["https:\/\/parapharmolivier.com\/index.php\/product\/biomax-vitamine-e\/"]}]},{"@type":"ImageObject","inLanguage":"fr-FR","@id":"https:\/\/parapharmolivier.com\/index.php\/product\/biomax-vitamine-e\/#primaryimage","url":"https:\/\/parapharmolivier.com\/wp-content\/uploads\/2024\/06\/vitamine_E.jpg","contentUrl":"https:\/\/parapharmolivier.com\/wp-content\/uploads\/2024\/06\/vitamine_E.jpg","width":1000,"height":1000},{"@type":"BreadcrumbList","@id":"https:\/\/parapharmolivier.com\/index.php\/product\/biomax-vitamine-e\/#breadcrumb","itemListElement":[{"@type":"ListItem","position":1,"name":"Accueil","item":"https:\/\/parapharmolivier.com\/"},{"@type":"ListItem","position":2,"name":"Shop","item":"https:\/\/parapharmolivier.com\/index.php\/shop\/"},{"@type":"ListItem","position":3,"name":"BIOMAX Vitamine E"}]},{"@type":"WebSite","@id":"https:\/\/parapharmolivier.com\/#website","url":"https:\/\/parapharmolivier.com\/","name":"parapharmolivier.com","description":"L&#039;olivier toujours dans votre service","publisher":{"@id":"https:\/\/parapharmolivier.com\/#organization"},"alternateName":"Parapharmacie L''Olivier","potentialAction":[{"@type":"SearchAction","target":{"@type":"EntryPoint","urlTemplate":"https:\/\/parapharmolivier.com\/?s={search_term_string}"},"query-input":"required name=search_term_string"}],"inLanguage":"fr-FR"},{"@type":"Organization","@id":"https:\/\/parapharmolivier.com\/#organization","name":"Parapharmacie l'Olivier","url":"https:\/\/parapharmolivier.com\/","logo":{"@type":"ImageObject","inLanguage":"fr-FR","@id":"https:\/\/parapharmolivier.com\/#\/schema\/logo\/image\/","url":"https:\/\/parapharmolivier.com\/wp-content\/uploads\/2024\/03\/Pharmacie-l-Olivier-Logo.png","contentUrl":"https:\/\/parapharmolivier.com\/wp-content\/uploads\/2024\/03\/Pharmacie-l-Olivier-Logo.png","width":6300,"height":2752,"caption":"Parapharmacie l'Olivier"},"image":{"@id":"https:\/\/parapharmolivier.com\/#\/schema\/logo\/image\/"},"sameAs":["https:\/\/www.facebook.com\/profile.php?id=100042409962367&locale=fr_FR","https:\/\/www.instagram.com\/pharmacie_l.olivier_said_hamdi\/"]}]}},"jetpack_sharing_enabled":true,"_links":{"self":[{"href":"https:\/\/parapharmolivier.com\/index.php\/wp-json\/wp\/v2\/product\/10206"}],"collection":[{"href":"https:\/\/parapharmolivier.com\/index.php\/wp-json\/wp\/v2\/product"}],"about":[{"href":"https:\/\/parapharmolivier.com\/index.php\/wp-json\/wp\/v2\/types\/product"}],"replies":[{"embeddable":true,"href":"https:\/\/parapharmolivier.com\/index.php\/wp-json\/wp\/v2\/comments?post=10206"}],"wp:featuredmedia":[{"embeddable":true,"href":"https:\/\/parapharmolivier.com\/index.php\/wp-json\/wp\/v2\/media\/10207"}],"wp:attachment":[{"href":"https:\/\/parapharmolivier.com\/index.php\/wp-json\/wp\/v2\/media?parent=10206"}],"wp:term":[{"taxonomy":"product_cat","embeddable":true,"href":"https:\/\/parapharmolivier.com\/index.php\/wp-json\/wp\/v2\/product_cat?post=10206"},{"taxonomy":"product_tag","embeddable":true,"href":"https:\/\/parapharmolivier.com\/index.php\/wp-json\/wp\/v2\/product_tag?post=10206"}],"curies":[{"name":"wp","href":"https:\/\/api.w.org\/{rel}","templated":true}]}}