{"id":10215,"date":"2024-06-22T01:49:33","date_gmt":"2024-06-21T23:49:33","guid":{"rendered":"https:\/\/parapharmolivier.com\/?post_type=product&#038;p=10215"},"modified":"2024-06-22T01:49:33","modified_gmt":"2024-06-21T23:49:33","slug":"biomax-bioslim","status":"publish","type":"product","link":"https:\/\/parapharmolivier.com\/index.php\/product\/biomax-bioslim\/","title":{"rendered":"BIOMAX BIOSLIM"},"content":{"rendered":"<p>Il n\u2019est pas toujours \u00e9vident de maintenir son poids de fa\u00e7on naturelle. En effet, c\u2019est tr\u00e8s compliqu\u00e9 de g\u00e9rer la mont\u00e9e des hormones et la production excessive du glucose dans le corps. Fort heureusement, Bio Slim de Biomax a \u00e9t\u00e9 mis sur pied pour aider toutes les personnes qui luttent contre le surpoids.<\/p>\n<h4>Avec quels actifs?<\/h4>\n<p>En ces quelques lignes qui suivent nous pr\u00e9sentons les composants de notre produit:<\/p>\n<h4>Garcinia Cambogia<\/h4>\n<div>\n<ul>\n<li>Riche en hydroxycitrate. L\u2019ensemble de sa composition lui conf\u00e8re aussi des propri\u00e9t\u00e9s porteuses d\u2019espoir dans la sph\u00e8re digestive, ainsi qu\u2019un important r\u00f4le antimicrobien.<\/li>\n<\/ul>\n<\/div>\n<h4>Extrait de th\u00e9 vert<\/h4>\n<div>\n<ul>\n<li>Est un stimulant utilis\u00e9 pour lutter contre la fatigue.<\/li>\n<li>Le th\u00e9 vert favorise la perte de poids, en particulier dans le cas de traitements contre l&#8217;ob\u00e9sit\u00e9.<\/li>\n<li>R\u00e9duit le taux de cholest\u00e9rol, gr\u00e2ce \u00e0 l&#8217;action antioxydante des polyph\u00e9nols. Le th\u00e9 vert, contenant du fluor, participe \u00e0 la pr\u00e9vention des caries.<\/li>\n<\/ul>\n<\/div>\n<h4>Extrait de grain de caf\u00e9 vert<\/h4>\n<div>\n<ul>\n<li>Antioxydant : un alli\u00e9 pour la sant\u00e9, il permet de lutter contre de nombreuses maladies et est un d\u00e9toxifiant naturel.<\/li>\n<li>Rassasiant : de par l\u2019acide chlorog\u00e8nique naturellement pr\u00e9sente dans le caf\u00e9 vert.<\/li>\n<\/ul>\n<\/div>\n<div>\n<h4>Comment?<\/h4>\n<div>\n<ul>\n<li>Prendre une capsule par jour.<\/li>\n<\/ul>\n<\/div>\n<\/div>\n","protected":false},"excerpt":{"rendered":"<p>Bio Slim de Biomax a \u00e9t\u00e9 mis sur pied pour aider toutes les personnes qui luttent contre le surpoids<\/p>\n","protected":false},"featured_media":10216,"comment_status":"open","ping_status":"closed","template":"","meta":[],"product_cat":[390,319,343],"product_tag":[],"yoast_head":"<!-- This site is optimized with the Yoast SEO plugin v22.4 - https:\/\/yoast.com\/wordpress\/plugins\/seo\/ -->\n<title>BIOMAX BIOSLIM - parapharmolivier<\/title>\n<meta name=\"robots\" content=\"index, follow, max-snippet:-1, max-image-preview:large, max-video-preview:-1\" \/>\n<link rel=\"canonical\" href=\"https:\/\/parapharmolivier.com\/index.php\/product\/biomax-bioslim\/\" \/>\n<meta property=\"og:locale\" content=\"fr_FR\" \/>\n<meta property=\"og:type\" content=\"article\" \/>\n<meta property=\"og:title\" content=\"BIOMAX BIOSLIM - parapharmolivier\" \/>\n<meta property=\"og:description\" content=\"Bio Slim de Biomax a \u00e9t\u00e9 mis sur pied pour aider toutes les personnes qui luttent contre le surpoids\" \/>\n<meta property=\"og:url\" content=\"https:\/\/parapharmolivier.com\/index.php\/product\/biomax-bioslim\/\" \/>\n<meta property=\"og:site_name\" content=\"parapharmolivier\" \/>\n<meta property=\"article:publisher\" content=\"https:\/\/www.facebook.com\/profile.php?id=100042409962367&amp;locale=fr_FR\" \/>\n<meta property=\"og:image\" content=\"https:\/\/parapharmolivier.com\/wp-content\/uploads\/2024\/06\/bioslim.jpg\" \/>\n\t<meta property=\"og:image:width\" content=\"1000\" \/>\n\t<meta property=\"og:image:height\" content=\"1000\" \/>\n\t<meta property=\"og:image:type\" content=\"image\/jpeg\" \/>\n<meta name=\"twitter:card\" content=\"summary_large_image\" \/>\n<meta name=\"twitter:label1\" content=\"Dur\u00e9e de lecture estim\u00e9e\" \/>\n\t<meta name=\"twitter:data1\" content=\"2 minutes\" \/>\n<script type=\"application\/ld+json\" class=\"yoast-schema-graph\">{\"@context\":\"https:\/\/schema.org\",\"@graph\":[{\"@type\":\"WebPage\",\"@id\":\"https:\/\/parapharmolivier.com\/index.php\/product\/biomax-bioslim\/\",\"url\":\"https:\/\/parapharmolivier.com\/index.php\/product\/biomax-bioslim\/\",\"name\":\"BIOMAX BIOSLIM - parapharmolivier\",\"isPartOf\":{\"@id\":\"https:\/\/parapharmolivier.com\/#website\"},\"primaryImageOfPage\":{\"@id\":\"https:\/\/parapharmolivier.com\/index.php\/product\/biomax-bioslim\/#primaryimage\"},\"image\":{\"@id\":\"https:\/\/parapharmolivier.com\/index.php\/product\/biomax-bioslim\/#primaryimage\"},\"thumbnailUrl\":\"https:\/\/parapharmolivier.com\/wp-content\/uploads\/2024\/06\/bioslim.jpg\",\"datePublished\":\"2024-06-21T23:49:33+00:00\",\"dateModified\":\"2024-06-21T23:49:33+00:00\",\"breadcrumb\":{\"@id\":\"https:\/\/parapharmolivier.com\/index.php\/product\/biomax-bioslim\/#breadcrumb\"},\"inLanguage\":\"fr-FR\",\"potentialAction\":[{\"@type\":\"ReadAction\",\"target\":[\"https:\/\/parapharmolivier.com\/index.php\/product\/biomax-bioslim\/\"]}]},{\"@type\":\"ImageObject\",\"inLanguage\":\"fr-FR\",\"@id\":\"https:\/\/parapharmolivier.com\/index.php\/product\/biomax-bioslim\/#primaryimage\",\"url\":\"https:\/\/parapharmolivier.com\/wp-content\/uploads\/2024\/06\/bioslim.jpg\",\"contentUrl\":\"https:\/\/parapharmolivier.com\/wp-content\/uploads\/2024\/06\/bioslim.jpg\",\"width\":1000,\"height\":1000},{\"@type\":\"BreadcrumbList\",\"@id\":\"https:\/\/parapharmolivier.com\/index.php\/product\/biomax-bioslim\/#breadcrumb\",\"itemListElement\":[{\"@type\":\"ListItem\",\"position\":1,\"name\":\"Accueil\",\"item\":\"https:\/\/parapharmolivier.com\/\"},{\"@type\":\"ListItem\",\"position\":2,\"name\":\"Shop\",\"item\":\"https:\/\/parapharmolivier.com\/index.php\/shop\/\"},{\"@type\":\"ListItem\",\"position\":3,\"name\":\"BIOMAX BIOSLIM\"}]},{\"@type\":\"WebSite\",\"@id\":\"https:\/\/parapharmolivier.com\/#website\",\"url\":\"https:\/\/parapharmolivier.com\/\",\"name\":\"parapharmolivier.com\",\"description\":\"L&#039;olivier toujours dans votre service\",\"publisher\":{\"@id\":\"https:\/\/parapharmolivier.com\/#organization\"},\"alternateName\":\"Parapharmacie L''Olivier\",\"potentialAction\":[{\"@type\":\"SearchAction\",\"target\":{\"@type\":\"EntryPoint\",\"urlTemplate\":\"https:\/\/parapharmolivier.com\/?s={search_term_string}\"},\"query-input\":\"required name=search_term_string\"}],\"inLanguage\":\"fr-FR\"},{\"@type\":\"Organization\",\"@id\":\"https:\/\/parapharmolivier.com\/#organization\",\"name\":\"Parapharmacie l'Olivier\",\"url\":\"https:\/\/parapharmolivier.com\/\",\"logo\":{\"@type\":\"ImageObject\",\"inLanguage\":\"fr-FR\",\"@id\":\"https:\/\/parapharmolivier.com\/#\/schema\/logo\/image\/\",\"url\":\"https:\/\/parapharmolivier.com\/wp-content\/uploads\/2024\/03\/Pharmacie-l-Olivier-Logo.png\",\"contentUrl\":\"https:\/\/parapharmolivier.com\/wp-content\/uploads\/2024\/03\/Pharmacie-l-Olivier-Logo.png\",\"width\":6300,\"height\":2752,\"caption\":\"Parapharmacie l'Olivier\"},\"image\":{\"@id\":\"https:\/\/parapharmolivier.com\/#\/schema\/logo\/image\/\"},\"sameAs\":[\"https:\/\/www.facebook.com\/profile.php?id=100042409962367&locale=fr_FR\",\"https:\/\/www.instagram.com\/pharmacie_l.olivier_said_hamdi\/\"]}]}<\/script>\n<!-- \/ Yoast SEO plugin. -->","yoast_head_json":{"title":"BIOMAX BIOSLIM - parapharmolivier","robots":{"index":"index","follow":"follow","max-snippet":"max-snippet:-1","max-image-preview":"max-image-preview:large","max-video-preview":"max-video-preview:-1"},"canonical":"https:\/\/parapharmolivier.com\/index.php\/product\/biomax-bioslim\/","og_locale":"fr_FR","og_type":"article","og_title":"BIOMAX BIOSLIM - parapharmolivier","og_description":"Bio Slim de Biomax a \u00e9t\u00e9 mis sur pied pour aider toutes les personnes qui luttent contre le surpoids","og_url":"https:\/\/parapharmolivier.com\/index.php\/product\/biomax-bioslim\/","og_site_name":"parapharmolivier","article_publisher":"https:\/\/www.facebook.com\/profile.php?id=100042409962367&locale=fr_FR","og_image":[{"width":1000,"height":1000,"url":"https:\/\/parapharmolivier.com\/wp-content\/uploads\/2024\/06\/bioslim.jpg","type":"image\/jpeg"}],"twitter_card":"summary_large_image","twitter_misc":{"Dur\u00e9e de lecture estim\u00e9e":"2 minutes"},"schema":{"@context":"https:\/\/schema.org","@graph":[{"@type":"WebPage","@id":"https:\/\/parapharmolivier.com\/index.php\/product\/biomax-bioslim\/","url":"https:\/\/parapharmolivier.com\/index.php\/product\/biomax-bioslim\/","name":"BIOMAX BIOSLIM - parapharmolivier","isPartOf":{"@id":"https:\/\/parapharmolivier.com\/#website"},"primaryImageOfPage":{"@id":"https:\/\/parapharmolivier.com\/index.php\/product\/biomax-bioslim\/#primaryimage"},"image":{"@id":"https:\/\/parapharmolivier.com\/index.php\/product\/biomax-bioslim\/#primaryimage"},"thumbnailUrl":"https:\/\/parapharmolivier.com\/wp-content\/uploads\/2024\/06\/bioslim.jpg","datePublished":"2024-06-21T23:49:33+00:00","dateModified":"2024-06-21T23:49:33+00:00","breadcrumb":{"@id":"https:\/\/parapharmolivier.com\/index.php\/product\/biomax-bioslim\/#breadcrumb"},"inLanguage":"fr-FR","potentialAction":[{"@type":"ReadAction","target":["https:\/\/parapharmolivier.com\/index.php\/product\/biomax-bioslim\/"]}]},{"@type":"ImageObject","inLanguage":"fr-FR","@id":"https:\/\/parapharmolivier.com\/index.php\/product\/biomax-bioslim\/#primaryimage","url":"https:\/\/parapharmolivier.com\/wp-content\/uploads\/2024\/06\/bioslim.jpg","contentUrl":"https:\/\/parapharmolivier.com\/wp-content\/uploads\/2024\/06\/bioslim.jpg","width":1000,"height":1000},{"@type":"BreadcrumbList","@id":"https:\/\/parapharmolivier.com\/index.php\/product\/biomax-bioslim\/#breadcrumb","itemListElement":[{"@type":"ListItem","position":1,"name":"Accueil","item":"https:\/\/parapharmolivier.com\/"},{"@type":"ListItem","position":2,"name":"Shop","item":"https:\/\/parapharmolivier.com\/index.php\/shop\/"},{"@type":"ListItem","position":3,"name":"BIOMAX BIOSLIM"}]},{"@type":"WebSite","@id":"https:\/\/parapharmolivier.com\/#website","url":"https:\/\/parapharmolivier.com\/","name":"parapharmolivier.com","description":"L&#039;olivier toujours dans votre service","publisher":{"@id":"https:\/\/parapharmolivier.com\/#organization"},"alternateName":"Parapharmacie L''Olivier","potentialAction":[{"@type":"SearchAction","target":{"@type":"EntryPoint","urlTemplate":"https:\/\/parapharmolivier.com\/?s={search_term_string}"},"query-input":"required name=search_term_string"}],"inLanguage":"fr-FR"},{"@type":"Organization","@id":"https:\/\/parapharmolivier.com\/#organization","name":"Parapharmacie l'Olivier","url":"https:\/\/parapharmolivier.com\/","logo":{"@type":"ImageObject","inLanguage":"fr-FR","@id":"https:\/\/parapharmolivier.com\/#\/schema\/logo\/image\/","url":"https:\/\/parapharmolivier.com\/wp-content\/uploads\/2024\/03\/Pharmacie-l-Olivier-Logo.png","contentUrl":"https:\/\/parapharmolivier.com\/wp-content\/uploads\/2024\/03\/Pharmacie-l-Olivier-Logo.png","width":6300,"height":2752,"caption":"Parapharmacie l'Olivier"},"image":{"@id":"https:\/\/parapharmolivier.com\/#\/schema\/logo\/image\/"},"sameAs":["https:\/\/www.facebook.com\/profile.php?id=100042409962367&locale=fr_FR","https:\/\/www.instagram.com\/pharmacie_l.olivier_said_hamdi\/"]}]}},"jetpack_sharing_enabled":true,"_links":{"self":[{"href":"https:\/\/parapharmolivier.com\/index.php\/wp-json\/wp\/v2\/product\/10215"}],"collection":[{"href":"https:\/\/parapharmolivier.com\/index.php\/wp-json\/wp\/v2\/product"}],"about":[{"href":"https:\/\/parapharmolivier.com\/index.php\/wp-json\/wp\/v2\/types\/product"}],"replies":[{"embeddable":true,"href":"https:\/\/parapharmolivier.com\/index.php\/wp-json\/wp\/v2\/comments?post=10215"}],"wp:featuredmedia":[{"embeddable":true,"href":"https:\/\/parapharmolivier.com\/index.php\/wp-json\/wp\/v2\/media\/10216"}],"wp:attachment":[{"href":"https:\/\/parapharmolivier.com\/index.php\/wp-json\/wp\/v2\/media?parent=10215"}],"wp:term":[{"taxonomy":"product_cat","embeddable":true,"href":"https:\/\/parapharmolivier.com\/index.php\/wp-json\/wp\/v2\/product_cat?post=10215"},{"taxonomy":"product_tag","embeddable":true,"href":"https:\/\/parapharmolivier.com\/index.php\/wp-json\/wp\/v2\/product_tag?post=10215"}],"curies":[{"name":"wp","href":"https:\/\/api.w.org\/{rel}","templated":true}]}}