{"id":10269,"date":"2024-06-28T23:42:55","date_gmt":"2024-06-28T21:42:55","guid":{"rendered":"https:\/\/parapharmolivier.com\/?post_type=product&#038;p=10269"},"modified":"2026-03-30T18:53:20","modified_gmt":"2026-03-30T16:53:20","slug":"clarilys-soin-emollient-eclaircissant","status":"publish","type":"product","link":"https:\/\/parapharmolivier.com\/index.php\/product\/clarilys-soin-emollient-eclaircissant\/","title":{"rendered":"CLARILYS Soin \u00e9mollient \u00e9claircissant"},"content":{"rendered":"<p>Le soin \u00e9mollient longue dur\u00e9e CLARILYS hydrate durablement les peaux s\u00e8ches et unifie le teint. Sa formule brevet\u00e9e contenant de l\u2019URODIUM\u00ae am\u00e9liore le pouvoir hydratant de l\u2019ur\u00e9e pour une action de tr\u00e8s longue dur\u00e9e, tout en facilitant la p\u00e9n\u00e9tration des actifs d\u00e9pigmentants dans l\u2019\u00e9piderme, renfor\u00e7ant ainsi leur efficacit\u00e9. Il s&#8217;agit d&#8217;une \u00e9mulsion huile dans eau parfum\u00e9e.<\/p>\n<p>Conseils d\u2019utilisation :<br \/>\nAppliquez le lait CLARILYS une \u00e0 deux fois par jour apr\u00e8s la douche.<br \/>\nConservez-le \u00e0 une temp\u00e9rature inf\u00e9rieure \u00e0 25\u00b0C.<br \/>\nProduit destin\u00e9 aux adultes.<\/p>\n","protected":false},"excerpt":{"rendered":"<p>Clarilys, soin \u00e9mollient \u00e9claircissant longue dur\u00e9e <\/p>\n","protected":false},"featured_media":10268,"comment_status":"open","ping_status":"closed","template":"","meta":[],"product_cat":[252,214,399,216,140],"product_tag":[],"yoast_head":"<!-- This site is optimized with the Yoast SEO plugin v22.4 - https:\/\/yoast.com\/wordpress\/plugins\/seo\/ -->\n<title>CLARILYS Soin \u00e9mollient \u00e9claircissant - parapharmolivier<\/title>\n<meta name=\"robots\" content=\"index, follow, max-snippet:-1, max-image-preview:large, max-video-preview:-1\" \/>\n<link rel=\"canonical\" href=\"https:\/\/parapharmolivier.com\/index.php\/product\/clarilys-soin-emollient-eclaircissant\/\" \/>\n<meta property=\"og:locale\" content=\"fr_FR\" \/>\n<meta property=\"og:type\" content=\"article\" \/>\n<meta property=\"og:title\" content=\"CLARILYS Soin \u00e9mollient \u00e9claircissant - parapharmolivier\" \/>\n<meta property=\"og:description\" content=\"Clarilys, soin \u00e9mollient \u00e9claircissant longue dur\u00e9e\" \/>\n<meta property=\"og:url\" content=\"https:\/\/parapharmolivier.com\/index.php\/product\/clarilys-soin-emollient-eclaircissant\/\" \/>\n<meta property=\"og:site_name\" content=\"parapharmolivier\" \/>\n<meta property=\"article:publisher\" content=\"https:\/\/www.facebook.com\/profile.php?id=100042409962367&amp;locale=fr_FR\" \/>\n<meta property=\"article:modified_time\" content=\"2026-03-30T16:53:20+00:00\" \/>\n<meta property=\"og:image\" content=\"https:\/\/parapharmolivier.com\/wp-content\/uploads\/2024\/06\/IMG_20240628_221839_802.webp\" \/>\n\t<meta property=\"og:image:width\" content=\"1080\" \/>\n\t<meta property=\"og:image:height\" content=\"1920\" \/>\n\t<meta property=\"og:image:type\" content=\"image\/webp\" \/>\n<meta name=\"twitter:card\" content=\"summary_large_image\" \/>\n<meta name=\"twitter:label1\" content=\"Dur\u00e9e de lecture estim\u00e9e\" \/>\n\t<meta name=\"twitter:data1\" content=\"1 minute\" \/>\n<script type=\"application\/ld+json\" class=\"yoast-schema-graph\">{\"@context\":\"https:\/\/schema.org\",\"@graph\":[{\"@type\":\"WebPage\",\"@id\":\"https:\/\/parapharmolivier.com\/index.php\/product\/clarilys-soin-emollient-eclaircissant\/\",\"url\":\"https:\/\/parapharmolivier.com\/index.php\/product\/clarilys-soin-emollient-eclaircissant\/\",\"name\":\"CLARILYS Soin \u00e9mollient \u00e9claircissant - parapharmolivier\",\"isPartOf\":{\"@id\":\"https:\/\/parapharmolivier.com\/#website\"},\"primaryImageOfPage\":{\"@id\":\"https:\/\/parapharmolivier.com\/index.php\/product\/clarilys-soin-emollient-eclaircissant\/#primaryimage\"},\"image\":{\"@id\":\"https:\/\/parapharmolivier.com\/index.php\/product\/clarilys-soin-emollient-eclaircissant\/#primaryimage\"},\"thumbnailUrl\":\"https:\/\/parapharmolivier.com\/wp-content\/uploads\/2024\/06\/IMG_20240628_221839_802.webp\",\"datePublished\":\"2024-06-28T21:42:55+00:00\",\"dateModified\":\"2026-03-30T16:53:20+00:00\",\"breadcrumb\":{\"@id\":\"https:\/\/parapharmolivier.com\/index.php\/product\/clarilys-soin-emollient-eclaircissant\/#breadcrumb\"},\"inLanguage\":\"fr-FR\",\"potentialAction\":[{\"@type\":\"ReadAction\",\"target\":[\"https:\/\/parapharmolivier.com\/index.php\/product\/clarilys-soin-emollient-eclaircissant\/\"]}]},{\"@type\":\"ImageObject\",\"inLanguage\":\"fr-FR\",\"@id\":\"https:\/\/parapharmolivier.com\/index.php\/product\/clarilys-soin-emollient-eclaircissant\/#primaryimage\",\"url\":\"https:\/\/parapharmolivier.com\/wp-content\/uploads\/2024\/06\/IMG_20240628_221839_802.webp\",\"contentUrl\":\"https:\/\/parapharmolivier.com\/wp-content\/uploads\/2024\/06\/IMG_20240628_221839_802.webp\",\"width\":1080,\"height\":1920},{\"@type\":\"BreadcrumbList\",\"@id\":\"https:\/\/parapharmolivier.com\/index.php\/product\/clarilys-soin-emollient-eclaircissant\/#breadcrumb\",\"itemListElement\":[{\"@type\":\"ListItem\",\"position\":1,\"name\":\"Accueil\",\"item\":\"https:\/\/parapharmolivier.com\/\"},{\"@type\":\"ListItem\",\"position\":2,\"name\":\"Shop\",\"item\":\"https:\/\/parapharmolivier.com\/index.php\/shop\/\"},{\"@type\":\"ListItem\",\"position\":3,\"name\":\"CLARILYS Soin \u00e9mollient \u00e9claircissant\"}]},{\"@type\":\"WebSite\",\"@id\":\"https:\/\/parapharmolivier.com\/#website\",\"url\":\"https:\/\/parapharmolivier.com\/\",\"name\":\"parapharmolivier.com\",\"description\":\"L&#039;olivier toujours dans votre service\",\"publisher\":{\"@id\":\"https:\/\/parapharmolivier.com\/#organization\"},\"alternateName\":\"Parapharmacie L''Olivier\",\"potentialAction\":[{\"@type\":\"SearchAction\",\"target\":{\"@type\":\"EntryPoint\",\"urlTemplate\":\"https:\/\/parapharmolivier.com\/?s={search_term_string}\"},\"query-input\":\"required name=search_term_string\"}],\"inLanguage\":\"fr-FR\"},{\"@type\":\"Organization\",\"@id\":\"https:\/\/parapharmolivier.com\/#organization\",\"name\":\"Parapharmacie l'Olivier\",\"url\":\"https:\/\/parapharmolivier.com\/\",\"logo\":{\"@type\":\"ImageObject\",\"inLanguage\":\"fr-FR\",\"@id\":\"https:\/\/parapharmolivier.com\/#\/schema\/logo\/image\/\",\"url\":\"https:\/\/parapharmolivier.com\/wp-content\/uploads\/2024\/03\/Pharmacie-l-Olivier-Logo.png\",\"contentUrl\":\"https:\/\/parapharmolivier.com\/wp-content\/uploads\/2024\/03\/Pharmacie-l-Olivier-Logo.png\",\"width\":6300,\"height\":2752,\"caption\":\"Parapharmacie l'Olivier\"},\"image\":{\"@id\":\"https:\/\/parapharmolivier.com\/#\/schema\/logo\/image\/\"},\"sameAs\":[\"https:\/\/www.facebook.com\/profile.php?id=100042409962367&locale=fr_FR\",\"https:\/\/www.instagram.com\/pharmacie_l.olivier_said_hamdi\/\"]}]}<\/script>\n<!-- \/ Yoast SEO plugin. -->","yoast_head_json":{"title":"CLARILYS Soin \u00e9mollient \u00e9claircissant - parapharmolivier","robots":{"index":"index","follow":"follow","max-snippet":"max-snippet:-1","max-image-preview":"max-image-preview:large","max-video-preview":"max-video-preview:-1"},"canonical":"https:\/\/parapharmolivier.com\/index.php\/product\/clarilys-soin-emollient-eclaircissant\/","og_locale":"fr_FR","og_type":"article","og_title":"CLARILYS Soin \u00e9mollient \u00e9claircissant - parapharmolivier","og_description":"Clarilys, soin \u00e9mollient \u00e9claircissant longue dur\u00e9e","og_url":"https:\/\/parapharmolivier.com\/index.php\/product\/clarilys-soin-emollient-eclaircissant\/","og_site_name":"parapharmolivier","article_publisher":"https:\/\/www.facebook.com\/profile.php?id=100042409962367&locale=fr_FR","article_modified_time":"2026-03-30T16:53:20+00:00","og_image":[{"width":1080,"height":1920,"url":"https:\/\/parapharmolivier.com\/wp-content\/uploads\/2024\/06\/IMG_20240628_221839_802.webp","type":"image\/webp"}],"twitter_card":"summary_large_image","twitter_misc":{"Dur\u00e9e de lecture estim\u00e9e":"1 minute"},"schema":{"@context":"https:\/\/schema.org","@graph":[{"@type":"WebPage","@id":"https:\/\/parapharmolivier.com\/index.php\/product\/clarilys-soin-emollient-eclaircissant\/","url":"https:\/\/parapharmolivier.com\/index.php\/product\/clarilys-soin-emollient-eclaircissant\/","name":"CLARILYS Soin \u00e9mollient \u00e9claircissant - parapharmolivier","isPartOf":{"@id":"https:\/\/parapharmolivier.com\/#website"},"primaryImageOfPage":{"@id":"https:\/\/parapharmolivier.com\/index.php\/product\/clarilys-soin-emollient-eclaircissant\/#primaryimage"},"image":{"@id":"https:\/\/parapharmolivier.com\/index.php\/product\/clarilys-soin-emollient-eclaircissant\/#primaryimage"},"thumbnailUrl":"https:\/\/parapharmolivier.com\/wp-content\/uploads\/2024\/06\/IMG_20240628_221839_802.webp","datePublished":"2024-06-28T21:42:55+00:00","dateModified":"2026-03-30T16:53:20+00:00","breadcrumb":{"@id":"https:\/\/parapharmolivier.com\/index.php\/product\/clarilys-soin-emollient-eclaircissant\/#breadcrumb"},"inLanguage":"fr-FR","potentialAction":[{"@type":"ReadAction","target":["https:\/\/parapharmolivier.com\/index.php\/product\/clarilys-soin-emollient-eclaircissant\/"]}]},{"@type":"ImageObject","inLanguage":"fr-FR","@id":"https:\/\/parapharmolivier.com\/index.php\/product\/clarilys-soin-emollient-eclaircissant\/#primaryimage","url":"https:\/\/parapharmolivier.com\/wp-content\/uploads\/2024\/06\/IMG_20240628_221839_802.webp","contentUrl":"https:\/\/parapharmolivier.com\/wp-content\/uploads\/2024\/06\/IMG_20240628_221839_802.webp","width":1080,"height":1920},{"@type":"BreadcrumbList","@id":"https:\/\/parapharmolivier.com\/index.php\/product\/clarilys-soin-emollient-eclaircissant\/#breadcrumb","itemListElement":[{"@type":"ListItem","position":1,"name":"Accueil","item":"https:\/\/parapharmolivier.com\/"},{"@type":"ListItem","position":2,"name":"Shop","item":"https:\/\/parapharmolivier.com\/index.php\/shop\/"},{"@type":"ListItem","position":3,"name":"CLARILYS Soin \u00e9mollient \u00e9claircissant"}]},{"@type":"WebSite","@id":"https:\/\/parapharmolivier.com\/#website","url":"https:\/\/parapharmolivier.com\/","name":"parapharmolivier.com","description":"L&#039;olivier toujours dans votre service","publisher":{"@id":"https:\/\/parapharmolivier.com\/#organization"},"alternateName":"Parapharmacie L''Olivier","potentialAction":[{"@type":"SearchAction","target":{"@type":"EntryPoint","urlTemplate":"https:\/\/parapharmolivier.com\/?s={search_term_string}"},"query-input":"required name=search_term_string"}],"inLanguage":"fr-FR"},{"@type":"Organization","@id":"https:\/\/parapharmolivier.com\/#organization","name":"Parapharmacie l'Olivier","url":"https:\/\/parapharmolivier.com\/","logo":{"@type":"ImageObject","inLanguage":"fr-FR","@id":"https:\/\/parapharmolivier.com\/#\/schema\/logo\/image\/","url":"https:\/\/parapharmolivier.com\/wp-content\/uploads\/2024\/03\/Pharmacie-l-Olivier-Logo.png","contentUrl":"https:\/\/parapharmolivier.com\/wp-content\/uploads\/2024\/03\/Pharmacie-l-Olivier-Logo.png","width":6300,"height":2752,"caption":"Parapharmacie l'Olivier"},"image":{"@id":"https:\/\/parapharmolivier.com\/#\/schema\/logo\/image\/"},"sameAs":["https:\/\/www.facebook.com\/profile.php?id=100042409962367&locale=fr_FR","https:\/\/www.instagram.com\/pharmacie_l.olivier_said_hamdi\/"]}]}},"jetpack_sharing_enabled":true,"_links":{"self":[{"href":"https:\/\/parapharmolivier.com\/index.php\/wp-json\/wp\/v2\/product\/10269"}],"collection":[{"href":"https:\/\/parapharmolivier.com\/index.php\/wp-json\/wp\/v2\/product"}],"about":[{"href":"https:\/\/parapharmolivier.com\/index.php\/wp-json\/wp\/v2\/types\/product"}],"replies":[{"embeddable":true,"href":"https:\/\/parapharmolivier.com\/index.php\/wp-json\/wp\/v2\/comments?post=10269"}],"wp:featuredmedia":[{"embeddable":true,"href":"https:\/\/parapharmolivier.com\/index.php\/wp-json\/wp\/v2\/media\/10268"}],"wp:attachment":[{"href":"https:\/\/parapharmolivier.com\/index.php\/wp-json\/wp\/v2\/media?parent=10269"}],"wp:term":[{"taxonomy":"product_cat","embeddable":true,"href":"https:\/\/parapharmolivier.com\/index.php\/wp-json\/wp\/v2\/product_cat?post=10269"},{"taxonomy":"product_tag","embeddable":true,"href":"https:\/\/parapharmolivier.com\/index.php\/wp-json\/wp\/v2\/product_tag?post=10269"}],"curies":[{"name":"wp","href":"https:\/\/api.w.org\/{rel}","templated":true}]}}