{"id":10270,"date":"2024-06-29T10:20:30","date_gmt":"2024-06-29T08:20:30","guid":{"rendered":"https:\/\/parapharmolivier.com\/?post_type=product&#038;p=10270"},"modified":"2026-03-30T18:53:28","modified_gmt":"2026-03-30T16:53:28","slug":"clarilys-soin-depigmentant-intense","status":"publish","type":"product","link":"https:\/\/parapharmolivier.com\/index.php\/product\/clarilys-soin-depigmentant-intense\/","title":{"rendered":"CLARILYS Soin d\u00e9pigmentant intense"},"content":{"rendered":"<p>CLARIlYS est un soin d\u00e9pigmentant intense con\u00e7u pour r\u00e9duire les taches brunes gr\u00e2ce \u00e0 une triple action :<br \/>\n\u2013 Un m\u00e9lange d&#8217;actifs d\u00e9pigmentants (Alpha Arbutine, Beta Arbutine, Vitamine C) diminue la production de m\u00e9lanine, responsable des taches brunes.<br \/>\n\u2013 La formule brevet\u00e9e Urodium am\u00e9liore la p\u00e9n\u00e9tration des actifs d\u00e9pigmentants dans l&#8217;\u00e9piderme, augmentant leur efficacit\u00e9.<br \/>\n\u2013 Les agents exfoliants (Ur\u00e9e et A.H.A.) acc\u00e9l\u00e8rent l&#8217;\u00e9limination des cellules pigment\u00e9es de l&#8217;\u00e9piderme.<br \/>\nSon toucher soyeux et son excellente absorption rendent l&#8217;application de CLARIlys tr\u00e8s agr\u00e9able.<\/p>\n<p>Appliquer matin et soir sur les zones concern\u00e9es (visage, d\u00e9collet\u00e9, mains&#8230;) pr\u00e9alablement nettoy\u00e9es.<br \/>\n\u00c9viter le contact avec les yeux.<br \/>\nNe pas appliquer sur les enfants de moins de 3 ans.<br \/>\nConserver \u00e0 moins de 25\u00b0C.<\/p>\n","protected":false},"excerpt":{"rendered":"<p>Clarilys, soin d\u00e9pigmentant intense<\/p>\n","protected":false},"featured_media":10271,"comment_status":"open","ping_status":"closed","template":"","meta":[],"product_cat":[252,100,399,216],"product_tag":[],"yoast_head":"<!-- This site is optimized with the Yoast SEO plugin v22.4 - https:\/\/yoast.com\/wordpress\/plugins\/seo\/ -->\n<title>CLARILYS Soin d\u00e9pigmentant intense - parapharmolivier<\/title>\n<meta name=\"robots\" content=\"index, follow, max-snippet:-1, max-image-preview:large, max-video-preview:-1\" \/>\n<link rel=\"canonical\" href=\"https:\/\/parapharmolivier.com\/index.php\/product\/clarilys-soin-depigmentant-intense\/\" \/>\n<meta property=\"og:locale\" content=\"fr_FR\" \/>\n<meta property=\"og:type\" content=\"article\" \/>\n<meta property=\"og:title\" content=\"CLARILYS Soin d\u00e9pigmentant intense - parapharmolivier\" \/>\n<meta property=\"og:description\" content=\"Clarilys, soin d\u00e9pigmentant intense\" \/>\n<meta property=\"og:url\" content=\"https:\/\/parapharmolivier.com\/index.php\/product\/clarilys-soin-depigmentant-intense\/\" \/>\n<meta property=\"og:site_name\" content=\"parapharmolivier\" \/>\n<meta property=\"article:publisher\" content=\"https:\/\/www.facebook.com\/profile.php?id=100042409962367&amp;locale=fr_FR\" \/>\n<meta property=\"article:modified_time\" content=\"2026-03-30T16:53:28+00:00\" \/>\n<meta property=\"og:image\" content=\"https:\/\/parapharmolivier.com\/wp-content\/uploads\/2024\/06\/IMG_20240629_091623_381.webp\" \/>\n\t<meta property=\"og:image:width\" content=\"1080\" \/>\n\t<meta property=\"og:image:height\" content=\"1920\" \/>\n\t<meta property=\"og:image:type\" content=\"image\/webp\" \/>\n<meta name=\"twitter:card\" content=\"summary_large_image\" \/>\n<meta name=\"twitter:label1\" content=\"Dur\u00e9e de lecture estim\u00e9e\" \/>\n\t<meta name=\"twitter:data1\" content=\"1 minute\" \/>\n<script type=\"application\/ld+json\" class=\"yoast-schema-graph\">{\"@context\":\"https:\/\/schema.org\",\"@graph\":[{\"@type\":\"WebPage\",\"@id\":\"https:\/\/parapharmolivier.com\/index.php\/product\/clarilys-soin-depigmentant-intense\/\",\"url\":\"https:\/\/parapharmolivier.com\/index.php\/product\/clarilys-soin-depigmentant-intense\/\",\"name\":\"CLARILYS Soin d\u00e9pigmentant intense - parapharmolivier\",\"isPartOf\":{\"@id\":\"https:\/\/parapharmolivier.com\/#website\"},\"primaryImageOfPage\":{\"@id\":\"https:\/\/parapharmolivier.com\/index.php\/product\/clarilys-soin-depigmentant-intense\/#primaryimage\"},\"image\":{\"@id\":\"https:\/\/parapharmolivier.com\/index.php\/product\/clarilys-soin-depigmentant-intense\/#primaryimage\"},\"thumbnailUrl\":\"https:\/\/parapharmolivier.com\/wp-content\/uploads\/2024\/06\/IMG_20240629_091623_381.webp\",\"datePublished\":\"2024-06-29T08:20:30+00:00\",\"dateModified\":\"2026-03-30T16:53:28+00:00\",\"breadcrumb\":{\"@id\":\"https:\/\/parapharmolivier.com\/index.php\/product\/clarilys-soin-depigmentant-intense\/#breadcrumb\"},\"inLanguage\":\"fr-FR\",\"potentialAction\":[{\"@type\":\"ReadAction\",\"target\":[\"https:\/\/parapharmolivier.com\/index.php\/product\/clarilys-soin-depigmentant-intense\/\"]}]},{\"@type\":\"ImageObject\",\"inLanguage\":\"fr-FR\",\"@id\":\"https:\/\/parapharmolivier.com\/index.php\/product\/clarilys-soin-depigmentant-intense\/#primaryimage\",\"url\":\"https:\/\/parapharmolivier.com\/wp-content\/uploads\/2024\/06\/IMG_20240629_091623_381.webp\",\"contentUrl\":\"https:\/\/parapharmolivier.com\/wp-content\/uploads\/2024\/06\/IMG_20240629_091623_381.webp\",\"width\":1080,\"height\":1920},{\"@type\":\"BreadcrumbList\",\"@id\":\"https:\/\/parapharmolivier.com\/index.php\/product\/clarilys-soin-depigmentant-intense\/#breadcrumb\",\"itemListElement\":[{\"@type\":\"ListItem\",\"position\":1,\"name\":\"Accueil\",\"item\":\"https:\/\/parapharmolivier.com\/\"},{\"@type\":\"ListItem\",\"position\":2,\"name\":\"Shop\",\"item\":\"https:\/\/parapharmolivier.com\/index.php\/shop\/\"},{\"@type\":\"ListItem\",\"position\":3,\"name\":\"CLARILYS Soin d\u00e9pigmentant intense\"}]},{\"@type\":\"WebSite\",\"@id\":\"https:\/\/parapharmolivier.com\/#website\",\"url\":\"https:\/\/parapharmolivier.com\/\",\"name\":\"parapharmolivier.com\",\"description\":\"L&#039;olivier toujours dans votre service\",\"publisher\":{\"@id\":\"https:\/\/parapharmolivier.com\/#organization\"},\"alternateName\":\"Parapharmacie L''Olivier\",\"potentialAction\":[{\"@type\":\"SearchAction\",\"target\":{\"@type\":\"EntryPoint\",\"urlTemplate\":\"https:\/\/parapharmolivier.com\/?s={search_term_string}\"},\"query-input\":\"required name=search_term_string\"}],\"inLanguage\":\"fr-FR\"},{\"@type\":\"Organization\",\"@id\":\"https:\/\/parapharmolivier.com\/#organization\",\"name\":\"Parapharmacie l'Olivier\",\"url\":\"https:\/\/parapharmolivier.com\/\",\"logo\":{\"@type\":\"ImageObject\",\"inLanguage\":\"fr-FR\",\"@id\":\"https:\/\/parapharmolivier.com\/#\/schema\/logo\/image\/\",\"url\":\"https:\/\/parapharmolivier.com\/wp-content\/uploads\/2024\/03\/Pharmacie-l-Olivier-Logo.png\",\"contentUrl\":\"https:\/\/parapharmolivier.com\/wp-content\/uploads\/2024\/03\/Pharmacie-l-Olivier-Logo.png\",\"width\":6300,\"height\":2752,\"caption\":\"Parapharmacie l'Olivier\"},\"image\":{\"@id\":\"https:\/\/parapharmolivier.com\/#\/schema\/logo\/image\/\"},\"sameAs\":[\"https:\/\/www.facebook.com\/profile.php?id=100042409962367&locale=fr_FR\",\"https:\/\/www.instagram.com\/pharmacie_l.olivier_said_hamdi\/\"]}]}<\/script>\n<!-- \/ Yoast SEO plugin. -->","yoast_head_json":{"title":"CLARILYS Soin d\u00e9pigmentant intense - parapharmolivier","robots":{"index":"index","follow":"follow","max-snippet":"max-snippet:-1","max-image-preview":"max-image-preview:large","max-video-preview":"max-video-preview:-1"},"canonical":"https:\/\/parapharmolivier.com\/index.php\/product\/clarilys-soin-depigmentant-intense\/","og_locale":"fr_FR","og_type":"article","og_title":"CLARILYS Soin d\u00e9pigmentant intense - parapharmolivier","og_description":"Clarilys, soin d\u00e9pigmentant intense","og_url":"https:\/\/parapharmolivier.com\/index.php\/product\/clarilys-soin-depigmentant-intense\/","og_site_name":"parapharmolivier","article_publisher":"https:\/\/www.facebook.com\/profile.php?id=100042409962367&locale=fr_FR","article_modified_time":"2026-03-30T16:53:28+00:00","og_image":[{"width":1080,"height":1920,"url":"https:\/\/parapharmolivier.com\/wp-content\/uploads\/2024\/06\/IMG_20240629_091623_381.webp","type":"image\/webp"}],"twitter_card":"summary_large_image","twitter_misc":{"Dur\u00e9e de lecture estim\u00e9e":"1 minute"},"schema":{"@context":"https:\/\/schema.org","@graph":[{"@type":"WebPage","@id":"https:\/\/parapharmolivier.com\/index.php\/product\/clarilys-soin-depigmentant-intense\/","url":"https:\/\/parapharmolivier.com\/index.php\/product\/clarilys-soin-depigmentant-intense\/","name":"CLARILYS Soin d\u00e9pigmentant intense - parapharmolivier","isPartOf":{"@id":"https:\/\/parapharmolivier.com\/#website"},"primaryImageOfPage":{"@id":"https:\/\/parapharmolivier.com\/index.php\/product\/clarilys-soin-depigmentant-intense\/#primaryimage"},"image":{"@id":"https:\/\/parapharmolivier.com\/index.php\/product\/clarilys-soin-depigmentant-intense\/#primaryimage"},"thumbnailUrl":"https:\/\/parapharmolivier.com\/wp-content\/uploads\/2024\/06\/IMG_20240629_091623_381.webp","datePublished":"2024-06-29T08:20:30+00:00","dateModified":"2026-03-30T16:53:28+00:00","breadcrumb":{"@id":"https:\/\/parapharmolivier.com\/index.php\/product\/clarilys-soin-depigmentant-intense\/#breadcrumb"},"inLanguage":"fr-FR","potentialAction":[{"@type":"ReadAction","target":["https:\/\/parapharmolivier.com\/index.php\/product\/clarilys-soin-depigmentant-intense\/"]}]},{"@type":"ImageObject","inLanguage":"fr-FR","@id":"https:\/\/parapharmolivier.com\/index.php\/product\/clarilys-soin-depigmentant-intense\/#primaryimage","url":"https:\/\/parapharmolivier.com\/wp-content\/uploads\/2024\/06\/IMG_20240629_091623_381.webp","contentUrl":"https:\/\/parapharmolivier.com\/wp-content\/uploads\/2024\/06\/IMG_20240629_091623_381.webp","width":1080,"height":1920},{"@type":"BreadcrumbList","@id":"https:\/\/parapharmolivier.com\/index.php\/product\/clarilys-soin-depigmentant-intense\/#breadcrumb","itemListElement":[{"@type":"ListItem","position":1,"name":"Accueil","item":"https:\/\/parapharmolivier.com\/"},{"@type":"ListItem","position":2,"name":"Shop","item":"https:\/\/parapharmolivier.com\/index.php\/shop\/"},{"@type":"ListItem","position":3,"name":"CLARILYS Soin d\u00e9pigmentant intense"}]},{"@type":"WebSite","@id":"https:\/\/parapharmolivier.com\/#website","url":"https:\/\/parapharmolivier.com\/","name":"parapharmolivier.com","description":"L&#039;olivier toujours dans votre service","publisher":{"@id":"https:\/\/parapharmolivier.com\/#organization"},"alternateName":"Parapharmacie L''Olivier","potentialAction":[{"@type":"SearchAction","target":{"@type":"EntryPoint","urlTemplate":"https:\/\/parapharmolivier.com\/?s={search_term_string}"},"query-input":"required name=search_term_string"}],"inLanguage":"fr-FR"},{"@type":"Organization","@id":"https:\/\/parapharmolivier.com\/#organization","name":"Parapharmacie l'Olivier","url":"https:\/\/parapharmolivier.com\/","logo":{"@type":"ImageObject","inLanguage":"fr-FR","@id":"https:\/\/parapharmolivier.com\/#\/schema\/logo\/image\/","url":"https:\/\/parapharmolivier.com\/wp-content\/uploads\/2024\/03\/Pharmacie-l-Olivier-Logo.png","contentUrl":"https:\/\/parapharmolivier.com\/wp-content\/uploads\/2024\/03\/Pharmacie-l-Olivier-Logo.png","width":6300,"height":2752,"caption":"Parapharmacie l'Olivier"},"image":{"@id":"https:\/\/parapharmolivier.com\/#\/schema\/logo\/image\/"},"sameAs":["https:\/\/www.facebook.com\/profile.php?id=100042409962367&locale=fr_FR","https:\/\/www.instagram.com\/pharmacie_l.olivier_said_hamdi\/"]}]}},"jetpack_sharing_enabled":true,"_links":{"self":[{"href":"https:\/\/parapharmolivier.com\/index.php\/wp-json\/wp\/v2\/product\/10270"}],"collection":[{"href":"https:\/\/parapharmolivier.com\/index.php\/wp-json\/wp\/v2\/product"}],"about":[{"href":"https:\/\/parapharmolivier.com\/index.php\/wp-json\/wp\/v2\/types\/product"}],"replies":[{"embeddable":true,"href":"https:\/\/parapharmolivier.com\/index.php\/wp-json\/wp\/v2\/comments?post=10270"}],"wp:featuredmedia":[{"embeddable":true,"href":"https:\/\/parapharmolivier.com\/index.php\/wp-json\/wp\/v2\/media\/10271"}],"wp:attachment":[{"href":"https:\/\/parapharmolivier.com\/index.php\/wp-json\/wp\/v2\/media?parent=10270"}],"wp:term":[{"taxonomy":"product_cat","embeddable":true,"href":"https:\/\/parapharmolivier.com\/index.php\/wp-json\/wp\/v2\/product_cat?post=10270"},{"taxonomy":"product_tag","embeddable":true,"href":"https:\/\/parapharmolivier.com\/index.php\/wp-json\/wp\/v2\/product_tag?post=10270"}],"curies":[{"name":"wp","href":"https:\/\/api.w.org\/{rel}","templated":true}]}}