{"id":10272,"date":"2024-06-29T10:44:12","date_gmt":"2024-06-29T08:44:12","guid":{"rendered":"https:\/\/parapharmolivier.com\/?post_type=product&#038;p=10272"},"modified":"2024-06-29T10:44:12","modified_gmt":"2024-06-29T08:44:12","slug":"xerolys-soin-emollient","status":"publish","type":"product","link":"https:\/\/parapharmolivier.com\/index.php\/product\/xerolys-soin-emollient\/","title":{"rendered":"XEROLYS Soin \u00e9mollient"},"content":{"rendered":"<p>XEROlYS 5, formul\u00e9 avec l&#8217;URODIUM, un ingr\u00e9dient actif brevet\u00e9 d\u00e9velopp\u00e9 par la recherche LYSASKIN, am\u00e9liore l&#8217;effet hydratant de l&#8217;ur\u00e9e (un facteur naturel d&#8217;hydratation de la peau) dos\u00e9e \u00e0 5%, et prolonge sa dur\u00e9e d&#8217;action.<\/p>\n<p>XEROlys 5 contient \u00e9galement des actifs :<br \/>\n&#8211; Hydratants: Chlorure de Sodium, Glyc\u00e9rine, Acide Lactique, etc.<br \/>\n&#8211; Re-lipidants : Beurre de Karit\u00e9, Huile de Jojoba, Cire d\u2019Abeille, Huile de Noyau d\u2019Abricot, etc., pour restaurer le film hydrolipidique et la fonction barri\u00e8re de la peau.<br \/>\n&#8211; Apaisants : Allantoine, etc.<\/p>\n<p>Cette \u00e9mulsion huile dans eau offre un grand confort d\u2019utilisation. Facile \u00e0 appliquer et l\u00e9g\u00e8rement parfum\u00e9e, elle est con\u00e7ue pour minimiser les risques d\u2019allergie gr\u00e2ce \u00e0 un parfum sans les 26 allerg\u00e8nes identifi\u00e9s par la Communaut\u00e9 Europ\u00e9enne, faisant de XEROlys 5 le produit id\u00e9al pour toute la famille (enfants, adultes).<\/p>\n<p>Indications : X\u00e9rose, agressions climatiques, vieillissement cutan\u00e9, puvath\u00e9rapie, prurit mod\u00e9r\u00e9, etc.<\/p>\n","protected":false},"excerpt":{"rendered":"<p>Xerolys 5, soin \u00e9mollient longue dur\u00e9e<\/p>\n","protected":false},"featured_media":10273,"comment_status":"open","ping_status":"closed","template":"","meta":[],"product_cat":[216,224,140,400],"product_tag":[],"yoast_head":"<!-- This site is optimized with the Yoast SEO plugin v22.4 - https:\/\/yoast.com\/wordpress\/plugins\/seo\/ -->\n<title>XEROLYS Soin \u00e9mollient - parapharmolivier<\/title>\n<meta name=\"robots\" content=\"index, follow, max-snippet:-1, max-image-preview:large, max-video-preview:-1\" \/>\n<link rel=\"canonical\" href=\"https:\/\/parapharmolivier.com\/index.php\/product\/xerolys-soin-emollient\/\" \/>\n<meta property=\"og:locale\" content=\"fr_FR\" \/>\n<meta property=\"og:type\" content=\"article\" \/>\n<meta property=\"og:title\" content=\"XEROLYS Soin \u00e9mollient - parapharmolivier\" \/>\n<meta property=\"og:description\" content=\"Xerolys 5, soin \u00e9mollient longue dur\u00e9e\" \/>\n<meta property=\"og:url\" content=\"https:\/\/parapharmolivier.com\/index.php\/product\/xerolys-soin-emollient\/\" \/>\n<meta property=\"og:site_name\" content=\"parapharmolivier\" \/>\n<meta property=\"article:publisher\" content=\"https:\/\/www.facebook.com\/profile.php?id=100042409962367&amp;locale=fr_FR\" \/>\n<meta property=\"og:image\" content=\"https:\/\/parapharmolivier.com\/wp-content\/uploads\/2024\/06\/IMG_20240629_093424_406.webp\" \/>\n\t<meta property=\"og:image:width\" content=\"1080\" \/>\n\t<meta property=\"og:image:height\" content=\"1920\" \/>\n\t<meta property=\"og:image:type\" content=\"image\/webp\" \/>\n<meta name=\"twitter:card\" content=\"summary_large_image\" \/>\n<meta name=\"twitter:label1\" content=\"Dur\u00e9e de lecture estim\u00e9e\" \/>\n\t<meta name=\"twitter:data1\" content=\"1 minute\" \/>\n<script type=\"application\/ld+json\" class=\"yoast-schema-graph\">{\"@context\":\"https:\/\/schema.org\",\"@graph\":[{\"@type\":\"WebPage\",\"@id\":\"https:\/\/parapharmolivier.com\/index.php\/product\/xerolys-soin-emollient\/\",\"url\":\"https:\/\/parapharmolivier.com\/index.php\/product\/xerolys-soin-emollient\/\",\"name\":\"XEROLYS Soin \u00e9mollient - parapharmolivier\",\"isPartOf\":{\"@id\":\"https:\/\/parapharmolivier.com\/#website\"},\"primaryImageOfPage\":{\"@id\":\"https:\/\/parapharmolivier.com\/index.php\/product\/xerolys-soin-emollient\/#primaryimage\"},\"image\":{\"@id\":\"https:\/\/parapharmolivier.com\/index.php\/product\/xerolys-soin-emollient\/#primaryimage\"},\"thumbnailUrl\":\"https:\/\/parapharmolivier.com\/wp-content\/uploads\/2024\/06\/IMG_20240629_093424_406.webp\",\"datePublished\":\"2024-06-29T08:44:12+00:00\",\"dateModified\":\"2024-06-29T08:44:12+00:00\",\"breadcrumb\":{\"@id\":\"https:\/\/parapharmolivier.com\/index.php\/product\/xerolys-soin-emollient\/#breadcrumb\"},\"inLanguage\":\"fr-FR\",\"potentialAction\":[{\"@type\":\"ReadAction\",\"target\":[\"https:\/\/parapharmolivier.com\/index.php\/product\/xerolys-soin-emollient\/\"]}]},{\"@type\":\"ImageObject\",\"inLanguage\":\"fr-FR\",\"@id\":\"https:\/\/parapharmolivier.com\/index.php\/product\/xerolys-soin-emollient\/#primaryimage\",\"url\":\"https:\/\/parapharmolivier.com\/wp-content\/uploads\/2024\/06\/IMG_20240629_093424_406.webp\",\"contentUrl\":\"https:\/\/parapharmolivier.com\/wp-content\/uploads\/2024\/06\/IMG_20240629_093424_406.webp\",\"width\":1080,\"height\":1920},{\"@type\":\"BreadcrumbList\",\"@id\":\"https:\/\/parapharmolivier.com\/index.php\/product\/xerolys-soin-emollient\/#breadcrumb\",\"itemListElement\":[{\"@type\":\"ListItem\",\"position\":1,\"name\":\"Accueil\",\"item\":\"https:\/\/parapharmolivier.com\/\"},{\"@type\":\"ListItem\",\"position\":2,\"name\":\"Shop\",\"item\":\"https:\/\/parapharmolivier.com\/index.php\/shop\/\"},{\"@type\":\"ListItem\",\"position\":3,\"name\":\"XEROLYS Soin \u00e9mollient\"}]},{\"@type\":\"WebSite\",\"@id\":\"https:\/\/parapharmolivier.com\/#website\",\"url\":\"https:\/\/parapharmolivier.com\/\",\"name\":\"parapharmolivier.com\",\"description\":\"L&#039;olivier toujours dans votre service\",\"publisher\":{\"@id\":\"https:\/\/parapharmolivier.com\/#organization\"},\"alternateName\":\"Parapharmacie L''Olivier\",\"potentialAction\":[{\"@type\":\"SearchAction\",\"target\":{\"@type\":\"EntryPoint\",\"urlTemplate\":\"https:\/\/parapharmolivier.com\/?s={search_term_string}\"},\"query-input\":\"required name=search_term_string\"}],\"inLanguage\":\"fr-FR\"},{\"@type\":\"Organization\",\"@id\":\"https:\/\/parapharmolivier.com\/#organization\",\"name\":\"Parapharmacie l'Olivier\",\"url\":\"https:\/\/parapharmolivier.com\/\",\"logo\":{\"@type\":\"ImageObject\",\"inLanguage\":\"fr-FR\",\"@id\":\"https:\/\/parapharmolivier.com\/#\/schema\/logo\/image\/\",\"url\":\"https:\/\/parapharmolivier.com\/wp-content\/uploads\/2024\/03\/Pharmacie-l-Olivier-Logo.png\",\"contentUrl\":\"https:\/\/parapharmolivier.com\/wp-content\/uploads\/2024\/03\/Pharmacie-l-Olivier-Logo.png\",\"width\":6300,\"height\":2752,\"caption\":\"Parapharmacie l'Olivier\"},\"image\":{\"@id\":\"https:\/\/parapharmolivier.com\/#\/schema\/logo\/image\/\"},\"sameAs\":[\"https:\/\/www.facebook.com\/profile.php?id=100042409962367&locale=fr_FR\",\"https:\/\/www.instagram.com\/pharmacie_l.olivier_said_hamdi\/\"]}]}<\/script>\n<!-- \/ Yoast SEO plugin. -->","yoast_head_json":{"title":"XEROLYS Soin \u00e9mollient - parapharmolivier","robots":{"index":"index","follow":"follow","max-snippet":"max-snippet:-1","max-image-preview":"max-image-preview:large","max-video-preview":"max-video-preview:-1"},"canonical":"https:\/\/parapharmolivier.com\/index.php\/product\/xerolys-soin-emollient\/","og_locale":"fr_FR","og_type":"article","og_title":"XEROLYS Soin \u00e9mollient - parapharmolivier","og_description":"Xerolys 5, soin \u00e9mollient longue dur\u00e9e","og_url":"https:\/\/parapharmolivier.com\/index.php\/product\/xerolys-soin-emollient\/","og_site_name":"parapharmolivier","article_publisher":"https:\/\/www.facebook.com\/profile.php?id=100042409962367&locale=fr_FR","og_image":[{"width":1080,"height":1920,"url":"https:\/\/parapharmolivier.com\/wp-content\/uploads\/2024\/06\/IMG_20240629_093424_406.webp","type":"image\/webp"}],"twitter_card":"summary_large_image","twitter_misc":{"Dur\u00e9e de lecture estim\u00e9e":"1 minute"},"schema":{"@context":"https:\/\/schema.org","@graph":[{"@type":"WebPage","@id":"https:\/\/parapharmolivier.com\/index.php\/product\/xerolys-soin-emollient\/","url":"https:\/\/parapharmolivier.com\/index.php\/product\/xerolys-soin-emollient\/","name":"XEROLYS Soin \u00e9mollient - parapharmolivier","isPartOf":{"@id":"https:\/\/parapharmolivier.com\/#website"},"primaryImageOfPage":{"@id":"https:\/\/parapharmolivier.com\/index.php\/product\/xerolys-soin-emollient\/#primaryimage"},"image":{"@id":"https:\/\/parapharmolivier.com\/index.php\/product\/xerolys-soin-emollient\/#primaryimage"},"thumbnailUrl":"https:\/\/parapharmolivier.com\/wp-content\/uploads\/2024\/06\/IMG_20240629_093424_406.webp","datePublished":"2024-06-29T08:44:12+00:00","dateModified":"2024-06-29T08:44:12+00:00","breadcrumb":{"@id":"https:\/\/parapharmolivier.com\/index.php\/product\/xerolys-soin-emollient\/#breadcrumb"},"inLanguage":"fr-FR","potentialAction":[{"@type":"ReadAction","target":["https:\/\/parapharmolivier.com\/index.php\/product\/xerolys-soin-emollient\/"]}]},{"@type":"ImageObject","inLanguage":"fr-FR","@id":"https:\/\/parapharmolivier.com\/index.php\/product\/xerolys-soin-emollient\/#primaryimage","url":"https:\/\/parapharmolivier.com\/wp-content\/uploads\/2024\/06\/IMG_20240629_093424_406.webp","contentUrl":"https:\/\/parapharmolivier.com\/wp-content\/uploads\/2024\/06\/IMG_20240629_093424_406.webp","width":1080,"height":1920},{"@type":"BreadcrumbList","@id":"https:\/\/parapharmolivier.com\/index.php\/product\/xerolys-soin-emollient\/#breadcrumb","itemListElement":[{"@type":"ListItem","position":1,"name":"Accueil","item":"https:\/\/parapharmolivier.com\/"},{"@type":"ListItem","position":2,"name":"Shop","item":"https:\/\/parapharmolivier.com\/index.php\/shop\/"},{"@type":"ListItem","position":3,"name":"XEROLYS Soin \u00e9mollient"}]},{"@type":"WebSite","@id":"https:\/\/parapharmolivier.com\/#website","url":"https:\/\/parapharmolivier.com\/","name":"parapharmolivier.com","description":"L&#039;olivier toujours dans votre service","publisher":{"@id":"https:\/\/parapharmolivier.com\/#organization"},"alternateName":"Parapharmacie L''Olivier","potentialAction":[{"@type":"SearchAction","target":{"@type":"EntryPoint","urlTemplate":"https:\/\/parapharmolivier.com\/?s={search_term_string}"},"query-input":"required name=search_term_string"}],"inLanguage":"fr-FR"},{"@type":"Organization","@id":"https:\/\/parapharmolivier.com\/#organization","name":"Parapharmacie l'Olivier","url":"https:\/\/parapharmolivier.com\/","logo":{"@type":"ImageObject","inLanguage":"fr-FR","@id":"https:\/\/parapharmolivier.com\/#\/schema\/logo\/image\/","url":"https:\/\/parapharmolivier.com\/wp-content\/uploads\/2024\/03\/Pharmacie-l-Olivier-Logo.png","contentUrl":"https:\/\/parapharmolivier.com\/wp-content\/uploads\/2024\/03\/Pharmacie-l-Olivier-Logo.png","width":6300,"height":2752,"caption":"Parapharmacie l'Olivier"},"image":{"@id":"https:\/\/parapharmolivier.com\/#\/schema\/logo\/image\/"},"sameAs":["https:\/\/www.facebook.com\/profile.php?id=100042409962367&locale=fr_FR","https:\/\/www.instagram.com\/pharmacie_l.olivier_said_hamdi\/"]}]}},"jetpack_sharing_enabled":true,"_links":{"self":[{"href":"https:\/\/parapharmolivier.com\/index.php\/wp-json\/wp\/v2\/product\/10272"}],"collection":[{"href":"https:\/\/parapharmolivier.com\/index.php\/wp-json\/wp\/v2\/product"}],"about":[{"href":"https:\/\/parapharmolivier.com\/index.php\/wp-json\/wp\/v2\/types\/product"}],"replies":[{"embeddable":true,"href":"https:\/\/parapharmolivier.com\/index.php\/wp-json\/wp\/v2\/comments?post=10272"}],"wp:featuredmedia":[{"embeddable":true,"href":"https:\/\/parapharmolivier.com\/index.php\/wp-json\/wp\/v2\/media\/10273"}],"wp:attachment":[{"href":"https:\/\/parapharmolivier.com\/index.php\/wp-json\/wp\/v2\/media?parent=10272"}],"wp:term":[{"taxonomy":"product_cat","embeddable":true,"href":"https:\/\/parapharmolivier.com\/index.php\/wp-json\/wp\/v2\/product_cat?post=10272"},{"taxonomy":"product_tag","embeddable":true,"href":"https:\/\/parapharmolivier.com\/index.php\/wp-json\/wp\/v2\/product_tag?post=10272"}],"curies":[{"name":"wp","href":"https:\/\/api.w.org\/{rel}","templated":true}]}}