{"id":10303,"date":"2024-06-30T00:57:39","date_gmt":"2024-06-29T22:57:39","guid":{"rendered":"https:\/\/parapharmolivier.com\/?post_type=product&#038;p=10303"},"modified":"2025-07-06T10:37:25","modified_gmt":"2025-07-06T08:37:25","slug":"a-derma-epitheliale-ah-ultra-spf50-100ml","status":"publish","type":"product","link":"https:\/\/parapharmolivier.com\/index.php\/product\/a-derma-epitheliale-ah-ultra-spf50-100ml\/","title":{"rendered":"A-Derma Epitheliale Ah Ultra Spf50 100ml"},"content":{"rendered":"<p>A-Derma Epitheliale AH Ultra SPF 50 100 ml est un soin destin\u00e9 aux peaux fragilis\u00e9es ou irrit\u00e9es, combinant une haute protection solaire et des propri\u00e9t\u00e9s r\u00e9paratrices et apaisantes.Ce produit convient \u00e0 tous les types de peau, en particulier les peaux sensibles et fragilis\u00e9es<\/p>\n<p>1.Protection Solaire \u00c9lev\u00e9e : Offre une protection SPF 50 contre les rayons UVA et UVB, prot\u00e9geant ainsi la peau des dommages caus\u00e9s par le soleil.<br \/>\n2.R\u00e9parateur et Apaisant : Contient de l&#8217;extrait de plantules d&#8217;avoine Rhealba\u00ae, connu pour ses propri\u00e9t\u00e9s apaisantes et r\u00e9paratrices. Il aide \u00e0 la r\u00e9g\u00e9n\u00e9ration et \u00e0 la r\u00e9paration de la peau endommag\u00e9e.<br \/>\n3.Hydratant : Fournit une hydratation durable pour maintenir la peau confortable et bien hydrat\u00e9e.<br \/>\n4.Non Com\u00e9dog\u00e8ne : Formul\u00e9 pour ne pas obstruer les pores, ce qui le rend adapt\u00e9 aux peaux \u00e0 tendance acn\u00e9ique.<br \/>\n5.Application Facile : Texture l\u00e9g\u00e8re et non grasse, facile \u00e0 appliquer sur le visage et le corps. Adapt\u00e9 \u00e0 une utilisation quotidienne, notamment pour les peaux sensibles ou r\u00e9actives.<br \/>\n6.Utilisation : Id\u00e9al apr\u00e8s des proc\u00e9dures dermatologiques ou sur des cicatrices, pour prot\u00e9ger et apaiser la peau tout en favorisant sa gu\u00e9rison.<\/p>\n","protected":false},"excerpt":{"rendered":"<p>A-Derma Epitheliale Ah Ultra Spf50 100ml<\/p>\n","protected":false},"featured_media":10304,"comment_status":"open","ping_status":"closed","template":"","meta":[],"product_cat":[226,228,214,64,266,63],"product_tag":[],"yoast_head":"<!-- This site is optimized with the Yoast SEO plugin v22.4 - https:\/\/yoast.com\/wordpress\/plugins\/seo\/ -->\n<title>A-Derma Epitheliale Ah Ultra Spf50 100ml - parapharmolivier<\/title>\n<meta name=\"robots\" content=\"index, follow, max-snippet:-1, max-image-preview:large, max-video-preview:-1\" \/>\n<link rel=\"canonical\" href=\"https:\/\/parapharmolivier.com\/index.php\/product\/a-derma-epitheliale-ah-ultra-spf50-100ml\/\" \/>\n<meta property=\"og:locale\" content=\"fr_FR\" \/>\n<meta property=\"og:type\" content=\"article\" \/>\n<meta property=\"og:title\" content=\"A-Derma Epitheliale Ah Ultra Spf50 100ml - parapharmolivier\" \/>\n<meta property=\"og:description\" content=\"A-Derma Epitheliale Ah Ultra Spf50 100ml\" \/>\n<meta property=\"og:url\" content=\"https:\/\/parapharmolivier.com\/index.php\/product\/a-derma-epitheliale-ah-ultra-spf50-100ml\/\" \/>\n<meta property=\"og:site_name\" content=\"parapharmolivier\" \/>\n<meta property=\"article:publisher\" content=\"https:\/\/www.facebook.com\/profile.php?id=100042409962367&amp;locale=fr_FR\" \/>\n<meta property=\"article:modified_time\" content=\"2025-07-06T08:37:25+00:00\" \/>\n<meta property=\"og:image\" content=\"https:\/\/parapharmolivier.com\/wp-content\/uploads\/2024\/06\/1-36.jpg\" \/>\n\t<meta property=\"og:image:width\" content=\"374\" \/>\n\t<meta property=\"og:image:height\" content=\"524\" \/>\n\t<meta property=\"og:image:type\" content=\"image\/jpeg\" \/>\n<meta name=\"twitter:card\" content=\"summary_large_image\" \/>\n<meta name=\"twitter:label1\" content=\"Dur\u00e9e de lecture estim\u00e9e\" \/>\n\t<meta name=\"twitter:data1\" content=\"2 minutes\" \/>\n<script type=\"application\/ld+json\" class=\"yoast-schema-graph\">{\"@context\":\"https:\/\/schema.org\",\"@graph\":[{\"@type\":\"WebPage\",\"@id\":\"https:\/\/parapharmolivier.com\/index.php\/product\/a-derma-epitheliale-ah-ultra-spf50-100ml\/\",\"url\":\"https:\/\/parapharmolivier.com\/index.php\/product\/a-derma-epitheliale-ah-ultra-spf50-100ml\/\",\"name\":\"A-Derma Epitheliale Ah Ultra Spf50 100ml - parapharmolivier\",\"isPartOf\":{\"@id\":\"https:\/\/parapharmolivier.com\/#website\"},\"primaryImageOfPage\":{\"@id\":\"https:\/\/parapharmolivier.com\/index.php\/product\/a-derma-epitheliale-ah-ultra-spf50-100ml\/#primaryimage\"},\"image\":{\"@id\":\"https:\/\/parapharmolivier.com\/index.php\/product\/a-derma-epitheliale-ah-ultra-spf50-100ml\/#primaryimage\"},\"thumbnailUrl\":\"https:\/\/parapharmolivier.com\/wp-content\/uploads\/2024\/06\/1-36.jpg\",\"datePublished\":\"2024-06-29T22:57:39+00:00\",\"dateModified\":\"2025-07-06T08:37:25+00:00\",\"breadcrumb\":{\"@id\":\"https:\/\/parapharmolivier.com\/index.php\/product\/a-derma-epitheliale-ah-ultra-spf50-100ml\/#breadcrumb\"},\"inLanguage\":\"fr-FR\",\"potentialAction\":[{\"@type\":\"ReadAction\",\"target\":[\"https:\/\/parapharmolivier.com\/index.php\/product\/a-derma-epitheliale-ah-ultra-spf50-100ml\/\"]}]},{\"@type\":\"ImageObject\",\"inLanguage\":\"fr-FR\",\"@id\":\"https:\/\/parapharmolivier.com\/index.php\/product\/a-derma-epitheliale-ah-ultra-spf50-100ml\/#primaryimage\",\"url\":\"https:\/\/parapharmolivier.com\/wp-content\/uploads\/2024\/06\/1-36.jpg\",\"contentUrl\":\"https:\/\/parapharmolivier.com\/wp-content\/uploads\/2024\/06\/1-36.jpg\",\"width\":374,\"height\":524},{\"@type\":\"BreadcrumbList\",\"@id\":\"https:\/\/parapharmolivier.com\/index.php\/product\/a-derma-epitheliale-ah-ultra-spf50-100ml\/#breadcrumb\",\"itemListElement\":[{\"@type\":\"ListItem\",\"position\":1,\"name\":\"Accueil\",\"item\":\"https:\/\/parapharmolivier.com\/\"},{\"@type\":\"ListItem\",\"position\":2,\"name\":\"Shop\",\"item\":\"https:\/\/parapharmolivier.com\/index.php\/shop\/\"},{\"@type\":\"ListItem\",\"position\":3,\"name\":\"A-Derma Epitheliale Ah Ultra Spf50 100ml\"}]},{\"@type\":\"WebSite\",\"@id\":\"https:\/\/parapharmolivier.com\/#website\",\"url\":\"https:\/\/parapharmolivier.com\/\",\"name\":\"parapharmolivier.com\",\"description\":\"L&#039;olivier toujours dans votre service\",\"publisher\":{\"@id\":\"https:\/\/parapharmolivier.com\/#organization\"},\"alternateName\":\"Parapharmacie L''Olivier\",\"potentialAction\":[{\"@type\":\"SearchAction\",\"target\":{\"@type\":\"EntryPoint\",\"urlTemplate\":\"https:\/\/parapharmolivier.com\/?s={search_term_string}\"},\"query-input\":\"required name=search_term_string\"}],\"inLanguage\":\"fr-FR\"},{\"@type\":\"Organization\",\"@id\":\"https:\/\/parapharmolivier.com\/#organization\",\"name\":\"Parapharmacie l'Olivier\",\"url\":\"https:\/\/parapharmolivier.com\/\",\"logo\":{\"@type\":\"ImageObject\",\"inLanguage\":\"fr-FR\",\"@id\":\"https:\/\/parapharmolivier.com\/#\/schema\/logo\/image\/\",\"url\":\"https:\/\/parapharmolivier.com\/wp-content\/uploads\/2024\/03\/Pharmacie-l-Olivier-Logo.png\",\"contentUrl\":\"https:\/\/parapharmolivier.com\/wp-content\/uploads\/2024\/03\/Pharmacie-l-Olivier-Logo.png\",\"width\":6300,\"height\":2752,\"caption\":\"Parapharmacie l'Olivier\"},\"image\":{\"@id\":\"https:\/\/parapharmolivier.com\/#\/schema\/logo\/image\/\"},\"sameAs\":[\"https:\/\/www.facebook.com\/profile.php?id=100042409962367&locale=fr_FR\",\"https:\/\/www.instagram.com\/pharmacie_l.olivier_said_hamdi\/\"]}]}<\/script>\n<!-- \/ Yoast SEO plugin. -->","yoast_head_json":{"title":"A-Derma Epitheliale Ah Ultra Spf50 100ml - parapharmolivier","robots":{"index":"index","follow":"follow","max-snippet":"max-snippet:-1","max-image-preview":"max-image-preview:large","max-video-preview":"max-video-preview:-1"},"canonical":"https:\/\/parapharmolivier.com\/index.php\/product\/a-derma-epitheliale-ah-ultra-spf50-100ml\/","og_locale":"fr_FR","og_type":"article","og_title":"A-Derma Epitheliale Ah Ultra Spf50 100ml - parapharmolivier","og_description":"A-Derma Epitheliale Ah Ultra Spf50 100ml","og_url":"https:\/\/parapharmolivier.com\/index.php\/product\/a-derma-epitheliale-ah-ultra-spf50-100ml\/","og_site_name":"parapharmolivier","article_publisher":"https:\/\/www.facebook.com\/profile.php?id=100042409962367&locale=fr_FR","article_modified_time":"2025-07-06T08:37:25+00:00","og_image":[{"width":374,"height":524,"url":"https:\/\/parapharmolivier.com\/wp-content\/uploads\/2024\/06\/1-36.jpg","type":"image\/jpeg"}],"twitter_card":"summary_large_image","twitter_misc":{"Dur\u00e9e de lecture estim\u00e9e":"2 minutes"},"schema":{"@context":"https:\/\/schema.org","@graph":[{"@type":"WebPage","@id":"https:\/\/parapharmolivier.com\/index.php\/product\/a-derma-epitheliale-ah-ultra-spf50-100ml\/","url":"https:\/\/parapharmolivier.com\/index.php\/product\/a-derma-epitheliale-ah-ultra-spf50-100ml\/","name":"A-Derma Epitheliale Ah Ultra Spf50 100ml - parapharmolivier","isPartOf":{"@id":"https:\/\/parapharmolivier.com\/#website"},"primaryImageOfPage":{"@id":"https:\/\/parapharmolivier.com\/index.php\/product\/a-derma-epitheliale-ah-ultra-spf50-100ml\/#primaryimage"},"image":{"@id":"https:\/\/parapharmolivier.com\/index.php\/product\/a-derma-epitheliale-ah-ultra-spf50-100ml\/#primaryimage"},"thumbnailUrl":"https:\/\/parapharmolivier.com\/wp-content\/uploads\/2024\/06\/1-36.jpg","datePublished":"2024-06-29T22:57:39+00:00","dateModified":"2025-07-06T08:37:25+00:00","breadcrumb":{"@id":"https:\/\/parapharmolivier.com\/index.php\/product\/a-derma-epitheliale-ah-ultra-spf50-100ml\/#breadcrumb"},"inLanguage":"fr-FR","potentialAction":[{"@type":"ReadAction","target":["https:\/\/parapharmolivier.com\/index.php\/product\/a-derma-epitheliale-ah-ultra-spf50-100ml\/"]}]},{"@type":"ImageObject","inLanguage":"fr-FR","@id":"https:\/\/parapharmolivier.com\/index.php\/product\/a-derma-epitheliale-ah-ultra-spf50-100ml\/#primaryimage","url":"https:\/\/parapharmolivier.com\/wp-content\/uploads\/2024\/06\/1-36.jpg","contentUrl":"https:\/\/parapharmolivier.com\/wp-content\/uploads\/2024\/06\/1-36.jpg","width":374,"height":524},{"@type":"BreadcrumbList","@id":"https:\/\/parapharmolivier.com\/index.php\/product\/a-derma-epitheliale-ah-ultra-spf50-100ml\/#breadcrumb","itemListElement":[{"@type":"ListItem","position":1,"name":"Accueil","item":"https:\/\/parapharmolivier.com\/"},{"@type":"ListItem","position":2,"name":"Shop","item":"https:\/\/parapharmolivier.com\/index.php\/shop\/"},{"@type":"ListItem","position":3,"name":"A-Derma Epitheliale Ah Ultra Spf50 100ml"}]},{"@type":"WebSite","@id":"https:\/\/parapharmolivier.com\/#website","url":"https:\/\/parapharmolivier.com\/","name":"parapharmolivier.com","description":"L&#039;olivier toujours dans votre service","publisher":{"@id":"https:\/\/parapharmolivier.com\/#organization"},"alternateName":"Parapharmacie L''Olivier","potentialAction":[{"@type":"SearchAction","target":{"@type":"EntryPoint","urlTemplate":"https:\/\/parapharmolivier.com\/?s={search_term_string}"},"query-input":"required name=search_term_string"}],"inLanguage":"fr-FR"},{"@type":"Organization","@id":"https:\/\/parapharmolivier.com\/#organization","name":"Parapharmacie l'Olivier","url":"https:\/\/parapharmolivier.com\/","logo":{"@type":"ImageObject","inLanguage":"fr-FR","@id":"https:\/\/parapharmolivier.com\/#\/schema\/logo\/image\/","url":"https:\/\/parapharmolivier.com\/wp-content\/uploads\/2024\/03\/Pharmacie-l-Olivier-Logo.png","contentUrl":"https:\/\/parapharmolivier.com\/wp-content\/uploads\/2024\/03\/Pharmacie-l-Olivier-Logo.png","width":6300,"height":2752,"caption":"Parapharmacie l'Olivier"},"image":{"@id":"https:\/\/parapharmolivier.com\/#\/schema\/logo\/image\/"},"sameAs":["https:\/\/www.facebook.com\/profile.php?id=100042409962367&locale=fr_FR","https:\/\/www.instagram.com\/pharmacie_l.olivier_said_hamdi\/"]}]}},"jetpack_sharing_enabled":true,"_links":{"self":[{"href":"https:\/\/parapharmolivier.com\/index.php\/wp-json\/wp\/v2\/product\/10303"}],"collection":[{"href":"https:\/\/parapharmolivier.com\/index.php\/wp-json\/wp\/v2\/product"}],"about":[{"href":"https:\/\/parapharmolivier.com\/index.php\/wp-json\/wp\/v2\/types\/product"}],"replies":[{"embeddable":true,"href":"https:\/\/parapharmolivier.com\/index.php\/wp-json\/wp\/v2\/comments?post=10303"}],"wp:featuredmedia":[{"embeddable":true,"href":"https:\/\/parapharmolivier.com\/index.php\/wp-json\/wp\/v2\/media\/10304"}],"wp:attachment":[{"href":"https:\/\/parapharmolivier.com\/index.php\/wp-json\/wp\/v2\/media?parent=10303"}],"wp:term":[{"taxonomy":"product_cat","embeddable":true,"href":"https:\/\/parapharmolivier.com\/index.php\/wp-json\/wp\/v2\/product_cat?post=10303"},{"taxonomy":"product_tag","embeddable":true,"href":"https:\/\/parapharmolivier.com\/index.php\/wp-json\/wp\/v2\/product_tag?post=10303"}],"curies":[{"name":"wp","href":"https:\/\/api.w.org\/{rel}","templated":true}]}}