{"id":11621,"date":"2024-11-29T00:16:26","date_gmt":"2024-11-28T23:16:26","guid":{"rendered":"https:\/\/parapharmolivier.com\/?post_type=product&#038;p=11621"},"modified":"2024-11-29T00:16:27","modified_gmt":"2024-11-28T23:16:27","slug":"touche-shampooing-fortifiant-anti-chute","status":"publish","type":"product","link":"https:\/\/parapharmolivier.com\/index.php\/product\/touche-shampooing-fortifiant-anti-chute\/","title":{"rendered":"Touch\u00e9 Shampooing Fortifiant\u00a0 Anti-Chute\u00a0"},"content":{"rendered":"<p><strong>Touch\u00e9 Shampooing Fortifiant Anti-Chute est un shampooing sp\u00e9cialement con\u00e7u pour renforcer les cheveux fragilis\u00e9s et lutter contre la chute capillaire. Sa formule enrichie en actifs fortifiants et stimulants favorise la sant\u00e9 du cuir chevelu, stimule la microcirculation et renforce les follicules pileux. Il nettoie en douceur tout en apportant volume, vitalit\u00e9 et brillance aux cheveux, r\u00e9duisant visiblement la casse et la chute. Id\u00e9al pour des cheveux plus forts et plus r\u00e9sistants au quotidien.<\/strong><\/p>\n","protected":false},"excerpt":{"rendered":"<p>Touch\u00e9 Shampooing Fortifiant\u00a0 Anti-Chute<\/p>\n","protected":false},"featured_media":11622,"comment_status":"open","ping_status":"closed","template":"","meta":[],"product_cat":[120,228,214,41,129,578],"product_tag":[],"yoast_head":"<!-- This site is optimized with the Yoast SEO plugin v22.4 - https:\/\/yoast.com\/wordpress\/plugins\/seo\/ -->\n<title>Touch\u00e9 Shampooing Fortifiant\u00a0 Anti-Chute\u00a0 - parapharmolivier<\/title>\n<meta name=\"robots\" content=\"index, follow, max-snippet:-1, max-image-preview:large, max-video-preview:-1\" \/>\n<link rel=\"canonical\" href=\"https:\/\/parapharmolivier.com\/index.php\/product\/touche-shampooing-fortifiant-anti-chute\/\" \/>\n<meta property=\"og:locale\" content=\"fr_FR\" \/>\n<meta property=\"og:type\" content=\"article\" \/>\n<meta property=\"og:title\" content=\"Touch\u00e9 Shampooing Fortifiant\u00a0 Anti-Chute\u00a0 - parapharmolivier\" \/>\n<meta property=\"og:description\" content=\"Touch\u00e9 Shampooing Fortifiant\u00a0 Anti-Chute\" \/>\n<meta property=\"og:url\" content=\"https:\/\/parapharmolivier.com\/index.php\/product\/touche-shampooing-fortifiant-anti-chute\/\" \/>\n<meta property=\"og:site_name\" content=\"parapharmolivier\" \/>\n<meta property=\"article:publisher\" content=\"https:\/\/www.facebook.com\/profile.php?id=100042409962367&amp;locale=fr_FR\" \/>\n<meta property=\"article:modified_time\" content=\"2024-11-28T23:16:27+00:00\" \/>\n<meta property=\"og:image\" content=\"https:\/\/parapharmolivier.com\/wp-content\/uploads\/2024\/11\/Untitled-design-7-2.png\" \/>\n\t<meta property=\"og:image:width\" content=\"500\" \/>\n\t<meta property=\"og:image:height\" content=\"500\" \/>\n\t<meta property=\"og:image:type\" content=\"image\/png\" \/>\n<meta name=\"twitter:card\" content=\"summary_large_image\" \/>\n<meta name=\"twitter:label1\" content=\"Dur\u00e9e de lecture estim\u00e9e\" \/>\n\t<meta name=\"twitter:data1\" content=\"1 minute\" \/>\n<script type=\"application\/ld+json\" class=\"yoast-schema-graph\">{\"@context\":\"https:\/\/schema.org\",\"@graph\":[{\"@type\":\"WebPage\",\"@id\":\"https:\/\/parapharmolivier.com\/index.php\/product\/touche-shampooing-fortifiant-anti-chute\/\",\"url\":\"https:\/\/parapharmolivier.com\/index.php\/product\/touche-shampooing-fortifiant-anti-chute\/\",\"name\":\"Touch\u00e9 Shampooing Fortifiant\u00a0 Anti-Chute\u00a0 - parapharmolivier\",\"isPartOf\":{\"@id\":\"https:\/\/parapharmolivier.com\/#website\"},\"primaryImageOfPage\":{\"@id\":\"https:\/\/parapharmolivier.com\/index.php\/product\/touche-shampooing-fortifiant-anti-chute\/#primaryimage\"},\"image\":{\"@id\":\"https:\/\/parapharmolivier.com\/index.php\/product\/touche-shampooing-fortifiant-anti-chute\/#primaryimage\"},\"thumbnailUrl\":\"https:\/\/parapharmolivier.com\/wp-content\/uploads\/2024\/11\/Untitled-design-7-2.png\",\"datePublished\":\"2024-11-28T23:16:26+00:00\",\"dateModified\":\"2024-11-28T23:16:27+00:00\",\"breadcrumb\":{\"@id\":\"https:\/\/parapharmolivier.com\/index.php\/product\/touche-shampooing-fortifiant-anti-chute\/#breadcrumb\"},\"inLanguage\":\"fr-FR\",\"potentialAction\":[{\"@type\":\"ReadAction\",\"target\":[\"https:\/\/parapharmolivier.com\/index.php\/product\/touche-shampooing-fortifiant-anti-chute\/\"]}]},{\"@type\":\"ImageObject\",\"inLanguage\":\"fr-FR\",\"@id\":\"https:\/\/parapharmolivier.com\/index.php\/product\/touche-shampooing-fortifiant-anti-chute\/#primaryimage\",\"url\":\"https:\/\/parapharmolivier.com\/wp-content\/uploads\/2024\/11\/Untitled-design-7-2.png\",\"contentUrl\":\"https:\/\/parapharmolivier.com\/wp-content\/uploads\/2024\/11\/Untitled-design-7-2.png\",\"width\":500,\"height\":500},{\"@type\":\"BreadcrumbList\",\"@id\":\"https:\/\/parapharmolivier.com\/index.php\/product\/touche-shampooing-fortifiant-anti-chute\/#breadcrumb\",\"itemListElement\":[{\"@type\":\"ListItem\",\"position\":1,\"name\":\"Accueil\",\"item\":\"https:\/\/parapharmolivier.com\/\"},{\"@type\":\"ListItem\",\"position\":2,\"name\":\"Shop\",\"item\":\"https:\/\/parapharmolivier.com\/index.php\/shop\/\"},{\"@type\":\"ListItem\",\"position\":3,\"name\":\"Touch\u00e9 Shampooing Fortifiant\u00a0 Anti-Chute\u00a0\"}]},{\"@type\":\"WebSite\",\"@id\":\"https:\/\/parapharmolivier.com\/#website\",\"url\":\"https:\/\/parapharmolivier.com\/\",\"name\":\"parapharmolivier.com\",\"description\":\"L&#039;olivier toujours dans votre service\",\"publisher\":{\"@id\":\"https:\/\/parapharmolivier.com\/#organization\"},\"alternateName\":\"Parapharmacie L''Olivier\",\"potentialAction\":[{\"@type\":\"SearchAction\",\"target\":{\"@type\":\"EntryPoint\",\"urlTemplate\":\"https:\/\/parapharmolivier.com\/?s={search_term_string}\"},\"query-input\":\"required name=search_term_string\"}],\"inLanguage\":\"fr-FR\"},{\"@type\":\"Organization\",\"@id\":\"https:\/\/parapharmolivier.com\/#organization\",\"name\":\"Parapharmacie l'Olivier\",\"url\":\"https:\/\/parapharmolivier.com\/\",\"logo\":{\"@type\":\"ImageObject\",\"inLanguage\":\"fr-FR\",\"@id\":\"https:\/\/parapharmolivier.com\/#\/schema\/logo\/image\/\",\"url\":\"https:\/\/parapharmolivier.com\/wp-content\/uploads\/2024\/03\/Pharmacie-l-Olivier-Logo.png\",\"contentUrl\":\"https:\/\/parapharmolivier.com\/wp-content\/uploads\/2024\/03\/Pharmacie-l-Olivier-Logo.png\",\"width\":6300,\"height\":2752,\"caption\":\"Parapharmacie l'Olivier\"},\"image\":{\"@id\":\"https:\/\/parapharmolivier.com\/#\/schema\/logo\/image\/\"},\"sameAs\":[\"https:\/\/www.facebook.com\/profile.php?id=100042409962367&locale=fr_FR\",\"https:\/\/www.instagram.com\/pharmacie_l.olivier_said_hamdi\/\"]}]}<\/script>\n<!-- \/ Yoast SEO plugin. -->","yoast_head_json":{"title":"Touch\u00e9 Shampooing Fortifiant\u00a0 Anti-Chute\u00a0 - parapharmolivier","robots":{"index":"index","follow":"follow","max-snippet":"max-snippet:-1","max-image-preview":"max-image-preview:large","max-video-preview":"max-video-preview:-1"},"canonical":"https:\/\/parapharmolivier.com\/index.php\/product\/touche-shampooing-fortifiant-anti-chute\/","og_locale":"fr_FR","og_type":"article","og_title":"Touch\u00e9 Shampooing Fortifiant\u00a0 Anti-Chute\u00a0 - parapharmolivier","og_description":"Touch\u00e9 Shampooing Fortifiant\u00a0 Anti-Chute","og_url":"https:\/\/parapharmolivier.com\/index.php\/product\/touche-shampooing-fortifiant-anti-chute\/","og_site_name":"parapharmolivier","article_publisher":"https:\/\/www.facebook.com\/profile.php?id=100042409962367&locale=fr_FR","article_modified_time":"2024-11-28T23:16:27+00:00","og_image":[{"width":500,"height":500,"url":"https:\/\/parapharmolivier.com\/wp-content\/uploads\/2024\/11\/Untitled-design-7-2.png","type":"image\/png"}],"twitter_card":"summary_large_image","twitter_misc":{"Dur\u00e9e de lecture estim\u00e9e":"1 minute"},"schema":{"@context":"https:\/\/schema.org","@graph":[{"@type":"WebPage","@id":"https:\/\/parapharmolivier.com\/index.php\/product\/touche-shampooing-fortifiant-anti-chute\/","url":"https:\/\/parapharmolivier.com\/index.php\/product\/touche-shampooing-fortifiant-anti-chute\/","name":"Touch\u00e9 Shampooing Fortifiant\u00a0 Anti-Chute\u00a0 - parapharmolivier","isPartOf":{"@id":"https:\/\/parapharmolivier.com\/#website"},"primaryImageOfPage":{"@id":"https:\/\/parapharmolivier.com\/index.php\/product\/touche-shampooing-fortifiant-anti-chute\/#primaryimage"},"image":{"@id":"https:\/\/parapharmolivier.com\/index.php\/product\/touche-shampooing-fortifiant-anti-chute\/#primaryimage"},"thumbnailUrl":"https:\/\/parapharmolivier.com\/wp-content\/uploads\/2024\/11\/Untitled-design-7-2.png","datePublished":"2024-11-28T23:16:26+00:00","dateModified":"2024-11-28T23:16:27+00:00","breadcrumb":{"@id":"https:\/\/parapharmolivier.com\/index.php\/product\/touche-shampooing-fortifiant-anti-chute\/#breadcrumb"},"inLanguage":"fr-FR","potentialAction":[{"@type":"ReadAction","target":["https:\/\/parapharmolivier.com\/index.php\/product\/touche-shampooing-fortifiant-anti-chute\/"]}]},{"@type":"ImageObject","inLanguage":"fr-FR","@id":"https:\/\/parapharmolivier.com\/index.php\/product\/touche-shampooing-fortifiant-anti-chute\/#primaryimage","url":"https:\/\/parapharmolivier.com\/wp-content\/uploads\/2024\/11\/Untitled-design-7-2.png","contentUrl":"https:\/\/parapharmolivier.com\/wp-content\/uploads\/2024\/11\/Untitled-design-7-2.png","width":500,"height":500},{"@type":"BreadcrumbList","@id":"https:\/\/parapharmolivier.com\/index.php\/product\/touche-shampooing-fortifiant-anti-chute\/#breadcrumb","itemListElement":[{"@type":"ListItem","position":1,"name":"Accueil","item":"https:\/\/parapharmolivier.com\/"},{"@type":"ListItem","position":2,"name":"Shop","item":"https:\/\/parapharmolivier.com\/index.php\/shop\/"},{"@type":"ListItem","position":3,"name":"Touch\u00e9 Shampooing Fortifiant\u00a0 Anti-Chute\u00a0"}]},{"@type":"WebSite","@id":"https:\/\/parapharmolivier.com\/#website","url":"https:\/\/parapharmolivier.com\/","name":"parapharmolivier.com","description":"L&#039;olivier toujours dans votre service","publisher":{"@id":"https:\/\/parapharmolivier.com\/#organization"},"alternateName":"Parapharmacie L''Olivier","potentialAction":[{"@type":"SearchAction","target":{"@type":"EntryPoint","urlTemplate":"https:\/\/parapharmolivier.com\/?s={search_term_string}"},"query-input":"required name=search_term_string"}],"inLanguage":"fr-FR"},{"@type":"Organization","@id":"https:\/\/parapharmolivier.com\/#organization","name":"Parapharmacie l'Olivier","url":"https:\/\/parapharmolivier.com\/","logo":{"@type":"ImageObject","inLanguage":"fr-FR","@id":"https:\/\/parapharmolivier.com\/#\/schema\/logo\/image\/","url":"https:\/\/parapharmolivier.com\/wp-content\/uploads\/2024\/03\/Pharmacie-l-Olivier-Logo.png","contentUrl":"https:\/\/parapharmolivier.com\/wp-content\/uploads\/2024\/03\/Pharmacie-l-Olivier-Logo.png","width":6300,"height":2752,"caption":"Parapharmacie l'Olivier"},"image":{"@id":"https:\/\/parapharmolivier.com\/#\/schema\/logo\/image\/"},"sameAs":["https:\/\/www.facebook.com\/profile.php?id=100042409962367&locale=fr_FR","https:\/\/www.instagram.com\/pharmacie_l.olivier_said_hamdi\/"]}]}},"jetpack_sharing_enabled":true,"_links":{"self":[{"href":"https:\/\/parapharmolivier.com\/index.php\/wp-json\/wp\/v2\/product\/11621"}],"collection":[{"href":"https:\/\/parapharmolivier.com\/index.php\/wp-json\/wp\/v2\/product"}],"about":[{"href":"https:\/\/parapharmolivier.com\/index.php\/wp-json\/wp\/v2\/types\/product"}],"replies":[{"embeddable":true,"href":"https:\/\/parapharmolivier.com\/index.php\/wp-json\/wp\/v2\/comments?post=11621"}],"wp:featuredmedia":[{"embeddable":true,"href":"https:\/\/parapharmolivier.com\/index.php\/wp-json\/wp\/v2\/media\/11622"}],"wp:attachment":[{"href":"https:\/\/parapharmolivier.com\/index.php\/wp-json\/wp\/v2\/media?parent=11621"}],"wp:term":[{"taxonomy":"product_cat","embeddable":true,"href":"https:\/\/parapharmolivier.com\/index.php\/wp-json\/wp\/v2\/product_cat?post=11621"},{"taxonomy":"product_tag","embeddable":true,"href":"https:\/\/parapharmolivier.com\/index.php\/wp-json\/wp\/v2\/product_tag?post=11621"}],"curies":[{"name":"wp","href":"https:\/\/api.w.org\/{rel}","templated":true}]}}