{"id":12563,"date":"2025-12-05T21:45:18","date_gmt":"2025-12-05T20:45:18","guid":{"rendered":"https:\/\/parapharmolivier.com\/?post_type=product&#038;p=12563"},"modified":"2025-12-05T21:45:18","modified_gmt":"2025-12-05T20:45:18","slug":"eqqual-berry-vitamin-illuminating","status":"publish","type":"product","link":"https:\/\/parapharmolivier.com\/index.php\/product\/eqqual-berry-vitamin-illuminating\/","title":{"rendered":"Eqqual Berry Vitamin Illuminating\u00a0"},"content":{"rendered":"<p data-start=\"91\" data-end=\"452\"><strong>Eqqual Berry Vitamin Illuminating est un soin con\u00e7u pour offrir \u00e0 la peau un v\u00e9ritable boost d\u2019\u00e9clat gr\u00e2ce \u00e0 l\u2019association puissante des vitamines et des extraits de baies antioxydantes. Sa formule travaille en profondeur pour r\u00e9veiller un teint terne, uniformiser la peau et lui redonner toute sa vitalit\u00e9.<\/strong><\/p>\n<p data-start=\"454\" data-end=\"770\"><strong>Riche en vitamines essentielles, ce soin aide \u00e0 renforcer la barri\u00e8re cutan\u00e9e, am\u00e9liorer la texture de la peau et raviver la luminosit\u00e9 naturelle. Les baies, reconnues pour leur haute teneur en antioxydants, prot\u00e8gent la peau du stress oxydatif, des agressions quotidiennes et des premiers signes de fatigue.<\/strong><\/p>\n<p data-start=\"772\" data-end=\"1040\"><strong>Sa texture fluide et l\u00e9g\u00e8re p\u00e9n\u00e8tre rapidement, laissant une sensation de fra\u00eecheur imm\u00e9diate et un fini lumineux sans effet gras. Utilis\u00e9 quotidiennement, il contribue \u00e0 am\u00e9liorer l\u2019homog\u00e9n\u00e9it\u00e9 du teint, att\u00e9nuer les irr\u00e9gularit\u00e9s et apporter un glow sain et naturel.<\/strong><\/p>\n<p data-start=\"1042\" data-end=\"1167\"><strong>R\u00e9sultat : une peau plus \u00e9clatante, plus douce, visiblement uniformis\u00e9e et pleine de vitalit\u00e9 jour apr\u00e8s jour.<\/strong><\/p>\n","protected":false},"excerpt":{"rendered":"<p>Eqqual Berry Vitamin Illuminating<\/p>\n","protected":false},"featured_media":12564,"comment_status":"open","ping_status":"closed","template":"","meta":[],"product_cat":[257,251,100,214,648,63],"product_tag":[],"yoast_head":"<!-- This site is optimized with the Yoast SEO plugin v22.4 - https:\/\/yoast.com\/wordpress\/plugins\/seo\/ -->\n<title>Eqqual Berry Vitamin Illuminating\u00a0 - parapharmolivier<\/title>\n<meta name=\"robots\" content=\"index, follow, max-snippet:-1, max-image-preview:large, max-video-preview:-1\" \/>\n<link rel=\"canonical\" href=\"https:\/\/parapharmolivier.com\/index.php\/product\/eqqual-berry-vitamin-illuminating\/\" \/>\n<meta property=\"og:locale\" content=\"fr_FR\" \/>\n<meta property=\"og:type\" content=\"article\" \/>\n<meta property=\"og:title\" content=\"Eqqual Berry Vitamin Illuminating\u00a0 - parapharmolivier\" \/>\n<meta property=\"og:description\" content=\"Eqqual Berry Vitamin Illuminating\" \/>\n<meta property=\"og:url\" content=\"https:\/\/parapharmolivier.com\/index.php\/product\/eqqual-berry-vitamin-illuminating\/\" \/>\n<meta property=\"og:site_name\" content=\"parapharmolivier\" \/>\n<meta property=\"article:publisher\" content=\"https:\/\/www.facebook.com\/profile.php?id=100042409962367&amp;locale=fr_FR\" \/>\n<meta property=\"og:image\" content=\"https:\/\/parapharmolivier.com\/wp-content\/uploads\/2025\/12\/Untitled-design-1.png\" \/>\n\t<meta property=\"og:image:width\" content=\"620\" \/>\n\t<meta property=\"og:image:height\" content=\"620\" \/>\n\t<meta property=\"og:image:type\" content=\"image\/png\" \/>\n<meta name=\"twitter:card\" content=\"summary_large_image\" \/>\n<meta name=\"twitter:label1\" content=\"Dur\u00e9e de lecture estim\u00e9e\" \/>\n\t<meta name=\"twitter:data1\" content=\"1 minute\" \/>\n<script type=\"application\/ld+json\" class=\"yoast-schema-graph\">{\"@context\":\"https:\/\/schema.org\",\"@graph\":[{\"@type\":\"WebPage\",\"@id\":\"https:\/\/parapharmolivier.com\/index.php\/product\/eqqual-berry-vitamin-illuminating\/\",\"url\":\"https:\/\/parapharmolivier.com\/index.php\/product\/eqqual-berry-vitamin-illuminating\/\",\"name\":\"Eqqual Berry Vitamin Illuminating\u00a0 - parapharmolivier\",\"isPartOf\":{\"@id\":\"https:\/\/parapharmolivier.com\/#website\"},\"primaryImageOfPage\":{\"@id\":\"https:\/\/parapharmolivier.com\/index.php\/product\/eqqual-berry-vitamin-illuminating\/#primaryimage\"},\"image\":{\"@id\":\"https:\/\/parapharmolivier.com\/index.php\/product\/eqqual-berry-vitamin-illuminating\/#primaryimage\"},\"thumbnailUrl\":\"https:\/\/parapharmolivier.com\/wp-content\/uploads\/2025\/12\/Untitled-design-1.png\",\"datePublished\":\"2025-12-05T20:45:18+00:00\",\"dateModified\":\"2025-12-05T20:45:18+00:00\",\"breadcrumb\":{\"@id\":\"https:\/\/parapharmolivier.com\/index.php\/product\/eqqual-berry-vitamin-illuminating\/#breadcrumb\"},\"inLanguage\":\"fr-FR\",\"potentialAction\":[{\"@type\":\"ReadAction\",\"target\":[\"https:\/\/parapharmolivier.com\/index.php\/product\/eqqual-berry-vitamin-illuminating\/\"]}]},{\"@type\":\"ImageObject\",\"inLanguage\":\"fr-FR\",\"@id\":\"https:\/\/parapharmolivier.com\/index.php\/product\/eqqual-berry-vitamin-illuminating\/#primaryimage\",\"url\":\"https:\/\/parapharmolivier.com\/wp-content\/uploads\/2025\/12\/Untitled-design-1.png\",\"contentUrl\":\"https:\/\/parapharmolivier.com\/wp-content\/uploads\/2025\/12\/Untitled-design-1.png\",\"width\":620,\"height\":620},{\"@type\":\"BreadcrumbList\",\"@id\":\"https:\/\/parapharmolivier.com\/index.php\/product\/eqqual-berry-vitamin-illuminating\/#breadcrumb\",\"itemListElement\":[{\"@type\":\"ListItem\",\"position\":1,\"name\":\"Accueil\",\"item\":\"https:\/\/parapharmolivier.com\/\"},{\"@type\":\"ListItem\",\"position\":2,\"name\":\"Shop\",\"item\":\"https:\/\/parapharmolivier.com\/index.php\/shop\/\"},{\"@type\":\"ListItem\",\"position\":3,\"name\":\"Eqqual Berry Vitamin Illuminating\u00a0\"}]},{\"@type\":\"WebSite\",\"@id\":\"https:\/\/parapharmolivier.com\/#website\",\"url\":\"https:\/\/parapharmolivier.com\/\",\"name\":\"parapharmolivier.com\",\"description\":\"L&#039;olivier toujours dans votre service\",\"publisher\":{\"@id\":\"https:\/\/parapharmolivier.com\/#organization\"},\"alternateName\":\"Parapharmacie L''Olivier\",\"potentialAction\":[{\"@type\":\"SearchAction\",\"target\":{\"@type\":\"EntryPoint\",\"urlTemplate\":\"https:\/\/parapharmolivier.com\/?s={search_term_string}\"},\"query-input\":\"required name=search_term_string\"}],\"inLanguage\":\"fr-FR\"},{\"@type\":\"Organization\",\"@id\":\"https:\/\/parapharmolivier.com\/#organization\",\"name\":\"Parapharmacie l'Olivier\",\"url\":\"https:\/\/parapharmolivier.com\/\",\"logo\":{\"@type\":\"ImageObject\",\"inLanguage\":\"fr-FR\",\"@id\":\"https:\/\/parapharmolivier.com\/#\/schema\/logo\/image\/\",\"url\":\"https:\/\/parapharmolivier.com\/wp-content\/uploads\/2024\/03\/Pharmacie-l-Olivier-Logo.png\",\"contentUrl\":\"https:\/\/parapharmolivier.com\/wp-content\/uploads\/2024\/03\/Pharmacie-l-Olivier-Logo.png\",\"width\":6300,\"height\":2752,\"caption\":\"Parapharmacie l'Olivier\"},\"image\":{\"@id\":\"https:\/\/parapharmolivier.com\/#\/schema\/logo\/image\/\"},\"sameAs\":[\"https:\/\/www.facebook.com\/profile.php?id=100042409962367&locale=fr_FR\",\"https:\/\/www.instagram.com\/pharmacie_l.olivier_said_hamdi\/\"]}]}<\/script>\n<!-- \/ Yoast SEO plugin. -->","yoast_head_json":{"title":"Eqqual Berry Vitamin Illuminating\u00a0 - parapharmolivier","robots":{"index":"index","follow":"follow","max-snippet":"max-snippet:-1","max-image-preview":"max-image-preview:large","max-video-preview":"max-video-preview:-1"},"canonical":"https:\/\/parapharmolivier.com\/index.php\/product\/eqqual-berry-vitamin-illuminating\/","og_locale":"fr_FR","og_type":"article","og_title":"Eqqual Berry Vitamin Illuminating\u00a0 - parapharmolivier","og_description":"Eqqual Berry Vitamin Illuminating","og_url":"https:\/\/parapharmolivier.com\/index.php\/product\/eqqual-berry-vitamin-illuminating\/","og_site_name":"parapharmolivier","article_publisher":"https:\/\/www.facebook.com\/profile.php?id=100042409962367&locale=fr_FR","og_image":[{"width":620,"height":620,"url":"https:\/\/parapharmolivier.com\/wp-content\/uploads\/2025\/12\/Untitled-design-1.png","type":"image\/png"}],"twitter_card":"summary_large_image","twitter_misc":{"Dur\u00e9e de lecture estim\u00e9e":"1 minute"},"schema":{"@context":"https:\/\/schema.org","@graph":[{"@type":"WebPage","@id":"https:\/\/parapharmolivier.com\/index.php\/product\/eqqual-berry-vitamin-illuminating\/","url":"https:\/\/parapharmolivier.com\/index.php\/product\/eqqual-berry-vitamin-illuminating\/","name":"Eqqual Berry Vitamin Illuminating\u00a0 - parapharmolivier","isPartOf":{"@id":"https:\/\/parapharmolivier.com\/#website"},"primaryImageOfPage":{"@id":"https:\/\/parapharmolivier.com\/index.php\/product\/eqqual-berry-vitamin-illuminating\/#primaryimage"},"image":{"@id":"https:\/\/parapharmolivier.com\/index.php\/product\/eqqual-berry-vitamin-illuminating\/#primaryimage"},"thumbnailUrl":"https:\/\/parapharmolivier.com\/wp-content\/uploads\/2025\/12\/Untitled-design-1.png","datePublished":"2025-12-05T20:45:18+00:00","dateModified":"2025-12-05T20:45:18+00:00","breadcrumb":{"@id":"https:\/\/parapharmolivier.com\/index.php\/product\/eqqual-berry-vitamin-illuminating\/#breadcrumb"},"inLanguage":"fr-FR","potentialAction":[{"@type":"ReadAction","target":["https:\/\/parapharmolivier.com\/index.php\/product\/eqqual-berry-vitamin-illuminating\/"]}]},{"@type":"ImageObject","inLanguage":"fr-FR","@id":"https:\/\/parapharmolivier.com\/index.php\/product\/eqqual-berry-vitamin-illuminating\/#primaryimage","url":"https:\/\/parapharmolivier.com\/wp-content\/uploads\/2025\/12\/Untitled-design-1.png","contentUrl":"https:\/\/parapharmolivier.com\/wp-content\/uploads\/2025\/12\/Untitled-design-1.png","width":620,"height":620},{"@type":"BreadcrumbList","@id":"https:\/\/parapharmolivier.com\/index.php\/product\/eqqual-berry-vitamin-illuminating\/#breadcrumb","itemListElement":[{"@type":"ListItem","position":1,"name":"Accueil","item":"https:\/\/parapharmolivier.com\/"},{"@type":"ListItem","position":2,"name":"Shop","item":"https:\/\/parapharmolivier.com\/index.php\/shop\/"},{"@type":"ListItem","position":3,"name":"Eqqual Berry Vitamin Illuminating\u00a0"}]},{"@type":"WebSite","@id":"https:\/\/parapharmolivier.com\/#website","url":"https:\/\/parapharmolivier.com\/","name":"parapharmolivier.com","description":"L&#039;olivier toujours dans votre service","publisher":{"@id":"https:\/\/parapharmolivier.com\/#organization"},"alternateName":"Parapharmacie L''Olivier","potentialAction":[{"@type":"SearchAction","target":{"@type":"EntryPoint","urlTemplate":"https:\/\/parapharmolivier.com\/?s={search_term_string}"},"query-input":"required name=search_term_string"}],"inLanguage":"fr-FR"},{"@type":"Organization","@id":"https:\/\/parapharmolivier.com\/#organization","name":"Parapharmacie l'Olivier","url":"https:\/\/parapharmolivier.com\/","logo":{"@type":"ImageObject","inLanguage":"fr-FR","@id":"https:\/\/parapharmolivier.com\/#\/schema\/logo\/image\/","url":"https:\/\/parapharmolivier.com\/wp-content\/uploads\/2024\/03\/Pharmacie-l-Olivier-Logo.png","contentUrl":"https:\/\/parapharmolivier.com\/wp-content\/uploads\/2024\/03\/Pharmacie-l-Olivier-Logo.png","width":6300,"height":2752,"caption":"Parapharmacie l'Olivier"},"image":{"@id":"https:\/\/parapharmolivier.com\/#\/schema\/logo\/image\/"},"sameAs":["https:\/\/www.facebook.com\/profile.php?id=100042409962367&locale=fr_FR","https:\/\/www.instagram.com\/pharmacie_l.olivier_said_hamdi\/"]}]}},"jetpack_sharing_enabled":true,"_links":{"self":[{"href":"https:\/\/parapharmolivier.com\/index.php\/wp-json\/wp\/v2\/product\/12563"}],"collection":[{"href":"https:\/\/parapharmolivier.com\/index.php\/wp-json\/wp\/v2\/product"}],"about":[{"href":"https:\/\/parapharmolivier.com\/index.php\/wp-json\/wp\/v2\/types\/product"}],"replies":[{"embeddable":true,"href":"https:\/\/parapharmolivier.com\/index.php\/wp-json\/wp\/v2\/comments?post=12563"}],"wp:featuredmedia":[{"embeddable":true,"href":"https:\/\/parapharmolivier.com\/index.php\/wp-json\/wp\/v2\/media\/12564"}],"wp:attachment":[{"href":"https:\/\/parapharmolivier.com\/index.php\/wp-json\/wp\/v2\/media?parent=12563"}],"wp:term":[{"taxonomy":"product_cat","embeddable":true,"href":"https:\/\/parapharmolivier.com\/index.php\/wp-json\/wp\/v2\/product_cat?post=12563"},{"taxonomy":"product_tag","embeddable":true,"href":"https:\/\/parapharmolivier.com\/index.php\/wp-json\/wp\/v2\/product_tag?post=12563"}],"curies":[{"name":"wp","href":"https:\/\/api.w.org\/{rel}","templated":true}]}}