{"id":12686,"date":"2026-03-15T21:48:02","date_gmt":"2026-03-15T20:48:02","guid":{"rendered":"https:\/\/parapharmolivier.com\/?post_type=product&#038;p=12686"},"modified":"2026-03-15T21:48:03","modified_gmt":"2026-03-15T20:48:03","slug":"gynopatch-regles-douloureuses","status":"publish","type":"product","link":"https:\/\/parapharmolivier.com\/index.php\/product\/gynopatch-regles-douloureuses\/","title":{"rendered":"Gynopatch R\u00e8gles douloureuses"},"content":{"rendered":"<p><strong>Les r\u00e8gles douloureuses sont un trouble gyn\u00e9cologique que la moiti\u00e9 des femmes connaissent. Ces douleurs peuvent se manifester pendant toute la dur\u00e9e des r\u00e8gles, et parfois m\u00eame avant, lors du syndrome pr\u00e9menstruel. Les douleurs li\u00e9es aux menstruations peuvent se manifester de diff\u00e9rentes mani\u00e8res, que ce soit avant ou pendant les r\u00e8gles\u00a0<\/strong><\/p>\n","protected":false},"excerpt":{"rendered":"<p>Les r\u00e8gles douloureuses sont un trouble gyn\u00e9cologique que la moiti\u00e9 des femmes connaissent. Ces douleurs peuvent se manifester pendant toute la dur\u00e9e des r\u00e8gles, et parfois m\u00eame avant, lors du syndrome pr\u00e9menstruel. Les douleurs li\u00e9es aux menstruations peuvent se manifester de diff\u00e9rentes mani\u00e8res, que ce soit avant ou pendant les r\u00e8gles\u00a0<\/p>\n","protected":false},"featured_media":12689,"comment_status":"open","ping_status":"closed","template":"","meta":[],"product_cat":[660,659,658],"product_tag":[],"yoast_head":"<!-- This site is optimized with the Yoast SEO plugin v22.4 - https:\/\/yoast.com\/wordpress\/plugins\/seo\/ -->\n<title>Gynopatch R\u00e8gles douloureuses - parapharmolivier<\/title>\n<meta name=\"robots\" content=\"index, follow, max-snippet:-1, max-image-preview:large, max-video-preview:-1\" \/>\n<link rel=\"canonical\" href=\"https:\/\/parapharmolivier.com\/index.php\/product\/gynopatch-regles-douloureuses\/\" \/>\n<meta property=\"og:locale\" content=\"fr_FR\" \/>\n<meta property=\"og:type\" content=\"article\" \/>\n<meta property=\"og:title\" content=\"Gynopatch R\u00e8gles douloureuses - parapharmolivier\" \/>\n<meta property=\"og:description\" content=\"Les r\u00e8gles douloureuses sont un trouble gyn\u00e9cologique que la moiti\u00e9 des femmes connaissent. Ces douleurs peuvent se manifester pendant toute la dur\u00e9e des r\u00e8gles, et parfois m\u00eame avant, lors du syndrome pr\u00e9menstruel. Les douleurs li\u00e9es aux menstruations peuvent se manifester de diff\u00e9rentes mani\u00e8res, que ce soit avant ou pendant les r\u00e8gles\u00a0\" \/>\n<meta property=\"og:url\" content=\"https:\/\/parapharmolivier.com\/index.php\/product\/gynopatch-regles-douloureuses\/\" \/>\n<meta property=\"og:site_name\" content=\"parapharmolivier\" \/>\n<meta property=\"article:publisher\" content=\"https:\/\/www.facebook.com\/profile.php?id=100042409962367&amp;locale=fr_FR\" \/>\n<meta property=\"article:modified_time\" content=\"2026-03-15T20:48:03+00:00\" \/>\n<meta property=\"og:image\" content=\"https:\/\/parapharmolivier.com\/wp-content\/uploads\/2026\/03\/pack-logo-new-2.png\" \/>\n\t<meta property=\"og:image:width\" content=\"1875\" \/>\n\t<meta property=\"og:image:height\" content=\"2376\" \/>\n\t<meta property=\"og:image:type\" content=\"image\/png\" \/>\n<meta name=\"twitter:card\" content=\"summary_large_image\" \/>\n<meta name=\"twitter:label1\" content=\"Dur\u00e9e de lecture estim\u00e9e\" \/>\n\t<meta name=\"twitter:data1\" content=\"1 minute\" \/>\n<script type=\"application\/ld+json\" class=\"yoast-schema-graph\">{\"@context\":\"https:\/\/schema.org\",\"@graph\":[{\"@type\":\"WebPage\",\"@id\":\"https:\/\/parapharmolivier.com\/index.php\/product\/gynopatch-regles-douloureuses\/\",\"url\":\"https:\/\/parapharmolivier.com\/index.php\/product\/gynopatch-regles-douloureuses\/\",\"name\":\"Gynopatch R\u00e8gles douloureuses - parapharmolivier\",\"isPartOf\":{\"@id\":\"https:\/\/parapharmolivier.com\/#website\"},\"primaryImageOfPage\":{\"@id\":\"https:\/\/parapharmolivier.com\/index.php\/product\/gynopatch-regles-douloureuses\/#primaryimage\"},\"image\":{\"@id\":\"https:\/\/parapharmolivier.com\/index.php\/product\/gynopatch-regles-douloureuses\/#primaryimage\"},\"thumbnailUrl\":\"https:\/\/parapharmolivier.com\/wp-content\/uploads\/2026\/03\/pack-logo-new-2.png\",\"datePublished\":\"2026-03-15T20:48:02+00:00\",\"dateModified\":\"2026-03-15T20:48:03+00:00\",\"breadcrumb\":{\"@id\":\"https:\/\/parapharmolivier.com\/index.php\/product\/gynopatch-regles-douloureuses\/#breadcrumb\"},\"inLanguage\":\"fr-FR\",\"potentialAction\":[{\"@type\":\"ReadAction\",\"target\":[\"https:\/\/parapharmolivier.com\/index.php\/product\/gynopatch-regles-douloureuses\/\"]}]},{\"@type\":\"ImageObject\",\"inLanguage\":\"fr-FR\",\"@id\":\"https:\/\/parapharmolivier.com\/index.php\/product\/gynopatch-regles-douloureuses\/#primaryimage\",\"url\":\"https:\/\/parapharmolivier.com\/wp-content\/uploads\/2026\/03\/pack-logo-new-2.png\",\"contentUrl\":\"https:\/\/parapharmolivier.com\/wp-content\/uploads\/2026\/03\/pack-logo-new-2.png\",\"width\":1875,\"height\":2376},{\"@type\":\"BreadcrumbList\",\"@id\":\"https:\/\/parapharmolivier.com\/index.php\/product\/gynopatch-regles-douloureuses\/#breadcrumb\",\"itemListElement\":[{\"@type\":\"ListItem\",\"position\":1,\"name\":\"Accueil\",\"item\":\"https:\/\/parapharmolivier.com\/\"},{\"@type\":\"ListItem\",\"position\":2,\"name\":\"Shop\",\"item\":\"https:\/\/parapharmolivier.com\/index.php\/shop\/\"},{\"@type\":\"ListItem\",\"position\":3,\"name\":\"Gynopatch R\u00e8gles douloureuses\"}]},{\"@type\":\"WebSite\",\"@id\":\"https:\/\/parapharmolivier.com\/#website\",\"url\":\"https:\/\/parapharmolivier.com\/\",\"name\":\"parapharmolivier.com\",\"description\":\"L&#039;olivier toujours dans votre service\",\"publisher\":{\"@id\":\"https:\/\/parapharmolivier.com\/#organization\"},\"alternateName\":\"Parapharmacie L''Olivier\",\"potentialAction\":[{\"@type\":\"SearchAction\",\"target\":{\"@type\":\"EntryPoint\",\"urlTemplate\":\"https:\/\/parapharmolivier.com\/?s={search_term_string}\"},\"query-input\":\"required name=search_term_string\"}],\"inLanguage\":\"fr-FR\"},{\"@type\":\"Organization\",\"@id\":\"https:\/\/parapharmolivier.com\/#organization\",\"name\":\"Parapharmacie l'Olivier\",\"url\":\"https:\/\/parapharmolivier.com\/\",\"logo\":{\"@type\":\"ImageObject\",\"inLanguage\":\"fr-FR\",\"@id\":\"https:\/\/parapharmolivier.com\/#\/schema\/logo\/image\/\",\"url\":\"https:\/\/parapharmolivier.com\/wp-content\/uploads\/2024\/03\/Pharmacie-l-Olivier-Logo.png\",\"contentUrl\":\"https:\/\/parapharmolivier.com\/wp-content\/uploads\/2024\/03\/Pharmacie-l-Olivier-Logo.png\",\"width\":6300,\"height\":2752,\"caption\":\"Parapharmacie l'Olivier\"},\"image\":{\"@id\":\"https:\/\/parapharmolivier.com\/#\/schema\/logo\/image\/\"},\"sameAs\":[\"https:\/\/www.facebook.com\/profile.php?id=100042409962367&locale=fr_FR\",\"https:\/\/www.instagram.com\/pharmacie_l.olivier_said_hamdi\/\"]}]}<\/script>\n<!-- \/ Yoast SEO plugin. -->","yoast_head_json":{"title":"Gynopatch R\u00e8gles douloureuses - parapharmolivier","robots":{"index":"index","follow":"follow","max-snippet":"max-snippet:-1","max-image-preview":"max-image-preview:large","max-video-preview":"max-video-preview:-1"},"canonical":"https:\/\/parapharmolivier.com\/index.php\/product\/gynopatch-regles-douloureuses\/","og_locale":"fr_FR","og_type":"article","og_title":"Gynopatch R\u00e8gles douloureuses - parapharmolivier","og_description":"Les r\u00e8gles douloureuses sont un trouble gyn\u00e9cologique que la moiti\u00e9 des femmes connaissent. Ces douleurs peuvent se manifester pendant toute la dur\u00e9e des r\u00e8gles, et parfois m\u00eame avant, lors du syndrome pr\u00e9menstruel. Les douleurs li\u00e9es aux menstruations peuvent se manifester de diff\u00e9rentes mani\u00e8res, que ce soit avant ou pendant les r\u00e8gles\u00a0","og_url":"https:\/\/parapharmolivier.com\/index.php\/product\/gynopatch-regles-douloureuses\/","og_site_name":"parapharmolivier","article_publisher":"https:\/\/www.facebook.com\/profile.php?id=100042409962367&locale=fr_FR","article_modified_time":"2026-03-15T20:48:03+00:00","og_image":[{"width":1875,"height":2376,"url":"https:\/\/parapharmolivier.com\/wp-content\/uploads\/2026\/03\/pack-logo-new-2.png","type":"image\/png"}],"twitter_card":"summary_large_image","twitter_misc":{"Dur\u00e9e de lecture estim\u00e9e":"1 minute"},"schema":{"@context":"https:\/\/schema.org","@graph":[{"@type":"WebPage","@id":"https:\/\/parapharmolivier.com\/index.php\/product\/gynopatch-regles-douloureuses\/","url":"https:\/\/parapharmolivier.com\/index.php\/product\/gynopatch-regles-douloureuses\/","name":"Gynopatch R\u00e8gles douloureuses - parapharmolivier","isPartOf":{"@id":"https:\/\/parapharmolivier.com\/#website"},"primaryImageOfPage":{"@id":"https:\/\/parapharmolivier.com\/index.php\/product\/gynopatch-regles-douloureuses\/#primaryimage"},"image":{"@id":"https:\/\/parapharmolivier.com\/index.php\/product\/gynopatch-regles-douloureuses\/#primaryimage"},"thumbnailUrl":"https:\/\/parapharmolivier.com\/wp-content\/uploads\/2026\/03\/pack-logo-new-2.png","datePublished":"2026-03-15T20:48:02+00:00","dateModified":"2026-03-15T20:48:03+00:00","breadcrumb":{"@id":"https:\/\/parapharmolivier.com\/index.php\/product\/gynopatch-regles-douloureuses\/#breadcrumb"},"inLanguage":"fr-FR","potentialAction":[{"@type":"ReadAction","target":["https:\/\/parapharmolivier.com\/index.php\/product\/gynopatch-regles-douloureuses\/"]}]},{"@type":"ImageObject","inLanguage":"fr-FR","@id":"https:\/\/parapharmolivier.com\/index.php\/product\/gynopatch-regles-douloureuses\/#primaryimage","url":"https:\/\/parapharmolivier.com\/wp-content\/uploads\/2026\/03\/pack-logo-new-2.png","contentUrl":"https:\/\/parapharmolivier.com\/wp-content\/uploads\/2026\/03\/pack-logo-new-2.png","width":1875,"height":2376},{"@type":"BreadcrumbList","@id":"https:\/\/parapharmolivier.com\/index.php\/product\/gynopatch-regles-douloureuses\/#breadcrumb","itemListElement":[{"@type":"ListItem","position":1,"name":"Accueil","item":"https:\/\/parapharmolivier.com\/"},{"@type":"ListItem","position":2,"name":"Shop","item":"https:\/\/parapharmolivier.com\/index.php\/shop\/"},{"@type":"ListItem","position":3,"name":"Gynopatch R\u00e8gles douloureuses"}]},{"@type":"WebSite","@id":"https:\/\/parapharmolivier.com\/#website","url":"https:\/\/parapharmolivier.com\/","name":"parapharmolivier.com","description":"L&#039;olivier toujours dans votre service","publisher":{"@id":"https:\/\/parapharmolivier.com\/#organization"},"alternateName":"Parapharmacie L''Olivier","potentialAction":[{"@type":"SearchAction","target":{"@type":"EntryPoint","urlTemplate":"https:\/\/parapharmolivier.com\/?s={search_term_string}"},"query-input":"required name=search_term_string"}],"inLanguage":"fr-FR"},{"@type":"Organization","@id":"https:\/\/parapharmolivier.com\/#organization","name":"Parapharmacie l'Olivier","url":"https:\/\/parapharmolivier.com\/","logo":{"@type":"ImageObject","inLanguage":"fr-FR","@id":"https:\/\/parapharmolivier.com\/#\/schema\/logo\/image\/","url":"https:\/\/parapharmolivier.com\/wp-content\/uploads\/2024\/03\/Pharmacie-l-Olivier-Logo.png","contentUrl":"https:\/\/parapharmolivier.com\/wp-content\/uploads\/2024\/03\/Pharmacie-l-Olivier-Logo.png","width":6300,"height":2752,"caption":"Parapharmacie l'Olivier"},"image":{"@id":"https:\/\/parapharmolivier.com\/#\/schema\/logo\/image\/"},"sameAs":["https:\/\/www.facebook.com\/profile.php?id=100042409962367&locale=fr_FR","https:\/\/www.instagram.com\/pharmacie_l.olivier_said_hamdi\/"]}]}},"jetpack_sharing_enabled":true,"_links":{"self":[{"href":"https:\/\/parapharmolivier.com\/index.php\/wp-json\/wp\/v2\/product\/12686"}],"collection":[{"href":"https:\/\/parapharmolivier.com\/index.php\/wp-json\/wp\/v2\/product"}],"about":[{"href":"https:\/\/parapharmolivier.com\/index.php\/wp-json\/wp\/v2\/types\/product"}],"replies":[{"embeddable":true,"href":"https:\/\/parapharmolivier.com\/index.php\/wp-json\/wp\/v2\/comments?post=12686"}],"wp:featuredmedia":[{"embeddable":true,"href":"https:\/\/parapharmolivier.com\/index.php\/wp-json\/wp\/v2\/media\/12689"}],"wp:attachment":[{"href":"https:\/\/parapharmolivier.com\/index.php\/wp-json\/wp\/v2\/media?parent=12686"}],"wp:term":[{"taxonomy":"product_cat","embeddable":true,"href":"https:\/\/parapharmolivier.com\/index.php\/wp-json\/wp\/v2\/product_cat?post=12686"},{"taxonomy":"product_tag","embeddable":true,"href":"https:\/\/parapharmolivier.com\/index.php\/wp-json\/wp\/v2\/product_tag?post=12686"}],"curies":[{"name":"wp","href":"https:\/\/api.w.org\/{rel}","templated":true}]}}