{"id":7932,"date":"2024-03-25T20:48:10","date_gmt":"2024-03-25T19:48:10","guid":{"rendered":"https:\/\/parapharmolivier.com\/?post_type=product&#038;p=7932"},"modified":"2024-12-29T19:26:38","modified_gmt":"2024-12-29T18:26:38","slug":"global-repair-intensive","status":"publish","type":"product","link":"https:\/\/parapharmolivier.com\/index.php\/product\/global-repair-intensive\/","title":{"rendered":"FILORGA GLOBAL-REPAIR INTENSIVE"},"content":{"rendered":"<p><strong>Le s\u00e9rum expert anti-\u00e2ge multi-actif qui agit sur les signes de vieillissement des peaux d\u00e9vitalis\u00e9es<\/strong><\/p>\n<p>Gr\u00e2ce \u00e0 son coeur de formule [Intensive Repairing Factors] inspir\u00e9 des techniques de m\u00e9decine esth\u00e9tique reconnues, le s\u00e9rum GLOBAL-REPAIR INTENSIVE agit intens\u00e9ment sur les signes majeurs du vieillissement en un seul geste.<\/p>\n<p>La formule est enrichie en actifs pro-jeunesse lissants [r\u00e9tinol + glycog\u00e8ne], pour une efficacit\u00e9 anti-\u00e2ge boost\u00e9e.<\/p>\n<p><strong>6 b\u00e9n\u00e9fices pour ma peau :<\/strong><br \/>\n\u2013 Peau nourrie<br \/>\n\u2013 Peau liss\u00e9e<br \/>\n\u2013 Peau plus ferme<br \/>\n\u2013 Ovale plus net<br \/>\n\u2013 Peau unifi\u00e9e<br \/>\n\u2013 Peau plus lumineuse<br \/>\nLes cl\u00e9s de l\u2019efficacit\u00e9<br \/>\n\u2013 Le coeur de formule Intensive Repairing Factors associe 3 super-nutriments pour une nutrition intense, \u00e0 4 boosters cellulaires et 50 m\u00e9so-ingr\u00e9dients pour une correction anti-\u00e2ge multi-intensive [rides \u2013 fermet\u00e9 \u2013 ovale \u2013 homog\u00e9n\u00e9it\u00e9 \u2013 \u00e9clat].<br \/>\n\u2013 Du r\u00e9tinol est associ\u00e9 \u00e0 du glycog\u00e8ne, deux actifs aux propri\u00e9t\u00e9s lissantes, pour renforcer l\u2019efficacit\u00e9 du coeur de formule.<br \/>\n\u2013 La technologie chrono-boost\u00e9e pour un double usage soin le jour\/masque la nuit.<\/p>\n","protected":false},"excerpt":{"rendered":"<p>S\u00e9rum Nutri-Jeunesse Multi-Revitalisant<\/p>\n<div class=\"more\">\n<div class=\"\">\n<div class=\"more\">\n<div class=\"\">\n<div class=\"more\">\n<div class=\"\">\n<p><strong>GLOBAL-REPAIR INTENSIVE, le s\u00e9rum hydratant visage anti-\u00e2ge au r\u00e9tinol pour une peau plus ferme et un teint \u00e9clatant.<\/strong><\/p>\n<p>&nbsp;<\/p>\n<p>&nbsp;<\/p>\n<p>&nbsp;<\/p>\n<p>&nbsp;<\/p>\n<\/div>\n<\/div>\n<\/div>\n<\/div>\n<p>&nbsp;<\/p>\n<p>&nbsp;<\/p>\n<p>&nbsp;<\/p>\n<\/div>\n<\/div>\n","protected":false},"featured_media":7934,"comment_status":"open","ping_status":"closed","template":"","meta":[],"product_cat":[214,113,63],"product_tag":[],"yoast_head":"<!-- This site is optimized with the Yoast SEO plugin v22.4 - https:\/\/yoast.com\/wordpress\/plugins\/seo\/ -->\n<title>FILORGA GLOBAL-REPAIR INTENSIVE - parapharmolivier<\/title>\n<meta name=\"robots\" content=\"index, follow, max-snippet:-1, max-image-preview:large, max-video-preview:-1\" \/>\n<link rel=\"canonical\" href=\"https:\/\/parapharmolivier.com\/index.php\/product\/global-repair-intensive\/\" \/>\n<meta property=\"og:locale\" content=\"fr_FR\" \/>\n<meta property=\"og:type\" content=\"article\" \/>\n<meta property=\"og:title\" content=\"FILORGA GLOBAL-REPAIR INTENSIVE - parapharmolivier\" \/>\n<meta property=\"og:description\" content=\"S\u00e9rum Nutri-Jeunesse Multi-Revitalisant        GLOBAL-REPAIR INTENSIVE, le s\u00e9rum hydratant visage anti-\u00e2ge au r\u00e9tinol pour une peau plus ferme et un teint \u00e9clatant.  &nbsp;  &nbsp;  &nbsp;  &nbsp;      &nbsp;  &nbsp;  &nbsp;\" \/>\n<meta property=\"og:url\" content=\"https:\/\/parapharmolivier.com\/index.php\/product\/global-repair-intensive\/\" \/>\n<meta property=\"og:site_name\" content=\"parapharmolivier\" \/>\n<meta property=\"article:publisher\" content=\"https:\/\/www.facebook.com\/profile.php?id=100042409962367&amp;locale=fr_FR\" \/>\n<meta property=\"article:modified_time\" content=\"2024-12-29T18:26:38+00:00\" \/>\n<meta property=\"og:image\" content=\"https:\/\/parapharmolivier.com\/wp-content\/uploads\/2024\/03\/Filorga-Global-Repair-Intensive-Nutri-Restorative-Multi-Revitalising-Serum-30ml_1oz-30ml_1oz.jpeg\" \/>\n\t<meta property=\"og:image:width\" content=\"736\" \/>\n\t<meta property=\"og:image:height\" content=\"736\" \/>\n\t<meta property=\"og:image:type\" content=\"image\/jpeg\" \/>\n<meta name=\"twitter:card\" content=\"summary_large_image\" \/>\n<meta name=\"twitter:label1\" content=\"Dur\u00e9e de lecture estim\u00e9e\" \/>\n\t<meta name=\"twitter:data1\" content=\"1 minute\" \/>\n<script type=\"application\/ld+json\" class=\"yoast-schema-graph\">{\"@context\":\"https:\/\/schema.org\",\"@graph\":[{\"@type\":\"WebPage\",\"@id\":\"https:\/\/parapharmolivier.com\/index.php\/product\/global-repair-intensive\/\",\"url\":\"https:\/\/parapharmolivier.com\/index.php\/product\/global-repair-intensive\/\",\"name\":\"FILORGA GLOBAL-REPAIR INTENSIVE - parapharmolivier\",\"isPartOf\":{\"@id\":\"https:\/\/parapharmolivier.com\/#website\"},\"primaryImageOfPage\":{\"@id\":\"https:\/\/parapharmolivier.com\/index.php\/product\/global-repair-intensive\/#primaryimage\"},\"image\":{\"@id\":\"https:\/\/parapharmolivier.com\/index.php\/product\/global-repair-intensive\/#primaryimage\"},\"thumbnailUrl\":\"https:\/\/parapharmolivier.com\/wp-content\/uploads\/2024\/03\/Filorga-Global-Repair-Intensive-Nutri-Restorative-Multi-Revitalising-Serum-30ml_1oz-30ml_1oz.jpeg\",\"datePublished\":\"2024-03-25T19:48:10+00:00\",\"dateModified\":\"2024-12-29T18:26:38+00:00\",\"breadcrumb\":{\"@id\":\"https:\/\/parapharmolivier.com\/index.php\/product\/global-repair-intensive\/#breadcrumb\"},\"inLanguage\":\"fr-FR\",\"potentialAction\":[{\"@type\":\"ReadAction\",\"target\":[\"https:\/\/parapharmolivier.com\/index.php\/product\/global-repair-intensive\/\"]}]},{\"@type\":\"ImageObject\",\"inLanguage\":\"fr-FR\",\"@id\":\"https:\/\/parapharmolivier.com\/index.php\/product\/global-repair-intensive\/#primaryimage\",\"url\":\"https:\/\/parapharmolivier.com\/wp-content\/uploads\/2024\/03\/Filorga-Global-Repair-Intensive-Nutri-Restorative-Multi-Revitalising-Serum-30ml_1oz-30ml_1oz.jpeg\",\"contentUrl\":\"https:\/\/parapharmolivier.com\/wp-content\/uploads\/2024\/03\/Filorga-Global-Repair-Intensive-Nutri-Restorative-Multi-Revitalising-Serum-30ml_1oz-30ml_1oz.jpeg\",\"width\":736,\"height\":736},{\"@type\":\"BreadcrumbList\",\"@id\":\"https:\/\/parapharmolivier.com\/index.php\/product\/global-repair-intensive\/#breadcrumb\",\"itemListElement\":[{\"@type\":\"ListItem\",\"position\":1,\"name\":\"Accueil\",\"item\":\"https:\/\/parapharmolivier.com\/\"},{\"@type\":\"ListItem\",\"position\":2,\"name\":\"Shop\",\"item\":\"https:\/\/parapharmolivier.com\/index.php\/shop\/\"},{\"@type\":\"ListItem\",\"position\":3,\"name\":\"FILORGA GLOBAL-REPAIR INTENSIVE\"}]},{\"@type\":\"WebSite\",\"@id\":\"https:\/\/parapharmolivier.com\/#website\",\"url\":\"https:\/\/parapharmolivier.com\/\",\"name\":\"parapharmolivier.com\",\"description\":\"L&#039;olivier toujours dans votre service\",\"publisher\":{\"@id\":\"https:\/\/parapharmolivier.com\/#organization\"},\"alternateName\":\"Parapharmacie L''Olivier\",\"potentialAction\":[{\"@type\":\"SearchAction\",\"target\":{\"@type\":\"EntryPoint\",\"urlTemplate\":\"https:\/\/parapharmolivier.com\/?s={search_term_string}\"},\"query-input\":\"required name=search_term_string\"}],\"inLanguage\":\"fr-FR\"},{\"@type\":\"Organization\",\"@id\":\"https:\/\/parapharmolivier.com\/#organization\",\"name\":\"Parapharmacie l'Olivier\",\"url\":\"https:\/\/parapharmolivier.com\/\",\"logo\":{\"@type\":\"ImageObject\",\"inLanguage\":\"fr-FR\",\"@id\":\"https:\/\/parapharmolivier.com\/#\/schema\/logo\/image\/\",\"url\":\"https:\/\/parapharmolivier.com\/wp-content\/uploads\/2024\/03\/Pharmacie-l-Olivier-Logo.png\",\"contentUrl\":\"https:\/\/parapharmolivier.com\/wp-content\/uploads\/2024\/03\/Pharmacie-l-Olivier-Logo.png\",\"width\":6300,\"height\":2752,\"caption\":\"Parapharmacie l'Olivier\"},\"image\":{\"@id\":\"https:\/\/parapharmolivier.com\/#\/schema\/logo\/image\/\"},\"sameAs\":[\"https:\/\/www.facebook.com\/profile.php?id=100042409962367&locale=fr_FR\",\"https:\/\/www.instagram.com\/pharmacie_l.olivier_said_hamdi\/\"]}]}<\/script>\n<!-- \/ Yoast SEO plugin. -->","yoast_head_json":{"title":"FILORGA GLOBAL-REPAIR INTENSIVE - parapharmolivier","robots":{"index":"index","follow":"follow","max-snippet":"max-snippet:-1","max-image-preview":"max-image-preview:large","max-video-preview":"max-video-preview:-1"},"canonical":"https:\/\/parapharmolivier.com\/index.php\/product\/global-repair-intensive\/","og_locale":"fr_FR","og_type":"article","og_title":"FILORGA GLOBAL-REPAIR INTENSIVE - parapharmolivier","og_description":"S\u00e9rum Nutri-Jeunesse Multi-Revitalisant        GLOBAL-REPAIR INTENSIVE, le s\u00e9rum hydratant visage anti-\u00e2ge au r\u00e9tinol pour une peau plus ferme et un teint \u00e9clatant.  &nbsp;  &nbsp;  &nbsp;  &nbsp;      &nbsp;  &nbsp;  &nbsp;","og_url":"https:\/\/parapharmolivier.com\/index.php\/product\/global-repair-intensive\/","og_site_name":"parapharmolivier","article_publisher":"https:\/\/www.facebook.com\/profile.php?id=100042409962367&locale=fr_FR","article_modified_time":"2024-12-29T18:26:38+00:00","og_image":[{"width":736,"height":736,"url":"https:\/\/parapharmolivier.com\/wp-content\/uploads\/2024\/03\/Filorga-Global-Repair-Intensive-Nutri-Restorative-Multi-Revitalising-Serum-30ml_1oz-30ml_1oz.jpeg","type":"image\/jpeg"}],"twitter_card":"summary_large_image","twitter_misc":{"Dur\u00e9e de lecture estim\u00e9e":"1 minute"},"schema":{"@context":"https:\/\/schema.org","@graph":[{"@type":"WebPage","@id":"https:\/\/parapharmolivier.com\/index.php\/product\/global-repair-intensive\/","url":"https:\/\/parapharmolivier.com\/index.php\/product\/global-repair-intensive\/","name":"FILORGA GLOBAL-REPAIR INTENSIVE - parapharmolivier","isPartOf":{"@id":"https:\/\/parapharmolivier.com\/#website"},"primaryImageOfPage":{"@id":"https:\/\/parapharmolivier.com\/index.php\/product\/global-repair-intensive\/#primaryimage"},"image":{"@id":"https:\/\/parapharmolivier.com\/index.php\/product\/global-repair-intensive\/#primaryimage"},"thumbnailUrl":"https:\/\/parapharmolivier.com\/wp-content\/uploads\/2024\/03\/Filorga-Global-Repair-Intensive-Nutri-Restorative-Multi-Revitalising-Serum-30ml_1oz-30ml_1oz.jpeg","datePublished":"2024-03-25T19:48:10+00:00","dateModified":"2024-12-29T18:26:38+00:00","breadcrumb":{"@id":"https:\/\/parapharmolivier.com\/index.php\/product\/global-repair-intensive\/#breadcrumb"},"inLanguage":"fr-FR","potentialAction":[{"@type":"ReadAction","target":["https:\/\/parapharmolivier.com\/index.php\/product\/global-repair-intensive\/"]}]},{"@type":"ImageObject","inLanguage":"fr-FR","@id":"https:\/\/parapharmolivier.com\/index.php\/product\/global-repair-intensive\/#primaryimage","url":"https:\/\/parapharmolivier.com\/wp-content\/uploads\/2024\/03\/Filorga-Global-Repair-Intensive-Nutri-Restorative-Multi-Revitalising-Serum-30ml_1oz-30ml_1oz.jpeg","contentUrl":"https:\/\/parapharmolivier.com\/wp-content\/uploads\/2024\/03\/Filorga-Global-Repair-Intensive-Nutri-Restorative-Multi-Revitalising-Serum-30ml_1oz-30ml_1oz.jpeg","width":736,"height":736},{"@type":"BreadcrumbList","@id":"https:\/\/parapharmolivier.com\/index.php\/product\/global-repair-intensive\/#breadcrumb","itemListElement":[{"@type":"ListItem","position":1,"name":"Accueil","item":"https:\/\/parapharmolivier.com\/"},{"@type":"ListItem","position":2,"name":"Shop","item":"https:\/\/parapharmolivier.com\/index.php\/shop\/"},{"@type":"ListItem","position":3,"name":"FILORGA GLOBAL-REPAIR INTENSIVE"}]},{"@type":"WebSite","@id":"https:\/\/parapharmolivier.com\/#website","url":"https:\/\/parapharmolivier.com\/","name":"parapharmolivier.com","description":"L&#039;olivier toujours dans votre service","publisher":{"@id":"https:\/\/parapharmolivier.com\/#organization"},"alternateName":"Parapharmacie L''Olivier","potentialAction":[{"@type":"SearchAction","target":{"@type":"EntryPoint","urlTemplate":"https:\/\/parapharmolivier.com\/?s={search_term_string}"},"query-input":"required name=search_term_string"}],"inLanguage":"fr-FR"},{"@type":"Organization","@id":"https:\/\/parapharmolivier.com\/#organization","name":"Parapharmacie l'Olivier","url":"https:\/\/parapharmolivier.com\/","logo":{"@type":"ImageObject","inLanguage":"fr-FR","@id":"https:\/\/parapharmolivier.com\/#\/schema\/logo\/image\/","url":"https:\/\/parapharmolivier.com\/wp-content\/uploads\/2024\/03\/Pharmacie-l-Olivier-Logo.png","contentUrl":"https:\/\/parapharmolivier.com\/wp-content\/uploads\/2024\/03\/Pharmacie-l-Olivier-Logo.png","width":6300,"height":2752,"caption":"Parapharmacie l'Olivier"},"image":{"@id":"https:\/\/parapharmolivier.com\/#\/schema\/logo\/image\/"},"sameAs":["https:\/\/www.facebook.com\/profile.php?id=100042409962367&locale=fr_FR","https:\/\/www.instagram.com\/pharmacie_l.olivier_said_hamdi\/"]}]}},"jetpack_sharing_enabled":true,"_links":{"self":[{"href":"https:\/\/parapharmolivier.com\/index.php\/wp-json\/wp\/v2\/product\/7932"}],"collection":[{"href":"https:\/\/parapharmolivier.com\/index.php\/wp-json\/wp\/v2\/product"}],"about":[{"href":"https:\/\/parapharmolivier.com\/index.php\/wp-json\/wp\/v2\/types\/product"}],"replies":[{"embeddable":true,"href":"https:\/\/parapharmolivier.com\/index.php\/wp-json\/wp\/v2\/comments?post=7932"}],"wp:featuredmedia":[{"embeddable":true,"href":"https:\/\/parapharmolivier.com\/index.php\/wp-json\/wp\/v2\/media\/7934"}],"wp:attachment":[{"href":"https:\/\/parapharmolivier.com\/index.php\/wp-json\/wp\/v2\/media?parent=7932"}],"wp:term":[{"taxonomy":"product_cat","embeddable":true,"href":"https:\/\/parapharmolivier.com\/index.php\/wp-json\/wp\/v2\/product_cat?post=7932"},{"taxonomy":"product_tag","embeddable":true,"href":"https:\/\/parapharmolivier.com\/index.php\/wp-json\/wp\/v2\/product_tag?post=7932"}],"curies":[{"name":"wp","href":"https:\/\/api.w.org\/{rel}","templated":true}]}}