{"id":7949,"date":"2024-03-25T21:21:09","date_gmt":"2024-03-25T20:21:09","guid":{"rendered":"https:\/\/parapharmolivier.com\/?post_type=product&#038;p=7949"},"modified":"2024-12-29T19:27:07","modified_gmt":"2024-12-29T18:27:07","slug":"filorga-ncef-shot","status":"publish","type":"product","link":"https:\/\/parapharmolivier.com\/index.php\/product\/filorga-ncef-shot\/","title":{"rendered":"FILORGA NCEF-SHOT"},"content":{"rendered":"<p><strong>NCEF-SHOT Concentr\u00e9 Polyrevitalisant Supr\u00eame de Filorga\u00a0<\/strong>est un soin ultra-concentr\u00e9 en NCEF, qui int\u00e8gre pour la premi\u00e8re fois une dose quotidienne d&#8217;actifs revitalisants \u00e9quivalente \u00e0 celle d\u2019une m\u00e9so-injection pour corriger intens\u00e9ment les rides, la fermet\u00e9 et l&#8217;\u00e9clat jour apr\u00e8s jour.<\/p>\n<p>La formule au NCEF est un complexe unique mis au point par les Laboratoires FILORGA \u00e0 base d&#8217;<strong>ingr\u00e9dients revitalisants<\/strong>\u00a0(vitamines, antioxydant, min\u00e9raux, coenzymes, acides amin\u00e9s).<\/p>\n<p>Le renouvellement cellulaire est instantan\u00e9ment boost\u00e9 et la\u00a0<strong>peau magnifi\u00e9e<\/strong>.<\/p>\n<p>Sa\u00a0<strong>texture ultra-l\u00e9g\u00e8re<\/strong>\u00a0et sensorielle p\u00e9n\u00e8tre rapidement sur la peau sans laisser de fini gras ou collant.<\/p>\n<p>Son flacon coupl\u00e9 d&#8217;une pipette permet de pr\u00e9lever la<strong>\u00a0juste quantit\u00e9 de produit\u00a0<\/strong>chaque matin et chaque soir sans gaspiller.<\/p>\n","protected":false},"excerpt":{"rendered":"<p>Concentr\u00e9 polyrevitalisant supr\u00eame<\/p>\n<p><strong>NCEF-SHOT, le produit soin visage concentr\u00e9 anti-\u00e2ge et anti-rides r\u00e9duit visiblement les rides pour une peau ferme et \u00e9clatante. Ce s\u00e9rum booster r\u00e9g\u00e9n\u00e9rant intensif am\u00e9liore la qualit\u00e9 de la peau et booste la correction des signes du vieillissement en 10 jours.<\/strong><\/p>\n","protected":false},"featured_media":7951,"comment_status":"open","ping_status":"closed","template":"","meta":[],"product_cat":[214,113,63],"product_tag":[],"yoast_head":"<!-- This site is optimized with the Yoast SEO plugin v22.4 - https:\/\/yoast.com\/wordpress\/plugins\/seo\/ -->\n<title>FILORGA NCEF-SHOT - parapharmolivier<\/title>\n<meta name=\"robots\" content=\"index, follow, max-snippet:-1, max-image-preview:large, max-video-preview:-1\" \/>\n<link rel=\"canonical\" href=\"https:\/\/parapharmolivier.com\/index.php\/product\/filorga-ncef-shot\/\" \/>\n<meta property=\"og:locale\" content=\"fr_FR\" \/>\n<meta property=\"og:type\" content=\"article\" \/>\n<meta property=\"og:title\" content=\"FILORGA NCEF-SHOT - parapharmolivier\" \/>\n<meta property=\"og:description\" content=\"Concentr\u00e9 polyrevitalisant supr\u00eame  NCEF-SHOT, le produit soin visage concentr\u00e9 anti-\u00e2ge et anti-rides r\u00e9duit visiblement les rides pour une peau ferme et \u00e9clatante. Ce s\u00e9rum booster r\u00e9g\u00e9n\u00e9rant intensif am\u00e9liore la qualit\u00e9 de la peau et booste la correction des signes du vieillissement en 10 jours.\" \/>\n<meta property=\"og:url\" content=\"https:\/\/parapharmolivier.com\/index.php\/product\/filorga-ncef-shot\/\" \/>\n<meta property=\"og:site_name\" content=\"parapharmolivier\" \/>\n<meta property=\"article:publisher\" content=\"https:\/\/www.facebook.com\/profile.php?id=100042409962367&amp;locale=fr_FR\" \/>\n<meta property=\"article:modified_time\" content=\"2024-12-29T18:27:07+00:00\" \/>\n<meta property=\"og:image\" content=\"https:\/\/parapharmolivier.com\/wp-content\/uploads\/2024\/03\/Filorga-NCEF-Shot-Supreme-Polyrevitalising-Concentrate-0_5-oz.jpeg\" \/>\n\t<meta property=\"og:image:width\" content=\"736\" \/>\n\t<meta property=\"og:image:height\" content=\"736\" \/>\n\t<meta property=\"og:image:type\" content=\"image\/jpeg\" \/>\n<meta name=\"twitter:card\" content=\"summary_large_image\" \/>\n<meta name=\"twitter:label1\" content=\"Dur\u00e9e de lecture estim\u00e9e\" \/>\n\t<meta name=\"twitter:data1\" content=\"1 minute\" \/>\n<script type=\"application\/ld+json\" class=\"yoast-schema-graph\">{\"@context\":\"https:\/\/schema.org\",\"@graph\":[{\"@type\":\"WebPage\",\"@id\":\"https:\/\/parapharmolivier.com\/index.php\/product\/filorga-ncef-shot\/\",\"url\":\"https:\/\/parapharmolivier.com\/index.php\/product\/filorga-ncef-shot\/\",\"name\":\"FILORGA NCEF-SHOT - parapharmolivier\",\"isPartOf\":{\"@id\":\"https:\/\/parapharmolivier.com\/#website\"},\"primaryImageOfPage\":{\"@id\":\"https:\/\/parapharmolivier.com\/index.php\/product\/filorga-ncef-shot\/#primaryimage\"},\"image\":{\"@id\":\"https:\/\/parapharmolivier.com\/index.php\/product\/filorga-ncef-shot\/#primaryimage\"},\"thumbnailUrl\":\"https:\/\/parapharmolivier.com\/wp-content\/uploads\/2024\/03\/Filorga-NCEF-Shot-Supreme-Polyrevitalising-Concentrate-0_5-oz.jpeg\",\"datePublished\":\"2024-03-25T20:21:09+00:00\",\"dateModified\":\"2024-12-29T18:27:07+00:00\",\"breadcrumb\":{\"@id\":\"https:\/\/parapharmolivier.com\/index.php\/product\/filorga-ncef-shot\/#breadcrumb\"},\"inLanguage\":\"fr-FR\",\"potentialAction\":[{\"@type\":\"ReadAction\",\"target\":[\"https:\/\/parapharmolivier.com\/index.php\/product\/filorga-ncef-shot\/\"]}]},{\"@type\":\"ImageObject\",\"inLanguage\":\"fr-FR\",\"@id\":\"https:\/\/parapharmolivier.com\/index.php\/product\/filorga-ncef-shot\/#primaryimage\",\"url\":\"https:\/\/parapharmolivier.com\/wp-content\/uploads\/2024\/03\/Filorga-NCEF-Shot-Supreme-Polyrevitalising-Concentrate-0_5-oz.jpeg\",\"contentUrl\":\"https:\/\/parapharmolivier.com\/wp-content\/uploads\/2024\/03\/Filorga-NCEF-Shot-Supreme-Polyrevitalising-Concentrate-0_5-oz.jpeg\",\"width\":736,\"height\":736},{\"@type\":\"BreadcrumbList\",\"@id\":\"https:\/\/parapharmolivier.com\/index.php\/product\/filorga-ncef-shot\/#breadcrumb\",\"itemListElement\":[{\"@type\":\"ListItem\",\"position\":1,\"name\":\"Accueil\",\"item\":\"https:\/\/parapharmolivier.com\/\"},{\"@type\":\"ListItem\",\"position\":2,\"name\":\"Shop\",\"item\":\"https:\/\/parapharmolivier.com\/index.php\/shop\/\"},{\"@type\":\"ListItem\",\"position\":3,\"name\":\"FILORGA NCEF-SHOT\"}]},{\"@type\":\"WebSite\",\"@id\":\"https:\/\/parapharmolivier.com\/#website\",\"url\":\"https:\/\/parapharmolivier.com\/\",\"name\":\"parapharmolivier.com\",\"description\":\"L&#039;olivier toujours dans votre service\",\"publisher\":{\"@id\":\"https:\/\/parapharmolivier.com\/#organization\"},\"alternateName\":\"Parapharmacie L''Olivier\",\"potentialAction\":[{\"@type\":\"SearchAction\",\"target\":{\"@type\":\"EntryPoint\",\"urlTemplate\":\"https:\/\/parapharmolivier.com\/?s={search_term_string}\"},\"query-input\":\"required name=search_term_string\"}],\"inLanguage\":\"fr-FR\"},{\"@type\":\"Organization\",\"@id\":\"https:\/\/parapharmolivier.com\/#organization\",\"name\":\"Parapharmacie l'Olivier\",\"url\":\"https:\/\/parapharmolivier.com\/\",\"logo\":{\"@type\":\"ImageObject\",\"inLanguage\":\"fr-FR\",\"@id\":\"https:\/\/parapharmolivier.com\/#\/schema\/logo\/image\/\",\"url\":\"https:\/\/parapharmolivier.com\/wp-content\/uploads\/2024\/03\/Pharmacie-l-Olivier-Logo.png\",\"contentUrl\":\"https:\/\/parapharmolivier.com\/wp-content\/uploads\/2024\/03\/Pharmacie-l-Olivier-Logo.png\",\"width\":6300,\"height\":2752,\"caption\":\"Parapharmacie l'Olivier\"},\"image\":{\"@id\":\"https:\/\/parapharmolivier.com\/#\/schema\/logo\/image\/\"},\"sameAs\":[\"https:\/\/www.facebook.com\/profile.php?id=100042409962367&locale=fr_FR\",\"https:\/\/www.instagram.com\/pharmacie_l.olivier_said_hamdi\/\"]}]}<\/script>\n<!-- \/ Yoast SEO plugin. -->","yoast_head_json":{"title":"FILORGA NCEF-SHOT - parapharmolivier","robots":{"index":"index","follow":"follow","max-snippet":"max-snippet:-1","max-image-preview":"max-image-preview:large","max-video-preview":"max-video-preview:-1"},"canonical":"https:\/\/parapharmolivier.com\/index.php\/product\/filorga-ncef-shot\/","og_locale":"fr_FR","og_type":"article","og_title":"FILORGA NCEF-SHOT - parapharmolivier","og_description":"Concentr\u00e9 polyrevitalisant supr\u00eame  NCEF-SHOT, le produit soin visage concentr\u00e9 anti-\u00e2ge et anti-rides r\u00e9duit visiblement les rides pour une peau ferme et \u00e9clatante. Ce s\u00e9rum booster r\u00e9g\u00e9n\u00e9rant intensif am\u00e9liore la qualit\u00e9 de la peau et booste la correction des signes du vieillissement en 10 jours.","og_url":"https:\/\/parapharmolivier.com\/index.php\/product\/filorga-ncef-shot\/","og_site_name":"parapharmolivier","article_publisher":"https:\/\/www.facebook.com\/profile.php?id=100042409962367&locale=fr_FR","article_modified_time":"2024-12-29T18:27:07+00:00","og_image":[{"width":736,"height":736,"url":"https:\/\/parapharmolivier.com\/wp-content\/uploads\/2024\/03\/Filorga-NCEF-Shot-Supreme-Polyrevitalising-Concentrate-0_5-oz.jpeg","type":"image\/jpeg"}],"twitter_card":"summary_large_image","twitter_misc":{"Dur\u00e9e de lecture estim\u00e9e":"1 minute"},"schema":{"@context":"https:\/\/schema.org","@graph":[{"@type":"WebPage","@id":"https:\/\/parapharmolivier.com\/index.php\/product\/filorga-ncef-shot\/","url":"https:\/\/parapharmolivier.com\/index.php\/product\/filorga-ncef-shot\/","name":"FILORGA NCEF-SHOT - parapharmolivier","isPartOf":{"@id":"https:\/\/parapharmolivier.com\/#website"},"primaryImageOfPage":{"@id":"https:\/\/parapharmolivier.com\/index.php\/product\/filorga-ncef-shot\/#primaryimage"},"image":{"@id":"https:\/\/parapharmolivier.com\/index.php\/product\/filorga-ncef-shot\/#primaryimage"},"thumbnailUrl":"https:\/\/parapharmolivier.com\/wp-content\/uploads\/2024\/03\/Filorga-NCEF-Shot-Supreme-Polyrevitalising-Concentrate-0_5-oz.jpeg","datePublished":"2024-03-25T20:21:09+00:00","dateModified":"2024-12-29T18:27:07+00:00","breadcrumb":{"@id":"https:\/\/parapharmolivier.com\/index.php\/product\/filorga-ncef-shot\/#breadcrumb"},"inLanguage":"fr-FR","potentialAction":[{"@type":"ReadAction","target":["https:\/\/parapharmolivier.com\/index.php\/product\/filorga-ncef-shot\/"]}]},{"@type":"ImageObject","inLanguage":"fr-FR","@id":"https:\/\/parapharmolivier.com\/index.php\/product\/filorga-ncef-shot\/#primaryimage","url":"https:\/\/parapharmolivier.com\/wp-content\/uploads\/2024\/03\/Filorga-NCEF-Shot-Supreme-Polyrevitalising-Concentrate-0_5-oz.jpeg","contentUrl":"https:\/\/parapharmolivier.com\/wp-content\/uploads\/2024\/03\/Filorga-NCEF-Shot-Supreme-Polyrevitalising-Concentrate-0_5-oz.jpeg","width":736,"height":736},{"@type":"BreadcrumbList","@id":"https:\/\/parapharmolivier.com\/index.php\/product\/filorga-ncef-shot\/#breadcrumb","itemListElement":[{"@type":"ListItem","position":1,"name":"Accueil","item":"https:\/\/parapharmolivier.com\/"},{"@type":"ListItem","position":2,"name":"Shop","item":"https:\/\/parapharmolivier.com\/index.php\/shop\/"},{"@type":"ListItem","position":3,"name":"FILORGA NCEF-SHOT"}]},{"@type":"WebSite","@id":"https:\/\/parapharmolivier.com\/#website","url":"https:\/\/parapharmolivier.com\/","name":"parapharmolivier.com","description":"L&#039;olivier toujours dans votre service","publisher":{"@id":"https:\/\/parapharmolivier.com\/#organization"},"alternateName":"Parapharmacie L''Olivier","potentialAction":[{"@type":"SearchAction","target":{"@type":"EntryPoint","urlTemplate":"https:\/\/parapharmolivier.com\/?s={search_term_string}"},"query-input":"required name=search_term_string"}],"inLanguage":"fr-FR"},{"@type":"Organization","@id":"https:\/\/parapharmolivier.com\/#organization","name":"Parapharmacie l'Olivier","url":"https:\/\/parapharmolivier.com\/","logo":{"@type":"ImageObject","inLanguage":"fr-FR","@id":"https:\/\/parapharmolivier.com\/#\/schema\/logo\/image\/","url":"https:\/\/parapharmolivier.com\/wp-content\/uploads\/2024\/03\/Pharmacie-l-Olivier-Logo.png","contentUrl":"https:\/\/parapharmolivier.com\/wp-content\/uploads\/2024\/03\/Pharmacie-l-Olivier-Logo.png","width":6300,"height":2752,"caption":"Parapharmacie l'Olivier"},"image":{"@id":"https:\/\/parapharmolivier.com\/#\/schema\/logo\/image\/"},"sameAs":["https:\/\/www.facebook.com\/profile.php?id=100042409962367&locale=fr_FR","https:\/\/www.instagram.com\/pharmacie_l.olivier_said_hamdi\/"]}]}},"jetpack_sharing_enabled":true,"_links":{"self":[{"href":"https:\/\/parapharmolivier.com\/index.php\/wp-json\/wp\/v2\/product\/7949"}],"collection":[{"href":"https:\/\/parapharmolivier.com\/index.php\/wp-json\/wp\/v2\/product"}],"about":[{"href":"https:\/\/parapharmolivier.com\/index.php\/wp-json\/wp\/v2\/types\/product"}],"replies":[{"embeddable":true,"href":"https:\/\/parapharmolivier.com\/index.php\/wp-json\/wp\/v2\/comments?post=7949"}],"wp:featuredmedia":[{"embeddable":true,"href":"https:\/\/parapharmolivier.com\/index.php\/wp-json\/wp\/v2\/media\/7951"}],"wp:attachment":[{"href":"https:\/\/parapharmolivier.com\/index.php\/wp-json\/wp\/v2\/media?parent=7949"}],"wp:term":[{"taxonomy":"product_cat","embeddable":true,"href":"https:\/\/parapharmolivier.com\/index.php\/wp-json\/wp\/v2\/product_cat?post=7949"},{"taxonomy":"product_tag","embeddable":true,"href":"https:\/\/parapharmolivier.com\/index.php\/wp-json\/wp\/v2\/product_tag?post=7949"}],"curies":[{"name":"wp","href":"https:\/\/api.w.org\/{rel}","templated":true}]}}