{"id":7962,"date":"2024-03-25T21:53:49","date_gmt":"2024-03-25T20:53:49","guid":{"rendered":"https:\/\/parapharmolivier.com\/?post_type=product&#038;p=7962"},"modified":"2024-12-29T19:27:41","modified_gmt":"2024-12-29T18:27:41","slug":"filorga-ncef-reverse","status":"publish","type":"product","link":"https:\/\/parapharmolivier.com\/index.php\/product\/filorga-ncef-reverse\/","title":{"rendered":"FILORGA NCEF-REVERSE"},"content":{"rendered":"<p>La cr\u00e8me anti-\u00e2ge \u00e0 base de NCEF inspir\u00e9 des m\u00e9so-injections pour une correction suractiv\u00e9e des rides, de la fermet\u00e9 et de l\u2019\u00e9clat<\/p>\n<p>Ce soin de jour r\u00e9g\u00e9n\u00e9rant aux 50 ingr\u00e9dients \u00e0 concentration comparables \u00e0 celle d\u2019une m\u00e9so-injection(1) am\u00e9liore visiblement la qualit\u00e9 de peau et r\u00e9duit l\u2019apparence des signes de l\u2019\u00e2ge. Une prouesse formulatoire.<\/p>\n<p>3 b\u00e9n\u00e9fices anti-\u00e2ge pour ma peau :<br \/>\n&#8211; Rides liss\u00e9es<br \/>\n&#8211; Peau raffermie<br \/>\n&#8211; Teint plus lumineux<\/p>\n<p>Conseils d&#8217;utilisation :<br \/>\nAppliquer en soin quotidien matin et\/ou soir sur l\u2019ensemble du visage.<\/p>\n","protected":false},"excerpt":{"rendered":"<p>Cr\u00e8me Multi-correctrice Supr\u00eame<\/p>\n<p><strong>NCEF-REVERSE, la cr\u00e8me repulpante anti-\u00e2ge et anti-rides r\u00e9duisant visiblement les rides, pour une peau ferme et \u00e9clatante.<\/strong><\/p>\n","protected":false},"featured_media":7964,"comment_status":"open","ping_status":"closed","template":"","meta":[],"product_cat":[214,113,63],"product_tag":[],"yoast_head":"<!-- This site is optimized with the Yoast SEO plugin v22.4 - https:\/\/yoast.com\/wordpress\/plugins\/seo\/ -->\n<title>FILORGA NCEF-REVERSE - parapharmolivier<\/title>\n<meta name=\"robots\" content=\"index, follow, max-snippet:-1, max-image-preview:large, max-video-preview:-1\" \/>\n<link rel=\"canonical\" href=\"https:\/\/parapharmolivier.com\/index.php\/product\/filorga-ncef-reverse\/\" \/>\n<meta property=\"og:locale\" content=\"fr_FR\" \/>\n<meta property=\"og:type\" content=\"article\" \/>\n<meta property=\"og:title\" content=\"FILORGA NCEF-REVERSE - parapharmolivier\" \/>\n<meta property=\"og:description\" content=\"Cr\u00e8me Multi-correctrice Supr\u00eame  NCEF-REVERSE, la cr\u00e8me repulpante anti-\u00e2ge et anti-rides r\u00e9duisant visiblement les rides, pour une peau ferme et \u00e9clatante.\" \/>\n<meta property=\"og:url\" content=\"https:\/\/parapharmolivier.com\/index.php\/product\/filorga-ncef-reverse\/\" \/>\n<meta property=\"og:site_name\" content=\"parapharmolivier\" \/>\n<meta property=\"article:publisher\" content=\"https:\/\/www.facebook.com\/profile.php?id=100042409962367&amp;locale=fr_FR\" \/>\n<meta property=\"article:modified_time\" content=\"2024-12-29T18:27:41+00:00\" \/>\n<meta property=\"og:image\" content=\"https:\/\/parapharmolivier.com\/wp-content\/uploads\/2024\/03\/Filorga-NCEF-Reverse-Creme-50ml.jpeg\" \/>\n\t<meta property=\"og:image:width\" content=\"736\" \/>\n\t<meta property=\"og:image:height\" content=\"736\" \/>\n\t<meta property=\"og:image:type\" content=\"image\/jpeg\" \/>\n<meta name=\"twitter:card\" content=\"summary_large_image\" \/>\n<script type=\"application\/ld+json\" class=\"yoast-schema-graph\">{\"@context\":\"https:\/\/schema.org\",\"@graph\":[{\"@type\":\"WebPage\",\"@id\":\"https:\/\/parapharmolivier.com\/index.php\/product\/filorga-ncef-reverse\/\",\"url\":\"https:\/\/parapharmolivier.com\/index.php\/product\/filorga-ncef-reverse\/\",\"name\":\"FILORGA NCEF-REVERSE - parapharmolivier\",\"isPartOf\":{\"@id\":\"https:\/\/parapharmolivier.com\/#website\"},\"primaryImageOfPage\":{\"@id\":\"https:\/\/parapharmolivier.com\/index.php\/product\/filorga-ncef-reverse\/#primaryimage\"},\"image\":{\"@id\":\"https:\/\/parapharmolivier.com\/index.php\/product\/filorga-ncef-reverse\/#primaryimage\"},\"thumbnailUrl\":\"https:\/\/parapharmolivier.com\/wp-content\/uploads\/2024\/03\/Filorga-NCEF-Reverse-Creme-50ml.jpeg\",\"datePublished\":\"2024-03-25T20:53:49+00:00\",\"dateModified\":\"2024-12-29T18:27:41+00:00\",\"breadcrumb\":{\"@id\":\"https:\/\/parapharmolivier.com\/index.php\/product\/filorga-ncef-reverse\/#breadcrumb\"},\"inLanguage\":\"fr-FR\",\"potentialAction\":[{\"@type\":\"ReadAction\",\"target\":[\"https:\/\/parapharmolivier.com\/index.php\/product\/filorga-ncef-reverse\/\"]}]},{\"@type\":\"ImageObject\",\"inLanguage\":\"fr-FR\",\"@id\":\"https:\/\/parapharmolivier.com\/index.php\/product\/filorga-ncef-reverse\/#primaryimage\",\"url\":\"https:\/\/parapharmolivier.com\/wp-content\/uploads\/2024\/03\/Filorga-NCEF-Reverse-Creme-50ml.jpeg\",\"contentUrl\":\"https:\/\/parapharmolivier.com\/wp-content\/uploads\/2024\/03\/Filorga-NCEF-Reverse-Creme-50ml.jpeg\",\"width\":736,\"height\":736},{\"@type\":\"BreadcrumbList\",\"@id\":\"https:\/\/parapharmolivier.com\/index.php\/product\/filorga-ncef-reverse\/#breadcrumb\",\"itemListElement\":[{\"@type\":\"ListItem\",\"position\":1,\"name\":\"Accueil\",\"item\":\"https:\/\/parapharmolivier.com\/\"},{\"@type\":\"ListItem\",\"position\":2,\"name\":\"Shop\",\"item\":\"https:\/\/parapharmolivier.com\/index.php\/shop\/\"},{\"@type\":\"ListItem\",\"position\":3,\"name\":\"FILORGA NCEF-REVERSE\"}]},{\"@type\":\"WebSite\",\"@id\":\"https:\/\/parapharmolivier.com\/#website\",\"url\":\"https:\/\/parapharmolivier.com\/\",\"name\":\"parapharmolivier.com\",\"description\":\"L&#039;olivier toujours dans votre service\",\"publisher\":{\"@id\":\"https:\/\/parapharmolivier.com\/#organization\"},\"alternateName\":\"Parapharmacie L''Olivier\",\"potentialAction\":[{\"@type\":\"SearchAction\",\"target\":{\"@type\":\"EntryPoint\",\"urlTemplate\":\"https:\/\/parapharmolivier.com\/?s={search_term_string}\"},\"query-input\":\"required name=search_term_string\"}],\"inLanguage\":\"fr-FR\"},{\"@type\":\"Organization\",\"@id\":\"https:\/\/parapharmolivier.com\/#organization\",\"name\":\"Parapharmacie l'Olivier\",\"url\":\"https:\/\/parapharmolivier.com\/\",\"logo\":{\"@type\":\"ImageObject\",\"inLanguage\":\"fr-FR\",\"@id\":\"https:\/\/parapharmolivier.com\/#\/schema\/logo\/image\/\",\"url\":\"https:\/\/parapharmolivier.com\/wp-content\/uploads\/2024\/03\/Pharmacie-l-Olivier-Logo.png\",\"contentUrl\":\"https:\/\/parapharmolivier.com\/wp-content\/uploads\/2024\/03\/Pharmacie-l-Olivier-Logo.png\",\"width\":6300,\"height\":2752,\"caption\":\"Parapharmacie l'Olivier\"},\"image\":{\"@id\":\"https:\/\/parapharmolivier.com\/#\/schema\/logo\/image\/\"},\"sameAs\":[\"https:\/\/www.facebook.com\/profile.php?id=100042409962367&locale=fr_FR\",\"https:\/\/www.instagram.com\/pharmacie_l.olivier_said_hamdi\/\"]}]}<\/script>\n<!-- \/ Yoast SEO plugin. -->","yoast_head_json":{"title":"FILORGA NCEF-REVERSE - parapharmolivier","robots":{"index":"index","follow":"follow","max-snippet":"max-snippet:-1","max-image-preview":"max-image-preview:large","max-video-preview":"max-video-preview:-1"},"canonical":"https:\/\/parapharmolivier.com\/index.php\/product\/filorga-ncef-reverse\/","og_locale":"fr_FR","og_type":"article","og_title":"FILORGA NCEF-REVERSE - parapharmolivier","og_description":"Cr\u00e8me Multi-correctrice Supr\u00eame  NCEF-REVERSE, la cr\u00e8me repulpante anti-\u00e2ge et anti-rides r\u00e9duisant visiblement les rides, pour une peau ferme et \u00e9clatante.","og_url":"https:\/\/parapharmolivier.com\/index.php\/product\/filorga-ncef-reverse\/","og_site_name":"parapharmolivier","article_publisher":"https:\/\/www.facebook.com\/profile.php?id=100042409962367&locale=fr_FR","article_modified_time":"2024-12-29T18:27:41+00:00","og_image":[{"width":736,"height":736,"url":"https:\/\/parapharmolivier.com\/wp-content\/uploads\/2024\/03\/Filorga-NCEF-Reverse-Creme-50ml.jpeg","type":"image\/jpeg"}],"twitter_card":"summary_large_image","schema":{"@context":"https:\/\/schema.org","@graph":[{"@type":"WebPage","@id":"https:\/\/parapharmolivier.com\/index.php\/product\/filorga-ncef-reverse\/","url":"https:\/\/parapharmolivier.com\/index.php\/product\/filorga-ncef-reverse\/","name":"FILORGA NCEF-REVERSE - parapharmolivier","isPartOf":{"@id":"https:\/\/parapharmolivier.com\/#website"},"primaryImageOfPage":{"@id":"https:\/\/parapharmolivier.com\/index.php\/product\/filorga-ncef-reverse\/#primaryimage"},"image":{"@id":"https:\/\/parapharmolivier.com\/index.php\/product\/filorga-ncef-reverse\/#primaryimage"},"thumbnailUrl":"https:\/\/parapharmolivier.com\/wp-content\/uploads\/2024\/03\/Filorga-NCEF-Reverse-Creme-50ml.jpeg","datePublished":"2024-03-25T20:53:49+00:00","dateModified":"2024-12-29T18:27:41+00:00","breadcrumb":{"@id":"https:\/\/parapharmolivier.com\/index.php\/product\/filorga-ncef-reverse\/#breadcrumb"},"inLanguage":"fr-FR","potentialAction":[{"@type":"ReadAction","target":["https:\/\/parapharmolivier.com\/index.php\/product\/filorga-ncef-reverse\/"]}]},{"@type":"ImageObject","inLanguage":"fr-FR","@id":"https:\/\/parapharmolivier.com\/index.php\/product\/filorga-ncef-reverse\/#primaryimage","url":"https:\/\/parapharmolivier.com\/wp-content\/uploads\/2024\/03\/Filorga-NCEF-Reverse-Creme-50ml.jpeg","contentUrl":"https:\/\/parapharmolivier.com\/wp-content\/uploads\/2024\/03\/Filorga-NCEF-Reverse-Creme-50ml.jpeg","width":736,"height":736},{"@type":"BreadcrumbList","@id":"https:\/\/parapharmolivier.com\/index.php\/product\/filorga-ncef-reverse\/#breadcrumb","itemListElement":[{"@type":"ListItem","position":1,"name":"Accueil","item":"https:\/\/parapharmolivier.com\/"},{"@type":"ListItem","position":2,"name":"Shop","item":"https:\/\/parapharmolivier.com\/index.php\/shop\/"},{"@type":"ListItem","position":3,"name":"FILORGA NCEF-REVERSE"}]},{"@type":"WebSite","@id":"https:\/\/parapharmolivier.com\/#website","url":"https:\/\/parapharmolivier.com\/","name":"parapharmolivier.com","description":"L&#039;olivier toujours dans votre service","publisher":{"@id":"https:\/\/parapharmolivier.com\/#organization"},"alternateName":"Parapharmacie L''Olivier","potentialAction":[{"@type":"SearchAction","target":{"@type":"EntryPoint","urlTemplate":"https:\/\/parapharmolivier.com\/?s={search_term_string}"},"query-input":"required name=search_term_string"}],"inLanguage":"fr-FR"},{"@type":"Organization","@id":"https:\/\/parapharmolivier.com\/#organization","name":"Parapharmacie l'Olivier","url":"https:\/\/parapharmolivier.com\/","logo":{"@type":"ImageObject","inLanguage":"fr-FR","@id":"https:\/\/parapharmolivier.com\/#\/schema\/logo\/image\/","url":"https:\/\/parapharmolivier.com\/wp-content\/uploads\/2024\/03\/Pharmacie-l-Olivier-Logo.png","contentUrl":"https:\/\/parapharmolivier.com\/wp-content\/uploads\/2024\/03\/Pharmacie-l-Olivier-Logo.png","width":6300,"height":2752,"caption":"Parapharmacie l'Olivier"},"image":{"@id":"https:\/\/parapharmolivier.com\/#\/schema\/logo\/image\/"},"sameAs":["https:\/\/www.facebook.com\/profile.php?id=100042409962367&locale=fr_FR","https:\/\/www.instagram.com\/pharmacie_l.olivier_said_hamdi\/"]}]}},"jetpack_sharing_enabled":true,"_links":{"self":[{"href":"https:\/\/parapharmolivier.com\/index.php\/wp-json\/wp\/v2\/product\/7962"}],"collection":[{"href":"https:\/\/parapharmolivier.com\/index.php\/wp-json\/wp\/v2\/product"}],"about":[{"href":"https:\/\/parapharmolivier.com\/index.php\/wp-json\/wp\/v2\/types\/product"}],"replies":[{"embeddable":true,"href":"https:\/\/parapharmolivier.com\/index.php\/wp-json\/wp\/v2\/comments?post=7962"}],"wp:featuredmedia":[{"embeddable":true,"href":"https:\/\/parapharmolivier.com\/index.php\/wp-json\/wp\/v2\/media\/7964"}],"wp:attachment":[{"href":"https:\/\/parapharmolivier.com\/index.php\/wp-json\/wp\/v2\/media?parent=7962"}],"wp:term":[{"taxonomy":"product_cat","embeddable":true,"href":"https:\/\/parapharmolivier.com\/index.php\/wp-json\/wp\/v2\/product_cat?post=7962"},{"taxonomy":"product_tag","embeddable":true,"href":"https:\/\/parapharmolivier.com\/index.php\/wp-json\/wp\/v2\/product_tag?post=7962"}],"curies":[{"name":"wp","href":"https:\/\/api.w.org\/{rel}","templated":true}]}}