{"id":8218,"date":"2024-04-03T15:32:04","date_gmt":"2024-04-03T13:32:04","guid":{"rendered":"https:\/\/parapharmolivier.com\/?post_type=product&#038;p=8218"},"modified":"2024-04-03T15:32:04","modified_gmt":"2024-04-03T13:32:04","slug":"leila-elite-lift-anti-vergetures-spray","status":"publish","type":"product","link":"https:\/\/parapharmolivier.com\/index.php\/product\/leila-elite-lift-anti-vergetures-spray\/","title":{"rendered":"Leila Elite Lift + anti-vergetures spray"},"content":{"rendered":"<p>La gamme LIFT+ est adapt\u00e9e aux peaux sujettes aux vergetures 3 en 1 de LEILA ELITE aide \u00e0 :<\/p>\n<p>1- Apaiser les d\u00e9mangeaisons.<\/p>\n<p>2-Hydrater la peau.<\/p>\n<p>3-Renforcer l\u2019\u00e9lasticit\u00e9 de la peau.<\/p>\n<p>C\u2019est une solution efficace pour les vergetures Rubra (Rouge violac\u00e9es) avec son effet anti-inflammatoire, hydratant et stimule la synth\u00e8se des fibres collag\u00e8ne et \u00e9lastiques par les fibroblastes. L\u2019association des huiles (macadamia, coco et beurre de cacao) a pour but de nourrir et d\u2019assouplir la peau en manque d\u2019\u00e9lasticit\u00e9,Contre les vergetures, elle saura pr\u00e9venir leur apparition et r\u00e9duire celles d\u00e9j\u00e0 pr\u00e9sentes.<\/p>\n","protected":false},"excerpt":{"rendered":"<p>C\u2019est une solution efficace pour les vergetures Rubra (Rouge violac\u00e9es) avec son effet anti-inflammatoire, hydratant et stimule la synth\u00e8se des fibres collag\u00e8ne et \u00e9lastiques par les fibroblastes. L\u2019association des huiles (macadamia, coco et beurre de cacao) a pour but de nourrir et d\u2019assouplir la peau en manque d\u2019\u00e9lasticit\u00e9,Contre les vergetures, elle saura pr\u00e9venir leur apparition et r\u00e9duire celles d\u00e9j\u00e0 pr\u00e9sentes.<\/p>\n","protected":false},"featured_media":8219,"comment_status":"open","ping_status":"closed","template":"","meta":[],"product_cat":[138],"product_tag":[],"yoast_head":"<!-- This site is optimized with the Yoast SEO plugin v22.4 - https:\/\/yoast.com\/wordpress\/plugins\/seo\/ -->\n<title>Leila Elite Lift + anti-vergetures spray - parapharmolivier<\/title>\n<meta name=\"robots\" content=\"index, follow, max-snippet:-1, max-image-preview:large, max-video-preview:-1\" \/>\n<link rel=\"canonical\" href=\"https:\/\/parapharmolivier.com\/index.php\/product\/leila-elite-lift-anti-vergetures-spray\/\" \/>\n<meta property=\"og:locale\" content=\"fr_FR\" \/>\n<meta property=\"og:type\" content=\"article\" \/>\n<meta property=\"og:title\" content=\"Leila Elite Lift + anti-vergetures spray - parapharmolivier\" \/>\n<meta property=\"og:description\" content=\"C\u2019est une solution efficace pour les vergetures Rubra (Rouge violac\u00e9es) avec son effet anti-inflammatoire, hydratant et stimule la synth\u00e8se des fibres collag\u00e8ne et \u00e9lastiques par les fibroblastes. L\u2019association des huiles (macadamia, coco et beurre de cacao) a pour but de nourrir et d\u2019assouplir la peau en manque d\u2019\u00e9lasticit\u00e9,Contre les vergetures, elle saura pr\u00e9venir leur apparition et r\u00e9duire celles d\u00e9j\u00e0 pr\u00e9sentes.\" \/>\n<meta property=\"og:url\" content=\"https:\/\/parapharmolivier.com\/index.php\/product\/leila-elite-lift-anti-vergetures-spray\/\" \/>\n<meta property=\"og:site_name\" content=\"parapharmolivier\" \/>\n<meta property=\"article:publisher\" content=\"https:\/\/www.facebook.com\/profile.php?id=100042409962367&amp;locale=fr_FR\" \/>\n<meta property=\"og:image\" content=\"https:\/\/parapharmolivier.com\/wp-content\/uploads\/2024\/04\/3d-lift-spray-P2.png\" \/>\n\t<meta property=\"og:image:width\" content=\"2000\" \/>\n\t<meta property=\"og:image:height\" content=\"2000\" \/>\n\t<meta property=\"og:image:type\" content=\"image\/png\" \/>\n<meta name=\"twitter:card\" content=\"summary_large_image\" \/>\n<meta name=\"twitter:label1\" content=\"Dur\u00e9e de lecture estim\u00e9e\" \/>\n\t<meta name=\"twitter:data1\" content=\"1 minute\" \/>\n<script type=\"application\/ld+json\" class=\"yoast-schema-graph\">{\"@context\":\"https:\/\/schema.org\",\"@graph\":[{\"@type\":\"WebPage\",\"@id\":\"https:\/\/parapharmolivier.com\/index.php\/product\/leila-elite-lift-anti-vergetures-spray\/\",\"url\":\"https:\/\/parapharmolivier.com\/index.php\/product\/leila-elite-lift-anti-vergetures-spray\/\",\"name\":\"Leila Elite Lift + anti-vergetures spray - parapharmolivier\",\"isPartOf\":{\"@id\":\"https:\/\/parapharmolivier.com\/#website\"},\"primaryImageOfPage\":{\"@id\":\"https:\/\/parapharmolivier.com\/index.php\/product\/leila-elite-lift-anti-vergetures-spray\/#primaryimage\"},\"image\":{\"@id\":\"https:\/\/parapharmolivier.com\/index.php\/product\/leila-elite-lift-anti-vergetures-spray\/#primaryimage\"},\"thumbnailUrl\":\"https:\/\/parapharmolivier.com\/wp-content\/uploads\/2024\/04\/3d-lift-spray-P2.png\",\"datePublished\":\"2024-04-03T13:32:04+00:00\",\"dateModified\":\"2024-04-03T13:32:04+00:00\",\"breadcrumb\":{\"@id\":\"https:\/\/parapharmolivier.com\/index.php\/product\/leila-elite-lift-anti-vergetures-spray\/#breadcrumb\"},\"inLanguage\":\"fr-FR\",\"potentialAction\":[{\"@type\":\"ReadAction\",\"target\":[\"https:\/\/parapharmolivier.com\/index.php\/product\/leila-elite-lift-anti-vergetures-spray\/\"]}]},{\"@type\":\"ImageObject\",\"inLanguage\":\"fr-FR\",\"@id\":\"https:\/\/parapharmolivier.com\/index.php\/product\/leila-elite-lift-anti-vergetures-spray\/#primaryimage\",\"url\":\"https:\/\/parapharmolivier.com\/wp-content\/uploads\/2024\/04\/3d-lift-spray-P2.png\",\"contentUrl\":\"https:\/\/parapharmolivier.com\/wp-content\/uploads\/2024\/04\/3d-lift-spray-P2.png\",\"width\":2000,\"height\":2000},{\"@type\":\"BreadcrumbList\",\"@id\":\"https:\/\/parapharmolivier.com\/index.php\/product\/leila-elite-lift-anti-vergetures-spray\/#breadcrumb\",\"itemListElement\":[{\"@type\":\"ListItem\",\"position\":1,\"name\":\"Accueil\",\"item\":\"https:\/\/parapharmolivier.com\/\"},{\"@type\":\"ListItem\",\"position\":2,\"name\":\"Shop\",\"item\":\"https:\/\/parapharmolivier.com\/index.php\/shop\/\"},{\"@type\":\"ListItem\",\"position\":3,\"name\":\"Leila Elite Lift + anti-vergetures spray\"}]},{\"@type\":\"WebSite\",\"@id\":\"https:\/\/parapharmolivier.com\/#website\",\"url\":\"https:\/\/parapharmolivier.com\/\",\"name\":\"parapharmolivier.com\",\"description\":\"L&#039;olivier toujours dans votre service\",\"publisher\":{\"@id\":\"https:\/\/parapharmolivier.com\/#organization\"},\"alternateName\":\"Parapharmacie L''Olivier\",\"potentialAction\":[{\"@type\":\"SearchAction\",\"target\":{\"@type\":\"EntryPoint\",\"urlTemplate\":\"https:\/\/parapharmolivier.com\/?s={search_term_string}\"},\"query-input\":\"required name=search_term_string\"}],\"inLanguage\":\"fr-FR\"},{\"@type\":\"Organization\",\"@id\":\"https:\/\/parapharmolivier.com\/#organization\",\"name\":\"Parapharmacie l'Olivier\",\"url\":\"https:\/\/parapharmolivier.com\/\",\"logo\":{\"@type\":\"ImageObject\",\"inLanguage\":\"fr-FR\",\"@id\":\"https:\/\/parapharmolivier.com\/#\/schema\/logo\/image\/\",\"url\":\"https:\/\/parapharmolivier.com\/wp-content\/uploads\/2024\/03\/Pharmacie-l-Olivier-Logo.png\",\"contentUrl\":\"https:\/\/parapharmolivier.com\/wp-content\/uploads\/2024\/03\/Pharmacie-l-Olivier-Logo.png\",\"width\":6300,\"height\":2752,\"caption\":\"Parapharmacie l'Olivier\"},\"image\":{\"@id\":\"https:\/\/parapharmolivier.com\/#\/schema\/logo\/image\/\"},\"sameAs\":[\"https:\/\/www.facebook.com\/profile.php?id=100042409962367&locale=fr_FR\",\"https:\/\/www.instagram.com\/pharmacie_l.olivier_said_hamdi\/\"]}]}<\/script>\n<!-- \/ Yoast SEO plugin. -->","yoast_head_json":{"title":"Leila Elite Lift + anti-vergetures spray - parapharmolivier","robots":{"index":"index","follow":"follow","max-snippet":"max-snippet:-1","max-image-preview":"max-image-preview:large","max-video-preview":"max-video-preview:-1"},"canonical":"https:\/\/parapharmolivier.com\/index.php\/product\/leila-elite-lift-anti-vergetures-spray\/","og_locale":"fr_FR","og_type":"article","og_title":"Leila Elite Lift + anti-vergetures spray - parapharmolivier","og_description":"C\u2019est une solution efficace pour les vergetures Rubra (Rouge violac\u00e9es) avec son effet anti-inflammatoire, hydratant et stimule la synth\u00e8se des fibres collag\u00e8ne et \u00e9lastiques par les fibroblastes. L\u2019association des huiles (macadamia, coco et beurre de cacao) a pour but de nourrir et d\u2019assouplir la peau en manque d\u2019\u00e9lasticit\u00e9,Contre les vergetures, elle saura pr\u00e9venir leur apparition et r\u00e9duire celles d\u00e9j\u00e0 pr\u00e9sentes.","og_url":"https:\/\/parapharmolivier.com\/index.php\/product\/leila-elite-lift-anti-vergetures-spray\/","og_site_name":"parapharmolivier","article_publisher":"https:\/\/www.facebook.com\/profile.php?id=100042409962367&locale=fr_FR","og_image":[{"width":2000,"height":2000,"url":"https:\/\/parapharmolivier.com\/wp-content\/uploads\/2024\/04\/3d-lift-spray-P2.png","type":"image\/png"}],"twitter_card":"summary_large_image","twitter_misc":{"Dur\u00e9e de lecture estim\u00e9e":"1 minute"},"schema":{"@context":"https:\/\/schema.org","@graph":[{"@type":"WebPage","@id":"https:\/\/parapharmolivier.com\/index.php\/product\/leila-elite-lift-anti-vergetures-spray\/","url":"https:\/\/parapharmolivier.com\/index.php\/product\/leila-elite-lift-anti-vergetures-spray\/","name":"Leila Elite Lift + anti-vergetures spray - parapharmolivier","isPartOf":{"@id":"https:\/\/parapharmolivier.com\/#website"},"primaryImageOfPage":{"@id":"https:\/\/parapharmolivier.com\/index.php\/product\/leila-elite-lift-anti-vergetures-spray\/#primaryimage"},"image":{"@id":"https:\/\/parapharmolivier.com\/index.php\/product\/leila-elite-lift-anti-vergetures-spray\/#primaryimage"},"thumbnailUrl":"https:\/\/parapharmolivier.com\/wp-content\/uploads\/2024\/04\/3d-lift-spray-P2.png","datePublished":"2024-04-03T13:32:04+00:00","dateModified":"2024-04-03T13:32:04+00:00","breadcrumb":{"@id":"https:\/\/parapharmolivier.com\/index.php\/product\/leila-elite-lift-anti-vergetures-spray\/#breadcrumb"},"inLanguage":"fr-FR","potentialAction":[{"@type":"ReadAction","target":["https:\/\/parapharmolivier.com\/index.php\/product\/leila-elite-lift-anti-vergetures-spray\/"]}]},{"@type":"ImageObject","inLanguage":"fr-FR","@id":"https:\/\/parapharmolivier.com\/index.php\/product\/leila-elite-lift-anti-vergetures-spray\/#primaryimage","url":"https:\/\/parapharmolivier.com\/wp-content\/uploads\/2024\/04\/3d-lift-spray-P2.png","contentUrl":"https:\/\/parapharmolivier.com\/wp-content\/uploads\/2024\/04\/3d-lift-spray-P2.png","width":2000,"height":2000},{"@type":"BreadcrumbList","@id":"https:\/\/parapharmolivier.com\/index.php\/product\/leila-elite-lift-anti-vergetures-spray\/#breadcrumb","itemListElement":[{"@type":"ListItem","position":1,"name":"Accueil","item":"https:\/\/parapharmolivier.com\/"},{"@type":"ListItem","position":2,"name":"Shop","item":"https:\/\/parapharmolivier.com\/index.php\/shop\/"},{"@type":"ListItem","position":3,"name":"Leila Elite Lift + anti-vergetures spray"}]},{"@type":"WebSite","@id":"https:\/\/parapharmolivier.com\/#website","url":"https:\/\/parapharmolivier.com\/","name":"parapharmolivier.com","description":"L&#039;olivier toujours dans votre service","publisher":{"@id":"https:\/\/parapharmolivier.com\/#organization"},"alternateName":"Parapharmacie L''Olivier","potentialAction":[{"@type":"SearchAction","target":{"@type":"EntryPoint","urlTemplate":"https:\/\/parapharmolivier.com\/?s={search_term_string}"},"query-input":"required name=search_term_string"}],"inLanguage":"fr-FR"},{"@type":"Organization","@id":"https:\/\/parapharmolivier.com\/#organization","name":"Parapharmacie l'Olivier","url":"https:\/\/parapharmolivier.com\/","logo":{"@type":"ImageObject","inLanguage":"fr-FR","@id":"https:\/\/parapharmolivier.com\/#\/schema\/logo\/image\/","url":"https:\/\/parapharmolivier.com\/wp-content\/uploads\/2024\/03\/Pharmacie-l-Olivier-Logo.png","contentUrl":"https:\/\/parapharmolivier.com\/wp-content\/uploads\/2024\/03\/Pharmacie-l-Olivier-Logo.png","width":6300,"height":2752,"caption":"Parapharmacie l'Olivier"},"image":{"@id":"https:\/\/parapharmolivier.com\/#\/schema\/logo\/image\/"},"sameAs":["https:\/\/www.facebook.com\/profile.php?id=100042409962367&locale=fr_FR","https:\/\/www.instagram.com\/pharmacie_l.olivier_said_hamdi\/"]}]}},"jetpack_sharing_enabled":true,"_links":{"self":[{"href":"https:\/\/parapharmolivier.com\/index.php\/wp-json\/wp\/v2\/product\/8218"}],"collection":[{"href":"https:\/\/parapharmolivier.com\/index.php\/wp-json\/wp\/v2\/product"}],"about":[{"href":"https:\/\/parapharmolivier.com\/index.php\/wp-json\/wp\/v2\/types\/product"}],"replies":[{"embeddable":true,"href":"https:\/\/parapharmolivier.com\/index.php\/wp-json\/wp\/v2\/comments?post=8218"}],"wp:featuredmedia":[{"embeddable":true,"href":"https:\/\/parapharmolivier.com\/index.php\/wp-json\/wp\/v2\/media\/8219"}],"wp:attachment":[{"href":"https:\/\/parapharmolivier.com\/index.php\/wp-json\/wp\/v2\/media?parent=8218"}],"wp:term":[{"taxonomy":"product_cat","embeddable":true,"href":"https:\/\/parapharmolivier.com\/index.php\/wp-json\/wp\/v2\/product_cat?post=8218"},{"taxonomy":"product_tag","embeddable":true,"href":"https:\/\/parapharmolivier.com\/index.php\/wp-json\/wp\/v2\/product_tag?post=8218"}],"curies":[{"name":"wp","href":"https:\/\/api.w.org\/{rel}","templated":true}]}}