{"id":8250,"date":"2024-04-04T14:51:44","date_gmt":"2024-04-04T12:51:44","guid":{"rendered":"https:\/\/parapharmolivier.com\/?post_type=product&#038;p=8250"},"modified":"2024-04-04T14:51:45","modified_gmt":"2024-04-04T12:51:45","slug":"leila-elite-varices-plus-jambe-lourde-spray","status":"publish","type":"product","link":"https:\/\/parapharmolivier.com\/index.php\/product\/leila-elite-varices-plus-jambe-lourde-spray\/","title":{"rendered":"Leila Elite Varices plus jambe lourde spray"},"content":{"rendered":"<p><strong>Varices Plus :<\/strong>La gamme miraculeuse Varices Plus est la solution pour la fragilit\u00e9 veineuse \u00e0 titre curatif en att\u00e9nuant les varices apparentes et pr\u00e9venir l\u2019apparition de nouvelles varices et les jambes lourdes. Elle est riche en extraits de plantes naturelles qui procure un effet imm\u00e9diat, intense et durable pour soulager les jambes fatigu\u00e9es et tonifier la circulation sanguine des veines.<\/p>\n","protected":false},"excerpt":{"rendered":"<p><strong>Varices Plus :<\/strong>La gamme miraculeuse Varices Plus est la solution pour la fragilit\u00e9 veineuse \u00e0 titre curatif en att\u00e9nuant les varices apparentes et pr\u00e9venir l\u2019apparition de nouvelles varices et les jambes lourdes. Elle est riche en extraits de plantes naturelles qui procure un effet imm\u00e9diat, intense et durable pour soulager les jambes fatigu\u00e9es et tonifier la circulation sanguine des veines.<\/p>\n","protected":false},"featured_media":8251,"comment_status":"open","ping_status":"closed","template":"","meta":[],"product_cat":[181],"product_tag":[],"yoast_head":"<!-- This site is optimized with the Yoast SEO plugin v22.4 - https:\/\/yoast.com\/wordpress\/plugins\/seo\/ -->\n<title>Leila Elite Varices plus jambe lourde spray - parapharmolivier<\/title>\n<meta name=\"robots\" content=\"index, follow, max-snippet:-1, max-image-preview:large, max-video-preview:-1\" \/>\n<link rel=\"canonical\" href=\"https:\/\/parapharmolivier.com\/index.php\/product\/leila-elite-varices-plus-jambe-lourde-spray\/\" \/>\n<meta property=\"og:locale\" content=\"fr_FR\" \/>\n<meta property=\"og:type\" content=\"article\" \/>\n<meta property=\"og:title\" content=\"Leila Elite Varices plus jambe lourde spray - parapharmolivier\" \/>\n<meta property=\"og:description\" content=\"Varices Plus :La gamme miraculeuse Varices Plus est la solution pour la fragilit\u00e9 veineuse \u00e0 titre curatif en att\u00e9nuant les varices apparentes et pr\u00e9venir l\u2019apparition de nouvelles varices et les jambes lourdes. Elle est riche en extraits de plantes naturelles qui procure un effet imm\u00e9diat, intense et durable pour soulager les jambes fatigu\u00e9es et tonifier la circulation sanguine des veines.\" \/>\n<meta property=\"og:url\" content=\"https:\/\/parapharmolivier.com\/index.php\/product\/leila-elite-varices-plus-jambe-lourde-spray\/\" \/>\n<meta property=\"og:site_name\" content=\"parapharmolivier\" \/>\n<meta property=\"article:publisher\" content=\"https:\/\/www.facebook.com\/profile.php?id=100042409962367&amp;locale=fr_FR\" \/>\n<meta property=\"article:modified_time\" content=\"2024-04-04T12:51:45+00:00\" \/>\n<meta property=\"og:image\" content=\"https:\/\/parapharmolivier.com\/wp-content\/uploads\/2024\/04\/sp.png\" \/>\n\t<meta property=\"og:image:width\" content=\"1000\" \/>\n\t<meta property=\"og:image:height\" content=\"1000\" \/>\n\t<meta property=\"og:image:type\" content=\"image\/png\" \/>\n<meta name=\"twitter:card\" content=\"summary_large_image\" \/>\n<script type=\"application\/ld+json\" class=\"yoast-schema-graph\">{\"@context\":\"https:\/\/schema.org\",\"@graph\":[{\"@type\":\"WebPage\",\"@id\":\"https:\/\/parapharmolivier.com\/index.php\/product\/leila-elite-varices-plus-jambe-lourde-spray\/\",\"url\":\"https:\/\/parapharmolivier.com\/index.php\/product\/leila-elite-varices-plus-jambe-lourde-spray\/\",\"name\":\"Leila Elite Varices plus jambe lourde spray - parapharmolivier\",\"isPartOf\":{\"@id\":\"https:\/\/parapharmolivier.com\/#website\"},\"primaryImageOfPage\":{\"@id\":\"https:\/\/parapharmolivier.com\/index.php\/product\/leila-elite-varices-plus-jambe-lourde-spray\/#primaryimage\"},\"image\":{\"@id\":\"https:\/\/parapharmolivier.com\/index.php\/product\/leila-elite-varices-plus-jambe-lourde-spray\/#primaryimage\"},\"thumbnailUrl\":\"https:\/\/parapharmolivier.com\/wp-content\/uploads\/2024\/04\/sp.png\",\"datePublished\":\"2024-04-04T12:51:44+00:00\",\"dateModified\":\"2024-04-04T12:51:45+00:00\",\"breadcrumb\":{\"@id\":\"https:\/\/parapharmolivier.com\/index.php\/product\/leila-elite-varices-plus-jambe-lourde-spray\/#breadcrumb\"},\"inLanguage\":\"fr-FR\",\"potentialAction\":[{\"@type\":\"ReadAction\",\"target\":[\"https:\/\/parapharmolivier.com\/index.php\/product\/leila-elite-varices-plus-jambe-lourde-spray\/\"]}]},{\"@type\":\"ImageObject\",\"inLanguage\":\"fr-FR\",\"@id\":\"https:\/\/parapharmolivier.com\/index.php\/product\/leila-elite-varices-plus-jambe-lourde-spray\/#primaryimage\",\"url\":\"https:\/\/parapharmolivier.com\/wp-content\/uploads\/2024\/04\/sp.png\",\"contentUrl\":\"https:\/\/parapharmolivier.com\/wp-content\/uploads\/2024\/04\/sp.png\",\"width\":1000,\"height\":1000},{\"@type\":\"BreadcrumbList\",\"@id\":\"https:\/\/parapharmolivier.com\/index.php\/product\/leila-elite-varices-plus-jambe-lourde-spray\/#breadcrumb\",\"itemListElement\":[{\"@type\":\"ListItem\",\"position\":1,\"name\":\"Accueil\",\"item\":\"https:\/\/parapharmolivier.com\/\"},{\"@type\":\"ListItem\",\"position\":2,\"name\":\"Shop\",\"item\":\"https:\/\/parapharmolivier.com\/index.php\/shop\/\"},{\"@type\":\"ListItem\",\"position\":3,\"name\":\"Leila Elite Varices plus jambe lourde spray\"}]},{\"@type\":\"WebSite\",\"@id\":\"https:\/\/parapharmolivier.com\/#website\",\"url\":\"https:\/\/parapharmolivier.com\/\",\"name\":\"parapharmolivier.com\",\"description\":\"L&#039;olivier toujours dans votre service\",\"publisher\":{\"@id\":\"https:\/\/parapharmolivier.com\/#organization\"},\"alternateName\":\"Parapharmacie L''Olivier\",\"potentialAction\":[{\"@type\":\"SearchAction\",\"target\":{\"@type\":\"EntryPoint\",\"urlTemplate\":\"https:\/\/parapharmolivier.com\/?s={search_term_string}\"},\"query-input\":\"required name=search_term_string\"}],\"inLanguage\":\"fr-FR\"},{\"@type\":\"Organization\",\"@id\":\"https:\/\/parapharmolivier.com\/#organization\",\"name\":\"Parapharmacie l'Olivier\",\"url\":\"https:\/\/parapharmolivier.com\/\",\"logo\":{\"@type\":\"ImageObject\",\"inLanguage\":\"fr-FR\",\"@id\":\"https:\/\/parapharmolivier.com\/#\/schema\/logo\/image\/\",\"url\":\"https:\/\/parapharmolivier.com\/wp-content\/uploads\/2024\/03\/Pharmacie-l-Olivier-Logo.png\",\"contentUrl\":\"https:\/\/parapharmolivier.com\/wp-content\/uploads\/2024\/03\/Pharmacie-l-Olivier-Logo.png\",\"width\":6300,\"height\":2752,\"caption\":\"Parapharmacie l'Olivier\"},\"image\":{\"@id\":\"https:\/\/parapharmolivier.com\/#\/schema\/logo\/image\/\"},\"sameAs\":[\"https:\/\/www.facebook.com\/profile.php?id=100042409962367&locale=fr_FR\",\"https:\/\/www.instagram.com\/pharmacie_l.olivier_said_hamdi\/\"]}]}<\/script>\n<!-- \/ Yoast SEO plugin. -->","yoast_head_json":{"title":"Leila Elite Varices plus jambe lourde spray - parapharmolivier","robots":{"index":"index","follow":"follow","max-snippet":"max-snippet:-1","max-image-preview":"max-image-preview:large","max-video-preview":"max-video-preview:-1"},"canonical":"https:\/\/parapharmolivier.com\/index.php\/product\/leila-elite-varices-plus-jambe-lourde-spray\/","og_locale":"fr_FR","og_type":"article","og_title":"Leila Elite Varices plus jambe lourde spray - parapharmolivier","og_description":"Varices Plus :La gamme miraculeuse Varices Plus est la solution pour la fragilit\u00e9 veineuse \u00e0 titre curatif en att\u00e9nuant les varices apparentes et pr\u00e9venir l\u2019apparition de nouvelles varices et les jambes lourdes. Elle est riche en extraits de plantes naturelles qui procure un effet imm\u00e9diat, intense et durable pour soulager les jambes fatigu\u00e9es et tonifier la circulation sanguine des veines.","og_url":"https:\/\/parapharmolivier.com\/index.php\/product\/leila-elite-varices-plus-jambe-lourde-spray\/","og_site_name":"parapharmolivier","article_publisher":"https:\/\/www.facebook.com\/profile.php?id=100042409962367&locale=fr_FR","article_modified_time":"2024-04-04T12:51:45+00:00","og_image":[{"width":1000,"height":1000,"url":"https:\/\/parapharmolivier.com\/wp-content\/uploads\/2024\/04\/sp.png","type":"image\/png"}],"twitter_card":"summary_large_image","schema":{"@context":"https:\/\/schema.org","@graph":[{"@type":"WebPage","@id":"https:\/\/parapharmolivier.com\/index.php\/product\/leila-elite-varices-plus-jambe-lourde-spray\/","url":"https:\/\/parapharmolivier.com\/index.php\/product\/leila-elite-varices-plus-jambe-lourde-spray\/","name":"Leila Elite Varices plus jambe lourde spray - parapharmolivier","isPartOf":{"@id":"https:\/\/parapharmolivier.com\/#website"},"primaryImageOfPage":{"@id":"https:\/\/parapharmolivier.com\/index.php\/product\/leila-elite-varices-plus-jambe-lourde-spray\/#primaryimage"},"image":{"@id":"https:\/\/parapharmolivier.com\/index.php\/product\/leila-elite-varices-plus-jambe-lourde-spray\/#primaryimage"},"thumbnailUrl":"https:\/\/parapharmolivier.com\/wp-content\/uploads\/2024\/04\/sp.png","datePublished":"2024-04-04T12:51:44+00:00","dateModified":"2024-04-04T12:51:45+00:00","breadcrumb":{"@id":"https:\/\/parapharmolivier.com\/index.php\/product\/leila-elite-varices-plus-jambe-lourde-spray\/#breadcrumb"},"inLanguage":"fr-FR","potentialAction":[{"@type":"ReadAction","target":["https:\/\/parapharmolivier.com\/index.php\/product\/leila-elite-varices-plus-jambe-lourde-spray\/"]}]},{"@type":"ImageObject","inLanguage":"fr-FR","@id":"https:\/\/parapharmolivier.com\/index.php\/product\/leila-elite-varices-plus-jambe-lourde-spray\/#primaryimage","url":"https:\/\/parapharmolivier.com\/wp-content\/uploads\/2024\/04\/sp.png","contentUrl":"https:\/\/parapharmolivier.com\/wp-content\/uploads\/2024\/04\/sp.png","width":1000,"height":1000},{"@type":"BreadcrumbList","@id":"https:\/\/parapharmolivier.com\/index.php\/product\/leila-elite-varices-plus-jambe-lourde-spray\/#breadcrumb","itemListElement":[{"@type":"ListItem","position":1,"name":"Accueil","item":"https:\/\/parapharmolivier.com\/"},{"@type":"ListItem","position":2,"name":"Shop","item":"https:\/\/parapharmolivier.com\/index.php\/shop\/"},{"@type":"ListItem","position":3,"name":"Leila Elite Varices plus jambe lourde spray"}]},{"@type":"WebSite","@id":"https:\/\/parapharmolivier.com\/#website","url":"https:\/\/parapharmolivier.com\/","name":"parapharmolivier.com","description":"L&#039;olivier toujours dans votre service","publisher":{"@id":"https:\/\/parapharmolivier.com\/#organization"},"alternateName":"Parapharmacie L''Olivier","potentialAction":[{"@type":"SearchAction","target":{"@type":"EntryPoint","urlTemplate":"https:\/\/parapharmolivier.com\/?s={search_term_string}"},"query-input":"required name=search_term_string"}],"inLanguage":"fr-FR"},{"@type":"Organization","@id":"https:\/\/parapharmolivier.com\/#organization","name":"Parapharmacie l'Olivier","url":"https:\/\/parapharmolivier.com\/","logo":{"@type":"ImageObject","inLanguage":"fr-FR","@id":"https:\/\/parapharmolivier.com\/#\/schema\/logo\/image\/","url":"https:\/\/parapharmolivier.com\/wp-content\/uploads\/2024\/03\/Pharmacie-l-Olivier-Logo.png","contentUrl":"https:\/\/parapharmolivier.com\/wp-content\/uploads\/2024\/03\/Pharmacie-l-Olivier-Logo.png","width":6300,"height":2752,"caption":"Parapharmacie l'Olivier"},"image":{"@id":"https:\/\/parapharmolivier.com\/#\/schema\/logo\/image\/"},"sameAs":["https:\/\/www.facebook.com\/profile.php?id=100042409962367&locale=fr_FR","https:\/\/www.instagram.com\/pharmacie_l.olivier_said_hamdi\/"]}]}},"jetpack_sharing_enabled":true,"_links":{"self":[{"href":"https:\/\/parapharmolivier.com\/index.php\/wp-json\/wp\/v2\/product\/8250"}],"collection":[{"href":"https:\/\/parapharmolivier.com\/index.php\/wp-json\/wp\/v2\/product"}],"about":[{"href":"https:\/\/parapharmolivier.com\/index.php\/wp-json\/wp\/v2\/types\/product"}],"replies":[{"embeddable":true,"href":"https:\/\/parapharmolivier.com\/index.php\/wp-json\/wp\/v2\/comments?post=8250"}],"wp:featuredmedia":[{"embeddable":true,"href":"https:\/\/parapharmolivier.com\/index.php\/wp-json\/wp\/v2\/media\/8251"}],"wp:attachment":[{"href":"https:\/\/parapharmolivier.com\/index.php\/wp-json\/wp\/v2\/media?parent=8250"}],"wp:term":[{"taxonomy":"product_cat","embeddable":true,"href":"https:\/\/parapharmolivier.com\/index.php\/wp-json\/wp\/v2\/product_cat?post=8250"},{"taxonomy":"product_tag","embeddable":true,"href":"https:\/\/parapharmolivier.com\/index.php\/wp-json\/wp\/v2\/product_tag?post=8250"}],"curies":[{"name":"wp","href":"https:\/\/api.w.org\/{rel}","templated":true}]}}