{"id":8275,"date":"2024-04-04T16:28:33","date_gmt":"2024-04-04T14:28:33","guid":{"rendered":"https:\/\/parapharmolivier.com\/?post_type=product&#038;p=8275"},"modified":"2024-04-04T16:28:33","modified_gmt":"2024-04-04T14:28:33","slug":"leila-elite-lift-huile-anti-vergetures","status":"publish","type":"product","link":"https:\/\/parapharmolivier.com\/index.php\/product\/leila-elite-lift-huile-anti-vergetures\/","title":{"rendered":"Leila elite LIFT+ Huile Anti-vergetures"},"content":{"rendered":"<p>l\u2019huile Anti-vergetures 3 en 1 du laboratoire LEILA ELITE est formul\u00e9e pour pr\u00e9venir et<\/p>\n<p>diminuer les vergetures tout en:<\/p>\n<p>1- Apaisant les d\u00e9mangeaisons.<\/p>\n<p>2- Hydratant la peau.<\/p>\n<p>3- Renfor\u00e7ant l\u2019\u00e9lasticit\u00e9 de la peau. L\u2019association de trois huiles (macadamia, coco et beurre de cacao) a pour but de nourrir et d\u2019assouplir la peau en manque d\u2019\u00e9lasticit\u00e9, tandis que le marrube booste la production de collag\u00e8ne afin d\u2019optimiser la cicatrisation.<\/p>\n<p>Pour qui ?<\/p>\n<p>Chaque personne souhaitant pr\u00e9venir ou r\u00e9duire ses vergetures et dont la peau est soumise \u00e0 des distensions pouvant entrainer des vergetures (grossesse, pubert\u00e9, variations de poids).<\/p>\n","protected":false},"excerpt":{"rendered":"<p>l\u2019huile Anti-vergetures 3 en 1 du laboratoire LEILA ELITE est formul\u00e9e pour pr\u00e9venir et<\/p>\n<p>diminuer les vergetures tout en:<\/p>\n<p>1- Apaisant les d\u00e9mangeaisons.<\/p>\n<p>2- Hydratant la peau.<\/p>\n<p>3- Renfor\u00e7ant l\u2019\u00e9lasticit\u00e9 de la peau. L\u2019association de trois huiles (macadamia, coco et beurre de cacao) a pour but de nourrir et d\u2019assouplir la peau en manque d\u2019\u00e9lasticit\u00e9, tandis que le marrube booste la production de collag\u00e8ne afin d\u2019optimiser la cicatrisation.<\/p>\n<p>Pour qui ?<\/p>\n<p>Chaque personne souhaitant pr\u00e9venir ou r\u00e9duire ses vergetures et dont la peau est soumise \u00e0 des distensions pouvant entrainer des vergetures (grossesse, pubert\u00e9, variations de poids).<\/p>\n","protected":false},"featured_media":8276,"comment_status":"open","ping_status":"closed","template":"","meta":[],"product_cat":[138],"product_tag":[],"yoast_head":"<!-- This site is optimized with the Yoast SEO plugin v22.4 - https:\/\/yoast.com\/wordpress\/plugins\/seo\/ -->\n<title>Leila elite LIFT+ Huile Anti-vergetures - parapharmolivier<\/title>\n<meta name=\"robots\" content=\"index, follow, max-snippet:-1, max-image-preview:large, max-video-preview:-1\" \/>\n<link rel=\"canonical\" href=\"https:\/\/parapharmolivier.com\/index.php\/product\/leila-elite-lift-huile-anti-vergetures\/\" \/>\n<meta property=\"og:locale\" content=\"fr_FR\" \/>\n<meta property=\"og:type\" content=\"article\" \/>\n<meta property=\"og:title\" content=\"Leila elite LIFT+ Huile Anti-vergetures - parapharmolivier\" \/>\n<meta property=\"og:description\" content=\"l\u2019huile Anti-vergetures 3 en 1 du laboratoire LEILA ELITE est formul\u00e9e pour pr\u00e9venir et  diminuer les vergetures tout en:  1- Apaisant les d\u00e9mangeaisons.  2- Hydratant la peau.  3- Renfor\u00e7ant l\u2019\u00e9lasticit\u00e9 de la peau. L\u2019association de trois huiles (macadamia, coco et beurre de cacao) a pour but de nourrir et d\u2019assouplir la peau en manque d\u2019\u00e9lasticit\u00e9, tandis que le marrube booste la production de collag\u00e8ne afin d\u2019optimiser la cicatrisation.  Pour qui ?  Chaque personne souhaitant pr\u00e9venir ou r\u00e9duire ses vergetures et dont la peau est soumise \u00e0 des distensions pouvant entrainer des vergetures (grossesse, pubert\u00e9, variations de poids).\" \/>\n<meta property=\"og:url\" content=\"https:\/\/parapharmolivier.com\/index.php\/product\/leila-elite-lift-huile-anti-vergetures\/\" \/>\n<meta property=\"og:site_name\" content=\"parapharmolivier\" \/>\n<meta property=\"article:publisher\" content=\"https:\/\/www.facebook.com\/profile.php?id=100042409962367&amp;locale=fr_FR\" \/>\n<meta property=\"og:image\" content=\"https:\/\/parapharmolivier.com\/wp-content\/uploads\/2024\/04\/lift-1.png\" \/>\n\t<meta property=\"og:image:width\" content=\"900\" \/>\n\t<meta property=\"og:image:height\" content=\"900\" \/>\n\t<meta property=\"og:image:type\" content=\"image\/png\" \/>\n<meta name=\"twitter:card\" content=\"summary_large_image\" \/>\n<meta name=\"twitter:label1\" content=\"Dur\u00e9e de lecture estim\u00e9e\" \/>\n\t<meta name=\"twitter:data1\" content=\"1 minute\" \/>\n<script type=\"application\/ld+json\" class=\"yoast-schema-graph\">{\"@context\":\"https:\/\/schema.org\",\"@graph\":[{\"@type\":\"WebPage\",\"@id\":\"https:\/\/parapharmolivier.com\/index.php\/product\/leila-elite-lift-huile-anti-vergetures\/\",\"url\":\"https:\/\/parapharmolivier.com\/index.php\/product\/leila-elite-lift-huile-anti-vergetures\/\",\"name\":\"Leila elite LIFT+ Huile Anti-vergetures - parapharmolivier\",\"isPartOf\":{\"@id\":\"https:\/\/parapharmolivier.com\/#website\"},\"primaryImageOfPage\":{\"@id\":\"https:\/\/parapharmolivier.com\/index.php\/product\/leila-elite-lift-huile-anti-vergetures\/#primaryimage\"},\"image\":{\"@id\":\"https:\/\/parapharmolivier.com\/index.php\/product\/leila-elite-lift-huile-anti-vergetures\/#primaryimage\"},\"thumbnailUrl\":\"https:\/\/parapharmolivier.com\/wp-content\/uploads\/2024\/04\/lift-1.png\",\"datePublished\":\"2024-04-04T14:28:33+00:00\",\"dateModified\":\"2024-04-04T14:28:33+00:00\",\"breadcrumb\":{\"@id\":\"https:\/\/parapharmolivier.com\/index.php\/product\/leila-elite-lift-huile-anti-vergetures\/#breadcrumb\"},\"inLanguage\":\"fr-FR\",\"potentialAction\":[{\"@type\":\"ReadAction\",\"target\":[\"https:\/\/parapharmolivier.com\/index.php\/product\/leila-elite-lift-huile-anti-vergetures\/\"]}]},{\"@type\":\"ImageObject\",\"inLanguage\":\"fr-FR\",\"@id\":\"https:\/\/parapharmolivier.com\/index.php\/product\/leila-elite-lift-huile-anti-vergetures\/#primaryimage\",\"url\":\"https:\/\/parapharmolivier.com\/wp-content\/uploads\/2024\/04\/lift-1.png\",\"contentUrl\":\"https:\/\/parapharmolivier.com\/wp-content\/uploads\/2024\/04\/lift-1.png\",\"width\":900,\"height\":900},{\"@type\":\"BreadcrumbList\",\"@id\":\"https:\/\/parapharmolivier.com\/index.php\/product\/leila-elite-lift-huile-anti-vergetures\/#breadcrumb\",\"itemListElement\":[{\"@type\":\"ListItem\",\"position\":1,\"name\":\"Accueil\",\"item\":\"https:\/\/parapharmolivier.com\/\"},{\"@type\":\"ListItem\",\"position\":2,\"name\":\"Shop\",\"item\":\"https:\/\/parapharmolivier.com\/index.php\/shop\/\"},{\"@type\":\"ListItem\",\"position\":3,\"name\":\"Leila elite LIFT+ Huile Anti-vergetures\"}]},{\"@type\":\"WebSite\",\"@id\":\"https:\/\/parapharmolivier.com\/#website\",\"url\":\"https:\/\/parapharmolivier.com\/\",\"name\":\"parapharmolivier.com\",\"description\":\"L&#039;olivier toujours dans votre service\",\"publisher\":{\"@id\":\"https:\/\/parapharmolivier.com\/#organization\"},\"alternateName\":\"Parapharmacie L''Olivier\",\"potentialAction\":[{\"@type\":\"SearchAction\",\"target\":{\"@type\":\"EntryPoint\",\"urlTemplate\":\"https:\/\/parapharmolivier.com\/?s={search_term_string}\"},\"query-input\":\"required name=search_term_string\"}],\"inLanguage\":\"fr-FR\"},{\"@type\":\"Organization\",\"@id\":\"https:\/\/parapharmolivier.com\/#organization\",\"name\":\"Parapharmacie l'Olivier\",\"url\":\"https:\/\/parapharmolivier.com\/\",\"logo\":{\"@type\":\"ImageObject\",\"inLanguage\":\"fr-FR\",\"@id\":\"https:\/\/parapharmolivier.com\/#\/schema\/logo\/image\/\",\"url\":\"https:\/\/parapharmolivier.com\/wp-content\/uploads\/2024\/03\/Pharmacie-l-Olivier-Logo.png\",\"contentUrl\":\"https:\/\/parapharmolivier.com\/wp-content\/uploads\/2024\/03\/Pharmacie-l-Olivier-Logo.png\",\"width\":6300,\"height\":2752,\"caption\":\"Parapharmacie l'Olivier\"},\"image\":{\"@id\":\"https:\/\/parapharmolivier.com\/#\/schema\/logo\/image\/\"},\"sameAs\":[\"https:\/\/www.facebook.com\/profile.php?id=100042409962367&locale=fr_FR\",\"https:\/\/www.instagram.com\/pharmacie_l.olivier_said_hamdi\/\"]}]}<\/script>\n<!-- \/ Yoast SEO plugin. -->","yoast_head_json":{"title":"Leila elite LIFT+ Huile Anti-vergetures - parapharmolivier","robots":{"index":"index","follow":"follow","max-snippet":"max-snippet:-1","max-image-preview":"max-image-preview:large","max-video-preview":"max-video-preview:-1"},"canonical":"https:\/\/parapharmolivier.com\/index.php\/product\/leila-elite-lift-huile-anti-vergetures\/","og_locale":"fr_FR","og_type":"article","og_title":"Leila elite LIFT+ Huile Anti-vergetures - parapharmolivier","og_description":"l\u2019huile Anti-vergetures 3 en 1 du laboratoire LEILA ELITE est formul\u00e9e pour pr\u00e9venir et  diminuer les vergetures tout en:  1- Apaisant les d\u00e9mangeaisons.  2- Hydratant la peau.  3- Renfor\u00e7ant l\u2019\u00e9lasticit\u00e9 de la peau. L\u2019association de trois huiles (macadamia, coco et beurre de cacao) a pour but de nourrir et d\u2019assouplir la peau en manque d\u2019\u00e9lasticit\u00e9, tandis que le marrube booste la production de collag\u00e8ne afin d\u2019optimiser la cicatrisation.  Pour qui ?  Chaque personne souhaitant pr\u00e9venir ou r\u00e9duire ses vergetures et dont la peau est soumise \u00e0 des distensions pouvant entrainer des vergetures (grossesse, pubert\u00e9, variations de poids).","og_url":"https:\/\/parapharmolivier.com\/index.php\/product\/leila-elite-lift-huile-anti-vergetures\/","og_site_name":"parapharmolivier","article_publisher":"https:\/\/www.facebook.com\/profile.php?id=100042409962367&locale=fr_FR","og_image":[{"width":900,"height":900,"url":"https:\/\/parapharmolivier.com\/wp-content\/uploads\/2024\/04\/lift-1.png","type":"image\/png"}],"twitter_card":"summary_large_image","twitter_misc":{"Dur\u00e9e de lecture estim\u00e9e":"1 minute"},"schema":{"@context":"https:\/\/schema.org","@graph":[{"@type":"WebPage","@id":"https:\/\/parapharmolivier.com\/index.php\/product\/leila-elite-lift-huile-anti-vergetures\/","url":"https:\/\/parapharmolivier.com\/index.php\/product\/leila-elite-lift-huile-anti-vergetures\/","name":"Leila elite LIFT+ Huile Anti-vergetures - parapharmolivier","isPartOf":{"@id":"https:\/\/parapharmolivier.com\/#website"},"primaryImageOfPage":{"@id":"https:\/\/parapharmolivier.com\/index.php\/product\/leila-elite-lift-huile-anti-vergetures\/#primaryimage"},"image":{"@id":"https:\/\/parapharmolivier.com\/index.php\/product\/leila-elite-lift-huile-anti-vergetures\/#primaryimage"},"thumbnailUrl":"https:\/\/parapharmolivier.com\/wp-content\/uploads\/2024\/04\/lift-1.png","datePublished":"2024-04-04T14:28:33+00:00","dateModified":"2024-04-04T14:28:33+00:00","breadcrumb":{"@id":"https:\/\/parapharmolivier.com\/index.php\/product\/leila-elite-lift-huile-anti-vergetures\/#breadcrumb"},"inLanguage":"fr-FR","potentialAction":[{"@type":"ReadAction","target":["https:\/\/parapharmolivier.com\/index.php\/product\/leila-elite-lift-huile-anti-vergetures\/"]}]},{"@type":"ImageObject","inLanguage":"fr-FR","@id":"https:\/\/parapharmolivier.com\/index.php\/product\/leila-elite-lift-huile-anti-vergetures\/#primaryimage","url":"https:\/\/parapharmolivier.com\/wp-content\/uploads\/2024\/04\/lift-1.png","contentUrl":"https:\/\/parapharmolivier.com\/wp-content\/uploads\/2024\/04\/lift-1.png","width":900,"height":900},{"@type":"BreadcrumbList","@id":"https:\/\/parapharmolivier.com\/index.php\/product\/leila-elite-lift-huile-anti-vergetures\/#breadcrumb","itemListElement":[{"@type":"ListItem","position":1,"name":"Accueil","item":"https:\/\/parapharmolivier.com\/"},{"@type":"ListItem","position":2,"name":"Shop","item":"https:\/\/parapharmolivier.com\/index.php\/shop\/"},{"@type":"ListItem","position":3,"name":"Leila elite LIFT+ Huile Anti-vergetures"}]},{"@type":"WebSite","@id":"https:\/\/parapharmolivier.com\/#website","url":"https:\/\/parapharmolivier.com\/","name":"parapharmolivier.com","description":"L&#039;olivier toujours dans votre service","publisher":{"@id":"https:\/\/parapharmolivier.com\/#organization"},"alternateName":"Parapharmacie L''Olivier","potentialAction":[{"@type":"SearchAction","target":{"@type":"EntryPoint","urlTemplate":"https:\/\/parapharmolivier.com\/?s={search_term_string}"},"query-input":"required name=search_term_string"}],"inLanguage":"fr-FR"},{"@type":"Organization","@id":"https:\/\/parapharmolivier.com\/#organization","name":"Parapharmacie l'Olivier","url":"https:\/\/parapharmolivier.com\/","logo":{"@type":"ImageObject","inLanguage":"fr-FR","@id":"https:\/\/parapharmolivier.com\/#\/schema\/logo\/image\/","url":"https:\/\/parapharmolivier.com\/wp-content\/uploads\/2024\/03\/Pharmacie-l-Olivier-Logo.png","contentUrl":"https:\/\/parapharmolivier.com\/wp-content\/uploads\/2024\/03\/Pharmacie-l-Olivier-Logo.png","width":6300,"height":2752,"caption":"Parapharmacie l'Olivier"},"image":{"@id":"https:\/\/parapharmolivier.com\/#\/schema\/logo\/image\/"},"sameAs":["https:\/\/www.facebook.com\/profile.php?id=100042409962367&locale=fr_FR","https:\/\/www.instagram.com\/pharmacie_l.olivier_said_hamdi\/"]}]}},"jetpack_sharing_enabled":true,"_links":{"self":[{"href":"https:\/\/parapharmolivier.com\/index.php\/wp-json\/wp\/v2\/product\/8275"}],"collection":[{"href":"https:\/\/parapharmolivier.com\/index.php\/wp-json\/wp\/v2\/product"}],"about":[{"href":"https:\/\/parapharmolivier.com\/index.php\/wp-json\/wp\/v2\/types\/product"}],"replies":[{"embeddable":true,"href":"https:\/\/parapharmolivier.com\/index.php\/wp-json\/wp\/v2\/comments?post=8275"}],"wp:featuredmedia":[{"embeddable":true,"href":"https:\/\/parapharmolivier.com\/index.php\/wp-json\/wp\/v2\/media\/8276"}],"wp:attachment":[{"href":"https:\/\/parapharmolivier.com\/index.php\/wp-json\/wp\/v2\/media?parent=8275"}],"wp:term":[{"taxonomy":"product_cat","embeddable":true,"href":"https:\/\/parapharmolivier.com\/index.php\/wp-json\/wp\/v2\/product_cat?post=8275"},{"taxonomy":"product_tag","embeddable":true,"href":"https:\/\/parapharmolivier.com\/index.php\/wp-json\/wp\/v2\/product_tag?post=8275"}],"curies":[{"name":"wp","href":"https:\/\/api.w.org\/{rel}","templated":true}]}}