{"id":8281,"date":"2024-04-04T17:00:27","date_gmt":"2024-04-04T15:00:27","guid":{"rendered":"https:\/\/parapharmolivier.com\/?post_type=product&#038;p=8281"},"modified":"2024-07-02T15:09:19","modified_gmt":"2024-07-02T13:09:19","slug":"leila-elite-eclabody-eclaicissante-corps","status":"publish","type":"product","link":"https:\/\/parapharmolivier.com\/index.php\/product\/leila-elite-eclabody-eclaicissante-corps\/","title":{"rendered":"Leila Elite Eclabody \u00e9claicissante corps"},"content":{"rendered":"<p><strong>KLARENA<\/strong>\u00a0cr\u00e8me \u00e9claircissante zones Intimes de Leila Elite est bas\u00e9e sur une formule 100% naturelle non agressive qui adoucit et \u00e9claircit la peau tout en prenant soin de ne pas l\u2019agresser. Son application quotidienne sur les zones intimes permettra d\u2019obtenir la luminosit\u00e9 souhait\u00e9e de fa\u00e7on douce et homog\u00e8ne.<\/p>\n","protected":false},"excerpt":{"rendered":"<p><strong>KLARENA<\/strong>\u00a0cr\u00e8me \u00e9claircissante zones Intimes de Leila Elite est bas\u00e9e sur une formule 100% naturelle non agressive qui adoucit et \u00e9claircit la peau tout en prenant soin de ne pas l\u2019agresser. Son application quotidienne sur les zones intimes permettra d\u2019obtenir la luminosit\u00e9 souhait\u00e9e de fa\u00e7on douce et homog\u00e8ne.<\/p>\n","protected":false},"featured_media":8282,"comment_status":"open","ping_status":"closed","template":"","meta":[],"product_cat":[123],"product_tag":[],"yoast_head":"<!-- This site is optimized with the Yoast SEO plugin v22.4 - https:\/\/yoast.com\/wordpress\/plugins\/seo\/ -->\n<title>Leila Elite Eclabody \u00e9claicissante corps - parapharmolivier<\/title>\n<meta name=\"robots\" content=\"index, follow, max-snippet:-1, max-image-preview:large, max-video-preview:-1\" \/>\n<link rel=\"canonical\" href=\"https:\/\/parapharmolivier.com\/index.php\/product\/leila-elite-eclabody-eclaicissante-corps\/\" \/>\n<meta property=\"og:locale\" content=\"fr_FR\" \/>\n<meta property=\"og:type\" content=\"article\" \/>\n<meta property=\"og:title\" content=\"Leila Elite Eclabody \u00e9claicissante corps - parapharmolivier\" \/>\n<meta property=\"og:description\" content=\"KLARENA\u00a0cr\u00e8me \u00e9claircissante zones Intimes de Leila Elite est bas\u00e9e sur une formule 100% naturelle non agressive qui adoucit et \u00e9claircit la peau tout en prenant soin de ne pas l\u2019agresser. Son application quotidienne sur les zones intimes permettra d\u2019obtenir la luminosit\u00e9 souhait\u00e9e de fa\u00e7on douce et homog\u00e8ne.\" \/>\n<meta property=\"og:url\" content=\"https:\/\/parapharmolivier.com\/index.php\/product\/leila-elite-eclabody-eclaicissante-corps\/\" \/>\n<meta property=\"og:site_name\" content=\"parapharmolivier\" \/>\n<meta property=\"article:publisher\" content=\"https:\/\/www.facebook.com\/profile.php?id=100042409962367&amp;locale=fr_FR\" \/>\n<meta property=\"article:modified_time\" content=\"2024-07-02T13:09:19+00:00\" \/>\n<meta property=\"og:image\" content=\"https:\/\/parapharmolivier.com\/wp-content\/uploads\/2024\/04\/cream-2.png\" \/>\n\t<meta property=\"og:image:width\" content=\"2000\" \/>\n\t<meta property=\"og:image:height\" content=\"2000\" \/>\n\t<meta property=\"og:image:type\" content=\"image\/png\" \/>\n<meta name=\"twitter:card\" content=\"summary_large_image\" \/>\n<script type=\"application\/ld+json\" class=\"yoast-schema-graph\">{\"@context\":\"https:\/\/schema.org\",\"@graph\":[{\"@type\":\"WebPage\",\"@id\":\"https:\/\/parapharmolivier.com\/index.php\/product\/leila-elite-eclabody-eclaicissante-corps\/\",\"url\":\"https:\/\/parapharmolivier.com\/index.php\/product\/leila-elite-eclabody-eclaicissante-corps\/\",\"name\":\"Leila Elite Eclabody \u00e9claicissante corps - parapharmolivier\",\"isPartOf\":{\"@id\":\"https:\/\/parapharmolivier.com\/#website\"},\"primaryImageOfPage\":{\"@id\":\"https:\/\/parapharmolivier.com\/index.php\/product\/leila-elite-eclabody-eclaicissante-corps\/#primaryimage\"},\"image\":{\"@id\":\"https:\/\/parapharmolivier.com\/index.php\/product\/leila-elite-eclabody-eclaicissante-corps\/#primaryimage\"},\"thumbnailUrl\":\"https:\/\/parapharmolivier.com\/wp-content\/uploads\/2024\/04\/cream-2.png\",\"datePublished\":\"2024-04-04T15:00:27+00:00\",\"dateModified\":\"2024-07-02T13:09:19+00:00\",\"breadcrumb\":{\"@id\":\"https:\/\/parapharmolivier.com\/index.php\/product\/leila-elite-eclabody-eclaicissante-corps\/#breadcrumb\"},\"inLanguage\":\"fr-FR\",\"potentialAction\":[{\"@type\":\"ReadAction\",\"target\":[\"https:\/\/parapharmolivier.com\/index.php\/product\/leila-elite-eclabody-eclaicissante-corps\/\"]}]},{\"@type\":\"ImageObject\",\"inLanguage\":\"fr-FR\",\"@id\":\"https:\/\/parapharmolivier.com\/index.php\/product\/leila-elite-eclabody-eclaicissante-corps\/#primaryimage\",\"url\":\"https:\/\/parapharmolivier.com\/wp-content\/uploads\/2024\/04\/cream-2.png\",\"contentUrl\":\"https:\/\/parapharmolivier.com\/wp-content\/uploads\/2024\/04\/cream-2.png\",\"width\":2000,\"height\":2000},{\"@type\":\"BreadcrumbList\",\"@id\":\"https:\/\/parapharmolivier.com\/index.php\/product\/leila-elite-eclabody-eclaicissante-corps\/#breadcrumb\",\"itemListElement\":[{\"@type\":\"ListItem\",\"position\":1,\"name\":\"Accueil\",\"item\":\"https:\/\/parapharmolivier.com\/\"},{\"@type\":\"ListItem\",\"position\":2,\"name\":\"Shop\",\"item\":\"https:\/\/parapharmolivier.com\/index.php\/shop\/\"},{\"@type\":\"ListItem\",\"position\":3,\"name\":\"Leila Elite Eclabody \u00e9claicissante corps\"}]},{\"@type\":\"WebSite\",\"@id\":\"https:\/\/parapharmolivier.com\/#website\",\"url\":\"https:\/\/parapharmolivier.com\/\",\"name\":\"parapharmolivier.com\",\"description\":\"L&#039;olivier toujours dans votre service\",\"publisher\":{\"@id\":\"https:\/\/parapharmolivier.com\/#organization\"},\"alternateName\":\"Parapharmacie L''Olivier\",\"potentialAction\":[{\"@type\":\"SearchAction\",\"target\":{\"@type\":\"EntryPoint\",\"urlTemplate\":\"https:\/\/parapharmolivier.com\/?s={search_term_string}\"},\"query-input\":\"required name=search_term_string\"}],\"inLanguage\":\"fr-FR\"},{\"@type\":\"Organization\",\"@id\":\"https:\/\/parapharmolivier.com\/#organization\",\"name\":\"Parapharmacie l'Olivier\",\"url\":\"https:\/\/parapharmolivier.com\/\",\"logo\":{\"@type\":\"ImageObject\",\"inLanguage\":\"fr-FR\",\"@id\":\"https:\/\/parapharmolivier.com\/#\/schema\/logo\/image\/\",\"url\":\"https:\/\/parapharmolivier.com\/wp-content\/uploads\/2024\/03\/Pharmacie-l-Olivier-Logo.png\",\"contentUrl\":\"https:\/\/parapharmolivier.com\/wp-content\/uploads\/2024\/03\/Pharmacie-l-Olivier-Logo.png\",\"width\":6300,\"height\":2752,\"caption\":\"Parapharmacie l'Olivier\"},\"image\":{\"@id\":\"https:\/\/parapharmolivier.com\/#\/schema\/logo\/image\/\"},\"sameAs\":[\"https:\/\/www.facebook.com\/profile.php?id=100042409962367&locale=fr_FR\",\"https:\/\/www.instagram.com\/pharmacie_l.olivier_said_hamdi\/\"]}]}<\/script>\n<!-- \/ Yoast SEO plugin. -->","yoast_head_json":{"title":"Leila Elite Eclabody \u00e9claicissante corps - parapharmolivier","robots":{"index":"index","follow":"follow","max-snippet":"max-snippet:-1","max-image-preview":"max-image-preview:large","max-video-preview":"max-video-preview:-1"},"canonical":"https:\/\/parapharmolivier.com\/index.php\/product\/leila-elite-eclabody-eclaicissante-corps\/","og_locale":"fr_FR","og_type":"article","og_title":"Leila Elite Eclabody \u00e9claicissante corps - parapharmolivier","og_description":"KLARENA\u00a0cr\u00e8me \u00e9claircissante zones Intimes de Leila Elite est bas\u00e9e sur une formule 100% naturelle non agressive qui adoucit et \u00e9claircit la peau tout en prenant soin de ne pas l\u2019agresser. Son application quotidienne sur les zones intimes permettra d\u2019obtenir la luminosit\u00e9 souhait\u00e9e de fa\u00e7on douce et homog\u00e8ne.","og_url":"https:\/\/parapharmolivier.com\/index.php\/product\/leila-elite-eclabody-eclaicissante-corps\/","og_site_name":"parapharmolivier","article_publisher":"https:\/\/www.facebook.com\/profile.php?id=100042409962367&locale=fr_FR","article_modified_time":"2024-07-02T13:09:19+00:00","og_image":[{"width":2000,"height":2000,"url":"https:\/\/parapharmolivier.com\/wp-content\/uploads\/2024\/04\/cream-2.png","type":"image\/png"}],"twitter_card":"summary_large_image","schema":{"@context":"https:\/\/schema.org","@graph":[{"@type":"WebPage","@id":"https:\/\/parapharmolivier.com\/index.php\/product\/leila-elite-eclabody-eclaicissante-corps\/","url":"https:\/\/parapharmolivier.com\/index.php\/product\/leila-elite-eclabody-eclaicissante-corps\/","name":"Leila Elite Eclabody \u00e9claicissante corps - parapharmolivier","isPartOf":{"@id":"https:\/\/parapharmolivier.com\/#website"},"primaryImageOfPage":{"@id":"https:\/\/parapharmolivier.com\/index.php\/product\/leila-elite-eclabody-eclaicissante-corps\/#primaryimage"},"image":{"@id":"https:\/\/parapharmolivier.com\/index.php\/product\/leila-elite-eclabody-eclaicissante-corps\/#primaryimage"},"thumbnailUrl":"https:\/\/parapharmolivier.com\/wp-content\/uploads\/2024\/04\/cream-2.png","datePublished":"2024-04-04T15:00:27+00:00","dateModified":"2024-07-02T13:09:19+00:00","breadcrumb":{"@id":"https:\/\/parapharmolivier.com\/index.php\/product\/leila-elite-eclabody-eclaicissante-corps\/#breadcrumb"},"inLanguage":"fr-FR","potentialAction":[{"@type":"ReadAction","target":["https:\/\/parapharmolivier.com\/index.php\/product\/leila-elite-eclabody-eclaicissante-corps\/"]}]},{"@type":"ImageObject","inLanguage":"fr-FR","@id":"https:\/\/parapharmolivier.com\/index.php\/product\/leila-elite-eclabody-eclaicissante-corps\/#primaryimage","url":"https:\/\/parapharmolivier.com\/wp-content\/uploads\/2024\/04\/cream-2.png","contentUrl":"https:\/\/parapharmolivier.com\/wp-content\/uploads\/2024\/04\/cream-2.png","width":2000,"height":2000},{"@type":"BreadcrumbList","@id":"https:\/\/parapharmolivier.com\/index.php\/product\/leila-elite-eclabody-eclaicissante-corps\/#breadcrumb","itemListElement":[{"@type":"ListItem","position":1,"name":"Accueil","item":"https:\/\/parapharmolivier.com\/"},{"@type":"ListItem","position":2,"name":"Shop","item":"https:\/\/parapharmolivier.com\/index.php\/shop\/"},{"@type":"ListItem","position":3,"name":"Leila Elite Eclabody \u00e9claicissante corps"}]},{"@type":"WebSite","@id":"https:\/\/parapharmolivier.com\/#website","url":"https:\/\/parapharmolivier.com\/","name":"parapharmolivier.com","description":"L&#039;olivier toujours dans votre service","publisher":{"@id":"https:\/\/parapharmolivier.com\/#organization"},"alternateName":"Parapharmacie L''Olivier","potentialAction":[{"@type":"SearchAction","target":{"@type":"EntryPoint","urlTemplate":"https:\/\/parapharmolivier.com\/?s={search_term_string}"},"query-input":"required name=search_term_string"}],"inLanguage":"fr-FR"},{"@type":"Organization","@id":"https:\/\/parapharmolivier.com\/#organization","name":"Parapharmacie l'Olivier","url":"https:\/\/parapharmolivier.com\/","logo":{"@type":"ImageObject","inLanguage":"fr-FR","@id":"https:\/\/parapharmolivier.com\/#\/schema\/logo\/image\/","url":"https:\/\/parapharmolivier.com\/wp-content\/uploads\/2024\/03\/Pharmacie-l-Olivier-Logo.png","contentUrl":"https:\/\/parapharmolivier.com\/wp-content\/uploads\/2024\/03\/Pharmacie-l-Olivier-Logo.png","width":6300,"height":2752,"caption":"Parapharmacie l'Olivier"},"image":{"@id":"https:\/\/parapharmolivier.com\/#\/schema\/logo\/image\/"},"sameAs":["https:\/\/www.facebook.com\/profile.php?id=100042409962367&locale=fr_FR","https:\/\/www.instagram.com\/pharmacie_l.olivier_said_hamdi\/"]}]}},"jetpack_sharing_enabled":true,"_links":{"self":[{"href":"https:\/\/parapharmolivier.com\/index.php\/wp-json\/wp\/v2\/product\/8281"}],"collection":[{"href":"https:\/\/parapharmolivier.com\/index.php\/wp-json\/wp\/v2\/product"}],"about":[{"href":"https:\/\/parapharmolivier.com\/index.php\/wp-json\/wp\/v2\/types\/product"}],"replies":[{"embeddable":true,"href":"https:\/\/parapharmolivier.com\/index.php\/wp-json\/wp\/v2\/comments?post=8281"}],"wp:featuredmedia":[{"embeddable":true,"href":"https:\/\/parapharmolivier.com\/index.php\/wp-json\/wp\/v2\/media\/8282"}],"wp:attachment":[{"href":"https:\/\/parapharmolivier.com\/index.php\/wp-json\/wp\/v2\/media?parent=8281"}],"wp:term":[{"taxonomy":"product_cat","embeddable":true,"href":"https:\/\/parapharmolivier.com\/index.php\/wp-json\/wp\/v2\/product_cat?post=8281"},{"taxonomy":"product_tag","embeddable":true,"href":"https:\/\/parapharmolivier.com\/index.php\/wp-json\/wp\/v2\/product_tag?post=8281"}],"curies":[{"name":"wp","href":"https:\/\/api.w.org\/{rel}","templated":true}]}}