{"id":8438,"date":"2024-04-09T20:45:04","date_gmt":"2024-04-09T18:45:04","guid":{"rendered":"https:\/\/parapharmolivier.com\/?post_type=product&#038;p=8438"},"modified":"2024-04-09T20:45:04","modified_gmt":"2024-04-09T18:45:04","slug":"hyfac-gommage-douceur-40ml","status":"publish","type":"product","link":"https:\/\/parapharmolivier.com\/index.php\/product\/hyfac-gommage-douceur-40ml\/","title":{"rendered":"Hyfac Gommage douceur 40ML"},"content":{"rendered":"<p>Gr\u00e2ce aux propri\u00e9t\u00e9s exfoliantes naturelles des billes de jojoba, le Gommage Douceur d\u00e9sincruste les pores, \u00e9limine les cellules mortes et les impuret\u00e9s. Par son action douce, il convient parfaitement aux peaux sensibles et aux peaux \u00e0 imperfections.<\/p>\n","protected":false},"excerpt":{"rendered":"<p>Gr\u00e2ce aux propri\u00e9t\u00e9s exfoliantes naturelles des billes de jojoba, le Gommage Douceur d\u00e9sincruste les pores, \u00e9limine les cellules mortes et les impuret\u00e9s. Par son action douce, il convient parfaitement aux peaux sensibles et aux peaux \u00e0 imperfections.<\/p>\n","protected":false},"featured_media":8439,"comment_status":"open","ping_status":"closed","template":"","meta":[],"product_cat":[105,233,63],"product_tag":[],"yoast_head":"<!-- This site is optimized with the Yoast SEO plugin v22.4 - https:\/\/yoast.com\/wordpress\/plugins\/seo\/ -->\n<title>Hyfac Gommage douceur 40ML - parapharmolivier<\/title>\n<meta name=\"robots\" content=\"index, follow, max-snippet:-1, max-image-preview:large, max-video-preview:-1\" \/>\n<link rel=\"canonical\" href=\"https:\/\/parapharmolivier.com\/index.php\/product\/hyfac-gommage-douceur-40ml\/\" \/>\n<meta property=\"og:locale\" content=\"fr_FR\" \/>\n<meta property=\"og:type\" content=\"article\" \/>\n<meta property=\"og:title\" content=\"Hyfac Gommage douceur 40ML - parapharmolivier\" \/>\n<meta property=\"og:description\" content=\"Gr\u00e2ce aux propri\u00e9t\u00e9s exfoliantes naturelles des billes de jojoba, le Gommage Douceur d\u00e9sincruste les pores, \u00e9limine les cellules mortes et les impuret\u00e9s. Par son action douce, il convient parfaitement aux peaux sensibles et aux peaux \u00e0 imperfections.\" \/>\n<meta property=\"og:url\" content=\"https:\/\/parapharmolivier.com\/index.php\/product\/hyfac-gommage-douceur-40ml\/\" \/>\n<meta property=\"og:site_name\" content=\"parapharmolivier\" \/>\n<meta property=\"article:publisher\" content=\"https:\/\/www.facebook.com\/profile.php?id=100042409962367&amp;locale=fr_FR\" \/>\n<meta property=\"og:image\" content=\"https:\/\/parapharmolivier.com\/wp-content\/uploads\/2024\/04\/hyfac-woman-gommage-douceur-40ml-hyfac-parasel_product_10477988b-jpg_0_0_1200_1200_417174933_107685.jpg\" \/>\n\t<meta property=\"og:image:width\" content=\"1200\" \/>\n\t<meta property=\"og:image:height\" content=\"1200\" \/>\n\t<meta property=\"og:image:type\" content=\"image\/jpeg\" \/>\n<meta name=\"twitter:card\" content=\"summary_large_image\" \/>\n<meta name=\"twitter:label1\" content=\"Dur\u00e9e de lecture estim\u00e9e\" \/>\n\t<meta name=\"twitter:data1\" content=\"1 minute\" \/>\n<script type=\"application\/ld+json\" class=\"yoast-schema-graph\">{\"@context\":\"https:\/\/schema.org\",\"@graph\":[{\"@type\":\"WebPage\",\"@id\":\"https:\/\/parapharmolivier.com\/index.php\/product\/hyfac-gommage-douceur-40ml\/\",\"url\":\"https:\/\/parapharmolivier.com\/index.php\/product\/hyfac-gommage-douceur-40ml\/\",\"name\":\"Hyfac Gommage douceur 40ML - parapharmolivier\",\"isPartOf\":{\"@id\":\"https:\/\/parapharmolivier.com\/#website\"},\"primaryImageOfPage\":{\"@id\":\"https:\/\/parapharmolivier.com\/index.php\/product\/hyfac-gommage-douceur-40ml\/#primaryimage\"},\"image\":{\"@id\":\"https:\/\/parapharmolivier.com\/index.php\/product\/hyfac-gommage-douceur-40ml\/#primaryimage\"},\"thumbnailUrl\":\"https:\/\/parapharmolivier.com\/wp-content\/uploads\/2024\/04\/hyfac-woman-gommage-douceur-40ml-hyfac-parasel_product_10477988b-jpg_0_0_1200_1200_417174933_107685.jpg\",\"datePublished\":\"2024-04-09T18:45:04+00:00\",\"dateModified\":\"2024-04-09T18:45:04+00:00\",\"breadcrumb\":{\"@id\":\"https:\/\/parapharmolivier.com\/index.php\/product\/hyfac-gommage-douceur-40ml\/#breadcrumb\"},\"inLanguage\":\"fr-FR\",\"potentialAction\":[{\"@type\":\"ReadAction\",\"target\":[\"https:\/\/parapharmolivier.com\/index.php\/product\/hyfac-gommage-douceur-40ml\/\"]}]},{\"@type\":\"ImageObject\",\"inLanguage\":\"fr-FR\",\"@id\":\"https:\/\/parapharmolivier.com\/index.php\/product\/hyfac-gommage-douceur-40ml\/#primaryimage\",\"url\":\"https:\/\/parapharmolivier.com\/wp-content\/uploads\/2024\/04\/hyfac-woman-gommage-douceur-40ml-hyfac-parasel_product_10477988b-jpg_0_0_1200_1200_417174933_107685.jpg\",\"contentUrl\":\"https:\/\/parapharmolivier.com\/wp-content\/uploads\/2024\/04\/hyfac-woman-gommage-douceur-40ml-hyfac-parasel_product_10477988b-jpg_0_0_1200_1200_417174933_107685.jpg\",\"width\":1200,\"height\":1200},{\"@type\":\"BreadcrumbList\",\"@id\":\"https:\/\/parapharmolivier.com\/index.php\/product\/hyfac-gommage-douceur-40ml\/#breadcrumb\",\"itemListElement\":[{\"@type\":\"ListItem\",\"position\":1,\"name\":\"Accueil\",\"item\":\"https:\/\/parapharmolivier.com\/\"},{\"@type\":\"ListItem\",\"position\":2,\"name\":\"Shop\",\"item\":\"https:\/\/parapharmolivier.com\/index.php\/shop\/\"},{\"@type\":\"ListItem\",\"position\":3,\"name\":\"Hyfac Gommage douceur 40ML\"}]},{\"@type\":\"WebSite\",\"@id\":\"https:\/\/parapharmolivier.com\/#website\",\"url\":\"https:\/\/parapharmolivier.com\/\",\"name\":\"parapharmolivier.com\",\"description\":\"L&#039;olivier toujours dans votre service\",\"publisher\":{\"@id\":\"https:\/\/parapharmolivier.com\/#organization\"},\"alternateName\":\"Parapharmacie L''Olivier\",\"potentialAction\":[{\"@type\":\"SearchAction\",\"target\":{\"@type\":\"EntryPoint\",\"urlTemplate\":\"https:\/\/parapharmolivier.com\/?s={search_term_string}\"},\"query-input\":\"required name=search_term_string\"}],\"inLanguage\":\"fr-FR\"},{\"@type\":\"Organization\",\"@id\":\"https:\/\/parapharmolivier.com\/#organization\",\"name\":\"Parapharmacie l'Olivier\",\"url\":\"https:\/\/parapharmolivier.com\/\",\"logo\":{\"@type\":\"ImageObject\",\"inLanguage\":\"fr-FR\",\"@id\":\"https:\/\/parapharmolivier.com\/#\/schema\/logo\/image\/\",\"url\":\"https:\/\/parapharmolivier.com\/wp-content\/uploads\/2024\/03\/Pharmacie-l-Olivier-Logo.png\",\"contentUrl\":\"https:\/\/parapharmolivier.com\/wp-content\/uploads\/2024\/03\/Pharmacie-l-Olivier-Logo.png\",\"width\":6300,\"height\":2752,\"caption\":\"Parapharmacie l'Olivier\"},\"image\":{\"@id\":\"https:\/\/parapharmolivier.com\/#\/schema\/logo\/image\/\"},\"sameAs\":[\"https:\/\/www.facebook.com\/profile.php?id=100042409962367&locale=fr_FR\",\"https:\/\/www.instagram.com\/pharmacie_l.olivier_said_hamdi\/\"]}]}<\/script>\n<!-- \/ Yoast SEO plugin. -->","yoast_head_json":{"title":"Hyfac Gommage douceur 40ML - parapharmolivier","robots":{"index":"index","follow":"follow","max-snippet":"max-snippet:-1","max-image-preview":"max-image-preview:large","max-video-preview":"max-video-preview:-1"},"canonical":"https:\/\/parapharmolivier.com\/index.php\/product\/hyfac-gommage-douceur-40ml\/","og_locale":"fr_FR","og_type":"article","og_title":"Hyfac Gommage douceur 40ML - parapharmolivier","og_description":"Gr\u00e2ce aux propri\u00e9t\u00e9s exfoliantes naturelles des billes de jojoba, le Gommage Douceur d\u00e9sincruste les pores, \u00e9limine les cellules mortes et les impuret\u00e9s. Par son action douce, il convient parfaitement aux peaux sensibles et aux peaux \u00e0 imperfections.","og_url":"https:\/\/parapharmolivier.com\/index.php\/product\/hyfac-gommage-douceur-40ml\/","og_site_name":"parapharmolivier","article_publisher":"https:\/\/www.facebook.com\/profile.php?id=100042409962367&locale=fr_FR","og_image":[{"width":1200,"height":1200,"url":"https:\/\/parapharmolivier.com\/wp-content\/uploads\/2024\/04\/hyfac-woman-gommage-douceur-40ml-hyfac-parasel_product_10477988b-jpg_0_0_1200_1200_417174933_107685.jpg","type":"image\/jpeg"}],"twitter_card":"summary_large_image","twitter_misc":{"Dur\u00e9e de lecture estim\u00e9e":"1 minute"},"schema":{"@context":"https:\/\/schema.org","@graph":[{"@type":"WebPage","@id":"https:\/\/parapharmolivier.com\/index.php\/product\/hyfac-gommage-douceur-40ml\/","url":"https:\/\/parapharmolivier.com\/index.php\/product\/hyfac-gommage-douceur-40ml\/","name":"Hyfac Gommage douceur 40ML - parapharmolivier","isPartOf":{"@id":"https:\/\/parapharmolivier.com\/#website"},"primaryImageOfPage":{"@id":"https:\/\/parapharmolivier.com\/index.php\/product\/hyfac-gommage-douceur-40ml\/#primaryimage"},"image":{"@id":"https:\/\/parapharmolivier.com\/index.php\/product\/hyfac-gommage-douceur-40ml\/#primaryimage"},"thumbnailUrl":"https:\/\/parapharmolivier.com\/wp-content\/uploads\/2024\/04\/hyfac-woman-gommage-douceur-40ml-hyfac-parasel_product_10477988b-jpg_0_0_1200_1200_417174933_107685.jpg","datePublished":"2024-04-09T18:45:04+00:00","dateModified":"2024-04-09T18:45:04+00:00","breadcrumb":{"@id":"https:\/\/parapharmolivier.com\/index.php\/product\/hyfac-gommage-douceur-40ml\/#breadcrumb"},"inLanguage":"fr-FR","potentialAction":[{"@type":"ReadAction","target":["https:\/\/parapharmolivier.com\/index.php\/product\/hyfac-gommage-douceur-40ml\/"]}]},{"@type":"ImageObject","inLanguage":"fr-FR","@id":"https:\/\/parapharmolivier.com\/index.php\/product\/hyfac-gommage-douceur-40ml\/#primaryimage","url":"https:\/\/parapharmolivier.com\/wp-content\/uploads\/2024\/04\/hyfac-woman-gommage-douceur-40ml-hyfac-parasel_product_10477988b-jpg_0_0_1200_1200_417174933_107685.jpg","contentUrl":"https:\/\/parapharmolivier.com\/wp-content\/uploads\/2024\/04\/hyfac-woman-gommage-douceur-40ml-hyfac-parasel_product_10477988b-jpg_0_0_1200_1200_417174933_107685.jpg","width":1200,"height":1200},{"@type":"BreadcrumbList","@id":"https:\/\/parapharmolivier.com\/index.php\/product\/hyfac-gommage-douceur-40ml\/#breadcrumb","itemListElement":[{"@type":"ListItem","position":1,"name":"Accueil","item":"https:\/\/parapharmolivier.com\/"},{"@type":"ListItem","position":2,"name":"Shop","item":"https:\/\/parapharmolivier.com\/index.php\/shop\/"},{"@type":"ListItem","position":3,"name":"Hyfac Gommage douceur 40ML"}]},{"@type":"WebSite","@id":"https:\/\/parapharmolivier.com\/#website","url":"https:\/\/parapharmolivier.com\/","name":"parapharmolivier.com","description":"L&#039;olivier toujours dans votre service","publisher":{"@id":"https:\/\/parapharmolivier.com\/#organization"},"alternateName":"Parapharmacie L''Olivier","potentialAction":[{"@type":"SearchAction","target":{"@type":"EntryPoint","urlTemplate":"https:\/\/parapharmolivier.com\/?s={search_term_string}"},"query-input":"required name=search_term_string"}],"inLanguage":"fr-FR"},{"@type":"Organization","@id":"https:\/\/parapharmolivier.com\/#organization","name":"Parapharmacie l'Olivier","url":"https:\/\/parapharmolivier.com\/","logo":{"@type":"ImageObject","inLanguage":"fr-FR","@id":"https:\/\/parapharmolivier.com\/#\/schema\/logo\/image\/","url":"https:\/\/parapharmolivier.com\/wp-content\/uploads\/2024\/03\/Pharmacie-l-Olivier-Logo.png","contentUrl":"https:\/\/parapharmolivier.com\/wp-content\/uploads\/2024\/03\/Pharmacie-l-Olivier-Logo.png","width":6300,"height":2752,"caption":"Parapharmacie l'Olivier"},"image":{"@id":"https:\/\/parapharmolivier.com\/#\/schema\/logo\/image\/"},"sameAs":["https:\/\/www.facebook.com\/profile.php?id=100042409962367&locale=fr_FR","https:\/\/www.instagram.com\/pharmacie_l.olivier_said_hamdi\/"]}]}},"jetpack_sharing_enabled":true,"_links":{"self":[{"href":"https:\/\/parapharmolivier.com\/index.php\/wp-json\/wp\/v2\/product\/8438"}],"collection":[{"href":"https:\/\/parapharmolivier.com\/index.php\/wp-json\/wp\/v2\/product"}],"about":[{"href":"https:\/\/parapharmolivier.com\/index.php\/wp-json\/wp\/v2\/types\/product"}],"replies":[{"embeddable":true,"href":"https:\/\/parapharmolivier.com\/index.php\/wp-json\/wp\/v2\/comments?post=8438"}],"wp:featuredmedia":[{"embeddable":true,"href":"https:\/\/parapharmolivier.com\/index.php\/wp-json\/wp\/v2\/media\/8439"}],"wp:attachment":[{"href":"https:\/\/parapharmolivier.com\/index.php\/wp-json\/wp\/v2\/media?parent=8438"}],"wp:term":[{"taxonomy":"product_cat","embeddable":true,"href":"https:\/\/parapharmolivier.com\/index.php\/wp-json\/wp\/v2\/product_cat?post=8438"},{"taxonomy":"product_tag","embeddable":true,"href":"https:\/\/parapharmolivier.com\/index.php\/wp-json\/wp\/v2\/product_tag?post=8438"}],"curies":[{"name":"wp","href":"https:\/\/api.w.org\/{rel}","templated":true}]}}