{"id":8442,"date":"2024-04-09T20:54:19","date_gmt":"2024-04-09T18:54:19","guid":{"rendered":"https:\/\/parapharmolivier.com\/?post_type=product&#038;p=8442"},"modified":"2024-04-09T20:54:20","modified_gmt":"2024-04-09T18:54:20","slug":"hyfac-clarifac-anti-taches-40ml","status":"publish","type":"product","link":"https:\/\/parapharmolivier.com\/index.php\/product\/hyfac-clarifac-anti-taches-40ml\/","title":{"rendered":"HYFAC clarifac anti taches 40ml"},"content":{"rendered":"<div class=\"product_info_tabs_content hide-fade\">\n<div id=\"descriptionTabContent\" class=\"product_info_tabs_description active mt-4\" data-tab=\"tab1\">Le soin Clarifac \u00e9claircissant est adapt\u00e9 aux peaux pr\u00e9sentant des taches pigment\u00e9es.<br \/>\nSa texture l\u00e9g\u00e8re et hydratante redonne \u00e0 la peau son \u00e9clat naturel.<br \/>\nIl prot\u00e8ge des UV gr\u00e2ce \u00e0 son SPF30.<\/p>\n<p>Le soin anti-taches Clarifac contient des actifs v\u00e9g\u00e9taux qui agissent sur les 3 \u00e9tapes cl\u00e9s de la m\u00e9lanogen\u00e8se.<br \/>\n&#8211; Diminue l\u2019activit\u00e9 de la tyrosinase, principale enzyme responsable de la synth\u00e8se de la m\u00e9lanine.<br \/>\n&#8211; Retarde la maturation du m\u00e9lanosome, unit\u00e9 de fabrication de la m\u00e9lanine.<br \/>\n&#8211; Diminue le transfert de la m\u00e9lanine vers les k\u00e9ratinocytes.<\/p><\/div>\n<\/div>\n<div id=\"bt-view-more-btn\" class=\"d-flex justify-content-center bt-view-more-btn\"><\/div>\n","protected":false},"excerpt":{"rendered":"<div class=\"product_info_tabs_content hide-fade\">\n<div id=\"descriptionTabContent\" class=\"product_info_tabs_description active mt-4\" data-tab=\"tab1\">Le soin Clarifac \u00e9claircissant est adapt\u00e9 aux peaux pr\u00e9sentant des taches pigment\u00e9es.<br \/>\nSa texture l\u00e9g\u00e8re et hydratante redonne \u00e0 la peau son \u00e9clat naturel.<br \/>\nIl prot\u00e8ge des UV gr\u00e2ce \u00e0 son SPF30.<\/p>\n<\/div>\n<\/div>\n","protected":false},"featured_media":8443,"comment_status":"open","ping_status":"closed","template":"","meta":[],"product_cat":[100,233],"product_tag":[],"yoast_head":"<!-- This site is optimized with the Yoast SEO plugin v22.4 - https:\/\/yoast.com\/wordpress\/plugins\/seo\/ -->\n<title>HYFAC clarifac anti taches 40ml - parapharmolivier<\/title>\n<meta name=\"robots\" content=\"index, follow, max-snippet:-1, max-image-preview:large, max-video-preview:-1\" \/>\n<link rel=\"canonical\" href=\"https:\/\/parapharmolivier.com\/index.php\/product\/hyfac-clarifac-anti-taches-40ml\/\" \/>\n<meta property=\"og:locale\" content=\"fr_FR\" \/>\n<meta property=\"og:type\" content=\"article\" \/>\n<meta property=\"og:title\" content=\"HYFAC clarifac anti taches 40ml - parapharmolivier\" \/>\n<meta property=\"og:description\" content=\"Le soin Clarifac \u00e9claircissant est adapt\u00e9 aux peaux pr\u00e9sentant des taches pigment\u00e9es. Sa texture l\u00e9g\u00e8re et hydratante redonne \u00e0 la peau son \u00e9clat naturel. Il prot\u00e8ge des UV gr\u00e2ce \u00e0 son SPF30.\" \/>\n<meta property=\"og:url\" content=\"https:\/\/parapharmolivier.com\/index.php\/product\/hyfac-clarifac-anti-taches-40ml\/\" \/>\n<meta property=\"og:site_name\" content=\"parapharmolivier\" \/>\n<meta property=\"article:publisher\" content=\"https:\/\/www.facebook.com\/profile.php?id=100042409962367&amp;locale=fr_FR\" \/>\n<meta property=\"article:modified_time\" content=\"2024-04-09T18:54:20+00:00\" \/>\n<meta property=\"og:image\" content=\"https:\/\/parapharmolivier.com\/wp-content\/uploads\/2024\/04\/4c48fe819fb3223aed8d749ad66ad9ff03fc581a.jpg\" \/>\n\t<meta property=\"og:image:width\" content=\"655\" \/>\n\t<meta property=\"og:image:height\" content=\"977\" \/>\n\t<meta property=\"og:image:type\" content=\"image\/jpeg\" \/>\n<meta name=\"twitter:card\" content=\"summary_large_image\" \/>\n<meta name=\"twitter:label1\" content=\"Dur\u00e9e de lecture estim\u00e9e\" \/>\n\t<meta name=\"twitter:data1\" content=\"1 minute\" \/>\n<script type=\"application\/ld+json\" class=\"yoast-schema-graph\">{\"@context\":\"https:\/\/schema.org\",\"@graph\":[{\"@type\":\"WebPage\",\"@id\":\"https:\/\/parapharmolivier.com\/index.php\/product\/hyfac-clarifac-anti-taches-40ml\/\",\"url\":\"https:\/\/parapharmolivier.com\/index.php\/product\/hyfac-clarifac-anti-taches-40ml\/\",\"name\":\"HYFAC clarifac anti taches 40ml - parapharmolivier\",\"isPartOf\":{\"@id\":\"https:\/\/parapharmolivier.com\/#website\"},\"primaryImageOfPage\":{\"@id\":\"https:\/\/parapharmolivier.com\/index.php\/product\/hyfac-clarifac-anti-taches-40ml\/#primaryimage\"},\"image\":{\"@id\":\"https:\/\/parapharmolivier.com\/index.php\/product\/hyfac-clarifac-anti-taches-40ml\/#primaryimage\"},\"thumbnailUrl\":\"https:\/\/parapharmolivier.com\/wp-content\/uploads\/2024\/04\/4c48fe819fb3223aed8d749ad66ad9ff03fc581a.jpg\",\"datePublished\":\"2024-04-09T18:54:19+00:00\",\"dateModified\":\"2024-04-09T18:54:20+00:00\",\"breadcrumb\":{\"@id\":\"https:\/\/parapharmolivier.com\/index.php\/product\/hyfac-clarifac-anti-taches-40ml\/#breadcrumb\"},\"inLanguage\":\"fr-FR\",\"potentialAction\":[{\"@type\":\"ReadAction\",\"target\":[\"https:\/\/parapharmolivier.com\/index.php\/product\/hyfac-clarifac-anti-taches-40ml\/\"]}]},{\"@type\":\"ImageObject\",\"inLanguage\":\"fr-FR\",\"@id\":\"https:\/\/parapharmolivier.com\/index.php\/product\/hyfac-clarifac-anti-taches-40ml\/#primaryimage\",\"url\":\"https:\/\/parapharmolivier.com\/wp-content\/uploads\/2024\/04\/4c48fe819fb3223aed8d749ad66ad9ff03fc581a.jpg\",\"contentUrl\":\"https:\/\/parapharmolivier.com\/wp-content\/uploads\/2024\/04\/4c48fe819fb3223aed8d749ad66ad9ff03fc581a.jpg\",\"width\":655,\"height\":977},{\"@type\":\"BreadcrumbList\",\"@id\":\"https:\/\/parapharmolivier.com\/index.php\/product\/hyfac-clarifac-anti-taches-40ml\/#breadcrumb\",\"itemListElement\":[{\"@type\":\"ListItem\",\"position\":1,\"name\":\"Accueil\",\"item\":\"https:\/\/parapharmolivier.com\/\"},{\"@type\":\"ListItem\",\"position\":2,\"name\":\"Shop\",\"item\":\"https:\/\/parapharmolivier.com\/index.php\/shop\/\"},{\"@type\":\"ListItem\",\"position\":3,\"name\":\"HYFAC clarifac anti taches 40ml\"}]},{\"@type\":\"WebSite\",\"@id\":\"https:\/\/parapharmolivier.com\/#website\",\"url\":\"https:\/\/parapharmolivier.com\/\",\"name\":\"parapharmolivier.com\",\"description\":\"L&#039;olivier toujours dans votre service\",\"publisher\":{\"@id\":\"https:\/\/parapharmolivier.com\/#organization\"},\"alternateName\":\"Parapharmacie L''Olivier\",\"potentialAction\":[{\"@type\":\"SearchAction\",\"target\":{\"@type\":\"EntryPoint\",\"urlTemplate\":\"https:\/\/parapharmolivier.com\/?s={search_term_string}\"},\"query-input\":\"required name=search_term_string\"}],\"inLanguage\":\"fr-FR\"},{\"@type\":\"Organization\",\"@id\":\"https:\/\/parapharmolivier.com\/#organization\",\"name\":\"Parapharmacie l'Olivier\",\"url\":\"https:\/\/parapharmolivier.com\/\",\"logo\":{\"@type\":\"ImageObject\",\"inLanguage\":\"fr-FR\",\"@id\":\"https:\/\/parapharmolivier.com\/#\/schema\/logo\/image\/\",\"url\":\"https:\/\/parapharmolivier.com\/wp-content\/uploads\/2024\/03\/Pharmacie-l-Olivier-Logo.png\",\"contentUrl\":\"https:\/\/parapharmolivier.com\/wp-content\/uploads\/2024\/03\/Pharmacie-l-Olivier-Logo.png\",\"width\":6300,\"height\":2752,\"caption\":\"Parapharmacie l'Olivier\"},\"image\":{\"@id\":\"https:\/\/parapharmolivier.com\/#\/schema\/logo\/image\/\"},\"sameAs\":[\"https:\/\/www.facebook.com\/profile.php?id=100042409962367&locale=fr_FR\",\"https:\/\/www.instagram.com\/pharmacie_l.olivier_said_hamdi\/\"]}]}<\/script>\n<!-- \/ Yoast SEO plugin. -->","yoast_head_json":{"title":"HYFAC clarifac anti taches 40ml - parapharmolivier","robots":{"index":"index","follow":"follow","max-snippet":"max-snippet:-1","max-image-preview":"max-image-preview:large","max-video-preview":"max-video-preview:-1"},"canonical":"https:\/\/parapharmolivier.com\/index.php\/product\/hyfac-clarifac-anti-taches-40ml\/","og_locale":"fr_FR","og_type":"article","og_title":"HYFAC clarifac anti taches 40ml - parapharmolivier","og_description":"Le soin Clarifac \u00e9claircissant est adapt\u00e9 aux peaux pr\u00e9sentant des taches pigment\u00e9es. Sa texture l\u00e9g\u00e8re et hydratante redonne \u00e0 la peau son \u00e9clat naturel. Il prot\u00e8ge des UV gr\u00e2ce \u00e0 son SPF30.","og_url":"https:\/\/parapharmolivier.com\/index.php\/product\/hyfac-clarifac-anti-taches-40ml\/","og_site_name":"parapharmolivier","article_publisher":"https:\/\/www.facebook.com\/profile.php?id=100042409962367&locale=fr_FR","article_modified_time":"2024-04-09T18:54:20+00:00","og_image":[{"width":655,"height":977,"url":"https:\/\/parapharmolivier.com\/wp-content\/uploads\/2024\/04\/4c48fe819fb3223aed8d749ad66ad9ff03fc581a.jpg","type":"image\/jpeg"}],"twitter_card":"summary_large_image","twitter_misc":{"Dur\u00e9e de lecture estim\u00e9e":"1 minute"},"schema":{"@context":"https:\/\/schema.org","@graph":[{"@type":"WebPage","@id":"https:\/\/parapharmolivier.com\/index.php\/product\/hyfac-clarifac-anti-taches-40ml\/","url":"https:\/\/parapharmolivier.com\/index.php\/product\/hyfac-clarifac-anti-taches-40ml\/","name":"HYFAC clarifac anti taches 40ml - parapharmolivier","isPartOf":{"@id":"https:\/\/parapharmolivier.com\/#website"},"primaryImageOfPage":{"@id":"https:\/\/parapharmolivier.com\/index.php\/product\/hyfac-clarifac-anti-taches-40ml\/#primaryimage"},"image":{"@id":"https:\/\/parapharmolivier.com\/index.php\/product\/hyfac-clarifac-anti-taches-40ml\/#primaryimage"},"thumbnailUrl":"https:\/\/parapharmolivier.com\/wp-content\/uploads\/2024\/04\/4c48fe819fb3223aed8d749ad66ad9ff03fc581a.jpg","datePublished":"2024-04-09T18:54:19+00:00","dateModified":"2024-04-09T18:54:20+00:00","breadcrumb":{"@id":"https:\/\/parapharmolivier.com\/index.php\/product\/hyfac-clarifac-anti-taches-40ml\/#breadcrumb"},"inLanguage":"fr-FR","potentialAction":[{"@type":"ReadAction","target":["https:\/\/parapharmolivier.com\/index.php\/product\/hyfac-clarifac-anti-taches-40ml\/"]}]},{"@type":"ImageObject","inLanguage":"fr-FR","@id":"https:\/\/parapharmolivier.com\/index.php\/product\/hyfac-clarifac-anti-taches-40ml\/#primaryimage","url":"https:\/\/parapharmolivier.com\/wp-content\/uploads\/2024\/04\/4c48fe819fb3223aed8d749ad66ad9ff03fc581a.jpg","contentUrl":"https:\/\/parapharmolivier.com\/wp-content\/uploads\/2024\/04\/4c48fe819fb3223aed8d749ad66ad9ff03fc581a.jpg","width":655,"height":977},{"@type":"BreadcrumbList","@id":"https:\/\/parapharmolivier.com\/index.php\/product\/hyfac-clarifac-anti-taches-40ml\/#breadcrumb","itemListElement":[{"@type":"ListItem","position":1,"name":"Accueil","item":"https:\/\/parapharmolivier.com\/"},{"@type":"ListItem","position":2,"name":"Shop","item":"https:\/\/parapharmolivier.com\/index.php\/shop\/"},{"@type":"ListItem","position":3,"name":"HYFAC clarifac anti taches 40ml"}]},{"@type":"WebSite","@id":"https:\/\/parapharmolivier.com\/#website","url":"https:\/\/parapharmolivier.com\/","name":"parapharmolivier.com","description":"L&#039;olivier toujours dans votre service","publisher":{"@id":"https:\/\/parapharmolivier.com\/#organization"},"alternateName":"Parapharmacie L''Olivier","potentialAction":[{"@type":"SearchAction","target":{"@type":"EntryPoint","urlTemplate":"https:\/\/parapharmolivier.com\/?s={search_term_string}"},"query-input":"required name=search_term_string"}],"inLanguage":"fr-FR"},{"@type":"Organization","@id":"https:\/\/parapharmolivier.com\/#organization","name":"Parapharmacie l'Olivier","url":"https:\/\/parapharmolivier.com\/","logo":{"@type":"ImageObject","inLanguage":"fr-FR","@id":"https:\/\/parapharmolivier.com\/#\/schema\/logo\/image\/","url":"https:\/\/parapharmolivier.com\/wp-content\/uploads\/2024\/03\/Pharmacie-l-Olivier-Logo.png","contentUrl":"https:\/\/parapharmolivier.com\/wp-content\/uploads\/2024\/03\/Pharmacie-l-Olivier-Logo.png","width":6300,"height":2752,"caption":"Parapharmacie l'Olivier"},"image":{"@id":"https:\/\/parapharmolivier.com\/#\/schema\/logo\/image\/"},"sameAs":["https:\/\/www.facebook.com\/profile.php?id=100042409962367&locale=fr_FR","https:\/\/www.instagram.com\/pharmacie_l.olivier_said_hamdi\/"]}]}},"jetpack_sharing_enabled":true,"_links":{"self":[{"href":"https:\/\/parapharmolivier.com\/index.php\/wp-json\/wp\/v2\/product\/8442"}],"collection":[{"href":"https:\/\/parapharmolivier.com\/index.php\/wp-json\/wp\/v2\/product"}],"about":[{"href":"https:\/\/parapharmolivier.com\/index.php\/wp-json\/wp\/v2\/types\/product"}],"replies":[{"embeddable":true,"href":"https:\/\/parapharmolivier.com\/index.php\/wp-json\/wp\/v2\/comments?post=8442"}],"wp:featuredmedia":[{"embeddable":true,"href":"https:\/\/parapharmolivier.com\/index.php\/wp-json\/wp\/v2\/media\/8443"}],"wp:attachment":[{"href":"https:\/\/parapharmolivier.com\/index.php\/wp-json\/wp\/v2\/media?parent=8442"}],"wp:term":[{"taxonomy":"product_cat","embeddable":true,"href":"https:\/\/parapharmolivier.com\/index.php\/wp-json\/wp\/v2\/product_cat?post=8442"},{"taxonomy":"product_tag","embeddable":true,"href":"https:\/\/parapharmolivier.com\/index.php\/wp-json\/wp\/v2\/product_tag?post=8442"}],"curies":[{"name":"wp","href":"https:\/\/api.w.org\/{rel}","templated":true}]}}