{"id":8446,"date":"2024-04-09T21:07:35","date_gmt":"2024-04-09T19:07:35","guid":{"rendered":"https:\/\/parapharmolivier.com\/?post_type=product&#038;p=8446"},"modified":"2024-07-24T13:24:19","modified_gmt":"2024-07-24T11:24:19","slug":"hyfac-mousse-nettoyante-exfloliante-150ml","status":"publish","type":"product","link":"https:\/\/parapharmolivier.com\/index.php\/product\/hyfac-mousse-nettoyante-exfloliante-150ml\/","title":{"rendered":"HYFAC mousse nettoyante exfloliante 150ML"},"content":{"rendered":"<p>La mousse nettoyante aux AHA Hyfac \u00e9limine les impuret\u00e9s des peaux jeunes \u00e0 probl\u00e8mes pour aider \u00e0 retrouver une peau nette et belle, sans imperfections. Les AHA ont une action k\u00e9ratolytique, permettant d\u2019\u00e9liminer les impuret\u00e9s\/com\u00e9dons pr\u00e9sents dans les pores de la peau. L\u2019utilisation de la mousse nettoyante exfoliante potentialise les effets du soin global HYFAC en abaissant le PH de la peau.<\/p>\n<p><strong>B\u00e9n\u00e9fices<\/strong><\/p>\n<ul>\n<li>Limite l\u2019apparition des com\u00e9dons (points noirs)<\/li>\n<li>Texture mousse fine et l\u00e9g\u00e8re<\/li>\n<li>Limite l\u2019apparition des \u00ab boutons \u00bb inflammatoires<\/li>\n<li>Pr\u00e9pare la peau \u00e0 recevoir le soin aux AHA<\/li>\n<\/ul>\n<p><strong>Conseils d&#8217;utilisation<\/strong><br \/>\nAppliquer matin et soir sur peau humidifi\u00e9e, puis rincer \u00e0 l\u2019eau.<\/p>\n<p>&nbsp;<\/p>\n","protected":false},"excerpt":{"rendered":"<p>La mousse nettoyante aux AHA Hyfac \u00e9limine les impuret\u00e9s des peaux jeunes \u00e0 probl\u00e8mes pour aider \u00e0 retrouver une peau nette et belle, sans imperfections.<\/p>\n","protected":false},"featured_media":8447,"comment_status":"open","ping_status":"closed","template":"","meta":[],"product_cat":[233],"product_tag":[],"yoast_head":"<!-- This site is optimized with the Yoast SEO plugin v22.4 - https:\/\/yoast.com\/wordpress\/plugins\/seo\/ -->\n<title>HYFAC mousse nettoyante exfloliante 150ML - parapharmolivier<\/title>\n<meta name=\"robots\" content=\"index, follow, max-snippet:-1, max-image-preview:large, max-video-preview:-1\" \/>\n<link rel=\"canonical\" href=\"https:\/\/parapharmolivier.com\/index.php\/product\/hyfac-mousse-nettoyante-exfloliante-150ml\/\" \/>\n<meta property=\"og:locale\" content=\"fr_FR\" \/>\n<meta property=\"og:type\" content=\"article\" \/>\n<meta property=\"og:title\" content=\"HYFAC mousse nettoyante exfloliante 150ML - parapharmolivier\" \/>\n<meta property=\"og:description\" content=\"La mousse nettoyante aux AHA Hyfac \u00e9limine les impuret\u00e9s des peaux jeunes \u00e0 probl\u00e8mes pour aider \u00e0 retrouver une peau nette et belle, sans imperfections.\" \/>\n<meta property=\"og:url\" content=\"https:\/\/parapharmolivier.com\/index.php\/product\/hyfac-mousse-nettoyante-exfloliante-150ml\/\" \/>\n<meta property=\"og:site_name\" content=\"parapharmolivier\" \/>\n<meta property=\"article:publisher\" content=\"https:\/\/www.facebook.com\/profile.php?id=100042409962367&amp;locale=fr_FR\" \/>\n<meta property=\"article:modified_time\" content=\"2024-07-24T11:24:19+00:00\" \/>\n<meta property=\"og:image\" content=\"https:\/\/parapharmolivier.com\/wp-content\/uploads\/2024\/04\/F00009256-p10.webp\" \/>\n\t<meta property=\"og:image:width\" content=\"768\" \/>\n\t<meta property=\"og:image:height\" content=\"768\" \/>\n\t<meta property=\"og:image:type\" content=\"image\/webp\" \/>\n<meta name=\"twitter:card\" content=\"summary_large_image\" \/>\n<meta name=\"twitter:label1\" content=\"Dur\u00e9e de lecture estim\u00e9e\" \/>\n\t<meta name=\"twitter:data1\" content=\"1 minute\" \/>\n<script type=\"application\/ld+json\" class=\"yoast-schema-graph\">{\"@context\":\"https:\/\/schema.org\",\"@graph\":[{\"@type\":\"WebPage\",\"@id\":\"https:\/\/parapharmolivier.com\/index.php\/product\/hyfac-mousse-nettoyante-exfloliante-150ml\/\",\"url\":\"https:\/\/parapharmolivier.com\/index.php\/product\/hyfac-mousse-nettoyante-exfloliante-150ml\/\",\"name\":\"HYFAC mousse nettoyante exfloliante 150ML - parapharmolivier\",\"isPartOf\":{\"@id\":\"https:\/\/parapharmolivier.com\/#website\"},\"primaryImageOfPage\":{\"@id\":\"https:\/\/parapharmolivier.com\/index.php\/product\/hyfac-mousse-nettoyante-exfloliante-150ml\/#primaryimage\"},\"image\":{\"@id\":\"https:\/\/parapharmolivier.com\/index.php\/product\/hyfac-mousse-nettoyante-exfloliante-150ml\/#primaryimage\"},\"thumbnailUrl\":\"https:\/\/parapharmolivier.com\/wp-content\/uploads\/2024\/04\/F00009256-p10.webp\",\"datePublished\":\"2024-04-09T19:07:35+00:00\",\"dateModified\":\"2024-07-24T11:24:19+00:00\",\"breadcrumb\":{\"@id\":\"https:\/\/parapharmolivier.com\/index.php\/product\/hyfac-mousse-nettoyante-exfloliante-150ml\/#breadcrumb\"},\"inLanguage\":\"fr-FR\",\"potentialAction\":[{\"@type\":\"ReadAction\",\"target\":[\"https:\/\/parapharmolivier.com\/index.php\/product\/hyfac-mousse-nettoyante-exfloliante-150ml\/\"]}]},{\"@type\":\"ImageObject\",\"inLanguage\":\"fr-FR\",\"@id\":\"https:\/\/parapharmolivier.com\/index.php\/product\/hyfac-mousse-nettoyante-exfloliante-150ml\/#primaryimage\",\"url\":\"https:\/\/parapharmolivier.com\/wp-content\/uploads\/2024\/04\/F00009256-p10.webp\",\"contentUrl\":\"https:\/\/parapharmolivier.com\/wp-content\/uploads\/2024\/04\/F00009256-p10.webp\",\"width\":768,\"height\":768},{\"@type\":\"BreadcrumbList\",\"@id\":\"https:\/\/parapharmolivier.com\/index.php\/product\/hyfac-mousse-nettoyante-exfloliante-150ml\/#breadcrumb\",\"itemListElement\":[{\"@type\":\"ListItem\",\"position\":1,\"name\":\"Accueil\",\"item\":\"https:\/\/parapharmolivier.com\/\"},{\"@type\":\"ListItem\",\"position\":2,\"name\":\"Shop\",\"item\":\"https:\/\/parapharmolivier.com\/index.php\/shop\/\"},{\"@type\":\"ListItem\",\"position\":3,\"name\":\"HYFAC mousse nettoyante exfloliante 150ML\"}]},{\"@type\":\"WebSite\",\"@id\":\"https:\/\/parapharmolivier.com\/#website\",\"url\":\"https:\/\/parapharmolivier.com\/\",\"name\":\"parapharmolivier.com\",\"description\":\"L&#039;olivier toujours dans votre service\",\"publisher\":{\"@id\":\"https:\/\/parapharmolivier.com\/#organization\"},\"alternateName\":\"Parapharmacie L''Olivier\",\"potentialAction\":[{\"@type\":\"SearchAction\",\"target\":{\"@type\":\"EntryPoint\",\"urlTemplate\":\"https:\/\/parapharmolivier.com\/?s={search_term_string}\"},\"query-input\":\"required name=search_term_string\"}],\"inLanguage\":\"fr-FR\"},{\"@type\":\"Organization\",\"@id\":\"https:\/\/parapharmolivier.com\/#organization\",\"name\":\"Parapharmacie l'Olivier\",\"url\":\"https:\/\/parapharmolivier.com\/\",\"logo\":{\"@type\":\"ImageObject\",\"inLanguage\":\"fr-FR\",\"@id\":\"https:\/\/parapharmolivier.com\/#\/schema\/logo\/image\/\",\"url\":\"https:\/\/parapharmolivier.com\/wp-content\/uploads\/2024\/03\/Pharmacie-l-Olivier-Logo.png\",\"contentUrl\":\"https:\/\/parapharmolivier.com\/wp-content\/uploads\/2024\/03\/Pharmacie-l-Olivier-Logo.png\",\"width\":6300,\"height\":2752,\"caption\":\"Parapharmacie l'Olivier\"},\"image\":{\"@id\":\"https:\/\/parapharmolivier.com\/#\/schema\/logo\/image\/\"},\"sameAs\":[\"https:\/\/www.facebook.com\/profile.php?id=100042409962367&locale=fr_FR\",\"https:\/\/www.instagram.com\/pharmacie_l.olivier_said_hamdi\/\"]}]}<\/script>\n<!-- \/ Yoast SEO plugin. -->","yoast_head_json":{"title":"HYFAC mousse nettoyante exfloliante 150ML - parapharmolivier","robots":{"index":"index","follow":"follow","max-snippet":"max-snippet:-1","max-image-preview":"max-image-preview:large","max-video-preview":"max-video-preview:-1"},"canonical":"https:\/\/parapharmolivier.com\/index.php\/product\/hyfac-mousse-nettoyante-exfloliante-150ml\/","og_locale":"fr_FR","og_type":"article","og_title":"HYFAC mousse nettoyante exfloliante 150ML - parapharmolivier","og_description":"La mousse nettoyante aux AHA Hyfac \u00e9limine les impuret\u00e9s des peaux jeunes \u00e0 probl\u00e8mes pour aider \u00e0 retrouver une peau nette et belle, sans imperfections.","og_url":"https:\/\/parapharmolivier.com\/index.php\/product\/hyfac-mousse-nettoyante-exfloliante-150ml\/","og_site_name":"parapharmolivier","article_publisher":"https:\/\/www.facebook.com\/profile.php?id=100042409962367&locale=fr_FR","article_modified_time":"2024-07-24T11:24:19+00:00","og_image":[{"width":768,"height":768,"url":"https:\/\/parapharmolivier.com\/wp-content\/uploads\/2024\/04\/F00009256-p10.webp","type":"image\/webp"}],"twitter_card":"summary_large_image","twitter_misc":{"Dur\u00e9e de lecture estim\u00e9e":"1 minute"},"schema":{"@context":"https:\/\/schema.org","@graph":[{"@type":"WebPage","@id":"https:\/\/parapharmolivier.com\/index.php\/product\/hyfac-mousse-nettoyante-exfloliante-150ml\/","url":"https:\/\/parapharmolivier.com\/index.php\/product\/hyfac-mousse-nettoyante-exfloliante-150ml\/","name":"HYFAC mousse nettoyante exfloliante 150ML - parapharmolivier","isPartOf":{"@id":"https:\/\/parapharmolivier.com\/#website"},"primaryImageOfPage":{"@id":"https:\/\/parapharmolivier.com\/index.php\/product\/hyfac-mousse-nettoyante-exfloliante-150ml\/#primaryimage"},"image":{"@id":"https:\/\/parapharmolivier.com\/index.php\/product\/hyfac-mousse-nettoyante-exfloliante-150ml\/#primaryimage"},"thumbnailUrl":"https:\/\/parapharmolivier.com\/wp-content\/uploads\/2024\/04\/F00009256-p10.webp","datePublished":"2024-04-09T19:07:35+00:00","dateModified":"2024-07-24T11:24:19+00:00","breadcrumb":{"@id":"https:\/\/parapharmolivier.com\/index.php\/product\/hyfac-mousse-nettoyante-exfloliante-150ml\/#breadcrumb"},"inLanguage":"fr-FR","potentialAction":[{"@type":"ReadAction","target":["https:\/\/parapharmolivier.com\/index.php\/product\/hyfac-mousse-nettoyante-exfloliante-150ml\/"]}]},{"@type":"ImageObject","inLanguage":"fr-FR","@id":"https:\/\/parapharmolivier.com\/index.php\/product\/hyfac-mousse-nettoyante-exfloliante-150ml\/#primaryimage","url":"https:\/\/parapharmolivier.com\/wp-content\/uploads\/2024\/04\/F00009256-p10.webp","contentUrl":"https:\/\/parapharmolivier.com\/wp-content\/uploads\/2024\/04\/F00009256-p10.webp","width":768,"height":768},{"@type":"BreadcrumbList","@id":"https:\/\/parapharmolivier.com\/index.php\/product\/hyfac-mousse-nettoyante-exfloliante-150ml\/#breadcrumb","itemListElement":[{"@type":"ListItem","position":1,"name":"Accueil","item":"https:\/\/parapharmolivier.com\/"},{"@type":"ListItem","position":2,"name":"Shop","item":"https:\/\/parapharmolivier.com\/index.php\/shop\/"},{"@type":"ListItem","position":3,"name":"HYFAC mousse nettoyante exfloliante 150ML"}]},{"@type":"WebSite","@id":"https:\/\/parapharmolivier.com\/#website","url":"https:\/\/parapharmolivier.com\/","name":"parapharmolivier.com","description":"L&#039;olivier toujours dans votre service","publisher":{"@id":"https:\/\/parapharmolivier.com\/#organization"},"alternateName":"Parapharmacie L''Olivier","potentialAction":[{"@type":"SearchAction","target":{"@type":"EntryPoint","urlTemplate":"https:\/\/parapharmolivier.com\/?s={search_term_string}"},"query-input":"required name=search_term_string"}],"inLanguage":"fr-FR"},{"@type":"Organization","@id":"https:\/\/parapharmolivier.com\/#organization","name":"Parapharmacie l'Olivier","url":"https:\/\/parapharmolivier.com\/","logo":{"@type":"ImageObject","inLanguage":"fr-FR","@id":"https:\/\/parapharmolivier.com\/#\/schema\/logo\/image\/","url":"https:\/\/parapharmolivier.com\/wp-content\/uploads\/2024\/03\/Pharmacie-l-Olivier-Logo.png","contentUrl":"https:\/\/parapharmolivier.com\/wp-content\/uploads\/2024\/03\/Pharmacie-l-Olivier-Logo.png","width":6300,"height":2752,"caption":"Parapharmacie l'Olivier"},"image":{"@id":"https:\/\/parapharmolivier.com\/#\/schema\/logo\/image\/"},"sameAs":["https:\/\/www.facebook.com\/profile.php?id=100042409962367&locale=fr_FR","https:\/\/www.instagram.com\/pharmacie_l.olivier_said_hamdi\/"]}]}},"jetpack_sharing_enabled":true,"_links":{"self":[{"href":"https:\/\/parapharmolivier.com\/index.php\/wp-json\/wp\/v2\/product\/8446"}],"collection":[{"href":"https:\/\/parapharmolivier.com\/index.php\/wp-json\/wp\/v2\/product"}],"about":[{"href":"https:\/\/parapharmolivier.com\/index.php\/wp-json\/wp\/v2\/types\/product"}],"replies":[{"embeddable":true,"href":"https:\/\/parapharmolivier.com\/index.php\/wp-json\/wp\/v2\/comments?post=8446"}],"wp:featuredmedia":[{"embeddable":true,"href":"https:\/\/parapharmolivier.com\/index.php\/wp-json\/wp\/v2\/media\/8447"}],"wp:attachment":[{"href":"https:\/\/parapharmolivier.com\/index.php\/wp-json\/wp\/v2\/media?parent=8446"}],"wp:term":[{"taxonomy":"product_cat","embeddable":true,"href":"https:\/\/parapharmolivier.com\/index.php\/wp-json\/wp\/v2\/product_cat?post=8446"},{"taxonomy":"product_tag","embeddable":true,"href":"https:\/\/parapharmolivier.com\/index.php\/wp-json\/wp\/v2\/product_tag?post=8446"}],"curies":[{"name":"wp","href":"https:\/\/api.w.org\/{rel}","templated":true}]}}