{"id":8448,"date":"2024-04-09T21:10:22","date_gmt":"2024-04-09T19:10:22","guid":{"rendered":"https:\/\/parapharmolivier.com\/?post_type=product&#038;p=8448"},"modified":"2024-07-30T10:58:57","modified_gmt":"2024-07-30T08:58:57","slug":"hyfac-creme-hydrafac-legere-40ml","status":"publish","type":"product","link":"https:\/\/parapharmolivier.com\/index.php\/product\/hyfac-creme-hydrafac-legere-40ml\/","title":{"rendered":"HYFAC Cr\u00e8me hydrafac l\u00e9g\u00e8re 40ML"},"content":{"rendered":"<p>La cr\u00e8me hydratante visage HYDRAFAC l\u00e9g\u00e8re procure une sensation d\u2019hydratation imm\u00e9diate et durable de l\u2019\u00e9piderme et booste la fonction d\u2019hydratation de la peau. Enrichie en actifs v\u00e9g\u00e9taux, sa formule am\u00e9liore le renouvellement de l\u2019\u00e9piderme pour maintenir la protection de la barri\u00e8re cutan\u00e9e.<\/p>\n<p>Utilis\u00e9e au quotidien, elle lisse le grain de peau et r\u00e9v\u00e8le l\u2019\u00e9clat du teint pour un effet peau neuve. Sa texture fondante et non grasse apaise imm\u00e9diatement et apporte une sensation de fra\u00eecheur et de confort \u00e0 la peau. Recommand\u00e9e pour les peaux normales \u00e0 mixtes, ou durant l\u2019\u00e9t\u00e9, elle est \u00e9galement id\u00e9ale comme base de maquillage.<\/p>\n<p><strong>B\u00e9n\u00e9fices<\/strong><\/p>\n<ul>\n<li>La cr\u00e8me hydratante visage pour les peaux normales \u00e0 mixtes HYDRAFAC L\u00e9g\u00e8re hydrate et apaise la peau. Sa texture fine et non grasse d\u00e9salt\u00e8re la peau d\u00e8s l\u2019application et lui procure souplesse, douceur et \u00e9clat. La peau retrouve toute sa fra\u00eecheur. Sans fini gras.<\/li>\n<\/ul>\n<p><strong>Indications<\/strong><br \/>\nSoin hyddratant pour les peaux normales \u00e0 mixtes<\/p>\n<p><strong>Conseil d&#8217;utilisation<br \/>\n<\/strong>Appliquer matin et soir sur peau parfaitement nettoy\u00e9e.<\/p>\n<p>&nbsp;<\/p>\n","protected":false},"excerpt":{"rendered":"<p>La cr\u00e8me hydratante visage HYDRAFAC l\u00e9g\u00e8re procure une sensation d\u2019hydratation imm\u00e9diate et durable de l\u2019\u00e9piderme et booste la fonction d\u2019hydratation de la peau. Enrichie en actifs v\u00e9g\u00e9taux, sa formule am\u00e9liore le renouvellement de l\u2019\u00e9piderme pour maintenir la protection de la barri\u00e8re cutan\u00e9e.<\/p>\n","protected":false},"featured_media":8449,"comment_status":"open","ping_status":"closed","template":"","meta":[],"product_cat":[233],"product_tag":[],"yoast_head":"<!-- This site is optimized with the Yoast SEO plugin v22.4 - https:\/\/yoast.com\/wordpress\/plugins\/seo\/ -->\n<title>HYFAC Cr\u00e8me hydrafac l\u00e9g\u00e8re 40ML - parapharmolivier<\/title>\n<meta name=\"robots\" content=\"index, follow, max-snippet:-1, max-image-preview:large, max-video-preview:-1\" \/>\n<link rel=\"canonical\" href=\"https:\/\/parapharmolivier.com\/index.php\/product\/hyfac-creme-hydrafac-legere-40ml\/\" \/>\n<meta property=\"og:locale\" content=\"fr_FR\" \/>\n<meta property=\"og:type\" content=\"article\" \/>\n<meta property=\"og:title\" content=\"HYFAC Cr\u00e8me hydrafac l\u00e9g\u00e8re 40ML - parapharmolivier\" \/>\n<meta property=\"og:description\" content=\"La cr\u00e8me hydratante visage HYDRAFAC l\u00e9g\u00e8re procure une sensation d\u2019hydratation imm\u00e9diate et durable de l\u2019\u00e9piderme et booste la fonction d\u2019hydratation de la peau. Enrichie en actifs v\u00e9g\u00e9taux, sa formule am\u00e9liore le renouvellement de l\u2019\u00e9piderme pour maintenir la protection de la barri\u00e8re cutan\u00e9e.\" \/>\n<meta property=\"og:url\" content=\"https:\/\/parapharmolivier.com\/index.php\/product\/hyfac-creme-hydrafac-legere-40ml\/\" \/>\n<meta property=\"og:site_name\" content=\"parapharmolivier\" \/>\n<meta property=\"article:publisher\" content=\"https:\/\/www.facebook.com\/profile.php?id=100042409962367&amp;locale=fr_FR\" \/>\n<meta property=\"article:modified_time\" content=\"2024-07-30T08:58:57+00:00\" \/>\n<meta property=\"og:image\" content=\"https:\/\/parapharmolivier.com\/wp-content\/uploads\/2024\/04\/F00020379-p10.webp\" \/>\n\t<meta property=\"og:image:width\" content=\"650\" \/>\n\t<meta property=\"og:image:height\" content=\"650\" \/>\n\t<meta property=\"og:image:type\" content=\"image\/webp\" \/>\n<meta name=\"twitter:card\" content=\"summary_large_image\" \/>\n<meta name=\"twitter:label1\" content=\"Dur\u00e9e de lecture estim\u00e9e\" \/>\n\t<meta name=\"twitter:data1\" content=\"2 minutes\" \/>\n<script type=\"application\/ld+json\" class=\"yoast-schema-graph\">{\"@context\":\"https:\/\/schema.org\",\"@graph\":[{\"@type\":\"WebPage\",\"@id\":\"https:\/\/parapharmolivier.com\/index.php\/product\/hyfac-creme-hydrafac-legere-40ml\/\",\"url\":\"https:\/\/parapharmolivier.com\/index.php\/product\/hyfac-creme-hydrafac-legere-40ml\/\",\"name\":\"HYFAC Cr\u00e8me hydrafac l\u00e9g\u00e8re 40ML - parapharmolivier\",\"isPartOf\":{\"@id\":\"https:\/\/parapharmolivier.com\/#website\"},\"primaryImageOfPage\":{\"@id\":\"https:\/\/parapharmolivier.com\/index.php\/product\/hyfac-creme-hydrafac-legere-40ml\/#primaryimage\"},\"image\":{\"@id\":\"https:\/\/parapharmolivier.com\/index.php\/product\/hyfac-creme-hydrafac-legere-40ml\/#primaryimage\"},\"thumbnailUrl\":\"https:\/\/parapharmolivier.com\/wp-content\/uploads\/2024\/04\/F00020379-p10.webp\",\"datePublished\":\"2024-04-09T19:10:22+00:00\",\"dateModified\":\"2024-07-30T08:58:57+00:00\",\"breadcrumb\":{\"@id\":\"https:\/\/parapharmolivier.com\/index.php\/product\/hyfac-creme-hydrafac-legere-40ml\/#breadcrumb\"},\"inLanguage\":\"fr-FR\",\"potentialAction\":[{\"@type\":\"ReadAction\",\"target\":[\"https:\/\/parapharmolivier.com\/index.php\/product\/hyfac-creme-hydrafac-legere-40ml\/\"]}]},{\"@type\":\"ImageObject\",\"inLanguage\":\"fr-FR\",\"@id\":\"https:\/\/parapharmolivier.com\/index.php\/product\/hyfac-creme-hydrafac-legere-40ml\/#primaryimage\",\"url\":\"https:\/\/parapharmolivier.com\/wp-content\/uploads\/2024\/04\/F00020379-p10.webp\",\"contentUrl\":\"https:\/\/parapharmolivier.com\/wp-content\/uploads\/2024\/04\/F00020379-p10.webp\",\"width\":650,\"height\":650},{\"@type\":\"BreadcrumbList\",\"@id\":\"https:\/\/parapharmolivier.com\/index.php\/product\/hyfac-creme-hydrafac-legere-40ml\/#breadcrumb\",\"itemListElement\":[{\"@type\":\"ListItem\",\"position\":1,\"name\":\"Accueil\",\"item\":\"https:\/\/parapharmolivier.com\/\"},{\"@type\":\"ListItem\",\"position\":2,\"name\":\"Shop\",\"item\":\"https:\/\/parapharmolivier.com\/index.php\/shop\/\"},{\"@type\":\"ListItem\",\"position\":3,\"name\":\"HYFAC Cr\u00e8me hydrafac l\u00e9g\u00e8re 40ML\"}]},{\"@type\":\"WebSite\",\"@id\":\"https:\/\/parapharmolivier.com\/#website\",\"url\":\"https:\/\/parapharmolivier.com\/\",\"name\":\"parapharmolivier.com\",\"description\":\"L&#039;olivier toujours dans votre service\",\"publisher\":{\"@id\":\"https:\/\/parapharmolivier.com\/#organization\"},\"alternateName\":\"Parapharmacie L''Olivier\",\"potentialAction\":[{\"@type\":\"SearchAction\",\"target\":{\"@type\":\"EntryPoint\",\"urlTemplate\":\"https:\/\/parapharmolivier.com\/?s={search_term_string}\"},\"query-input\":\"required name=search_term_string\"}],\"inLanguage\":\"fr-FR\"},{\"@type\":\"Organization\",\"@id\":\"https:\/\/parapharmolivier.com\/#organization\",\"name\":\"Parapharmacie l'Olivier\",\"url\":\"https:\/\/parapharmolivier.com\/\",\"logo\":{\"@type\":\"ImageObject\",\"inLanguage\":\"fr-FR\",\"@id\":\"https:\/\/parapharmolivier.com\/#\/schema\/logo\/image\/\",\"url\":\"https:\/\/parapharmolivier.com\/wp-content\/uploads\/2024\/03\/Pharmacie-l-Olivier-Logo.png\",\"contentUrl\":\"https:\/\/parapharmolivier.com\/wp-content\/uploads\/2024\/03\/Pharmacie-l-Olivier-Logo.png\",\"width\":6300,\"height\":2752,\"caption\":\"Parapharmacie l'Olivier\"},\"image\":{\"@id\":\"https:\/\/parapharmolivier.com\/#\/schema\/logo\/image\/\"},\"sameAs\":[\"https:\/\/www.facebook.com\/profile.php?id=100042409962367&locale=fr_FR\",\"https:\/\/www.instagram.com\/pharmacie_l.olivier_said_hamdi\/\"]}]}<\/script>\n<!-- \/ Yoast SEO plugin. -->","yoast_head_json":{"title":"HYFAC Cr\u00e8me hydrafac l\u00e9g\u00e8re 40ML - parapharmolivier","robots":{"index":"index","follow":"follow","max-snippet":"max-snippet:-1","max-image-preview":"max-image-preview:large","max-video-preview":"max-video-preview:-1"},"canonical":"https:\/\/parapharmolivier.com\/index.php\/product\/hyfac-creme-hydrafac-legere-40ml\/","og_locale":"fr_FR","og_type":"article","og_title":"HYFAC Cr\u00e8me hydrafac l\u00e9g\u00e8re 40ML - parapharmolivier","og_description":"La cr\u00e8me hydratante visage HYDRAFAC l\u00e9g\u00e8re procure une sensation d\u2019hydratation imm\u00e9diate et durable de l\u2019\u00e9piderme et booste la fonction d\u2019hydratation de la peau. Enrichie en actifs v\u00e9g\u00e9taux, sa formule am\u00e9liore le renouvellement de l\u2019\u00e9piderme pour maintenir la protection de la barri\u00e8re cutan\u00e9e.","og_url":"https:\/\/parapharmolivier.com\/index.php\/product\/hyfac-creme-hydrafac-legere-40ml\/","og_site_name":"parapharmolivier","article_publisher":"https:\/\/www.facebook.com\/profile.php?id=100042409962367&locale=fr_FR","article_modified_time":"2024-07-30T08:58:57+00:00","og_image":[{"width":650,"height":650,"url":"https:\/\/parapharmolivier.com\/wp-content\/uploads\/2024\/04\/F00020379-p10.webp","type":"image\/webp"}],"twitter_card":"summary_large_image","twitter_misc":{"Dur\u00e9e de lecture estim\u00e9e":"2 minutes"},"schema":{"@context":"https:\/\/schema.org","@graph":[{"@type":"WebPage","@id":"https:\/\/parapharmolivier.com\/index.php\/product\/hyfac-creme-hydrafac-legere-40ml\/","url":"https:\/\/parapharmolivier.com\/index.php\/product\/hyfac-creme-hydrafac-legere-40ml\/","name":"HYFAC Cr\u00e8me hydrafac l\u00e9g\u00e8re 40ML - parapharmolivier","isPartOf":{"@id":"https:\/\/parapharmolivier.com\/#website"},"primaryImageOfPage":{"@id":"https:\/\/parapharmolivier.com\/index.php\/product\/hyfac-creme-hydrafac-legere-40ml\/#primaryimage"},"image":{"@id":"https:\/\/parapharmolivier.com\/index.php\/product\/hyfac-creme-hydrafac-legere-40ml\/#primaryimage"},"thumbnailUrl":"https:\/\/parapharmolivier.com\/wp-content\/uploads\/2024\/04\/F00020379-p10.webp","datePublished":"2024-04-09T19:10:22+00:00","dateModified":"2024-07-30T08:58:57+00:00","breadcrumb":{"@id":"https:\/\/parapharmolivier.com\/index.php\/product\/hyfac-creme-hydrafac-legere-40ml\/#breadcrumb"},"inLanguage":"fr-FR","potentialAction":[{"@type":"ReadAction","target":["https:\/\/parapharmolivier.com\/index.php\/product\/hyfac-creme-hydrafac-legere-40ml\/"]}]},{"@type":"ImageObject","inLanguage":"fr-FR","@id":"https:\/\/parapharmolivier.com\/index.php\/product\/hyfac-creme-hydrafac-legere-40ml\/#primaryimage","url":"https:\/\/parapharmolivier.com\/wp-content\/uploads\/2024\/04\/F00020379-p10.webp","contentUrl":"https:\/\/parapharmolivier.com\/wp-content\/uploads\/2024\/04\/F00020379-p10.webp","width":650,"height":650},{"@type":"BreadcrumbList","@id":"https:\/\/parapharmolivier.com\/index.php\/product\/hyfac-creme-hydrafac-legere-40ml\/#breadcrumb","itemListElement":[{"@type":"ListItem","position":1,"name":"Accueil","item":"https:\/\/parapharmolivier.com\/"},{"@type":"ListItem","position":2,"name":"Shop","item":"https:\/\/parapharmolivier.com\/index.php\/shop\/"},{"@type":"ListItem","position":3,"name":"HYFAC Cr\u00e8me hydrafac l\u00e9g\u00e8re 40ML"}]},{"@type":"WebSite","@id":"https:\/\/parapharmolivier.com\/#website","url":"https:\/\/parapharmolivier.com\/","name":"parapharmolivier.com","description":"L&#039;olivier toujours dans votre service","publisher":{"@id":"https:\/\/parapharmolivier.com\/#organization"},"alternateName":"Parapharmacie L''Olivier","potentialAction":[{"@type":"SearchAction","target":{"@type":"EntryPoint","urlTemplate":"https:\/\/parapharmolivier.com\/?s={search_term_string}"},"query-input":"required name=search_term_string"}],"inLanguage":"fr-FR"},{"@type":"Organization","@id":"https:\/\/parapharmolivier.com\/#organization","name":"Parapharmacie l'Olivier","url":"https:\/\/parapharmolivier.com\/","logo":{"@type":"ImageObject","inLanguage":"fr-FR","@id":"https:\/\/parapharmolivier.com\/#\/schema\/logo\/image\/","url":"https:\/\/parapharmolivier.com\/wp-content\/uploads\/2024\/03\/Pharmacie-l-Olivier-Logo.png","contentUrl":"https:\/\/parapharmolivier.com\/wp-content\/uploads\/2024\/03\/Pharmacie-l-Olivier-Logo.png","width":6300,"height":2752,"caption":"Parapharmacie l'Olivier"},"image":{"@id":"https:\/\/parapharmolivier.com\/#\/schema\/logo\/image\/"},"sameAs":["https:\/\/www.facebook.com\/profile.php?id=100042409962367&locale=fr_FR","https:\/\/www.instagram.com\/pharmacie_l.olivier_said_hamdi\/"]}]}},"jetpack_sharing_enabled":true,"_links":{"self":[{"href":"https:\/\/parapharmolivier.com\/index.php\/wp-json\/wp\/v2\/product\/8448"}],"collection":[{"href":"https:\/\/parapharmolivier.com\/index.php\/wp-json\/wp\/v2\/product"}],"about":[{"href":"https:\/\/parapharmolivier.com\/index.php\/wp-json\/wp\/v2\/types\/product"}],"replies":[{"embeddable":true,"href":"https:\/\/parapharmolivier.com\/index.php\/wp-json\/wp\/v2\/comments?post=8448"}],"wp:featuredmedia":[{"embeddable":true,"href":"https:\/\/parapharmolivier.com\/index.php\/wp-json\/wp\/v2\/media\/8449"}],"wp:attachment":[{"href":"https:\/\/parapharmolivier.com\/index.php\/wp-json\/wp\/v2\/media?parent=8448"}],"wp:term":[{"taxonomy":"product_cat","embeddable":true,"href":"https:\/\/parapharmolivier.com\/index.php\/wp-json\/wp\/v2\/product_cat?post=8448"},{"taxonomy":"product_tag","embeddable":true,"href":"https:\/\/parapharmolivier.com\/index.php\/wp-json\/wp\/v2\/product_tag?post=8448"}],"curies":[{"name":"wp","href":"https:\/\/api.w.org\/{rel}","templated":true}]}}