{"id":8458,"date":"2024-04-09T21:47:52","date_gmt":"2024-04-09T19:47:52","guid":{"rendered":"https:\/\/parapharmolivier.com\/?post_type=product&#038;p=8458"},"modified":"2024-05-19T21:20:22","modified_gmt":"2024-05-19T19:20:22","slug":"lca-aknorm-gel-moussant-purifiant","status":"publish","type":"product","link":"https:\/\/parapharmolivier.com\/index.php\/product\/lca-aknorm-gel-moussant-purifiant\/","title":{"rendered":"LCA AKNORM Gel moussant purifiant"},"content":{"rendered":"<p>Le gel moussant purifiant AKNORM b\u00e9n\u00e9ficie d\u2019une base lavante douce sans savon qui nettoie en douceur sans dess\u00e9cher. Sa mousse onctueuse \u00e9limine les impuret\u00e9s et l\u2019exc\u00e8s de s\u00e9bum tout en respectant l\u2019\u00e9piderme. Facile \u00e0 rincer et agr\u00e9ablement parfum\u00e9, il laisse la peau parfaitement nette, fra\u00eeche et purifi\u00e9e.<\/p>\n<p>Sans savon \u2013 Non dess\u00e9chants \u2013 Haute rin\u00e7abilit\u00e9 \u2013 Visage et corps<\/p>\n<p>200 ml<\/p>\n","protected":false},"excerpt":{"rendered":"<p>Le gel moussant purifiant AKNORM b\u00e9n\u00e9ficie d\u2019une base lavante douce sans savon qui nettoie en douceur sans dess\u00e9cher. Sa mousse onctueuse \u00e9limine les impuret\u00e9s et l\u2019exc\u00e8s de s\u00e9bum tout en respectant l\u2019\u00e9piderme. Facile \u00e0 rincer et agr\u00e9ablement parfum\u00e9, il laisse la peau parfaitement nette, fra\u00eeche et purifi\u00e9.<\/p>\n","protected":false},"featured_media":8459,"comment_status":"open","ping_status":"closed","template":"","meta":[],"product_cat":[252,100,214,368,63],"product_tag":[],"yoast_head":"<!-- This site is optimized with the Yoast SEO plugin v22.4 - https:\/\/yoast.com\/wordpress\/plugins\/seo\/ -->\n<title>LCA AKNORM Gel moussant purifiant - parapharmolivier<\/title>\n<meta name=\"robots\" content=\"index, follow, max-snippet:-1, max-image-preview:large, max-video-preview:-1\" \/>\n<link rel=\"canonical\" href=\"https:\/\/parapharmolivier.com\/index.php\/product\/lca-aknorm-gel-moussant-purifiant\/\" \/>\n<meta property=\"og:locale\" content=\"fr_FR\" \/>\n<meta property=\"og:type\" content=\"article\" \/>\n<meta property=\"og:title\" content=\"LCA AKNORM Gel moussant purifiant - parapharmolivier\" \/>\n<meta property=\"og:description\" content=\"Le gel moussant purifiant AKNORM b\u00e9n\u00e9ficie d\u2019une base lavante douce sans savon qui nettoie en douceur sans dess\u00e9cher. Sa mousse onctueuse \u00e9limine les impuret\u00e9s et l\u2019exc\u00e8s de s\u00e9bum tout en respectant l\u2019\u00e9piderme. Facile \u00e0 rincer et agr\u00e9ablement parfum\u00e9, il laisse la peau parfaitement nette, fra\u00eeche et purifi\u00e9.\" \/>\n<meta property=\"og:url\" content=\"https:\/\/parapharmolivier.com\/index.php\/product\/lca-aknorm-gel-moussant-purifiant\/\" \/>\n<meta property=\"og:site_name\" content=\"parapharmolivier\" \/>\n<meta property=\"article:publisher\" content=\"https:\/\/www.facebook.com\/profile.php?id=100042409962367&amp;locale=fr_FR\" \/>\n<meta property=\"article:modified_time\" content=\"2024-05-19T19:20:22+00:00\" \/>\n<meta property=\"og:image\" content=\"https:\/\/parapharmolivier.com\/wp-content\/uploads\/2024\/04\/aknorm-gel-moussant-lcapharma4.jpg\" \/>\n\t<meta property=\"og:image:width\" content=\"700\" \/>\n\t<meta property=\"og:image:height\" content=\"910\" \/>\n\t<meta property=\"og:image:type\" content=\"image\/jpeg\" \/>\n<meta name=\"twitter:card\" content=\"summary_large_image\" \/>\n<meta name=\"twitter:label1\" content=\"Dur\u00e9e de lecture estim\u00e9e\" \/>\n\t<meta name=\"twitter:data1\" content=\"1 minute\" \/>\n<script type=\"application\/ld+json\" class=\"yoast-schema-graph\">{\"@context\":\"https:\/\/schema.org\",\"@graph\":[{\"@type\":\"WebPage\",\"@id\":\"https:\/\/parapharmolivier.com\/index.php\/product\/lca-aknorm-gel-moussant-purifiant\/\",\"url\":\"https:\/\/parapharmolivier.com\/index.php\/product\/lca-aknorm-gel-moussant-purifiant\/\",\"name\":\"LCA AKNORM Gel moussant purifiant - parapharmolivier\",\"isPartOf\":{\"@id\":\"https:\/\/parapharmolivier.com\/#website\"},\"primaryImageOfPage\":{\"@id\":\"https:\/\/parapharmolivier.com\/index.php\/product\/lca-aknorm-gel-moussant-purifiant\/#primaryimage\"},\"image\":{\"@id\":\"https:\/\/parapharmolivier.com\/index.php\/product\/lca-aknorm-gel-moussant-purifiant\/#primaryimage\"},\"thumbnailUrl\":\"https:\/\/parapharmolivier.com\/wp-content\/uploads\/2024\/04\/aknorm-gel-moussant-lcapharma4.jpg\",\"datePublished\":\"2024-04-09T19:47:52+00:00\",\"dateModified\":\"2024-05-19T19:20:22+00:00\",\"breadcrumb\":{\"@id\":\"https:\/\/parapharmolivier.com\/index.php\/product\/lca-aknorm-gel-moussant-purifiant\/#breadcrumb\"},\"inLanguage\":\"fr-FR\",\"potentialAction\":[{\"@type\":\"ReadAction\",\"target\":[\"https:\/\/parapharmolivier.com\/index.php\/product\/lca-aknorm-gel-moussant-purifiant\/\"]}]},{\"@type\":\"ImageObject\",\"inLanguage\":\"fr-FR\",\"@id\":\"https:\/\/parapharmolivier.com\/index.php\/product\/lca-aknorm-gel-moussant-purifiant\/#primaryimage\",\"url\":\"https:\/\/parapharmolivier.com\/wp-content\/uploads\/2024\/04\/aknorm-gel-moussant-lcapharma4.jpg\",\"contentUrl\":\"https:\/\/parapharmolivier.com\/wp-content\/uploads\/2024\/04\/aknorm-gel-moussant-lcapharma4.jpg\",\"width\":700,\"height\":910},{\"@type\":\"BreadcrumbList\",\"@id\":\"https:\/\/parapharmolivier.com\/index.php\/product\/lca-aknorm-gel-moussant-purifiant\/#breadcrumb\",\"itemListElement\":[{\"@type\":\"ListItem\",\"position\":1,\"name\":\"Accueil\",\"item\":\"https:\/\/parapharmolivier.com\/\"},{\"@type\":\"ListItem\",\"position\":2,\"name\":\"Shop\",\"item\":\"https:\/\/parapharmolivier.com\/index.php\/shop\/\"},{\"@type\":\"ListItem\",\"position\":3,\"name\":\"LCA AKNORM Gel moussant purifiant\"}]},{\"@type\":\"WebSite\",\"@id\":\"https:\/\/parapharmolivier.com\/#website\",\"url\":\"https:\/\/parapharmolivier.com\/\",\"name\":\"parapharmolivier.com\",\"description\":\"L&#039;olivier toujours dans votre service\",\"publisher\":{\"@id\":\"https:\/\/parapharmolivier.com\/#organization\"},\"alternateName\":\"Parapharmacie L''Olivier\",\"potentialAction\":[{\"@type\":\"SearchAction\",\"target\":{\"@type\":\"EntryPoint\",\"urlTemplate\":\"https:\/\/parapharmolivier.com\/?s={search_term_string}\"},\"query-input\":\"required name=search_term_string\"}],\"inLanguage\":\"fr-FR\"},{\"@type\":\"Organization\",\"@id\":\"https:\/\/parapharmolivier.com\/#organization\",\"name\":\"Parapharmacie l'Olivier\",\"url\":\"https:\/\/parapharmolivier.com\/\",\"logo\":{\"@type\":\"ImageObject\",\"inLanguage\":\"fr-FR\",\"@id\":\"https:\/\/parapharmolivier.com\/#\/schema\/logo\/image\/\",\"url\":\"https:\/\/parapharmolivier.com\/wp-content\/uploads\/2024\/03\/Pharmacie-l-Olivier-Logo.png\",\"contentUrl\":\"https:\/\/parapharmolivier.com\/wp-content\/uploads\/2024\/03\/Pharmacie-l-Olivier-Logo.png\",\"width\":6300,\"height\":2752,\"caption\":\"Parapharmacie l'Olivier\"},\"image\":{\"@id\":\"https:\/\/parapharmolivier.com\/#\/schema\/logo\/image\/\"},\"sameAs\":[\"https:\/\/www.facebook.com\/profile.php?id=100042409962367&locale=fr_FR\",\"https:\/\/www.instagram.com\/pharmacie_l.olivier_said_hamdi\/\"]}]}<\/script>\n<!-- \/ Yoast SEO plugin. -->","yoast_head_json":{"title":"LCA AKNORM Gel moussant purifiant - parapharmolivier","robots":{"index":"index","follow":"follow","max-snippet":"max-snippet:-1","max-image-preview":"max-image-preview:large","max-video-preview":"max-video-preview:-1"},"canonical":"https:\/\/parapharmolivier.com\/index.php\/product\/lca-aknorm-gel-moussant-purifiant\/","og_locale":"fr_FR","og_type":"article","og_title":"LCA AKNORM Gel moussant purifiant - parapharmolivier","og_description":"Le gel moussant purifiant AKNORM b\u00e9n\u00e9ficie d\u2019une base lavante douce sans savon qui nettoie en douceur sans dess\u00e9cher. Sa mousse onctueuse \u00e9limine les impuret\u00e9s et l\u2019exc\u00e8s de s\u00e9bum tout en respectant l\u2019\u00e9piderme. Facile \u00e0 rincer et agr\u00e9ablement parfum\u00e9, il laisse la peau parfaitement nette, fra\u00eeche et purifi\u00e9.","og_url":"https:\/\/parapharmolivier.com\/index.php\/product\/lca-aknorm-gel-moussant-purifiant\/","og_site_name":"parapharmolivier","article_publisher":"https:\/\/www.facebook.com\/profile.php?id=100042409962367&locale=fr_FR","article_modified_time":"2024-05-19T19:20:22+00:00","og_image":[{"width":700,"height":910,"url":"https:\/\/parapharmolivier.com\/wp-content\/uploads\/2024\/04\/aknorm-gel-moussant-lcapharma4.jpg","type":"image\/jpeg"}],"twitter_card":"summary_large_image","twitter_misc":{"Dur\u00e9e de lecture estim\u00e9e":"1 minute"},"schema":{"@context":"https:\/\/schema.org","@graph":[{"@type":"WebPage","@id":"https:\/\/parapharmolivier.com\/index.php\/product\/lca-aknorm-gel-moussant-purifiant\/","url":"https:\/\/parapharmolivier.com\/index.php\/product\/lca-aknorm-gel-moussant-purifiant\/","name":"LCA AKNORM Gel moussant purifiant - parapharmolivier","isPartOf":{"@id":"https:\/\/parapharmolivier.com\/#website"},"primaryImageOfPage":{"@id":"https:\/\/parapharmolivier.com\/index.php\/product\/lca-aknorm-gel-moussant-purifiant\/#primaryimage"},"image":{"@id":"https:\/\/parapharmolivier.com\/index.php\/product\/lca-aknorm-gel-moussant-purifiant\/#primaryimage"},"thumbnailUrl":"https:\/\/parapharmolivier.com\/wp-content\/uploads\/2024\/04\/aknorm-gel-moussant-lcapharma4.jpg","datePublished":"2024-04-09T19:47:52+00:00","dateModified":"2024-05-19T19:20:22+00:00","breadcrumb":{"@id":"https:\/\/parapharmolivier.com\/index.php\/product\/lca-aknorm-gel-moussant-purifiant\/#breadcrumb"},"inLanguage":"fr-FR","potentialAction":[{"@type":"ReadAction","target":["https:\/\/parapharmolivier.com\/index.php\/product\/lca-aknorm-gel-moussant-purifiant\/"]}]},{"@type":"ImageObject","inLanguage":"fr-FR","@id":"https:\/\/parapharmolivier.com\/index.php\/product\/lca-aknorm-gel-moussant-purifiant\/#primaryimage","url":"https:\/\/parapharmolivier.com\/wp-content\/uploads\/2024\/04\/aknorm-gel-moussant-lcapharma4.jpg","contentUrl":"https:\/\/parapharmolivier.com\/wp-content\/uploads\/2024\/04\/aknorm-gel-moussant-lcapharma4.jpg","width":700,"height":910},{"@type":"BreadcrumbList","@id":"https:\/\/parapharmolivier.com\/index.php\/product\/lca-aknorm-gel-moussant-purifiant\/#breadcrumb","itemListElement":[{"@type":"ListItem","position":1,"name":"Accueil","item":"https:\/\/parapharmolivier.com\/"},{"@type":"ListItem","position":2,"name":"Shop","item":"https:\/\/parapharmolivier.com\/index.php\/shop\/"},{"@type":"ListItem","position":3,"name":"LCA AKNORM Gel moussant purifiant"}]},{"@type":"WebSite","@id":"https:\/\/parapharmolivier.com\/#website","url":"https:\/\/parapharmolivier.com\/","name":"parapharmolivier.com","description":"L&#039;olivier toujours dans votre service","publisher":{"@id":"https:\/\/parapharmolivier.com\/#organization"},"alternateName":"Parapharmacie L''Olivier","potentialAction":[{"@type":"SearchAction","target":{"@type":"EntryPoint","urlTemplate":"https:\/\/parapharmolivier.com\/?s={search_term_string}"},"query-input":"required name=search_term_string"}],"inLanguage":"fr-FR"},{"@type":"Organization","@id":"https:\/\/parapharmolivier.com\/#organization","name":"Parapharmacie l'Olivier","url":"https:\/\/parapharmolivier.com\/","logo":{"@type":"ImageObject","inLanguage":"fr-FR","@id":"https:\/\/parapharmolivier.com\/#\/schema\/logo\/image\/","url":"https:\/\/parapharmolivier.com\/wp-content\/uploads\/2024\/03\/Pharmacie-l-Olivier-Logo.png","contentUrl":"https:\/\/parapharmolivier.com\/wp-content\/uploads\/2024\/03\/Pharmacie-l-Olivier-Logo.png","width":6300,"height":2752,"caption":"Parapharmacie l'Olivier"},"image":{"@id":"https:\/\/parapharmolivier.com\/#\/schema\/logo\/image\/"},"sameAs":["https:\/\/www.facebook.com\/profile.php?id=100042409962367&locale=fr_FR","https:\/\/www.instagram.com\/pharmacie_l.olivier_said_hamdi\/"]}]}},"jetpack_sharing_enabled":true,"_links":{"self":[{"href":"https:\/\/parapharmolivier.com\/index.php\/wp-json\/wp\/v2\/product\/8458"}],"collection":[{"href":"https:\/\/parapharmolivier.com\/index.php\/wp-json\/wp\/v2\/product"}],"about":[{"href":"https:\/\/parapharmolivier.com\/index.php\/wp-json\/wp\/v2\/types\/product"}],"replies":[{"embeddable":true,"href":"https:\/\/parapharmolivier.com\/index.php\/wp-json\/wp\/v2\/comments?post=8458"}],"wp:featuredmedia":[{"embeddable":true,"href":"https:\/\/parapharmolivier.com\/index.php\/wp-json\/wp\/v2\/media\/8459"}],"wp:attachment":[{"href":"https:\/\/parapharmolivier.com\/index.php\/wp-json\/wp\/v2\/media?parent=8458"}],"wp:term":[{"taxonomy":"product_cat","embeddable":true,"href":"https:\/\/parapharmolivier.com\/index.php\/wp-json\/wp\/v2\/product_cat?post=8458"},{"taxonomy":"product_tag","embeddable":true,"href":"https:\/\/parapharmolivier.com\/index.php\/wp-json\/wp\/v2\/product_tag?post=8458"}],"curies":[{"name":"wp","href":"https:\/\/api.w.org\/{rel}","templated":true}]}}