{"id":9105,"date":"2024-05-02T01:32:06","date_gmt":"2024-05-01T23:32:06","guid":{"rendered":"https:\/\/parapharmolivier.com\/?post_type=product&#038;p=9105"},"modified":"2024-07-01T11:19:55","modified_gmt":"2024-07-01T09:19:55","slug":"esthederm-intensive-hyaluronic-creme","status":"publish","type":"product","link":"https:\/\/parapharmolivier.com\/index.php\/product\/esthederm-intensive-hyaluronic-creme\/","title":{"rendered":"Esthederm Intensive Hyaluronic Cr\u00e9me\u00a0"},"content":{"rendered":"<p><strong>\u00a0Esthederm Intensive HyaluronicCr\u00e8me\u00a0 ! C&#8217;est un produit fantastique pour hydrater et repulper votre peau. La Cr\u00e8me Intensive Hyaluronic Esthederm est sp\u00e9cialement formul\u00e9e avec de l&#8217;acide hyaluronique pour aider \u00e0 maintenir l&#8217;hydratation de la peau, r\u00e9duire les ridules et donner \u00e0 votre peau une apparence plus lisse et plus rebondie. Si vous cherchez une cr\u00e8me hydratante efficace, je vous recommande vivement d&#8217;essayer la Cr\u00e8me Intensive Hyaluronic Esthederm .<\/strong><\/p>\n","protected":false},"excerpt":{"rendered":"<p>Esthederm Intensive Hyaluronic Cr\u00e9me<\/p>\n","protected":false},"featured_media":9106,"comment_status":"open","ping_status":"closed","template":"","meta":[],"product_cat":[214,287,224,63],"product_tag":[],"yoast_head":"<!-- This site is optimized with the Yoast SEO plugin v22.4 - https:\/\/yoast.com\/wordpress\/plugins\/seo\/ -->\n<title>Esthederm Intensive Hyaluronic Cr\u00e9me\u00a0 - parapharmolivier<\/title>\n<meta name=\"robots\" content=\"index, follow, max-snippet:-1, max-image-preview:large, max-video-preview:-1\" \/>\n<link rel=\"canonical\" href=\"https:\/\/parapharmolivier.com\/index.php\/product\/esthederm-intensive-hyaluronic-creme\/\" \/>\n<meta property=\"og:locale\" content=\"fr_FR\" \/>\n<meta property=\"og:type\" content=\"article\" \/>\n<meta property=\"og:title\" content=\"Esthederm Intensive Hyaluronic Cr\u00e9me\u00a0 - parapharmolivier\" \/>\n<meta property=\"og:description\" content=\"Esthederm Intensive Hyaluronic Cr\u00e9me\" \/>\n<meta property=\"og:url\" content=\"https:\/\/parapharmolivier.com\/index.php\/product\/esthederm-intensive-hyaluronic-creme\/\" \/>\n<meta property=\"og:site_name\" content=\"parapharmolivier\" \/>\n<meta property=\"article:publisher\" content=\"https:\/\/www.facebook.com\/profile.php?id=100042409962367&amp;locale=fr_FR\" \/>\n<meta property=\"article:modified_time\" content=\"2024-07-01T09:19:55+00:00\" \/>\n<meta property=\"og:image\" content=\"https:\/\/parapharmolivier.com\/wp-content\/uploads\/2024\/05\/Esthederm-5.jpg\" \/>\n\t<meta property=\"og:image:width\" content=\"400\" \/>\n\t<meta property=\"og:image:height\" content=\"436\" \/>\n\t<meta property=\"og:image:type\" content=\"image\/jpeg\" \/>\n<meta name=\"twitter:card\" content=\"summary_large_image\" \/>\n<meta name=\"twitter:label1\" content=\"Dur\u00e9e de lecture estim\u00e9e\" \/>\n\t<meta name=\"twitter:data1\" content=\"1 minute\" \/>\n<script type=\"application\/ld+json\" class=\"yoast-schema-graph\">{\"@context\":\"https:\/\/schema.org\",\"@graph\":[{\"@type\":\"WebPage\",\"@id\":\"https:\/\/parapharmolivier.com\/index.php\/product\/esthederm-intensive-hyaluronic-creme\/\",\"url\":\"https:\/\/parapharmolivier.com\/index.php\/product\/esthederm-intensive-hyaluronic-creme\/\",\"name\":\"Esthederm Intensive Hyaluronic Cr\u00e9me\u00a0 - parapharmolivier\",\"isPartOf\":{\"@id\":\"https:\/\/parapharmolivier.com\/#website\"},\"primaryImageOfPage\":{\"@id\":\"https:\/\/parapharmolivier.com\/index.php\/product\/esthederm-intensive-hyaluronic-creme\/#primaryimage\"},\"image\":{\"@id\":\"https:\/\/parapharmolivier.com\/index.php\/product\/esthederm-intensive-hyaluronic-creme\/#primaryimage\"},\"thumbnailUrl\":\"https:\/\/parapharmolivier.com\/wp-content\/uploads\/2024\/05\/Esthederm-5.jpg\",\"datePublished\":\"2024-05-01T23:32:06+00:00\",\"dateModified\":\"2024-07-01T09:19:55+00:00\",\"breadcrumb\":{\"@id\":\"https:\/\/parapharmolivier.com\/index.php\/product\/esthederm-intensive-hyaluronic-creme\/#breadcrumb\"},\"inLanguage\":\"fr-FR\",\"potentialAction\":[{\"@type\":\"ReadAction\",\"target\":[\"https:\/\/parapharmolivier.com\/index.php\/product\/esthederm-intensive-hyaluronic-creme\/\"]}]},{\"@type\":\"ImageObject\",\"inLanguage\":\"fr-FR\",\"@id\":\"https:\/\/parapharmolivier.com\/index.php\/product\/esthederm-intensive-hyaluronic-creme\/#primaryimage\",\"url\":\"https:\/\/parapharmolivier.com\/wp-content\/uploads\/2024\/05\/Esthederm-5.jpg\",\"contentUrl\":\"https:\/\/parapharmolivier.com\/wp-content\/uploads\/2024\/05\/Esthederm-5.jpg\",\"width\":400,\"height\":436},{\"@type\":\"BreadcrumbList\",\"@id\":\"https:\/\/parapharmolivier.com\/index.php\/product\/esthederm-intensive-hyaluronic-creme\/#breadcrumb\",\"itemListElement\":[{\"@type\":\"ListItem\",\"position\":1,\"name\":\"Accueil\",\"item\":\"https:\/\/parapharmolivier.com\/\"},{\"@type\":\"ListItem\",\"position\":2,\"name\":\"Shop\",\"item\":\"https:\/\/parapharmolivier.com\/index.php\/shop\/\"},{\"@type\":\"ListItem\",\"position\":3,\"name\":\"Esthederm Intensive Hyaluronic Cr\u00e9me\u00a0\"}]},{\"@type\":\"WebSite\",\"@id\":\"https:\/\/parapharmolivier.com\/#website\",\"url\":\"https:\/\/parapharmolivier.com\/\",\"name\":\"parapharmolivier.com\",\"description\":\"L&#039;olivier toujours dans votre service\",\"publisher\":{\"@id\":\"https:\/\/parapharmolivier.com\/#organization\"},\"alternateName\":\"Parapharmacie L''Olivier\",\"potentialAction\":[{\"@type\":\"SearchAction\",\"target\":{\"@type\":\"EntryPoint\",\"urlTemplate\":\"https:\/\/parapharmolivier.com\/?s={search_term_string}\"},\"query-input\":\"required name=search_term_string\"}],\"inLanguage\":\"fr-FR\"},{\"@type\":\"Organization\",\"@id\":\"https:\/\/parapharmolivier.com\/#organization\",\"name\":\"Parapharmacie l'Olivier\",\"url\":\"https:\/\/parapharmolivier.com\/\",\"logo\":{\"@type\":\"ImageObject\",\"inLanguage\":\"fr-FR\",\"@id\":\"https:\/\/parapharmolivier.com\/#\/schema\/logo\/image\/\",\"url\":\"https:\/\/parapharmolivier.com\/wp-content\/uploads\/2024\/03\/Pharmacie-l-Olivier-Logo.png\",\"contentUrl\":\"https:\/\/parapharmolivier.com\/wp-content\/uploads\/2024\/03\/Pharmacie-l-Olivier-Logo.png\",\"width\":6300,\"height\":2752,\"caption\":\"Parapharmacie l'Olivier\"},\"image\":{\"@id\":\"https:\/\/parapharmolivier.com\/#\/schema\/logo\/image\/\"},\"sameAs\":[\"https:\/\/www.facebook.com\/profile.php?id=100042409962367&locale=fr_FR\",\"https:\/\/www.instagram.com\/pharmacie_l.olivier_said_hamdi\/\"]}]}<\/script>\n<!-- \/ Yoast SEO plugin. -->","yoast_head_json":{"title":"Esthederm Intensive Hyaluronic Cr\u00e9me\u00a0 - parapharmolivier","robots":{"index":"index","follow":"follow","max-snippet":"max-snippet:-1","max-image-preview":"max-image-preview:large","max-video-preview":"max-video-preview:-1"},"canonical":"https:\/\/parapharmolivier.com\/index.php\/product\/esthederm-intensive-hyaluronic-creme\/","og_locale":"fr_FR","og_type":"article","og_title":"Esthederm Intensive Hyaluronic Cr\u00e9me\u00a0 - parapharmolivier","og_description":"Esthederm Intensive Hyaluronic Cr\u00e9me","og_url":"https:\/\/parapharmolivier.com\/index.php\/product\/esthederm-intensive-hyaluronic-creme\/","og_site_name":"parapharmolivier","article_publisher":"https:\/\/www.facebook.com\/profile.php?id=100042409962367&locale=fr_FR","article_modified_time":"2024-07-01T09:19:55+00:00","og_image":[{"width":400,"height":436,"url":"https:\/\/parapharmolivier.com\/wp-content\/uploads\/2024\/05\/Esthederm-5.jpg","type":"image\/jpeg"}],"twitter_card":"summary_large_image","twitter_misc":{"Dur\u00e9e de lecture estim\u00e9e":"1 minute"},"schema":{"@context":"https:\/\/schema.org","@graph":[{"@type":"WebPage","@id":"https:\/\/parapharmolivier.com\/index.php\/product\/esthederm-intensive-hyaluronic-creme\/","url":"https:\/\/parapharmolivier.com\/index.php\/product\/esthederm-intensive-hyaluronic-creme\/","name":"Esthederm Intensive Hyaluronic Cr\u00e9me\u00a0 - parapharmolivier","isPartOf":{"@id":"https:\/\/parapharmolivier.com\/#website"},"primaryImageOfPage":{"@id":"https:\/\/parapharmolivier.com\/index.php\/product\/esthederm-intensive-hyaluronic-creme\/#primaryimage"},"image":{"@id":"https:\/\/parapharmolivier.com\/index.php\/product\/esthederm-intensive-hyaluronic-creme\/#primaryimage"},"thumbnailUrl":"https:\/\/parapharmolivier.com\/wp-content\/uploads\/2024\/05\/Esthederm-5.jpg","datePublished":"2024-05-01T23:32:06+00:00","dateModified":"2024-07-01T09:19:55+00:00","breadcrumb":{"@id":"https:\/\/parapharmolivier.com\/index.php\/product\/esthederm-intensive-hyaluronic-creme\/#breadcrumb"},"inLanguage":"fr-FR","potentialAction":[{"@type":"ReadAction","target":["https:\/\/parapharmolivier.com\/index.php\/product\/esthederm-intensive-hyaluronic-creme\/"]}]},{"@type":"ImageObject","inLanguage":"fr-FR","@id":"https:\/\/parapharmolivier.com\/index.php\/product\/esthederm-intensive-hyaluronic-creme\/#primaryimage","url":"https:\/\/parapharmolivier.com\/wp-content\/uploads\/2024\/05\/Esthederm-5.jpg","contentUrl":"https:\/\/parapharmolivier.com\/wp-content\/uploads\/2024\/05\/Esthederm-5.jpg","width":400,"height":436},{"@type":"BreadcrumbList","@id":"https:\/\/parapharmolivier.com\/index.php\/product\/esthederm-intensive-hyaluronic-creme\/#breadcrumb","itemListElement":[{"@type":"ListItem","position":1,"name":"Accueil","item":"https:\/\/parapharmolivier.com\/"},{"@type":"ListItem","position":2,"name":"Shop","item":"https:\/\/parapharmolivier.com\/index.php\/shop\/"},{"@type":"ListItem","position":3,"name":"Esthederm Intensive Hyaluronic Cr\u00e9me\u00a0"}]},{"@type":"WebSite","@id":"https:\/\/parapharmolivier.com\/#website","url":"https:\/\/parapharmolivier.com\/","name":"parapharmolivier.com","description":"L&#039;olivier toujours dans votre service","publisher":{"@id":"https:\/\/parapharmolivier.com\/#organization"},"alternateName":"Parapharmacie L''Olivier","potentialAction":[{"@type":"SearchAction","target":{"@type":"EntryPoint","urlTemplate":"https:\/\/parapharmolivier.com\/?s={search_term_string}"},"query-input":"required name=search_term_string"}],"inLanguage":"fr-FR"},{"@type":"Organization","@id":"https:\/\/parapharmolivier.com\/#organization","name":"Parapharmacie l'Olivier","url":"https:\/\/parapharmolivier.com\/","logo":{"@type":"ImageObject","inLanguage":"fr-FR","@id":"https:\/\/parapharmolivier.com\/#\/schema\/logo\/image\/","url":"https:\/\/parapharmolivier.com\/wp-content\/uploads\/2024\/03\/Pharmacie-l-Olivier-Logo.png","contentUrl":"https:\/\/parapharmolivier.com\/wp-content\/uploads\/2024\/03\/Pharmacie-l-Olivier-Logo.png","width":6300,"height":2752,"caption":"Parapharmacie l'Olivier"},"image":{"@id":"https:\/\/parapharmolivier.com\/#\/schema\/logo\/image\/"},"sameAs":["https:\/\/www.facebook.com\/profile.php?id=100042409962367&locale=fr_FR","https:\/\/www.instagram.com\/pharmacie_l.olivier_said_hamdi\/"]}]}},"jetpack_sharing_enabled":true,"_links":{"self":[{"href":"https:\/\/parapharmolivier.com\/index.php\/wp-json\/wp\/v2\/product\/9105"}],"collection":[{"href":"https:\/\/parapharmolivier.com\/index.php\/wp-json\/wp\/v2\/product"}],"about":[{"href":"https:\/\/parapharmolivier.com\/index.php\/wp-json\/wp\/v2\/types\/product"}],"replies":[{"embeddable":true,"href":"https:\/\/parapharmolivier.com\/index.php\/wp-json\/wp\/v2\/comments?post=9105"}],"wp:featuredmedia":[{"embeddable":true,"href":"https:\/\/parapharmolivier.com\/index.php\/wp-json\/wp\/v2\/media\/9106"}],"wp:attachment":[{"href":"https:\/\/parapharmolivier.com\/index.php\/wp-json\/wp\/v2\/media?parent=9105"}],"wp:term":[{"taxonomy":"product_cat","embeddable":true,"href":"https:\/\/parapharmolivier.com\/index.php\/wp-json\/wp\/v2\/product_cat?post=9105"},{"taxonomy":"product_tag","embeddable":true,"href":"https:\/\/parapharmolivier.com\/index.php\/wp-json\/wp\/v2\/product_tag?post=9105"}],"curies":[{"name":"wp","href":"https:\/\/api.w.org\/{rel}","templated":true}]}}