{"id":9140,"date":"2024-05-03T22:37:44","date_gmt":"2024-05-03T20:37:44","guid":{"rendered":"https:\/\/parapharmolivier.com\/?post_type=product&#038;p=9140"},"modified":"2024-09-22T10:25:11","modified_gmt":"2024-09-22T08:25:11","slug":"esthederm-osmoclean-lait-demaquillant-hydra-ressourcante","status":"publish","type":"product","link":"https:\/\/parapharmolivier.com\/index.php\/product\/esthederm-osmoclean-lait-demaquillant-hydra-ressourcante\/","title":{"rendered":"Esthederm Osmoclean Lotion Demaquillant Hydra-Ressourcante"},"content":{"rendered":"<p><strong>\u00a0le lait d\u00e9maquillant hydra-ressour\u00e7ant Osmoclean d&#8217;Esthederm ! C&#8217;est un produit incroyable pour enlever en douceur le maquillage tout en apportant une hydratation intense \u00e0 la peau. Ce lait d\u00e9maquillant est sp\u00e9cialement formul\u00e9 pour nourrir et revitaliser la peau . Il suffit d&#8217;appliquer une petite quantit\u00e9 de lait d\u00e9maquillant sur un coton et de l&#8217;appliquer d\u00e9licatement sur votre visage, en \u00e9vitant le contour des yeux. Ensuite, vous pouvez rincer votre visage \u00e0 l&#8217;eau ti\u00e8de ou utiliser un tonique pour enlever les r\u00e9sidus.<\/strong><\/p>\n<p><strong>Ce lait d\u00e9maquillant hydra-ressour\u00e7ant est parfait pour prendre soin de votre peau tout en la nettoyant en douceur et en lui apportant une hydratation en profondeur.<\/strong><\/p>\n","protected":false},"excerpt":{"rendered":"<p>Esthederm Osmoclean Lait Demaquillant Hydra-Ressourcante<\/p>\n","protected":false},"featured_media":9142,"comment_status":"open","ping_status":"closed","template":"","meta":[],"product_cat":[214,287,224,289,63],"product_tag":[],"yoast_head":"<!-- This site is optimized with the Yoast SEO plugin v22.4 - https:\/\/yoast.com\/wordpress\/plugins\/seo\/ -->\n<title>Esthederm Osmoclean Lotion Demaquillant Hydra-Ressourcante - parapharmolivier<\/title>\n<meta name=\"robots\" content=\"index, follow, max-snippet:-1, max-image-preview:large, max-video-preview:-1\" \/>\n<link rel=\"canonical\" href=\"https:\/\/parapharmolivier.com\/index.php\/product\/esthederm-osmoclean-lait-demaquillant-hydra-ressourcante\/\" \/>\n<meta property=\"og:locale\" content=\"fr_FR\" \/>\n<meta property=\"og:type\" content=\"article\" \/>\n<meta property=\"og:title\" content=\"Esthederm Osmoclean Lotion Demaquillant Hydra-Ressourcante - parapharmolivier\" \/>\n<meta property=\"og:description\" content=\"Esthederm Osmoclean Lait Demaquillant Hydra-Ressourcante\" \/>\n<meta property=\"og:url\" content=\"https:\/\/parapharmolivier.com\/index.php\/product\/esthederm-osmoclean-lait-demaquillant-hydra-ressourcante\/\" \/>\n<meta property=\"og:site_name\" content=\"parapharmolivier\" \/>\n<meta property=\"article:publisher\" content=\"https:\/\/www.facebook.com\/profile.php?id=100042409962367&amp;locale=fr_FR\" \/>\n<meta property=\"article:modified_time\" content=\"2024-09-22T08:25:11+00:00\" \/>\n<meta property=\"og:image\" content=\"https:\/\/parapharmolivier.com\/wp-content\/uploads\/2024\/05\/Esthederm-21.jpg\" \/>\n\t<meta property=\"og:image:width\" content=\"735\" \/>\n\t<meta property=\"og:image:height\" content=\"952\" \/>\n\t<meta property=\"og:image:type\" content=\"image\/jpeg\" \/>\n<meta name=\"twitter:card\" content=\"summary_large_image\" \/>\n<meta name=\"twitter:label1\" content=\"Dur\u00e9e de lecture estim\u00e9e\" \/>\n\t<meta name=\"twitter:data1\" content=\"1 minute\" \/>\n<script type=\"application\/ld+json\" class=\"yoast-schema-graph\">{\"@context\":\"https:\/\/schema.org\",\"@graph\":[{\"@type\":\"WebPage\",\"@id\":\"https:\/\/parapharmolivier.com\/index.php\/product\/esthederm-osmoclean-lait-demaquillant-hydra-ressourcante\/\",\"url\":\"https:\/\/parapharmolivier.com\/index.php\/product\/esthederm-osmoclean-lait-demaquillant-hydra-ressourcante\/\",\"name\":\"Esthederm Osmoclean Lotion Demaquillant Hydra-Ressourcante - parapharmolivier\",\"isPartOf\":{\"@id\":\"https:\/\/parapharmolivier.com\/#website\"},\"primaryImageOfPage\":{\"@id\":\"https:\/\/parapharmolivier.com\/index.php\/product\/esthederm-osmoclean-lait-demaquillant-hydra-ressourcante\/#primaryimage\"},\"image\":{\"@id\":\"https:\/\/parapharmolivier.com\/index.php\/product\/esthederm-osmoclean-lait-demaquillant-hydra-ressourcante\/#primaryimage\"},\"thumbnailUrl\":\"https:\/\/parapharmolivier.com\/wp-content\/uploads\/2024\/05\/Esthederm-21.jpg\",\"datePublished\":\"2024-05-03T20:37:44+00:00\",\"dateModified\":\"2024-09-22T08:25:11+00:00\",\"breadcrumb\":{\"@id\":\"https:\/\/parapharmolivier.com\/index.php\/product\/esthederm-osmoclean-lait-demaquillant-hydra-ressourcante\/#breadcrumb\"},\"inLanguage\":\"fr-FR\",\"potentialAction\":[{\"@type\":\"ReadAction\",\"target\":[\"https:\/\/parapharmolivier.com\/index.php\/product\/esthederm-osmoclean-lait-demaquillant-hydra-ressourcante\/\"]}]},{\"@type\":\"ImageObject\",\"inLanguage\":\"fr-FR\",\"@id\":\"https:\/\/parapharmolivier.com\/index.php\/product\/esthederm-osmoclean-lait-demaquillant-hydra-ressourcante\/#primaryimage\",\"url\":\"https:\/\/parapharmolivier.com\/wp-content\/uploads\/2024\/05\/Esthederm-21.jpg\",\"contentUrl\":\"https:\/\/parapharmolivier.com\/wp-content\/uploads\/2024\/05\/Esthederm-21.jpg\",\"width\":735,\"height\":952},{\"@type\":\"BreadcrumbList\",\"@id\":\"https:\/\/parapharmolivier.com\/index.php\/product\/esthederm-osmoclean-lait-demaquillant-hydra-ressourcante\/#breadcrumb\",\"itemListElement\":[{\"@type\":\"ListItem\",\"position\":1,\"name\":\"Accueil\",\"item\":\"https:\/\/parapharmolivier.com\/\"},{\"@type\":\"ListItem\",\"position\":2,\"name\":\"Shop\",\"item\":\"https:\/\/parapharmolivier.com\/index.php\/shop\/\"},{\"@type\":\"ListItem\",\"position\":3,\"name\":\"Esthederm Osmoclean Lotion Demaquillant Hydra-Ressourcante\"}]},{\"@type\":\"WebSite\",\"@id\":\"https:\/\/parapharmolivier.com\/#website\",\"url\":\"https:\/\/parapharmolivier.com\/\",\"name\":\"parapharmolivier.com\",\"description\":\"L&#039;olivier toujours dans votre service\",\"publisher\":{\"@id\":\"https:\/\/parapharmolivier.com\/#organization\"},\"alternateName\":\"Parapharmacie L''Olivier\",\"potentialAction\":[{\"@type\":\"SearchAction\",\"target\":{\"@type\":\"EntryPoint\",\"urlTemplate\":\"https:\/\/parapharmolivier.com\/?s={search_term_string}\"},\"query-input\":\"required name=search_term_string\"}],\"inLanguage\":\"fr-FR\"},{\"@type\":\"Organization\",\"@id\":\"https:\/\/parapharmolivier.com\/#organization\",\"name\":\"Parapharmacie l'Olivier\",\"url\":\"https:\/\/parapharmolivier.com\/\",\"logo\":{\"@type\":\"ImageObject\",\"inLanguage\":\"fr-FR\",\"@id\":\"https:\/\/parapharmolivier.com\/#\/schema\/logo\/image\/\",\"url\":\"https:\/\/parapharmolivier.com\/wp-content\/uploads\/2024\/03\/Pharmacie-l-Olivier-Logo.png\",\"contentUrl\":\"https:\/\/parapharmolivier.com\/wp-content\/uploads\/2024\/03\/Pharmacie-l-Olivier-Logo.png\",\"width\":6300,\"height\":2752,\"caption\":\"Parapharmacie l'Olivier\"},\"image\":{\"@id\":\"https:\/\/parapharmolivier.com\/#\/schema\/logo\/image\/\"},\"sameAs\":[\"https:\/\/www.facebook.com\/profile.php?id=100042409962367&locale=fr_FR\",\"https:\/\/www.instagram.com\/pharmacie_l.olivier_said_hamdi\/\"]}]}<\/script>\n<!-- \/ Yoast SEO plugin. -->","yoast_head_json":{"title":"Esthederm Osmoclean Lotion Demaquillant Hydra-Ressourcante - parapharmolivier","robots":{"index":"index","follow":"follow","max-snippet":"max-snippet:-1","max-image-preview":"max-image-preview:large","max-video-preview":"max-video-preview:-1"},"canonical":"https:\/\/parapharmolivier.com\/index.php\/product\/esthederm-osmoclean-lait-demaquillant-hydra-ressourcante\/","og_locale":"fr_FR","og_type":"article","og_title":"Esthederm Osmoclean Lotion Demaquillant Hydra-Ressourcante - parapharmolivier","og_description":"Esthederm Osmoclean Lait Demaquillant Hydra-Ressourcante","og_url":"https:\/\/parapharmolivier.com\/index.php\/product\/esthederm-osmoclean-lait-demaquillant-hydra-ressourcante\/","og_site_name":"parapharmolivier","article_publisher":"https:\/\/www.facebook.com\/profile.php?id=100042409962367&locale=fr_FR","article_modified_time":"2024-09-22T08:25:11+00:00","og_image":[{"width":735,"height":952,"url":"https:\/\/parapharmolivier.com\/wp-content\/uploads\/2024\/05\/Esthederm-21.jpg","type":"image\/jpeg"}],"twitter_card":"summary_large_image","twitter_misc":{"Dur\u00e9e de lecture estim\u00e9e":"1 minute"},"schema":{"@context":"https:\/\/schema.org","@graph":[{"@type":"WebPage","@id":"https:\/\/parapharmolivier.com\/index.php\/product\/esthederm-osmoclean-lait-demaquillant-hydra-ressourcante\/","url":"https:\/\/parapharmolivier.com\/index.php\/product\/esthederm-osmoclean-lait-demaquillant-hydra-ressourcante\/","name":"Esthederm Osmoclean Lotion Demaquillant Hydra-Ressourcante - parapharmolivier","isPartOf":{"@id":"https:\/\/parapharmolivier.com\/#website"},"primaryImageOfPage":{"@id":"https:\/\/parapharmolivier.com\/index.php\/product\/esthederm-osmoclean-lait-demaquillant-hydra-ressourcante\/#primaryimage"},"image":{"@id":"https:\/\/parapharmolivier.com\/index.php\/product\/esthederm-osmoclean-lait-demaquillant-hydra-ressourcante\/#primaryimage"},"thumbnailUrl":"https:\/\/parapharmolivier.com\/wp-content\/uploads\/2024\/05\/Esthederm-21.jpg","datePublished":"2024-05-03T20:37:44+00:00","dateModified":"2024-09-22T08:25:11+00:00","breadcrumb":{"@id":"https:\/\/parapharmolivier.com\/index.php\/product\/esthederm-osmoclean-lait-demaquillant-hydra-ressourcante\/#breadcrumb"},"inLanguage":"fr-FR","potentialAction":[{"@type":"ReadAction","target":["https:\/\/parapharmolivier.com\/index.php\/product\/esthederm-osmoclean-lait-demaquillant-hydra-ressourcante\/"]}]},{"@type":"ImageObject","inLanguage":"fr-FR","@id":"https:\/\/parapharmolivier.com\/index.php\/product\/esthederm-osmoclean-lait-demaquillant-hydra-ressourcante\/#primaryimage","url":"https:\/\/parapharmolivier.com\/wp-content\/uploads\/2024\/05\/Esthederm-21.jpg","contentUrl":"https:\/\/parapharmolivier.com\/wp-content\/uploads\/2024\/05\/Esthederm-21.jpg","width":735,"height":952},{"@type":"BreadcrumbList","@id":"https:\/\/parapharmolivier.com\/index.php\/product\/esthederm-osmoclean-lait-demaquillant-hydra-ressourcante\/#breadcrumb","itemListElement":[{"@type":"ListItem","position":1,"name":"Accueil","item":"https:\/\/parapharmolivier.com\/"},{"@type":"ListItem","position":2,"name":"Shop","item":"https:\/\/parapharmolivier.com\/index.php\/shop\/"},{"@type":"ListItem","position":3,"name":"Esthederm Osmoclean Lotion Demaquillant Hydra-Ressourcante"}]},{"@type":"WebSite","@id":"https:\/\/parapharmolivier.com\/#website","url":"https:\/\/parapharmolivier.com\/","name":"parapharmolivier.com","description":"L&#039;olivier toujours dans votre service","publisher":{"@id":"https:\/\/parapharmolivier.com\/#organization"},"alternateName":"Parapharmacie L''Olivier","potentialAction":[{"@type":"SearchAction","target":{"@type":"EntryPoint","urlTemplate":"https:\/\/parapharmolivier.com\/?s={search_term_string}"},"query-input":"required name=search_term_string"}],"inLanguage":"fr-FR"},{"@type":"Organization","@id":"https:\/\/parapharmolivier.com\/#organization","name":"Parapharmacie l'Olivier","url":"https:\/\/parapharmolivier.com\/","logo":{"@type":"ImageObject","inLanguage":"fr-FR","@id":"https:\/\/parapharmolivier.com\/#\/schema\/logo\/image\/","url":"https:\/\/parapharmolivier.com\/wp-content\/uploads\/2024\/03\/Pharmacie-l-Olivier-Logo.png","contentUrl":"https:\/\/parapharmolivier.com\/wp-content\/uploads\/2024\/03\/Pharmacie-l-Olivier-Logo.png","width":6300,"height":2752,"caption":"Parapharmacie l'Olivier"},"image":{"@id":"https:\/\/parapharmolivier.com\/#\/schema\/logo\/image\/"},"sameAs":["https:\/\/www.facebook.com\/profile.php?id=100042409962367&locale=fr_FR","https:\/\/www.instagram.com\/pharmacie_l.olivier_said_hamdi\/"]}]}},"jetpack_sharing_enabled":true,"_links":{"self":[{"href":"https:\/\/parapharmolivier.com\/index.php\/wp-json\/wp\/v2\/product\/9140"}],"collection":[{"href":"https:\/\/parapharmolivier.com\/index.php\/wp-json\/wp\/v2\/product"}],"about":[{"href":"https:\/\/parapharmolivier.com\/index.php\/wp-json\/wp\/v2\/types\/product"}],"replies":[{"embeddable":true,"href":"https:\/\/parapharmolivier.com\/index.php\/wp-json\/wp\/v2\/comments?post=9140"}],"wp:featuredmedia":[{"embeddable":true,"href":"https:\/\/parapharmolivier.com\/index.php\/wp-json\/wp\/v2\/media\/9142"}],"wp:attachment":[{"href":"https:\/\/parapharmolivier.com\/index.php\/wp-json\/wp\/v2\/media?parent=9140"}],"wp:term":[{"taxonomy":"product_cat","embeddable":true,"href":"https:\/\/parapharmolivier.com\/index.php\/wp-json\/wp\/v2\/product_cat?post=9140"},{"taxonomy":"product_tag","embeddable":true,"href":"https:\/\/parapharmolivier.com\/index.php\/wp-json\/wp\/v2\/product_tag?post=9140"}],"curies":[{"name":"wp","href":"https:\/\/api.w.org\/{rel}","templated":true}]}}