{"id":9241,"date":"2024-05-04T21:27:24","date_gmt":"2024-05-04T19:27:24","guid":{"rendered":"https:\/\/parapharmolivier.com\/?post_type=product&#038;p=9241"},"modified":"2024-12-29T19:00:13","modified_gmt":"2024-12-29T18:00:13","slug":"noreva-exfoiliac-creme-reparatrice","status":"publish","type":"product","link":"https:\/\/parapharmolivier.com\/index.php\/product\/noreva-exfoiliac-creme-reparatrice\/","title":{"rendered":"Noreva Exfoiliac Cr\u00e9me Reparatrice\u00a0"},"content":{"rendered":"<p><strong>La cr\u00e8me r\u00e9paratrice Exfoliac de Noreva est parfaite pour prendre soin de votre peau, Ne\u00efla. Sa formule sp\u00e9ciale aide \u00e0 r\u00e9parer et apaiser les peaux \u00e0 tendance acn\u00e9ique, tout en r\u00e9duisant les imperfections. C&#8217;est un choix fantastique pour une peau plus lisse et plus \u00e9quilibr\u00e9e.\u00a0<\/strong><\/p>\n","protected":false},"excerpt":{"rendered":"<p>Noreva Exfoiliac Cr\u00e9me Reparatrice<\/p>\n","protected":false},"featured_media":9243,"comment_status":"open","ping_status":"closed","template":"","meta":[],"product_cat":[99,214,296,266,63],"product_tag":[],"yoast_head":"<!-- This site is optimized with the Yoast SEO plugin v22.4 - https:\/\/yoast.com\/wordpress\/plugins\/seo\/ -->\n<title>Noreva Exfoiliac Cr\u00e9me Reparatrice\u00a0 - parapharmolivier<\/title>\n<meta name=\"robots\" content=\"index, follow, max-snippet:-1, max-image-preview:large, max-video-preview:-1\" \/>\n<link rel=\"canonical\" href=\"https:\/\/parapharmolivier.com\/index.php\/product\/noreva-exfoiliac-creme-reparatrice\/\" \/>\n<meta property=\"og:locale\" content=\"fr_FR\" \/>\n<meta property=\"og:type\" content=\"article\" \/>\n<meta property=\"og:title\" content=\"Noreva Exfoiliac Cr\u00e9me Reparatrice\u00a0 - parapharmolivier\" \/>\n<meta property=\"og:description\" content=\"Noreva Exfoiliac Cr\u00e9me Reparatrice\" \/>\n<meta property=\"og:url\" content=\"https:\/\/parapharmolivier.com\/index.php\/product\/noreva-exfoiliac-creme-reparatrice\/\" \/>\n<meta property=\"og:site_name\" content=\"parapharmolivier\" \/>\n<meta property=\"article:publisher\" content=\"https:\/\/www.facebook.com\/profile.php?id=100042409962367&amp;locale=fr_FR\" \/>\n<meta property=\"article:modified_time\" content=\"2024-12-29T18:00:13+00:00\" \/>\n<meta property=\"og:image\" content=\"https:\/\/parapharmolivier.com\/wp-content\/uploads\/2024\/05\/Noreva-14.jpg\" \/>\n\t<meta property=\"og:image:width\" content=\"564\" \/>\n\t<meta property=\"og:image:height\" content=\"564\" \/>\n\t<meta property=\"og:image:type\" content=\"image\/jpeg\" \/>\n<meta name=\"twitter:card\" content=\"summary_large_image\" \/>\n<meta name=\"twitter:label1\" content=\"Dur\u00e9e de lecture estim\u00e9e\" \/>\n\t<meta name=\"twitter:data1\" content=\"1 minute\" \/>\n<script type=\"application\/ld+json\" class=\"yoast-schema-graph\">{\"@context\":\"https:\/\/schema.org\",\"@graph\":[{\"@type\":\"WebPage\",\"@id\":\"https:\/\/parapharmolivier.com\/index.php\/product\/noreva-exfoiliac-creme-reparatrice\/\",\"url\":\"https:\/\/parapharmolivier.com\/index.php\/product\/noreva-exfoiliac-creme-reparatrice\/\",\"name\":\"Noreva Exfoiliac Cr\u00e9me Reparatrice\u00a0 - parapharmolivier\",\"isPartOf\":{\"@id\":\"https:\/\/parapharmolivier.com\/#website\"},\"primaryImageOfPage\":{\"@id\":\"https:\/\/parapharmolivier.com\/index.php\/product\/noreva-exfoiliac-creme-reparatrice\/#primaryimage\"},\"image\":{\"@id\":\"https:\/\/parapharmolivier.com\/index.php\/product\/noreva-exfoiliac-creme-reparatrice\/#primaryimage\"},\"thumbnailUrl\":\"https:\/\/parapharmolivier.com\/wp-content\/uploads\/2024\/05\/Noreva-14.jpg\",\"datePublished\":\"2024-05-04T19:27:24+00:00\",\"dateModified\":\"2024-12-29T18:00:13+00:00\",\"breadcrumb\":{\"@id\":\"https:\/\/parapharmolivier.com\/index.php\/product\/noreva-exfoiliac-creme-reparatrice\/#breadcrumb\"},\"inLanguage\":\"fr-FR\",\"potentialAction\":[{\"@type\":\"ReadAction\",\"target\":[\"https:\/\/parapharmolivier.com\/index.php\/product\/noreva-exfoiliac-creme-reparatrice\/\"]}]},{\"@type\":\"ImageObject\",\"inLanguage\":\"fr-FR\",\"@id\":\"https:\/\/parapharmolivier.com\/index.php\/product\/noreva-exfoiliac-creme-reparatrice\/#primaryimage\",\"url\":\"https:\/\/parapharmolivier.com\/wp-content\/uploads\/2024\/05\/Noreva-14.jpg\",\"contentUrl\":\"https:\/\/parapharmolivier.com\/wp-content\/uploads\/2024\/05\/Noreva-14.jpg\",\"width\":564,\"height\":564},{\"@type\":\"BreadcrumbList\",\"@id\":\"https:\/\/parapharmolivier.com\/index.php\/product\/noreva-exfoiliac-creme-reparatrice\/#breadcrumb\",\"itemListElement\":[{\"@type\":\"ListItem\",\"position\":1,\"name\":\"Accueil\",\"item\":\"https:\/\/parapharmolivier.com\/\"},{\"@type\":\"ListItem\",\"position\":2,\"name\":\"Shop\",\"item\":\"https:\/\/parapharmolivier.com\/index.php\/shop\/\"},{\"@type\":\"ListItem\",\"position\":3,\"name\":\"Noreva Exfoiliac Cr\u00e9me Reparatrice\u00a0\"}]},{\"@type\":\"WebSite\",\"@id\":\"https:\/\/parapharmolivier.com\/#website\",\"url\":\"https:\/\/parapharmolivier.com\/\",\"name\":\"parapharmolivier.com\",\"description\":\"L&#039;olivier toujours dans votre service\",\"publisher\":{\"@id\":\"https:\/\/parapharmolivier.com\/#organization\"},\"alternateName\":\"Parapharmacie L''Olivier\",\"potentialAction\":[{\"@type\":\"SearchAction\",\"target\":{\"@type\":\"EntryPoint\",\"urlTemplate\":\"https:\/\/parapharmolivier.com\/?s={search_term_string}\"},\"query-input\":\"required name=search_term_string\"}],\"inLanguage\":\"fr-FR\"},{\"@type\":\"Organization\",\"@id\":\"https:\/\/parapharmolivier.com\/#organization\",\"name\":\"Parapharmacie l'Olivier\",\"url\":\"https:\/\/parapharmolivier.com\/\",\"logo\":{\"@type\":\"ImageObject\",\"inLanguage\":\"fr-FR\",\"@id\":\"https:\/\/parapharmolivier.com\/#\/schema\/logo\/image\/\",\"url\":\"https:\/\/parapharmolivier.com\/wp-content\/uploads\/2024\/03\/Pharmacie-l-Olivier-Logo.png\",\"contentUrl\":\"https:\/\/parapharmolivier.com\/wp-content\/uploads\/2024\/03\/Pharmacie-l-Olivier-Logo.png\",\"width\":6300,\"height\":2752,\"caption\":\"Parapharmacie l'Olivier\"},\"image\":{\"@id\":\"https:\/\/parapharmolivier.com\/#\/schema\/logo\/image\/\"},\"sameAs\":[\"https:\/\/www.facebook.com\/profile.php?id=100042409962367&locale=fr_FR\",\"https:\/\/www.instagram.com\/pharmacie_l.olivier_said_hamdi\/\"]}]}<\/script>\n<!-- \/ Yoast SEO plugin. -->","yoast_head_json":{"title":"Noreva Exfoiliac Cr\u00e9me Reparatrice\u00a0 - parapharmolivier","robots":{"index":"index","follow":"follow","max-snippet":"max-snippet:-1","max-image-preview":"max-image-preview:large","max-video-preview":"max-video-preview:-1"},"canonical":"https:\/\/parapharmolivier.com\/index.php\/product\/noreva-exfoiliac-creme-reparatrice\/","og_locale":"fr_FR","og_type":"article","og_title":"Noreva Exfoiliac Cr\u00e9me Reparatrice\u00a0 - parapharmolivier","og_description":"Noreva Exfoiliac Cr\u00e9me Reparatrice","og_url":"https:\/\/parapharmolivier.com\/index.php\/product\/noreva-exfoiliac-creme-reparatrice\/","og_site_name":"parapharmolivier","article_publisher":"https:\/\/www.facebook.com\/profile.php?id=100042409962367&locale=fr_FR","article_modified_time":"2024-12-29T18:00:13+00:00","og_image":[{"width":564,"height":564,"url":"https:\/\/parapharmolivier.com\/wp-content\/uploads\/2024\/05\/Noreva-14.jpg","type":"image\/jpeg"}],"twitter_card":"summary_large_image","twitter_misc":{"Dur\u00e9e de lecture estim\u00e9e":"1 minute"},"schema":{"@context":"https:\/\/schema.org","@graph":[{"@type":"WebPage","@id":"https:\/\/parapharmolivier.com\/index.php\/product\/noreva-exfoiliac-creme-reparatrice\/","url":"https:\/\/parapharmolivier.com\/index.php\/product\/noreva-exfoiliac-creme-reparatrice\/","name":"Noreva Exfoiliac Cr\u00e9me Reparatrice\u00a0 - parapharmolivier","isPartOf":{"@id":"https:\/\/parapharmolivier.com\/#website"},"primaryImageOfPage":{"@id":"https:\/\/parapharmolivier.com\/index.php\/product\/noreva-exfoiliac-creme-reparatrice\/#primaryimage"},"image":{"@id":"https:\/\/parapharmolivier.com\/index.php\/product\/noreva-exfoiliac-creme-reparatrice\/#primaryimage"},"thumbnailUrl":"https:\/\/parapharmolivier.com\/wp-content\/uploads\/2024\/05\/Noreva-14.jpg","datePublished":"2024-05-04T19:27:24+00:00","dateModified":"2024-12-29T18:00:13+00:00","breadcrumb":{"@id":"https:\/\/parapharmolivier.com\/index.php\/product\/noreva-exfoiliac-creme-reparatrice\/#breadcrumb"},"inLanguage":"fr-FR","potentialAction":[{"@type":"ReadAction","target":["https:\/\/parapharmolivier.com\/index.php\/product\/noreva-exfoiliac-creme-reparatrice\/"]}]},{"@type":"ImageObject","inLanguage":"fr-FR","@id":"https:\/\/parapharmolivier.com\/index.php\/product\/noreva-exfoiliac-creme-reparatrice\/#primaryimage","url":"https:\/\/parapharmolivier.com\/wp-content\/uploads\/2024\/05\/Noreva-14.jpg","contentUrl":"https:\/\/parapharmolivier.com\/wp-content\/uploads\/2024\/05\/Noreva-14.jpg","width":564,"height":564},{"@type":"BreadcrumbList","@id":"https:\/\/parapharmolivier.com\/index.php\/product\/noreva-exfoiliac-creme-reparatrice\/#breadcrumb","itemListElement":[{"@type":"ListItem","position":1,"name":"Accueil","item":"https:\/\/parapharmolivier.com\/"},{"@type":"ListItem","position":2,"name":"Shop","item":"https:\/\/parapharmolivier.com\/index.php\/shop\/"},{"@type":"ListItem","position":3,"name":"Noreva Exfoiliac Cr\u00e9me Reparatrice\u00a0"}]},{"@type":"WebSite","@id":"https:\/\/parapharmolivier.com\/#website","url":"https:\/\/parapharmolivier.com\/","name":"parapharmolivier.com","description":"L&#039;olivier toujours dans votre service","publisher":{"@id":"https:\/\/parapharmolivier.com\/#organization"},"alternateName":"Parapharmacie L''Olivier","potentialAction":[{"@type":"SearchAction","target":{"@type":"EntryPoint","urlTemplate":"https:\/\/parapharmolivier.com\/?s={search_term_string}"},"query-input":"required name=search_term_string"}],"inLanguage":"fr-FR"},{"@type":"Organization","@id":"https:\/\/parapharmolivier.com\/#organization","name":"Parapharmacie l'Olivier","url":"https:\/\/parapharmolivier.com\/","logo":{"@type":"ImageObject","inLanguage":"fr-FR","@id":"https:\/\/parapharmolivier.com\/#\/schema\/logo\/image\/","url":"https:\/\/parapharmolivier.com\/wp-content\/uploads\/2024\/03\/Pharmacie-l-Olivier-Logo.png","contentUrl":"https:\/\/parapharmolivier.com\/wp-content\/uploads\/2024\/03\/Pharmacie-l-Olivier-Logo.png","width":6300,"height":2752,"caption":"Parapharmacie l'Olivier"},"image":{"@id":"https:\/\/parapharmolivier.com\/#\/schema\/logo\/image\/"},"sameAs":["https:\/\/www.facebook.com\/profile.php?id=100042409962367&locale=fr_FR","https:\/\/www.instagram.com\/pharmacie_l.olivier_said_hamdi\/"]}]}},"jetpack_sharing_enabled":true,"_links":{"self":[{"href":"https:\/\/parapharmolivier.com\/index.php\/wp-json\/wp\/v2\/product\/9241"}],"collection":[{"href":"https:\/\/parapharmolivier.com\/index.php\/wp-json\/wp\/v2\/product"}],"about":[{"href":"https:\/\/parapharmolivier.com\/index.php\/wp-json\/wp\/v2\/types\/product"}],"replies":[{"embeddable":true,"href":"https:\/\/parapharmolivier.com\/index.php\/wp-json\/wp\/v2\/comments?post=9241"}],"wp:featuredmedia":[{"embeddable":true,"href":"https:\/\/parapharmolivier.com\/index.php\/wp-json\/wp\/v2\/media\/9243"}],"wp:attachment":[{"href":"https:\/\/parapharmolivier.com\/index.php\/wp-json\/wp\/v2\/media?parent=9241"}],"wp:term":[{"taxonomy":"product_cat","embeddable":true,"href":"https:\/\/parapharmolivier.com\/index.php\/wp-json\/wp\/v2\/product_cat?post=9241"},{"taxonomy":"product_tag","embeddable":true,"href":"https:\/\/parapharmolivier.com\/index.php\/wp-json\/wp\/v2\/product_tag?post=9241"}],"curies":[{"name":"wp","href":"https:\/\/api.w.org\/{rel}","templated":true}]}}