{"id":9311,"date":"2024-05-05T19:05:57","date_gmt":"2024-05-05T17:05:57","guid":{"rendered":"https:\/\/parapharmolivier.com\/?post_type=product&#038;p=9311"},"modified":"2024-09-22T10:33:46","modified_gmt":"2024-09-22T08:33:46","slug":"lierac-sunissime-baume-reparateur","status":"publish","type":"product","link":"https:\/\/parapharmolivier.com\/index.php\/product\/lierac-sunissime-baume-reparateur\/","title":{"rendered":"Lierac Sunissime\u00a0 baume Reparateur\u00a0"},"content":{"rendered":"<p><strong>Le Lierac Sunissime Soin R\u00e9parateur est un excellent choix pour r\u00e9parer et apaiser votre peau apr\u00e8s une exposition au soleil. Ce soin r\u00e9parateur est sp\u00e9cialement formul\u00e9 pour aider \u00e0 r\u00e9parer les dommages caus\u00e9s par le soleil, apaiser les sensations d&#8217;inconfort et prolonger le bronzage.<\/strong><\/p>\n<p><strong>En l&#8217;appliquant g\u00e9n\u00e9reusement sur le visage et le corps apr\u00e8s une exposition au soleil, vous pourrez profiter de ses bienfaits apaisants et r\u00e9parateurs. Sa formule contient des ingr\u00e9dients actifs tels que l&#8217;acide hyaluronique et l&#8217;extrait de fleur de frangipanier pour une peau hydrat\u00e9e et r\u00e9g\u00e9n\u00e9r\u00e9e.<\/strong><\/p>\n<p><strong>Le Lierac Sunissime Soin R\u00e9parateur est id\u00e9al pour prendre soin de votre peau apr\u00e8s une journ\u00e9e au soleil et maintenir un bronzage \u00e9clatant.<\/strong><\/p>\n<p>&nbsp;<\/p>\n","protected":false},"excerpt":{"rendered":"<p>Lierac Sunissime\u00a0 baume Reparateur<\/p>\n","protected":false},"featured_media":9312,"comment_status":"open","ping_status":"closed","template":"","meta":[],"product_cat":[228,149,214,216,266,63],"product_tag":[],"yoast_head":"<!-- This site is optimized with the Yoast SEO plugin v22.4 - https:\/\/yoast.com\/wordpress\/plugins\/seo\/ -->\n<title>Lierac Sunissime\u00a0 baume Reparateur\u00a0 - parapharmolivier<\/title>\n<meta name=\"robots\" content=\"index, follow, max-snippet:-1, max-image-preview:large, max-video-preview:-1\" \/>\n<link rel=\"canonical\" href=\"https:\/\/parapharmolivier.com\/index.php\/product\/lierac-sunissime-baume-reparateur\/\" \/>\n<meta property=\"og:locale\" content=\"fr_FR\" \/>\n<meta property=\"og:type\" content=\"article\" \/>\n<meta property=\"og:title\" content=\"Lierac Sunissime\u00a0 baume Reparateur\u00a0 - parapharmolivier\" \/>\n<meta property=\"og:description\" content=\"Lierac Sunissime\u00a0 baume Reparateur\" \/>\n<meta property=\"og:url\" content=\"https:\/\/parapharmolivier.com\/index.php\/product\/lierac-sunissime-baume-reparateur\/\" \/>\n<meta property=\"og:site_name\" content=\"parapharmolivier\" \/>\n<meta property=\"article:publisher\" content=\"https:\/\/www.facebook.com\/profile.php?id=100042409962367&amp;locale=fr_FR\" \/>\n<meta property=\"article:modified_time\" content=\"2024-09-22T08:33:46+00:00\" \/>\n<meta property=\"og:image\" content=\"https:\/\/parapharmolivier.com\/wp-content\/uploads\/2024\/05\/Lierac-21.jpg\" \/>\n\t<meta property=\"og:image:width\" content=\"736\" \/>\n\t<meta property=\"og:image:height\" content=\"736\" \/>\n\t<meta property=\"og:image:type\" content=\"image\/jpeg\" \/>\n<meta name=\"twitter:card\" content=\"summary_large_image\" \/>\n<meta name=\"twitter:label1\" content=\"Dur\u00e9e de lecture estim\u00e9e\" \/>\n\t<meta name=\"twitter:data1\" content=\"1 minute\" \/>\n<script type=\"application\/ld+json\" class=\"yoast-schema-graph\">{\"@context\":\"https:\/\/schema.org\",\"@graph\":[{\"@type\":\"WebPage\",\"@id\":\"https:\/\/parapharmolivier.com\/index.php\/product\/lierac-sunissime-baume-reparateur\/\",\"url\":\"https:\/\/parapharmolivier.com\/index.php\/product\/lierac-sunissime-baume-reparateur\/\",\"name\":\"Lierac Sunissime\u00a0 baume Reparateur\u00a0 - parapharmolivier\",\"isPartOf\":{\"@id\":\"https:\/\/parapharmolivier.com\/#website\"},\"primaryImageOfPage\":{\"@id\":\"https:\/\/parapharmolivier.com\/index.php\/product\/lierac-sunissime-baume-reparateur\/#primaryimage\"},\"image\":{\"@id\":\"https:\/\/parapharmolivier.com\/index.php\/product\/lierac-sunissime-baume-reparateur\/#primaryimage\"},\"thumbnailUrl\":\"https:\/\/parapharmolivier.com\/wp-content\/uploads\/2024\/05\/Lierac-21.jpg\",\"datePublished\":\"2024-05-05T17:05:57+00:00\",\"dateModified\":\"2024-09-22T08:33:46+00:00\",\"breadcrumb\":{\"@id\":\"https:\/\/parapharmolivier.com\/index.php\/product\/lierac-sunissime-baume-reparateur\/#breadcrumb\"},\"inLanguage\":\"fr-FR\",\"potentialAction\":[{\"@type\":\"ReadAction\",\"target\":[\"https:\/\/parapharmolivier.com\/index.php\/product\/lierac-sunissime-baume-reparateur\/\"]}]},{\"@type\":\"ImageObject\",\"inLanguage\":\"fr-FR\",\"@id\":\"https:\/\/parapharmolivier.com\/index.php\/product\/lierac-sunissime-baume-reparateur\/#primaryimage\",\"url\":\"https:\/\/parapharmolivier.com\/wp-content\/uploads\/2024\/05\/Lierac-21.jpg\",\"contentUrl\":\"https:\/\/parapharmolivier.com\/wp-content\/uploads\/2024\/05\/Lierac-21.jpg\",\"width\":736,\"height\":736},{\"@type\":\"BreadcrumbList\",\"@id\":\"https:\/\/parapharmolivier.com\/index.php\/product\/lierac-sunissime-baume-reparateur\/#breadcrumb\",\"itemListElement\":[{\"@type\":\"ListItem\",\"position\":1,\"name\":\"Accueil\",\"item\":\"https:\/\/parapharmolivier.com\/\"},{\"@type\":\"ListItem\",\"position\":2,\"name\":\"Shop\",\"item\":\"https:\/\/parapharmolivier.com\/index.php\/shop\/\"},{\"@type\":\"ListItem\",\"position\":3,\"name\":\"Lierac Sunissime\u00a0 baume Reparateur\u00a0\"}]},{\"@type\":\"WebSite\",\"@id\":\"https:\/\/parapharmolivier.com\/#website\",\"url\":\"https:\/\/parapharmolivier.com\/\",\"name\":\"parapharmolivier.com\",\"description\":\"L&#039;olivier toujours dans votre service\",\"publisher\":{\"@id\":\"https:\/\/parapharmolivier.com\/#organization\"},\"alternateName\":\"Parapharmacie L''Olivier\",\"potentialAction\":[{\"@type\":\"SearchAction\",\"target\":{\"@type\":\"EntryPoint\",\"urlTemplate\":\"https:\/\/parapharmolivier.com\/?s={search_term_string}\"},\"query-input\":\"required name=search_term_string\"}],\"inLanguage\":\"fr-FR\"},{\"@type\":\"Organization\",\"@id\":\"https:\/\/parapharmolivier.com\/#organization\",\"name\":\"Parapharmacie l'Olivier\",\"url\":\"https:\/\/parapharmolivier.com\/\",\"logo\":{\"@type\":\"ImageObject\",\"inLanguage\":\"fr-FR\",\"@id\":\"https:\/\/parapharmolivier.com\/#\/schema\/logo\/image\/\",\"url\":\"https:\/\/parapharmolivier.com\/wp-content\/uploads\/2024\/03\/Pharmacie-l-Olivier-Logo.png\",\"contentUrl\":\"https:\/\/parapharmolivier.com\/wp-content\/uploads\/2024\/03\/Pharmacie-l-Olivier-Logo.png\",\"width\":6300,\"height\":2752,\"caption\":\"Parapharmacie l'Olivier\"},\"image\":{\"@id\":\"https:\/\/parapharmolivier.com\/#\/schema\/logo\/image\/\"},\"sameAs\":[\"https:\/\/www.facebook.com\/profile.php?id=100042409962367&locale=fr_FR\",\"https:\/\/www.instagram.com\/pharmacie_l.olivier_said_hamdi\/\"]}]}<\/script>\n<!-- \/ Yoast SEO plugin. -->","yoast_head_json":{"title":"Lierac Sunissime\u00a0 baume Reparateur\u00a0 - parapharmolivier","robots":{"index":"index","follow":"follow","max-snippet":"max-snippet:-1","max-image-preview":"max-image-preview:large","max-video-preview":"max-video-preview:-1"},"canonical":"https:\/\/parapharmolivier.com\/index.php\/product\/lierac-sunissime-baume-reparateur\/","og_locale":"fr_FR","og_type":"article","og_title":"Lierac Sunissime\u00a0 baume Reparateur\u00a0 - parapharmolivier","og_description":"Lierac Sunissime\u00a0 baume Reparateur","og_url":"https:\/\/parapharmolivier.com\/index.php\/product\/lierac-sunissime-baume-reparateur\/","og_site_name":"parapharmolivier","article_publisher":"https:\/\/www.facebook.com\/profile.php?id=100042409962367&locale=fr_FR","article_modified_time":"2024-09-22T08:33:46+00:00","og_image":[{"width":736,"height":736,"url":"https:\/\/parapharmolivier.com\/wp-content\/uploads\/2024\/05\/Lierac-21.jpg","type":"image\/jpeg"}],"twitter_card":"summary_large_image","twitter_misc":{"Dur\u00e9e de lecture estim\u00e9e":"1 minute"},"schema":{"@context":"https:\/\/schema.org","@graph":[{"@type":"WebPage","@id":"https:\/\/parapharmolivier.com\/index.php\/product\/lierac-sunissime-baume-reparateur\/","url":"https:\/\/parapharmolivier.com\/index.php\/product\/lierac-sunissime-baume-reparateur\/","name":"Lierac Sunissime\u00a0 baume Reparateur\u00a0 - parapharmolivier","isPartOf":{"@id":"https:\/\/parapharmolivier.com\/#website"},"primaryImageOfPage":{"@id":"https:\/\/parapharmolivier.com\/index.php\/product\/lierac-sunissime-baume-reparateur\/#primaryimage"},"image":{"@id":"https:\/\/parapharmolivier.com\/index.php\/product\/lierac-sunissime-baume-reparateur\/#primaryimage"},"thumbnailUrl":"https:\/\/parapharmolivier.com\/wp-content\/uploads\/2024\/05\/Lierac-21.jpg","datePublished":"2024-05-05T17:05:57+00:00","dateModified":"2024-09-22T08:33:46+00:00","breadcrumb":{"@id":"https:\/\/parapharmolivier.com\/index.php\/product\/lierac-sunissime-baume-reparateur\/#breadcrumb"},"inLanguage":"fr-FR","potentialAction":[{"@type":"ReadAction","target":["https:\/\/parapharmolivier.com\/index.php\/product\/lierac-sunissime-baume-reparateur\/"]}]},{"@type":"ImageObject","inLanguage":"fr-FR","@id":"https:\/\/parapharmolivier.com\/index.php\/product\/lierac-sunissime-baume-reparateur\/#primaryimage","url":"https:\/\/parapharmolivier.com\/wp-content\/uploads\/2024\/05\/Lierac-21.jpg","contentUrl":"https:\/\/parapharmolivier.com\/wp-content\/uploads\/2024\/05\/Lierac-21.jpg","width":736,"height":736},{"@type":"BreadcrumbList","@id":"https:\/\/parapharmolivier.com\/index.php\/product\/lierac-sunissime-baume-reparateur\/#breadcrumb","itemListElement":[{"@type":"ListItem","position":1,"name":"Accueil","item":"https:\/\/parapharmolivier.com\/"},{"@type":"ListItem","position":2,"name":"Shop","item":"https:\/\/parapharmolivier.com\/index.php\/shop\/"},{"@type":"ListItem","position":3,"name":"Lierac Sunissime\u00a0 baume Reparateur\u00a0"}]},{"@type":"WebSite","@id":"https:\/\/parapharmolivier.com\/#website","url":"https:\/\/parapharmolivier.com\/","name":"parapharmolivier.com","description":"L&#039;olivier toujours dans votre service","publisher":{"@id":"https:\/\/parapharmolivier.com\/#organization"},"alternateName":"Parapharmacie L''Olivier","potentialAction":[{"@type":"SearchAction","target":{"@type":"EntryPoint","urlTemplate":"https:\/\/parapharmolivier.com\/?s={search_term_string}"},"query-input":"required name=search_term_string"}],"inLanguage":"fr-FR"},{"@type":"Organization","@id":"https:\/\/parapharmolivier.com\/#organization","name":"Parapharmacie l'Olivier","url":"https:\/\/parapharmolivier.com\/","logo":{"@type":"ImageObject","inLanguage":"fr-FR","@id":"https:\/\/parapharmolivier.com\/#\/schema\/logo\/image\/","url":"https:\/\/parapharmolivier.com\/wp-content\/uploads\/2024\/03\/Pharmacie-l-Olivier-Logo.png","contentUrl":"https:\/\/parapharmolivier.com\/wp-content\/uploads\/2024\/03\/Pharmacie-l-Olivier-Logo.png","width":6300,"height":2752,"caption":"Parapharmacie l'Olivier"},"image":{"@id":"https:\/\/parapharmolivier.com\/#\/schema\/logo\/image\/"},"sameAs":["https:\/\/www.facebook.com\/profile.php?id=100042409962367&locale=fr_FR","https:\/\/www.instagram.com\/pharmacie_l.olivier_said_hamdi\/"]}]}},"jetpack_sharing_enabled":true,"_links":{"self":[{"href":"https:\/\/parapharmolivier.com\/index.php\/wp-json\/wp\/v2\/product\/9311"}],"collection":[{"href":"https:\/\/parapharmolivier.com\/index.php\/wp-json\/wp\/v2\/product"}],"about":[{"href":"https:\/\/parapharmolivier.com\/index.php\/wp-json\/wp\/v2\/types\/product"}],"replies":[{"embeddable":true,"href":"https:\/\/parapharmolivier.com\/index.php\/wp-json\/wp\/v2\/comments?post=9311"}],"wp:featuredmedia":[{"embeddable":true,"href":"https:\/\/parapharmolivier.com\/index.php\/wp-json\/wp\/v2\/media\/9312"}],"wp:attachment":[{"href":"https:\/\/parapharmolivier.com\/index.php\/wp-json\/wp\/v2\/media?parent=9311"}],"wp:term":[{"taxonomy":"product_cat","embeddable":true,"href":"https:\/\/parapharmolivier.com\/index.php\/wp-json\/wp\/v2\/product_cat?post=9311"},{"taxonomy":"product_tag","embeddable":true,"href":"https:\/\/parapharmolivier.com\/index.php\/wp-json\/wp\/v2\/product_tag?post=9311"}],"curies":[{"name":"wp","href":"https:\/\/api.w.org\/{rel}","templated":true}]}}