{"id":9754,"date":"2024-05-19T12:11:11","date_gmt":"2024-05-19T10:11:11","guid":{"rendered":"https:\/\/parapharmolivier.com\/?post_type=product&#038;p=9754"},"modified":"2026-03-04T09:10:33","modified_gmt":"2026-03-04T08:10:33","slug":"la-roche-posey-effaclar-duom","status":"publish","type":"product","link":"https:\/\/parapharmolivier.com\/index.php\/product\/la-roche-posey-effaclar-duom\/","title":{"rendered":"La Roche-Posey Effaclar Duo+M"},"content":{"rendered":"<p><strong>La Roche-Posay Effaclar Duo(+)M est un soin correcteur anti-imperfections qui cible les boutons et les marques r\u00e9siduelles pour une peau nette et uniforme. Sa formule innovante associe plusieurs ingr\u00e9dients actifs pour une action cibl\u00e9e sur les imperfections :<\/strong><\/p>\n<ol>\n<li><strong>Acide Salicylique: Il aide \u00e0 d\u00e9sobstruer les pores et \u00e0 r\u00e9duire la formation de nouveaux boutons.<\/strong><\/li>\n<li><strong>LHA \u00a0: Il exfolie en douceur la peau pour \u00e9liminer les impuret\u00e9s et favoriser le renouvellement cellulaire.<\/strong><\/li>\n<li><strong>Niacinamide (Vitamine B3) : Elle aide \u00e0 apaiser et \u00e0 r\u00e9duire les rougeurs, tout en renfor\u00e7ant la barri\u00e8re cutan\u00e9e.<\/strong><\/li>\n<\/ol>\n<p><strong>Effaclar Duo(+) M aide \u00e0 r\u00e9duire l&#8217;apparence des boutons existants, \u00e0 pr\u00e9venir l&#8217;apparition de nouveaux boutons et \u00e0 att\u00e9nuer les marques r\u00e9siduelles pour une peau plus nette et plus uniforme. Sa texture l\u00e9g\u00e8re et non grasse p\u00e9n\u00e8tre rapidement dans la peau, offrant une hydratation tout en r\u00e9gulant l&#8217;exc\u00e8s de s\u00e9bum pour un fini matifi\u00e9. Appliqu\u00e9 r\u00e9guli\u00e8rement sur une peau nettoy\u00e9e, Effaclar Duo(+) aide \u00e0 am\u00e9liorer la qualit\u00e9 de la peau et \u00e0 pr\u00e9venir les imperfections futures.<\/strong><\/p>\n","protected":false},"excerpt":{"rendered":"<p>La Roche-Posey Effaclar Duo+M<\/p>\n","protected":false},"featured_media":9755,"comment_status":"open","ping_status":"closed","template":"","meta":[],"product_cat":[297,99,214,224,250,242,285,102,63],"product_tag":[],"yoast_head":"<!-- This site is optimized with the Yoast SEO plugin v22.4 - https:\/\/yoast.com\/wordpress\/plugins\/seo\/ -->\n<title>La Roche-Posey Effaclar Duo+M - parapharmolivier<\/title>\n<meta name=\"robots\" content=\"index, follow, max-snippet:-1, max-image-preview:large, max-video-preview:-1\" \/>\n<link rel=\"canonical\" href=\"https:\/\/parapharmolivier.com\/index.php\/product\/la-roche-posey-effaclar-duom\/\" \/>\n<meta property=\"og:locale\" content=\"fr_FR\" \/>\n<meta property=\"og:type\" content=\"article\" \/>\n<meta property=\"og:title\" content=\"La Roche-Posey Effaclar Duo+M - parapharmolivier\" \/>\n<meta property=\"og:description\" content=\"La Roche-Posey Effaclar Duo+M\" \/>\n<meta property=\"og:url\" content=\"https:\/\/parapharmolivier.com\/index.php\/product\/la-roche-posey-effaclar-duom\/\" \/>\n<meta property=\"og:site_name\" content=\"parapharmolivier\" \/>\n<meta property=\"article:publisher\" content=\"https:\/\/www.facebook.com\/profile.php?id=100042409962367&amp;locale=fr_FR\" \/>\n<meta property=\"article:modified_time\" content=\"2026-03-04T08:10:33+00:00\" \/>\n<meta property=\"og:image\" content=\"https:\/\/parapharmolivier.com\/wp-content\/uploads\/2024\/05\/1-26.jpg\" \/>\n\t<meta property=\"og:image:width\" content=\"736\" \/>\n\t<meta property=\"og:image:height\" content=\"736\" \/>\n\t<meta property=\"og:image:type\" content=\"image\/jpeg\" \/>\n<meta name=\"twitter:card\" content=\"summary_large_image\" \/>\n<meta name=\"twitter:label1\" content=\"Dur\u00e9e de lecture estim\u00e9e\" \/>\n\t<meta name=\"twitter:data1\" content=\"1 minute\" \/>\n<script type=\"application\/ld+json\" class=\"yoast-schema-graph\">{\"@context\":\"https:\/\/schema.org\",\"@graph\":[{\"@type\":\"WebPage\",\"@id\":\"https:\/\/parapharmolivier.com\/index.php\/product\/la-roche-posey-effaclar-duom\/\",\"url\":\"https:\/\/parapharmolivier.com\/index.php\/product\/la-roche-posey-effaclar-duom\/\",\"name\":\"La Roche-Posey Effaclar Duo+M - parapharmolivier\",\"isPartOf\":{\"@id\":\"https:\/\/parapharmolivier.com\/#website\"},\"primaryImageOfPage\":{\"@id\":\"https:\/\/parapharmolivier.com\/index.php\/product\/la-roche-posey-effaclar-duom\/#primaryimage\"},\"image\":{\"@id\":\"https:\/\/parapharmolivier.com\/index.php\/product\/la-roche-posey-effaclar-duom\/#primaryimage\"},\"thumbnailUrl\":\"https:\/\/parapharmolivier.com\/wp-content\/uploads\/2024\/05\/1-26.jpg\",\"datePublished\":\"2024-05-19T10:11:11+00:00\",\"dateModified\":\"2026-03-04T08:10:33+00:00\",\"breadcrumb\":{\"@id\":\"https:\/\/parapharmolivier.com\/index.php\/product\/la-roche-posey-effaclar-duom\/#breadcrumb\"},\"inLanguage\":\"fr-FR\",\"potentialAction\":[{\"@type\":\"ReadAction\",\"target\":[\"https:\/\/parapharmolivier.com\/index.php\/product\/la-roche-posey-effaclar-duom\/\"]}]},{\"@type\":\"ImageObject\",\"inLanguage\":\"fr-FR\",\"@id\":\"https:\/\/parapharmolivier.com\/index.php\/product\/la-roche-posey-effaclar-duom\/#primaryimage\",\"url\":\"https:\/\/parapharmolivier.com\/wp-content\/uploads\/2024\/05\/1-26.jpg\",\"contentUrl\":\"https:\/\/parapharmolivier.com\/wp-content\/uploads\/2024\/05\/1-26.jpg\",\"width\":736,\"height\":736},{\"@type\":\"BreadcrumbList\",\"@id\":\"https:\/\/parapharmolivier.com\/index.php\/product\/la-roche-posey-effaclar-duom\/#breadcrumb\",\"itemListElement\":[{\"@type\":\"ListItem\",\"position\":1,\"name\":\"Accueil\",\"item\":\"https:\/\/parapharmolivier.com\/\"},{\"@type\":\"ListItem\",\"position\":2,\"name\":\"Shop\",\"item\":\"https:\/\/parapharmolivier.com\/index.php\/shop\/\"},{\"@type\":\"ListItem\",\"position\":3,\"name\":\"La Roche-Posey Effaclar Duo+M\"}]},{\"@type\":\"WebSite\",\"@id\":\"https:\/\/parapharmolivier.com\/#website\",\"url\":\"https:\/\/parapharmolivier.com\/\",\"name\":\"parapharmolivier.com\",\"description\":\"L&#039;olivier toujours dans votre service\",\"publisher\":{\"@id\":\"https:\/\/parapharmolivier.com\/#organization\"},\"alternateName\":\"Parapharmacie L''Olivier\",\"potentialAction\":[{\"@type\":\"SearchAction\",\"target\":{\"@type\":\"EntryPoint\",\"urlTemplate\":\"https:\/\/parapharmolivier.com\/?s={search_term_string}\"},\"query-input\":\"required name=search_term_string\"}],\"inLanguage\":\"fr-FR\"},{\"@type\":\"Organization\",\"@id\":\"https:\/\/parapharmolivier.com\/#organization\",\"name\":\"Parapharmacie l'Olivier\",\"url\":\"https:\/\/parapharmolivier.com\/\",\"logo\":{\"@type\":\"ImageObject\",\"inLanguage\":\"fr-FR\",\"@id\":\"https:\/\/parapharmolivier.com\/#\/schema\/logo\/image\/\",\"url\":\"https:\/\/parapharmolivier.com\/wp-content\/uploads\/2024\/03\/Pharmacie-l-Olivier-Logo.png\",\"contentUrl\":\"https:\/\/parapharmolivier.com\/wp-content\/uploads\/2024\/03\/Pharmacie-l-Olivier-Logo.png\",\"width\":6300,\"height\":2752,\"caption\":\"Parapharmacie l'Olivier\"},\"image\":{\"@id\":\"https:\/\/parapharmolivier.com\/#\/schema\/logo\/image\/\"},\"sameAs\":[\"https:\/\/www.facebook.com\/profile.php?id=100042409962367&locale=fr_FR\",\"https:\/\/www.instagram.com\/pharmacie_l.olivier_said_hamdi\/\"]}]}<\/script>\n<!-- \/ Yoast SEO plugin. -->","yoast_head_json":{"title":"La Roche-Posey Effaclar Duo+M - parapharmolivier","robots":{"index":"index","follow":"follow","max-snippet":"max-snippet:-1","max-image-preview":"max-image-preview:large","max-video-preview":"max-video-preview:-1"},"canonical":"https:\/\/parapharmolivier.com\/index.php\/product\/la-roche-posey-effaclar-duom\/","og_locale":"fr_FR","og_type":"article","og_title":"La Roche-Posey Effaclar Duo+M - parapharmolivier","og_description":"La Roche-Posey Effaclar Duo+M","og_url":"https:\/\/parapharmolivier.com\/index.php\/product\/la-roche-posey-effaclar-duom\/","og_site_name":"parapharmolivier","article_publisher":"https:\/\/www.facebook.com\/profile.php?id=100042409962367&locale=fr_FR","article_modified_time":"2026-03-04T08:10:33+00:00","og_image":[{"width":736,"height":736,"url":"https:\/\/parapharmolivier.com\/wp-content\/uploads\/2024\/05\/1-26.jpg","type":"image\/jpeg"}],"twitter_card":"summary_large_image","twitter_misc":{"Dur\u00e9e de lecture estim\u00e9e":"1 minute"},"schema":{"@context":"https:\/\/schema.org","@graph":[{"@type":"WebPage","@id":"https:\/\/parapharmolivier.com\/index.php\/product\/la-roche-posey-effaclar-duom\/","url":"https:\/\/parapharmolivier.com\/index.php\/product\/la-roche-posey-effaclar-duom\/","name":"La Roche-Posey Effaclar Duo+M - parapharmolivier","isPartOf":{"@id":"https:\/\/parapharmolivier.com\/#website"},"primaryImageOfPage":{"@id":"https:\/\/parapharmolivier.com\/index.php\/product\/la-roche-posey-effaclar-duom\/#primaryimage"},"image":{"@id":"https:\/\/parapharmolivier.com\/index.php\/product\/la-roche-posey-effaclar-duom\/#primaryimage"},"thumbnailUrl":"https:\/\/parapharmolivier.com\/wp-content\/uploads\/2024\/05\/1-26.jpg","datePublished":"2024-05-19T10:11:11+00:00","dateModified":"2026-03-04T08:10:33+00:00","breadcrumb":{"@id":"https:\/\/parapharmolivier.com\/index.php\/product\/la-roche-posey-effaclar-duom\/#breadcrumb"},"inLanguage":"fr-FR","potentialAction":[{"@type":"ReadAction","target":["https:\/\/parapharmolivier.com\/index.php\/product\/la-roche-posey-effaclar-duom\/"]}]},{"@type":"ImageObject","inLanguage":"fr-FR","@id":"https:\/\/parapharmolivier.com\/index.php\/product\/la-roche-posey-effaclar-duom\/#primaryimage","url":"https:\/\/parapharmolivier.com\/wp-content\/uploads\/2024\/05\/1-26.jpg","contentUrl":"https:\/\/parapharmolivier.com\/wp-content\/uploads\/2024\/05\/1-26.jpg","width":736,"height":736},{"@type":"BreadcrumbList","@id":"https:\/\/parapharmolivier.com\/index.php\/product\/la-roche-posey-effaclar-duom\/#breadcrumb","itemListElement":[{"@type":"ListItem","position":1,"name":"Accueil","item":"https:\/\/parapharmolivier.com\/"},{"@type":"ListItem","position":2,"name":"Shop","item":"https:\/\/parapharmolivier.com\/index.php\/shop\/"},{"@type":"ListItem","position":3,"name":"La Roche-Posey Effaclar Duo+M"}]},{"@type":"WebSite","@id":"https:\/\/parapharmolivier.com\/#website","url":"https:\/\/parapharmolivier.com\/","name":"parapharmolivier.com","description":"L&#039;olivier toujours dans votre service","publisher":{"@id":"https:\/\/parapharmolivier.com\/#organization"},"alternateName":"Parapharmacie L''Olivier","potentialAction":[{"@type":"SearchAction","target":{"@type":"EntryPoint","urlTemplate":"https:\/\/parapharmolivier.com\/?s={search_term_string}"},"query-input":"required name=search_term_string"}],"inLanguage":"fr-FR"},{"@type":"Organization","@id":"https:\/\/parapharmolivier.com\/#organization","name":"Parapharmacie l'Olivier","url":"https:\/\/parapharmolivier.com\/","logo":{"@type":"ImageObject","inLanguage":"fr-FR","@id":"https:\/\/parapharmolivier.com\/#\/schema\/logo\/image\/","url":"https:\/\/parapharmolivier.com\/wp-content\/uploads\/2024\/03\/Pharmacie-l-Olivier-Logo.png","contentUrl":"https:\/\/parapharmolivier.com\/wp-content\/uploads\/2024\/03\/Pharmacie-l-Olivier-Logo.png","width":6300,"height":2752,"caption":"Parapharmacie l'Olivier"},"image":{"@id":"https:\/\/parapharmolivier.com\/#\/schema\/logo\/image\/"},"sameAs":["https:\/\/www.facebook.com\/profile.php?id=100042409962367&locale=fr_FR","https:\/\/www.instagram.com\/pharmacie_l.olivier_said_hamdi\/"]}]}},"jetpack_sharing_enabled":true,"_links":{"self":[{"href":"https:\/\/parapharmolivier.com\/index.php\/wp-json\/wp\/v2\/product\/9754"}],"collection":[{"href":"https:\/\/parapharmolivier.com\/index.php\/wp-json\/wp\/v2\/product"}],"about":[{"href":"https:\/\/parapharmolivier.com\/index.php\/wp-json\/wp\/v2\/types\/product"}],"replies":[{"embeddable":true,"href":"https:\/\/parapharmolivier.com\/index.php\/wp-json\/wp\/v2\/comments?post=9754"}],"wp:featuredmedia":[{"embeddable":true,"href":"https:\/\/parapharmolivier.com\/index.php\/wp-json\/wp\/v2\/media\/9755"}],"wp:attachment":[{"href":"https:\/\/parapharmolivier.com\/index.php\/wp-json\/wp\/v2\/media?parent=9754"}],"wp:term":[{"taxonomy":"product_cat","embeddable":true,"href":"https:\/\/parapharmolivier.com\/index.php\/wp-json\/wp\/v2\/product_cat?post=9754"},{"taxonomy":"product_tag","embeddable":true,"href":"https:\/\/parapharmolivier.com\/index.php\/wp-json\/wp\/v2\/product_tag?post=9754"}],"curies":[{"name":"wp","href":"https:\/\/api.w.org\/{rel}","templated":true}]}}