{"id":9986,"date":"2024-05-23T14:27:22","date_gmt":"2024-05-23T12:27:22","guid":{"rendered":"https:\/\/parapharmolivier.com\/?post_type=product&#038;p=9986"},"modified":"2024-05-23T14:27:22","modified_gmt":"2024-05-23T12:27:22","slug":"nutraxin-vitals-selenium-100-mcg","status":"publish","type":"product","link":"https:\/\/parapharmolivier.com\/index.php\/product\/nutraxin-vitals-selenium-100-mcg\/","title":{"rendered":"Nutraxin vitals selenium 100 mcg"},"content":{"rendered":"<p>Caract\u00e9ristiques du s\u00e9l\u00e9nium :<\/p>\n<ul>\n<li>Oligo\u00e9l\u00e9ment antioxydant indispensable \u00e0 l&#8217;organisme<\/li>\n<li>Se trouve en majorit\u00e9 dans les produits de la mer<\/li>\n<li>Soutient les syst\u00e8mes immunitaires et cardiovasculaires<\/li>\n<li>La carence en s\u00e9l\u00e9nium peut entra\u00eener de graves troubles cardiaques, voire la mort<\/li>\n<li>En exc\u00e8s, le s\u00e9l\u00e9nium est toxique et entra\u00eener la s\u00e9l\u00e9nose<\/li>\n<\/ul>\n<p>Usage :<\/p>\n<p>Pour les adultes, il est recommand\u00e9 d&#8217;utiliser 1 \u00e0 2 comprim\u00e9s par jour avec beaucoup d&#8217;eau comme aliment compl\u00e9mentaire.<\/p>\n","protected":false},"excerpt":{"rendered":"<p>Le s\u00e9l\u00e9nium est un oligo\u00e9l\u00e9ment essentiel \u00e0 l&#8217;organisme. Ce bio\u00e9l\u00e9ment intervient dans l&#8217;organisme au travers de nombreuses r\u00e9actions m\u00e9taboliques. C&#8217;est un antioxydant puissant qui est capable de d\u00e9toxifier l&#8217;organisme des m\u00e9taux lourds et de pr\u00e9server le coeur. L&#8217;apport en s\u00e9l\u00e9nium doit cependant \u00eatre tr\u00e8s contr\u00f4l\u00e9 en raison de sa toxicit\u00e9 potentielle.<\/p>\n","protected":false},"featured_media":9987,"comment_status":"open","ping_status":"closed","template":"","meta":[],"product_cat":[15],"product_tag":[],"yoast_head":"<!-- This site is optimized with the Yoast SEO plugin v22.4 - https:\/\/yoast.com\/wordpress\/plugins\/seo\/ -->\n<title>Nutraxin vitals selenium 100 mcg - parapharmolivier<\/title>\n<meta name=\"description\" content=\"Le s\u00e9l\u00e9nium est un oligo\u00e9l\u00e9ment essentiel \u00e0 l&#039;organisme. Ce bio\u00e9l\u00e9ment intervient dans l&#039;organisme au travers de nombreuses r\u00e9actions m\u00e9taboliques. C&#039;est un antioxydant puissant qui est capable de d\u00e9toxifier l&#039;organisme des m\u00e9taux lourds et de pr\u00e9server le coeur. L&#039;apport en s\u00e9l\u00e9nium doit cependant \u00eatre tr\u00e8s contr\u00f4l\u00e9 en raison de sa toxicit\u00e9 potentielle.\" \/>\n<meta name=\"robots\" content=\"index, follow, max-snippet:-1, max-image-preview:large, max-video-preview:-1\" \/>\n<link rel=\"canonical\" href=\"https:\/\/parapharmolivier.com\/index.php\/product\/nutraxin-vitals-selenium-100-mcg\/\" \/>\n<meta property=\"og:locale\" content=\"fr_FR\" \/>\n<meta property=\"og:type\" content=\"article\" \/>\n<meta property=\"og:title\" content=\"Nutraxin vitals selenium 100 mcg - parapharmolivier\" \/>\n<meta property=\"og:description\" content=\"Le s\u00e9l\u00e9nium est un oligo\u00e9l\u00e9ment essentiel \u00e0 l&#039;organisme. Ce bio\u00e9l\u00e9ment intervient dans l&#039;organisme au travers de nombreuses r\u00e9actions m\u00e9taboliques. C&#039;est un antioxydant puissant qui est capable de d\u00e9toxifier l&#039;organisme des m\u00e9taux lourds et de pr\u00e9server le coeur. L&#039;apport en s\u00e9l\u00e9nium doit cependant \u00eatre tr\u00e8s contr\u00f4l\u00e9 en raison de sa toxicit\u00e9 potentielle.\" \/>\n<meta property=\"og:url\" content=\"https:\/\/parapharmolivier.com\/index.php\/product\/nutraxin-vitals-selenium-100-mcg\/\" \/>\n<meta property=\"og:site_name\" content=\"parapharmolivier\" \/>\n<meta property=\"article:publisher\" content=\"https:\/\/www.facebook.com\/profile.php?id=100042409962367&amp;locale=fr_FR\" \/>\n<meta property=\"og:image\" content=\"https:\/\/parapharmolivier.com\/wp-content\/uploads\/2024\/05\/78b043736a764af8a3fe613df43150e9-1.webp\" \/>\n\t<meta property=\"og:image:width\" content=\"367\" \/>\n\t<meta property=\"og:image:height\" content=\"341\" \/>\n\t<meta property=\"og:image:type\" content=\"image\/webp\" \/>\n<meta name=\"twitter:card\" content=\"summary_large_image\" \/>\n<meta name=\"twitter:label1\" content=\"Dur\u00e9e de lecture estim\u00e9e\" \/>\n\t<meta name=\"twitter:data1\" content=\"1 minute\" \/>\n<script type=\"application\/ld+json\" class=\"yoast-schema-graph\">{\"@context\":\"https:\/\/schema.org\",\"@graph\":[{\"@type\":\"WebPage\",\"@id\":\"https:\/\/parapharmolivier.com\/index.php\/product\/nutraxin-vitals-selenium-100-mcg\/\",\"url\":\"https:\/\/parapharmolivier.com\/index.php\/product\/nutraxin-vitals-selenium-100-mcg\/\",\"name\":\"Nutraxin vitals selenium 100 mcg - parapharmolivier\",\"isPartOf\":{\"@id\":\"https:\/\/parapharmolivier.com\/#website\"},\"primaryImageOfPage\":{\"@id\":\"https:\/\/parapharmolivier.com\/index.php\/product\/nutraxin-vitals-selenium-100-mcg\/#primaryimage\"},\"image\":{\"@id\":\"https:\/\/parapharmolivier.com\/index.php\/product\/nutraxin-vitals-selenium-100-mcg\/#primaryimage\"},\"thumbnailUrl\":\"https:\/\/parapharmolivier.com\/wp-content\/uploads\/2024\/05\/78b043736a764af8a3fe613df43150e9-1.webp\",\"datePublished\":\"2024-05-23T12:27:22+00:00\",\"dateModified\":\"2024-05-23T12:27:22+00:00\",\"description\":\"Le s\u00e9l\u00e9nium est un oligo\u00e9l\u00e9ment essentiel \u00e0 l'organisme. Ce bio\u00e9l\u00e9ment intervient dans l'organisme au travers de nombreuses r\u00e9actions m\u00e9taboliques. C'est un antioxydant puissant qui est capable de d\u00e9toxifier l'organisme des m\u00e9taux lourds et de pr\u00e9server le coeur. L'apport en s\u00e9l\u00e9nium doit cependant \u00eatre tr\u00e8s contr\u00f4l\u00e9 en raison de sa toxicit\u00e9 potentielle.\",\"breadcrumb\":{\"@id\":\"https:\/\/parapharmolivier.com\/index.php\/product\/nutraxin-vitals-selenium-100-mcg\/#breadcrumb\"},\"inLanguage\":\"fr-FR\",\"potentialAction\":[{\"@type\":\"ReadAction\",\"target\":[\"https:\/\/parapharmolivier.com\/index.php\/product\/nutraxin-vitals-selenium-100-mcg\/\"]}]},{\"@type\":\"ImageObject\",\"inLanguage\":\"fr-FR\",\"@id\":\"https:\/\/parapharmolivier.com\/index.php\/product\/nutraxin-vitals-selenium-100-mcg\/#primaryimage\",\"url\":\"https:\/\/parapharmolivier.com\/wp-content\/uploads\/2024\/05\/78b043736a764af8a3fe613df43150e9-1.webp\",\"contentUrl\":\"https:\/\/parapharmolivier.com\/wp-content\/uploads\/2024\/05\/78b043736a764af8a3fe613df43150e9-1.webp\",\"width\":367,\"height\":341},{\"@type\":\"BreadcrumbList\",\"@id\":\"https:\/\/parapharmolivier.com\/index.php\/product\/nutraxin-vitals-selenium-100-mcg\/#breadcrumb\",\"itemListElement\":[{\"@type\":\"ListItem\",\"position\":1,\"name\":\"Accueil\",\"item\":\"https:\/\/parapharmolivier.com\/\"},{\"@type\":\"ListItem\",\"position\":2,\"name\":\"Shop\",\"item\":\"https:\/\/parapharmolivier.com\/index.php\/shop\/\"},{\"@type\":\"ListItem\",\"position\":3,\"name\":\"Nutraxin vitals selenium 100 mcg\"}]},{\"@type\":\"WebSite\",\"@id\":\"https:\/\/parapharmolivier.com\/#website\",\"url\":\"https:\/\/parapharmolivier.com\/\",\"name\":\"parapharmolivier.com\",\"description\":\"L&#039;olivier toujours dans votre service\",\"publisher\":{\"@id\":\"https:\/\/parapharmolivier.com\/#organization\"},\"alternateName\":\"Parapharmacie L''Olivier\",\"potentialAction\":[{\"@type\":\"SearchAction\",\"target\":{\"@type\":\"EntryPoint\",\"urlTemplate\":\"https:\/\/parapharmolivier.com\/?s={search_term_string}\"},\"query-input\":\"required name=search_term_string\"}],\"inLanguage\":\"fr-FR\"},{\"@type\":\"Organization\",\"@id\":\"https:\/\/parapharmolivier.com\/#organization\",\"name\":\"Parapharmacie l'Olivier\",\"url\":\"https:\/\/parapharmolivier.com\/\",\"logo\":{\"@type\":\"ImageObject\",\"inLanguage\":\"fr-FR\",\"@id\":\"https:\/\/parapharmolivier.com\/#\/schema\/logo\/image\/\",\"url\":\"https:\/\/parapharmolivier.com\/wp-content\/uploads\/2024\/03\/Pharmacie-l-Olivier-Logo.png\",\"contentUrl\":\"https:\/\/parapharmolivier.com\/wp-content\/uploads\/2024\/03\/Pharmacie-l-Olivier-Logo.png\",\"width\":6300,\"height\":2752,\"caption\":\"Parapharmacie l'Olivier\"},\"image\":{\"@id\":\"https:\/\/parapharmolivier.com\/#\/schema\/logo\/image\/\"},\"sameAs\":[\"https:\/\/www.facebook.com\/profile.php?id=100042409962367&locale=fr_FR\",\"https:\/\/www.instagram.com\/pharmacie_l.olivier_said_hamdi\/\"]}]}<\/script>\n<!-- \/ Yoast SEO plugin. -->","yoast_head_json":{"title":"Nutraxin vitals selenium 100 mcg - parapharmolivier","description":"Le s\u00e9l\u00e9nium est un oligo\u00e9l\u00e9ment essentiel \u00e0 l'organisme. Ce bio\u00e9l\u00e9ment intervient dans l'organisme au travers de nombreuses r\u00e9actions m\u00e9taboliques. C'est un antioxydant puissant qui est capable de d\u00e9toxifier l'organisme des m\u00e9taux lourds et de pr\u00e9server le coeur. L'apport en s\u00e9l\u00e9nium doit cependant \u00eatre tr\u00e8s contr\u00f4l\u00e9 en raison de sa toxicit\u00e9 potentielle.","robots":{"index":"index","follow":"follow","max-snippet":"max-snippet:-1","max-image-preview":"max-image-preview:large","max-video-preview":"max-video-preview:-1"},"canonical":"https:\/\/parapharmolivier.com\/index.php\/product\/nutraxin-vitals-selenium-100-mcg\/","og_locale":"fr_FR","og_type":"article","og_title":"Nutraxin vitals selenium 100 mcg - parapharmolivier","og_description":"Le s\u00e9l\u00e9nium est un oligo\u00e9l\u00e9ment essentiel \u00e0 l'organisme. Ce bio\u00e9l\u00e9ment intervient dans l'organisme au travers de nombreuses r\u00e9actions m\u00e9taboliques. C'est un antioxydant puissant qui est capable de d\u00e9toxifier l'organisme des m\u00e9taux lourds et de pr\u00e9server le coeur. L'apport en s\u00e9l\u00e9nium doit cependant \u00eatre tr\u00e8s contr\u00f4l\u00e9 en raison de sa toxicit\u00e9 potentielle.","og_url":"https:\/\/parapharmolivier.com\/index.php\/product\/nutraxin-vitals-selenium-100-mcg\/","og_site_name":"parapharmolivier","article_publisher":"https:\/\/www.facebook.com\/profile.php?id=100042409962367&locale=fr_FR","og_image":[{"width":367,"height":341,"url":"https:\/\/parapharmolivier.com\/wp-content\/uploads\/2024\/05\/78b043736a764af8a3fe613df43150e9-1.webp","type":"image\/webp"}],"twitter_card":"summary_large_image","twitter_misc":{"Dur\u00e9e de lecture estim\u00e9e":"1 minute"},"schema":{"@context":"https:\/\/schema.org","@graph":[{"@type":"WebPage","@id":"https:\/\/parapharmolivier.com\/index.php\/product\/nutraxin-vitals-selenium-100-mcg\/","url":"https:\/\/parapharmolivier.com\/index.php\/product\/nutraxin-vitals-selenium-100-mcg\/","name":"Nutraxin vitals selenium 100 mcg - parapharmolivier","isPartOf":{"@id":"https:\/\/parapharmolivier.com\/#website"},"primaryImageOfPage":{"@id":"https:\/\/parapharmolivier.com\/index.php\/product\/nutraxin-vitals-selenium-100-mcg\/#primaryimage"},"image":{"@id":"https:\/\/parapharmolivier.com\/index.php\/product\/nutraxin-vitals-selenium-100-mcg\/#primaryimage"},"thumbnailUrl":"https:\/\/parapharmolivier.com\/wp-content\/uploads\/2024\/05\/78b043736a764af8a3fe613df43150e9-1.webp","datePublished":"2024-05-23T12:27:22+00:00","dateModified":"2024-05-23T12:27:22+00:00","description":"Le s\u00e9l\u00e9nium est un oligo\u00e9l\u00e9ment essentiel \u00e0 l'organisme. Ce bio\u00e9l\u00e9ment intervient dans l'organisme au travers de nombreuses r\u00e9actions m\u00e9taboliques. C'est un antioxydant puissant qui est capable de d\u00e9toxifier l'organisme des m\u00e9taux lourds et de pr\u00e9server le coeur. L'apport en s\u00e9l\u00e9nium doit cependant \u00eatre tr\u00e8s contr\u00f4l\u00e9 en raison de sa toxicit\u00e9 potentielle.","breadcrumb":{"@id":"https:\/\/parapharmolivier.com\/index.php\/product\/nutraxin-vitals-selenium-100-mcg\/#breadcrumb"},"inLanguage":"fr-FR","potentialAction":[{"@type":"ReadAction","target":["https:\/\/parapharmolivier.com\/index.php\/product\/nutraxin-vitals-selenium-100-mcg\/"]}]},{"@type":"ImageObject","inLanguage":"fr-FR","@id":"https:\/\/parapharmolivier.com\/index.php\/product\/nutraxin-vitals-selenium-100-mcg\/#primaryimage","url":"https:\/\/parapharmolivier.com\/wp-content\/uploads\/2024\/05\/78b043736a764af8a3fe613df43150e9-1.webp","contentUrl":"https:\/\/parapharmolivier.com\/wp-content\/uploads\/2024\/05\/78b043736a764af8a3fe613df43150e9-1.webp","width":367,"height":341},{"@type":"BreadcrumbList","@id":"https:\/\/parapharmolivier.com\/index.php\/product\/nutraxin-vitals-selenium-100-mcg\/#breadcrumb","itemListElement":[{"@type":"ListItem","position":1,"name":"Accueil","item":"https:\/\/parapharmolivier.com\/"},{"@type":"ListItem","position":2,"name":"Shop","item":"https:\/\/parapharmolivier.com\/index.php\/shop\/"},{"@type":"ListItem","position":3,"name":"Nutraxin vitals selenium 100 mcg"}]},{"@type":"WebSite","@id":"https:\/\/parapharmolivier.com\/#website","url":"https:\/\/parapharmolivier.com\/","name":"parapharmolivier.com","description":"L&#039;olivier toujours dans votre service","publisher":{"@id":"https:\/\/parapharmolivier.com\/#organization"},"alternateName":"Parapharmacie L''Olivier","potentialAction":[{"@type":"SearchAction","target":{"@type":"EntryPoint","urlTemplate":"https:\/\/parapharmolivier.com\/?s={search_term_string}"},"query-input":"required name=search_term_string"}],"inLanguage":"fr-FR"},{"@type":"Organization","@id":"https:\/\/parapharmolivier.com\/#organization","name":"Parapharmacie l'Olivier","url":"https:\/\/parapharmolivier.com\/","logo":{"@type":"ImageObject","inLanguage":"fr-FR","@id":"https:\/\/parapharmolivier.com\/#\/schema\/logo\/image\/","url":"https:\/\/parapharmolivier.com\/wp-content\/uploads\/2024\/03\/Pharmacie-l-Olivier-Logo.png","contentUrl":"https:\/\/parapharmolivier.com\/wp-content\/uploads\/2024\/03\/Pharmacie-l-Olivier-Logo.png","width":6300,"height":2752,"caption":"Parapharmacie l'Olivier"},"image":{"@id":"https:\/\/parapharmolivier.com\/#\/schema\/logo\/image\/"},"sameAs":["https:\/\/www.facebook.com\/profile.php?id=100042409962367&locale=fr_FR","https:\/\/www.instagram.com\/pharmacie_l.olivier_said_hamdi\/"]}]}},"jetpack_sharing_enabled":true,"_links":{"self":[{"href":"https:\/\/parapharmolivier.com\/index.php\/wp-json\/wp\/v2\/product\/9986"}],"collection":[{"href":"https:\/\/parapharmolivier.com\/index.php\/wp-json\/wp\/v2\/product"}],"about":[{"href":"https:\/\/parapharmolivier.com\/index.php\/wp-json\/wp\/v2\/types\/product"}],"replies":[{"embeddable":true,"href":"https:\/\/parapharmolivier.com\/index.php\/wp-json\/wp\/v2\/comments?post=9986"}],"wp:featuredmedia":[{"embeddable":true,"href":"https:\/\/parapharmolivier.com\/index.php\/wp-json\/wp\/v2\/media\/9987"}],"wp:attachment":[{"href":"https:\/\/parapharmolivier.com\/index.php\/wp-json\/wp\/v2\/media?parent=9986"}],"wp:term":[{"taxonomy":"product_cat","embeddable":true,"href":"https:\/\/parapharmolivier.com\/index.php\/wp-json\/wp\/v2\/product_cat?post=9986"},{"taxonomy":"product_tag","embeddable":true,"href":"https:\/\/parapharmolivier.com\/index.php\/wp-json\/wp\/v2\/product_tag?post=9986"}],"curies":[{"name":"wp","href":"https:\/\/api.w.org\/{rel}","templated":true}]}}